{"id":10433,"date":"2025-06-26T14:59:44","date_gmt":"2025-06-26T12:59:44","guid":{"rendered":"https:\/\/histoire-en-citations.fr\/WP\/personnages\/"},"modified":"2025-11-20T16:27:50","modified_gmt":"2025-11-20T15:27:50","slug":"personnages","status":"publish","type":"page","link":"https:\/\/histoire-en-citations.fr\/WP\/personnages\/","title":{"rendered":"Personnages"},"content":{"rendered":"<div class=\"view view-index-taxo view-id-index_taxo view-display-id-personnages view-dom-id-06f82841848d0f188bdf66bba9095cf7\">\n<div class=\"view-header\">\n<p>Voici l\u2019outil indispensable pour retrouver tous les sujets trait\u00e9s en \u201cCitations du jour\u201d depuis le d\u00e9but de l\u2019ann\u00e9e 2016, \u00e0 travers 200 r\u00e9f\u00e9rences \u2014 <a href=\"https:\/\/histoire-en-citations.fr\/WP\/indexation\/\">140 mots cl\u00e9s<\/a> (ou mots th\u00e8mes) et 60 personnages. L\u2019Histoire en citations est d\u00e9sormais un \u201csite-ressources\u201d \u00e0 votre disposition.<\/p>\n<p>Cela reste une indexation \u00e9l\u00e9mentaire, compar\u00e9e au <a href=\"https:\/\/histoire-en-citations.fr\/WP\/boutique\/\">Dictionnaire<\/a> avec quelque 6\u00a0500 entr\u00e9es (mots th\u00e8mes et mots cl\u00e9s). Pour s\u2019en faire une id\u00e9e, <a href=\"https:\/\/histoire-en-citations.fr\/WP\/wp-content\/uploads\/2025\/11\/histoire-en-citations-extrait-dictionnaire-lettre-a-9.pdf\">t\u00e9l\u00e9chargez le <span class=\"caps\">PDF<\/span> des 73 premi\u00e8res pages de la lettre A<\/a>.<\/p>\n<h5 class=\"idxinfo\"><a class=\"retour\" href=\"https:\/\/histoire-en-citations.fr\/WP\/indexation\/\">Voir la liste des mots-cl\u00e9s<\/a><\/h5>\n<\/div>\n<div class=\"view-content\">\n<div class=\"views-row views-row-1 views-row-odd views-row-first\">\n<div class=\"views-field views-field-nothing\"><span class=\"field-content\"><a href=\"https:\/\/histoire-en-citations.fr\/WP\/blum\/\">Blum<\/a> <span class=\"cit-nbr\">(11)<\/span> <\/span><\/div>\n<\/div>\n<div class=\"views-row views-row-2 views-row-even\">\n<div class=\"views-field views-field-nothing\"><span class=\"field-content\"><a href=\"https:\/\/histoire-en-citations.fr\/WP\/catherine-de-medicis\/\">Catherine de M\u00e9dicis<\/a> <span class=\"cit-nbr\">(12)<\/span> <\/span><\/div>\n<\/div>\n<div class=\"views-row views-row-3 views-row-odd\">\n<div class=\"views-field views-field-nothing\"><span class=\"field-content\"><a href=\"https:\/\/histoire-en-citations.fr\/WP\/charlemagne\/\">Charlemagne<\/a> <span class=\"cit-nbr\">(7)<\/span> <\/span><\/div>\n<\/div>\n<div class=\"views-row views-row-4 views-row-even\">\n<div class=\"views-field views-field-nothing\"><span class=\"field-content\"><a href=\"https:\/\/histoire-en-citations.fr\/WP\/charles-quint\/\">Charles Quint<\/a> <span class=\"cit-nbr\">(7)<\/span> <\/span><\/div>\n<\/div>\n<div class=\"views-row views-row-5 views-row-odd\">\n<div class=\"views-field views-field-nothing\"><span class=\"field-content\"><a href=\"https:\/\/histoire-en-citations.fr\/WP\/charles-x\/\">Charles\u00a0X<\/a> <span class=\"cit-nbr\">(11)<\/span> <\/span><\/div>\n<\/div>\n<div class=\"views-row views-row-6 views-row-even\">\n<div class=\"views-field views-field-nothing\"><span class=\"field-content\"><a href=\"https:\/\/histoire-en-citations.fr\/WP\/chateaubriand\/\">Chateaubriand<\/a> <span class=\"cit-nbr\">(13)<\/span> <\/span><\/div>\n<\/div>\n<div class=\"views-row views-row-7 views-row-odd\">\n<div class=\"views-field views-field-nothing\"><span class=\"field-content\"><a href=\"https:\/\/histoire-en-citations.fr\/WP\/chirac\/\">Chirac<\/a> <span class=\"cit-nbr\">(25)<\/span> <\/span><\/div>\n<\/div>\n<div class=\"views-row views-row-8 views-row-even\">\n<div class=\"views-field views-field-nothing\"><span class=\"field-content\"><a href=\"https:\/\/histoire-en-citations.fr\/WP\/clemenceau\/\">Clemenceau<\/a> <span class=\"cit-nbr\">(30)<\/span> <\/span><\/div>\n<\/div>\n<div class=\"views-row views-row-9 views-row-odd\">\n<div class=\"views-field views-field-nothing\"><span class=\"field-content\"><a href=\"https:\/\/histoire-en-citations.fr\/WP\/clovis\/\">Clovis<\/a> <span class=\"cit-nbr\">(10)<\/span> <\/span><\/div>\n<\/div>\n<div class=\"views-row views-row-10 views-row-even\">\n<div class=\"views-field views-field-nothing\"><span class=\"field-content\"><a href=\"https:\/\/histoire-en-citations.fr\/WP\/colbert\/\">Colbert<\/a> <span class=\"cit-nbr\">(11)<\/span> <\/span><\/div>\n<\/div>\n<div class=\"views-row views-row-11 views-row-odd\">\n<div class=\"views-field views-field-nothing\"><span class=\"field-content\"><a href=\"https:\/\/histoire-en-citations.fr\/WP\/danton\/\">Danton<\/a> <span class=\"cit-nbr\">(17)<\/span> <\/span><\/div>\n<\/div>\n<div class=\"views-row views-row-12 views-row-even\">\n<div class=\"views-field views-field-nothing\"><span class=\"field-content\"><a href=\"https:\/\/histoire-en-citations.fr\/WP\/diderot\/\">Diderot<\/a> <span class=\"cit-nbr\">(17)<\/span> <\/span><\/div>\n<\/div>\n<div class=\"views-row views-row-13 views-row-odd\">\n<div class=\"views-field views-field-nothing\"><span class=\"field-content\"><a href=\"https:\/\/histoire-en-citations.fr\/WP\/flaubert\/\">Flaubert<\/a> <span class=\"cit-nbr\">(13)<\/span> <\/span><\/div>\n<\/div>\n<div class=\"views-row views-row-14 views-row-even\">\n<div class=\"views-field views-field-nothing\"><span class=\"field-content\"><a href=\"https:\/\/histoire-en-citations.fr\/WP\/fouche\/\">Fouch\u00e9<\/a> <span class=\"cit-nbr\">(9)<\/span> <\/span><\/div>\n<\/div>\n<div class=\"views-row views-row-15 views-row-odd\">\n<div class=\"views-field views-field-nothing\"><span class=\"field-content\"><a href=\"https:\/\/histoire-en-citations.fr\/WP\/francois-ier\/\">Fran\u00e7ois\u00a0Ier<\/a> <span class=\"cit-nbr\">(21)<\/span> <\/span><\/div>\n<\/div>\n<div class=\"views-row views-row-16 views-row-even\">\n<div class=\"views-field views-field-nothing\"><span class=\"field-content\"><a href=\"https:\/\/histoire-en-citations.fr\/WP\/gambetta\/\">Gambetta<\/a> <span class=\"cit-nbr\">(16)<\/span> <\/span><\/div>\n<\/div>\n<div class=\"views-row views-row-17 views-row-odd\">\n<div class=\"views-field views-field-nothing\"><span class=\"field-content\"><a href=\"https:\/\/histoire-en-citations.fr\/WP\/gaulle-de\/\">Gaulle (de)<\/a> <span class=\"cit-nbr\">(84)<\/span> <\/span><\/div>\n<\/div>\n<div class=\"views-row views-row-18 views-row-even\">\n<div class=\"views-field views-field-nothing\"><span class=\"field-content\"><a href=\"https:\/\/histoire-en-citations.fr\/WP\/giscard-destaing\/\">Giscard d\u2019Estaing<\/a> <span class=\"cit-nbr\">(19)<\/span> <\/span><\/div>\n<\/div>\n<div class=\"views-row views-row-19 views-row-odd\">\n<div class=\"views-field views-field-nothing\"><span class=\"field-content\"><a href=\"https:\/\/histoire-en-citations.fr\/WP\/henri-iv\/\">Henri\u00a0IV<\/a> <span class=\"cit-nbr\">(37)<\/span> <\/span><\/div>\n<\/div>\n<div class=\"views-row views-row-20 views-row-even\">\n<div class=\"views-field views-field-nothing\"><span class=\"field-content\"><a href=\"https:\/\/histoire-en-citations.fr\/WP\/hugo\/\">Hugo<\/a> <span class=\"cit-nbr\">(46)<\/span> <\/span><\/div>\n<\/div>\n<div class=\"views-row views-row-21 views-row-odd\">\n<div class=\"views-field views-field-nothing\"><span class=\"field-content\"><a href=\"https:\/\/histoire-en-citations.fr\/WP\/jaures\/\">Jaur\u00e8s<\/a> <span class=\"cit-nbr\">(7)<\/span> <\/span><\/div>\n<\/div>\n<div class=\"views-row views-row-22 views-row-even\">\n<div class=\"views-field views-field-nothing\"><span class=\"field-content\"><a href=\"https:\/\/histoire-en-citations.fr\/WP\/jeanne-darc\/\">Jeanne d\u2019Arc<\/a> <span class=\"cit-nbr\">(18)<\/span> <\/span><\/div>\n<\/div>\n<div class=\"views-row views-row-23 views-row-odd\">\n<div class=\"views-field views-field-nothing\"><span class=\"field-content\"><a href=\"https:\/\/histoire-en-citations.fr\/WP\/jesus-christ-jesus-christ\/\">J\u00e9sus (Christ, J\u00e9sus-Christ)<\/a> <span class=\"cit-nbr\">(17)<\/span> <span class=\"index-cf\">cf. aussi Dieu, religion<\/span><\/span><\/div>\n<\/div>\n<div class=\"views-row views-row-24 views-row-even\">\n<div class=\"views-field views-field-nothing\"><span class=\"field-content\"><a href=\"https:\/\/histoire-en-citations.fr\/WP\/la-fayette\/\">La Fayette<\/a> <span class=\"cit-nbr\">(11)<\/span> <\/span><\/div>\n<\/div>\n<div class=\"views-row views-row-25 views-row-odd\">\n<div class=\"views-field views-field-nothing\"><span class=\"field-content\"><a href=\"https:\/\/histoire-en-citations.fr\/WP\/lamartine\/\">Lamartine<\/a> <span class=\"cit-nbr\">(16)<\/span> <\/span><\/div>\n<\/div>\n<div class=\"views-row views-row-26 views-row-even\">\n<div class=\"views-field views-field-nothing\"><span class=\"field-content\"><a href=\"https:\/\/histoire-en-citations.fr\/WP\/louis-ix-saint-louis\/\">Louis\u00a0IX (Saint Louis)<\/a> <span class=\"cit-nbr\">(5)<\/span> <\/span><\/div>\n<\/div>\n<div class=\"views-row views-row-27 views-row-odd\">\n<div class=\"views-field views-field-nothing\"><span class=\"field-content\"><a href=\"https:\/\/histoire-en-citations.fr\/WP\/louis-xi\/\">Louis\u00a0XI<\/a> <span class=\"cit-nbr\">(12)<\/span> <\/span><\/div>\n<\/div>\n<div class=\"views-row views-row-28 views-row-even\">\n<div class=\"views-field views-field-nothing\"><span class=\"field-content\"><a href=\"https:\/\/histoire-en-citations.fr\/WP\/louis-xiv\/\">Louis\u00a0XIV<\/a> <span class=\"cit-nbr\">(70)<\/span> <\/span><\/div>\n<\/div>\n<div class=\"views-row views-row-29 views-row-odd\">\n<div class=\"views-field views-field-nothing\"><span class=\"field-content\"><a href=\"https:\/\/histoire-en-citations.fr\/WP\/louis-xi\/\">Louis\u00a0XV<\/a> <span class=\"cit-nbr\">(19)<\/span> <\/span><\/div>\n<\/div>\n<div class=\"views-row views-row-30 views-row-even\">\n<div class=\"views-field views-field-nothing\"><span class=\"field-content\"><a href=\"https:\/\/histoire-en-citations.fr\/WP\/louis-xvi\/\">Louis\u00a0XVI<\/a> <span class=\"cit-nbr\">(45)<\/span> <\/span><\/div>\n<\/div>\n<div class=\"views-row views-row-31 views-row-odd\">\n<div class=\"views-field views-field-nothing\"><span class=\"field-content\"><a href=\"https:\/\/histoire-en-citations.fr\/WP\/louis-xviii\/\">Louis\u00a0XVIII<\/a> <span class=\"cit-nbr\">(18)<\/span> <\/span><\/div>\n<\/div>\n<div class=\"views-row views-row-32 views-row-even\">\n<div class=\"views-field views-field-nothing\"><span class=\"field-content\"><a href=\"https:\/\/histoire-en-citations.fr\/WP\/mac-mahon\/\">Mac-Mahon<\/a> <span class=\"cit-nbr\">(15)<\/span> <\/span><\/div>\n<\/div>\n<div class=\"views-row views-row-33 views-row-odd\">\n<div class=\"views-field views-field-nothing\"><span class=\"field-content\"><a href=\"https:\/\/histoire-en-citations.fr\/WP\/malraux\/\">Malraux<\/a> <span class=\"cit-nbr\">(10)<\/span> <\/span><\/div>\n<\/div>\n<div class=\"views-row views-row-34 views-row-even\">\n<div class=\"views-field views-field-nothing\"><span class=\"field-content\"><a href=\"https:\/\/histoire-en-citations.fr\/WP\/marat\/\">Marat<\/a> <span class=\"cit-nbr\">(15)<\/span> <\/span><\/div>\n<\/div>\n<div class=\"views-row views-row-35 views-row-odd\">\n<div class=\"views-field views-field-nothing\"><span class=\"field-content\"><a href=\"https:\/\/histoire-en-citations.fr\/WP\/marie-antoinette\/\">Marie-Antoinette<\/a> <span class=\"cit-nbr\">(22)<\/span> <\/span><\/div>\n<\/div>\n<div class=\"views-row views-row-36 views-row-even\">\n<div class=\"views-field views-field-nothing\"><span class=\"field-content\"><a href=\"https:\/\/histoire-en-citations.fr\/WP\/mazarin\/\">Mazarin<\/a> <span class=\"cit-nbr\">(11)<\/span> <\/span><\/div>\n<\/div>\n<div class=\"views-row views-row-37 views-row-odd\">\n<div class=\"views-field views-field-nothing\"><span class=\"field-content\"><a href=\"https:\/\/histoire-en-citations.fr\/WP\/michel-louise\/\">Michel (Louise)<\/a> <span class=\"cit-nbr\">(82)<\/span> <\/span><\/div>\n<\/div>\n<div class=\"views-row views-row-38 views-row-even\">\n<div class=\"views-field views-field-nothing\"><span class=\"field-content\"><a href=\"https:\/\/histoire-en-citations.fr\/WP\/michelet\/\">Michelet<\/a> <span class=\"cit-nbr\">(12)<\/span> <\/span><\/div>\n<\/div>\n<div class=\"views-row views-row-39 views-row-odd\">\n<div class=\"views-field views-field-nothing\"><span class=\"field-content\"><a href=\"https:\/\/histoire-en-citations.fr\/WP\/mirabeau\/\">Mirabeau<\/a> <span class=\"cit-nbr\">(19)<\/span> <\/span><\/div>\n<\/div>\n<div class=\"views-row views-row-40 views-row-even\">\n<div class=\"views-field views-field-nothing\"><span class=\"field-content\"><a href=\"https:\/\/histoire-en-citations.fr\/WP\/mitterrand\/\">Mitterrand<\/a> <span class=\"cit-nbr\">(49)<\/span> <\/span><\/div>\n<\/div>\n<div class=\"views-row views-row-41 views-row-odd\">\n<div class=\"views-field views-field-nothing\"><span class=\"field-content\"><a href=\"https:\/\/histoire-en-citations.fr\/WP\/montesquieu\/\">Montesquieu<\/a> <span class=\"cit-nbr\">(18)<\/span> <\/span><\/div>\n<\/div>\n<div class=\"views-row views-row-42 views-row-even\">\n<div class=\"views-field views-field-nothing\"><span class=\"field-content\"><a href=\"https:\/\/histoire-en-citations.fr\/WP\/napoleon\/\">Napol\u00e9on<\/a> <span class=\"cit-nbr\">(162)<\/span> <\/span><\/div>\n<\/div>\n<div class=\"views-row views-row-43 views-row-odd\">\n<div class=\"views-field views-field-nothing\"><span class=\"field-content\"><a href=\"https:\/\/histoire-en-citations.fr\/WP\/napoleon-iii\/\">Napol\u00e9on\u00a0III<\/a> <span class=\"cit-nbr\">(61)<\/span> <\/span><\/div>\n<\/div>\n<div class=\"views-row views-row-44 views-row-even\">\n<div class=\"views-field views-field-nothing\"><span class=\"field-content\"><a href=\"https:\/\/histoire-en-citations.fr\/WP\/petain\/\">P\u00e9tain<\/a> <span class=\"cit-nbr\">(12)<\/span> <\/span><\/div>\n<\/div>\n<div class=\"views-row views-row-45 views-row-odd\">\n<div class=\"views-field views-field-nothing\"><span class=\"field-content\"><a href=\"https:\/\/histoire-en-citations.fr\/WP\/pompidou\/\">Pompidou<\/a> <span class=\"cit-nbr\">(14)<\/span> <\/span><\/div>\n<\/div>\n<div class=\"views-row views-row-46 views-row-even\">\n<div class=\"views-field views-field-nothing\"><span class=\"field-content\"><a href=\"https:\/\/histoire-en-citations.fr\/WP\/proudhon\/\">Proudhon<\/a> <span class=\"cit-nbr\">(7)<\/span> <\/span><\/div>\n<\/div>\n<div class=\"views-row views-row-47 views-row-odd\">\n<div class=\"views-field views-field-nothing\"><span class=\"field-content\"><a href=\"https:\/\/histoire-en-citations.fr\/WP\/rabelais\/\">Rabelais<\/a> <span class=\"cit-nbr\">(6)<\/span> <\/span><\/div>\n<\/div>\n<div class=\"views-row views-row-48 views-row-even\">\n<div class=\"views-field views-field-nothing\"><span class=\"field-content\"><a href=\"https:\/\/histoire-en-citations.fr\/WP\/richelieu\/\">Richelieu<\/a> <span class=\"cit-nbr\">(24)<\/span> <\/span><\/div>\n<\/div>\n<div class=\"views-row views-row-49 views-row-odd\">\n<div class=\"views-field views-field-nothing\"><span class=\"field-content\"><a href=\"https:\/\/histoire-en-citations.fr\/WP\/rivarol\/\">Rivarol<\/a> <span class=\"cit-nbr\">(11)<\/span> <\/span><\/div>\n<\/div>\n<div class=\"views-row views-row-50 views-row-even\">\n<div class=\"views-field views-field-nothing\"><span class=\"field-content\"><a href=\"https:\/\/histoire-en-citations.fr\/WP\/robespierre\/\">Robespierre<\/a> <span class=\"cit-nbr\">(32)<\/span> <\/span><\/div>\n<\/div>\n<div class=\"views-row views-row-51 views-row-odd\">\n<div class=\"views-field views-field-nothing\"><span class=\"field-content\"><a href=\"https:\/\/histoire-en-citations.fr\/WP\/rousseau\/\">Rousseau<\/a> <span class=\"cit-nbr\">(28)<\/span> <\/span><\/div>\n<\/div>\n<div class=\"views-row views-row-52 views-row-even\">\n<div class=\"views-field views-field-nothing\"><span class=\"field-content\"><a href=\"https:\/\/histoire-en-citations.fr\/WP\/saint-just\/\">Saint-Just<\/a> <span class=\"cit-nbr\">(14)<\/span> <\/span><\/div>\n<\/div>\n<div class=\"views-row views-row-53 views-row-odd\">\n<div class=\"views-field views-field-nothing\"><span class=\"field-content\"><a href=\"https:\/\/histoire-en-citations.fr\/WP\/saint-simon-duc-et-comte\/\">Saint-Simon (duc et comte)<\/a> <span class=\"cit-nbr\">(8)<\/span> <\/span><\/div>\n<\/div>\n<div class=\"views-row views-row-54 views-row-even\">\n<div class=\"views-field views-field-nothing\"><span class=\"field-content\"><a href=\"https:\/\/histoire-en-citations.fr\/WP\/sarkozy\/\">Sarkozy<\/a> <span class=\"cit-nbr\">(21)<\/span> <\/span><\/div>\n<\/div>\n<div class=\"views-row views-row-55 views-row-odd\">\n<div class=\"views-field views-field-nothing\"><span class=\"field-content\"><a href=\"https:\/\/histoire-en-citations.fr\/WP\/sartre\/\">Sartre<\/a> <span class=\"cit-nbr\">(8)<\/span> <\/span><\/div>\n<\/div>\n<div class=\"views-row views-row-56 views-row-even\">\n<div class=\"views-field views-field-nothing\"><span class=\"field-content\"><a href=\"https:\/\/histoire-en-citations.fr\/WP\/talleyrand\/\">Talleyrand<\/a> <span class=\"cit-nbr\">(31)<\/span> <\/span><\/div>\n<\/div>\n<div class=\"views-row views-row-57 views-row-odd\">\n<div class=\"views-field views-field-nothing\"><span class=\"field-content\"><a href=\"https:\/\/histoire-en-citations.fr\/WP\/thiers\/\">Thiers<\/a> <span class=\"cit-nbr\">(22)<\/span> <\/span><\/div>\n<\/div>\n<div class=\"views-row views-row-58 views-row-even\">\n<div class=\"views-field views-field-nothing\"><span class=\"field-content\"><a href=\"https:\/\/histoire-en-citations.fr\/WP\/vercingetorix\/\">Vercing\u00e9torix<\/a> <span class=\"cit-nbr\">(3)<\/span> <\/span><\/div>\n<\/div>\n<div class=\"views-row views-row-59 views-row-odd\">\n<div class=\"views-field views-field-nothing\"><span class=\"field-content\"><a href=\"https:\/\/histoire-en-citations.fr\/WP\/voltaire\/\">Voltaire<\/a> <span class=\"cit-nbr\">(42)<\/span> <\/span><\/div>\n<\/div>\n<div class=\"views-row views-row-60 views-row-even views-row-last\">\n<div class=\"views-field views-field-nothing\"><span class=\"field-content\"><a href=\"https:\/\/histoire-en-citations.fr\/WP\/zola\/\">Zola<\/a> <span class=\"cit-nbr\">(5)<\/span> <\/span><\/div>\n<\/div>\n<\/div>\n<\/div>\n<style>\r\n        a .cit-num {\r\n            text-decoration: none !important;\r\n            color: inherit !important;\r\n        }\r\n    <\/style>","protected":false},"excerpt":{"rendered":"<p>Voici l\u2019outil indispensable pour retrouver tous les sujets trait\u00e9s en \u201cCitations du jour\u201d depuis le d\u00e9but de l\u2019ann\u00e9e 2016, \u00e0 travers 200 r\u00e9f\u00e9rences \u2014 140 mots cl\u00e9s (ou mots th\u00e8mes) et 60 personnages. L\u2019Histoire en citations est d\u00e9sormais un \u201csite-ressources\u201d \u00e0 votre disposition.Cela reste une indexation \u00e9l\u00e9mentaire, compar\u00e9e au Dictionnaire avec quelque 6\u00a0500 entr\u00e9es (mots [&#8230;]<\/p>\n","protected":false},"author":1,"featured_media":0,"parent":0,"menu_order":0,"comment_status":"closed","ping_status":"closed","template":"","meta":{"site-sidebar-layout":"default","site-content-layout":"","ast-site-content-layout":"default","site-content-style":"default","site-sidebar-style":"default","ast-global-header-display":"","ast-banner-title-visibility":"","ast-main-header-display":"","ast-hfb-above-header-display":"","ast-hfb-below-header-display":"","ast-hfb-mobile-header-display":"","site-post-title":"","ast-breadcrumbs-content":"","ast-featured-img":"","footer-sml-layout":"","theme-transparent-header-meta":"default","adv-header-id-meta":"","stick-header-meta":"","header-above-stick-meta":"","header-main-stick-meta":"","header-below-stick-meta":"","astra-migrate-meta-layouts":"set","ast-page-background-enabled":"default","ast-page-background-meta":{"desktop":{"background-color":"var(--ast-global-color-5)","background-image":"","background-repeat":"repeat","background-position":"center center","background-size":"auto","background-attachment":"scroll","background-type":"","background-media":"","overlay-type":"","overlay-color":"","overlay-opacity":"","overlay-gradient":""},"tablet":{"background-color":"","background-image":"","background-repeat":"repeat","background-position":"center center","background-size":"auto","background-attachment":"scroll","background-type":"","background-media":"","overlay-type":"","overlay-color":"","overlay-opacity":"","overlay-gradient":""},"mobile":{"background-color":"","background-image":"","background-repeat":"repeat","background-position":"center center","background-size":"auto","background-attachment":"scroll","background-type":"","background-media":"","overlay-type":"","overlay-color":"","overlay-opacity":"","overlay-gradient":""}},"ast-content-background-meta":{"desktop":{"background-color":"var(--ast-global-color-4)","background-image":"","background-repeat":"repeat","background-position":"center center","background-size":"auto","background-attachment":"scroll","background-type":"","background-media":"","overlay-type":"","overlay-color":"","overlay-opacity":"","overlay-gradient":""},"tablet":{"background-color":"var(--ast-global-color-4)","background-image":"","background-repeat":"repeat","background-position":"center center","background-size":"auto","background-attachment":"scroll","background-type":"","background-media":"","overlay-type":"","overlay-color":"","overlay-opacity":"","overlay-gradient":""},"mobile":{"background-color":"var(--ast-global-color-4)","background-image":"","background-repeat":"repeat","background-position":"center center","background-size":"auto","background-attachment":"scroll","background-type":"","background-media":"","overlay-type":"","overlay-color":"","overlay-opacity":"","overlay-gradient":""}},"iawp_total_views":269,"footnotes":""},"class_list":["post-10433","page","type-page","status-publish","hentry"],"_links":{"self":[{"href":"https:\/\/histoire-en-citations.fr\/WP\/wp-json\/wp\/v2\/pages\/10433","targetHints":{"allow":["GET"]}}],"collection":[{"href":"https:\/\/histoire-en-citations.fr\/WP\/wp-json\/wp\/v2\/pages"}],"about":[{"href":"https:\/\/histoire-en-citations.fr\/WP\/wp-json\/wp\/v2\/types\/page"}],"author":[{"embeddable":true,"href":"https:\/\/histoire-en-citations.fr\/WP\/wp-json\/wp\/v2\/users\/1"}],"replies":[{"embeddable":true,"href":"https:\/\/histoire-en-citations.fr\/WP\/wp-json\/wp\/v2\/comments?post=10433"}],"version-history":[{"count":6,"href":"https:\/\/histoire-en-citations.fr\/WP\/wp-json\/wp\/v2\/pages\/10433\/revisions"}],"predecessor-version":[{"id":15426,"href":"https:\/\/histoire-en-citations.fr\/WP\/wp-json\/wp\/v2\/pages\/10433\/revisions\/15426"}],"wp:attachment":[{"href":"https:\/\/histoire-en-citations.fr\/WP\/wp-json\/wp\/v2\/media?parent=10433"}],"curies":[{"name":"wp","href":"https:\/\/api.w.org\/{rel}","templated":true}]}}