{"id":10437,"date":"2025-09-22T07:31:02","date_gmt":"2025-09-22T05:31:02","guid":{"rendered":"https:\/\/histoire-en-citations.fr\/WP\/catherine-de-medicis\/"},"modified":"2025-09-22T07:31:02","modified_gmt":"2025-09-22T05:31:02","slug":"catherine-de-medicis","status":"publish","type":"page","link":"https:\/\/histoire-en-citations.fr\/WP\/catherine-de-medicis\/","title":{"rendered":"Catherine de M\u00e9dicis"},"content":{"rendered":"<div class=\"content\">\n<div class=\"view view-index-taxo view-id-index_taxo view-display-id-page view-dom-id-0759c6161d6a75a18dca550eb04e9899\">\n<div class=\"view-header\">\n<p class=\"presentation\">Reine effac\u00e9e sous le r\u00e8gne d\u2019Henri\u00a0<span class=\"caps\">II<\/span>, elle devient une reine-m\u00e8re et une r\u00e9gente de caract\u00e8re, sous le r\u00e8gne de ses trois faibles fils (tuberculeux), notamment Charles\u00a0<span class=\"caps\">IX<\/span>. Son nom reste associ\u00e9 au massacre de la Saint-Barth\u00e9lemy (1572), mais la trag\u00e9die semblait in\u00e9vitable.<\/p>\n<p class=\"idxinfo\">Cliquez sur une citation pour la consulter dans son contexte historique.<a class=\"retour\" href=\"https:\/\/histoire-en-citations.fr\/WP\/personnages\/\">Retour aux personnages<\/a><\/p>\n<p> Affichage de 1 \u2013 12 sur 12.    <\/p><\/div>\n<div class=\"view-content\">\n<div class=\"views-row views-row-1 views-row-odd views-row-first\">\n<div class=\"views-field views-field-field-index-collection\">\n<div class=\"field-content\">\n<div class=\"field-collection-view clearfix view-mode-full field-collection-view-final\">\n<div class=\"entity entity-field-collection-item field-collection-item-field-index-collection clearfix\">\n<div class=\"content\">\n<blockquote>\n<p class=\"citation-small\"><a href=\"https:\/\/histoire-en-citations.fr\/WP\/qui-a-dit-quoi-de-qui-renaissance-naissance-de-la-monarchie-absolue#496\">\u00ab\u00a0Dieu qui avait frapp\u00e9 le p\u00e8re \u00e0 l\u2019\u0153il a frapp\u00e9 le fils \u00e0 l\u2019oreille.\u00a0\u00bb<\/a><\/p>\n<p class=\"auteur\"><span class=\"author\"><span class=\"surname\">Jean <\/span><span class=\"name\">CALVIN<\/span><\/span> (1509-1564)<\/p>\n\n<\/blockquote><\/div>\n<\/div>\n<\/div>\n<\/div><\/div>\n<\/div>\n<div class=\"views-row views-row-2 views-row-even\">\n<div class=\"views-field views-field-field-index-collection\">\n<div class=\"field-content\">\n<div class=\"field-collection-view clearfix view-mode-full field-collection-view-final\">\n<div class=\"entity entity-field-collection-item field-collection-item-field-index-collection clearfix\">\n<div class=\"content\">\n<blockquote>\n<p class=\"citation-small\"><a href=\"https:\/\/histoire-en-citations.fr\/WP\/ces-etrangers-qui-firent-lhistoire-de-france-ii#498\">\u00ab\u00a0Divide ut regnes.\u00a0\u00bb \u00ab\u00a0Divise, afin de r\u00e9gner.\u00a0\u00bb<\/a><\/p>\n<p class=\"auteur\"><span class=\"author\"><span class=\"name\">CATHERINE DE M\u00c9DICIS<\/span><\/span> (1519-1589), maxime politique<\/p>\n\n<\/blockquote><\/div>\n<\/div>\n<\/div>\n<\/div><\/div>\n<\/div>\n<div class=\"views-row views-row-3 views-row-odd\">\n<div class=\"views-field views-field-field-index-collection\">\n<div class=\"field-content\">\n<div class=\"field-collection-view clearfix view-mode-full field-collection-view-final\">\n<div class=\"entity entity-field-collection-item field-collection-item-field-index-collection clearfix\">\n<div class=\"content\">\n<blockquote>\n<p class=\"citation-small\"><a href=\"https:\/\/histoire-en-citations.fr\/WP\/ces-etrangers-qui-firent-lhistoire-de-france-ii#499\">\u00ab\u00a0Dieu m\u2019a laiss\u00e9e avec trois enfants petits et un royaume tout divis\u00e9, n\u2019y ayant aucun \u00e0 qui je puisse enti\u00e8rement me fier.\u00a0\u00bb<\/a><\/p>\n<p class=\"auteur\"><span class=\"author\"><span class=\"name\">CATHERINE DE M\u00c9DICIS<\/span><\/span> (1519-1589), Lettre \u00e0 sa fille \u00c9lisabeth, janvier\u00a01561<\/p>\n\n<\/blockquote><\/div>\n<\/div>\n<\/div>\n<\/div><\/div>\n<\/div>\n<div class=\"views-row views-row-4 views-row-even\">\n<div class=\"views-field views-field-field-index-collection\">\n<div class=\"field-content\">\n<div class=\"field-collection-view clearfix view-mode-full field-collection-view-final\">\n<div class=\"entity entity-field-collection-item field-collection-item-field-index-collection clearfix\">\n<div class=\"content\">\n<blockquote>\n<p class=\"citation-small\"><a href=\"https:\/\/histoire-en-citations.fr\/WP\/plus-de-50-idees-recues-qui-faussent-lhistoire#500\">\u00ab\u00a0Qu\u2019y a-t-il besoin de tant de b\u00fbchers et de tortures\u00a0? C\u2019est avec les armes de la charit\u00e9 qu\u2019il faut aller \u00e0 tel combat. Le couteau vaut peu contre l\u2019esprit.\u00a0\u00bb<\/a><\/p>\n<p class=\"auteur\"><span class=\"author\"><span class=\"surname\">Michel de <\/span><span class=\"name\">L\u2019HOSPITAL<\/span><\/span> (vers 1504-1573), Assembl\u00e9e de Fontainebleau, 21\u00a0ao\u00fbt 1560<\/p>\n\n<\/blockquote><\/div>\n<\/div>\n<\/div>\n<\/div><\/div>\n<\/div>\n<div class=\"views-row views-row-5 views-row-odd\">\n<div class=\"views-field views-field-field-index-collection\">\n<div class=\"field-content\">\n<div class=\"field-collection-view clearfix view-mode-full field-collection-view-final\">\n<div class=\"entity entity-field-collection-item field-collection-item-field-index-collection clearfix\">\n<div class=\"content\">\n<blockquote>\n<p class=\"citation-small\"><a href=\"https:\/\/histoire-en-citations.fr\/WP\/ces-etrangers-qui-firent-lhistoire-de-france-ii#512\">\u00ab\u00a0L\u2019argent est le nerf de la guerre.\u00a0\u00bb<\/a><\/p>\n<p class=\"auteur\"><span class=\"author\"><span class=\"name\">CATHERINE DE M\u00c9DICIS<\/span><\/span> (1519-1589), Lettre \u00e0 l\u2019ambassadeur d\u2019Espagne, ao\u00fbt\u00a01570<\/p>\n\n<\/blockquote><\/div>\n<\/div>\n<\/div>\n<\/div><\/div>\n<\/div>\n<div class=\"views-row views-row-6 views-row-even\">\n<div class=\"views-field views-field-field-index-collection\">\n<div class=\"field-content\">\n<div class=\"field-collection-view clearfix view-mode-full field-collection-view-final\">\n<div class=\"entity entity-field-collection-item field-collection-item-field-index-collection clearfix\">\n<div class=\"content\">\n<blockquote>\n<p class=\"citation-small\"><a href=\"https:\/\/histoire-en-citations.fr\/WP\/lhistoire-en-caricatures-de-lantiquite-a-la-renaissance#523\">\u00ab\u00a0Tuez-les, mais tuez-les tous, pour qu\u2019il n\u2019en reste pas un pour me le reprocher.\u00a0\u00bb<\/a><\/p>\n<p class=\"auteur\"><span class=\"author\"><span class=\"name\">CHARLES\u00a0IX<\/span><\/span> (1550-1574), 23\u00a0ao\u00fbt 1572<\/p>\n\n<\/blockquote><\/div>\n<\/div>\n<\/div>\n<\/div><\/div>\n<\/div>\n<div class=\"views-row views-row-7 views-row-odd\">\n<div class=\"views-field views-field-field-index-collection\">\n<div class=\"field-content\">\n<div class=\"field-collection-view clearfix view-mode-full field-collection-view-final\">\n<div class=\"entity entity-field-collection-item field-collection-item-field-index-collection clearfix\">\n<div class=\"content\">\n<blockquote>\n<p class=\"citation-small\"><a href=\"https:\/\/histoire-en-citations.fr\/WP\/ces-etrangers-qui-firent-lhistoire-de-france-ii#529\">\u00ab\u00a0Il valait mieux que cela tomb\u00e2t sur eux que sur nous.\u00a0\u00bb<\/a><\/p>\n<p class=\"auteur\"><span class=\"author\"><span class=\"name\">CATHERINE DE M\u00c9DICIS<\/span><\/span> (1519-1589), Lettre \u00e0 l\u2019ambassadeur de Toscane \u00e0 propos du massacre de la Saint-Barth\u00e9lemy<\/p>\n\n<\/blockquote><\/div>\n<\/div>\n<\/div>\n<\/div><\/div>\n<\/div>\n<div class=\"views-row views-row-8 views-row-even\">\n<div class=\"views-field views-field-field-index-collection\">\n<div class=\"field-content\">\n<div class=\"field-collection-view clearfix view-mode-full field-collection-view-final\">\n<div class=\"entity entity-field-collection-item field-collection-item-field-index-collection clearfix\">\n<div class=\"content\">\n<blockquote>\n<p class=\"citation-small\"><a href=\"https:\/\/histoire-en-citations.fr\/WP\/portrait-de-catherine-de-medicis-en-citations#532\">\u00ab\u00a0Tout ce qui est advenu dans Paris a \u00e9t\u00e9 fait non seulement par mon propre consentement, mais par mon commandement et de mon propre mouvement.\u00a0\u00bb<\/a><\/p>\n<p class=\"auteur\"><span class=\"author\"><span class=\"name\">CHARLES\u00a0IX<\/span><\/span> (1550-1574), D\u00e9claration au Parlement de Paris convoqu\u00e9 le 26\u00a0ao\u00fbt<\/p>\n\n<\/blockquote><\/div>\n<\/div>\n<\/div>\n<\/div><\/div>\n<\/div>\n<div class=\"views-row views-row-9 views-row-odd\">\n<div class=\"views-field views-field-field-index-collection\">\n<div class=\"field-content\">\n<div class=\"field-collection-view clearfix view-mode-full field-collection-view-final\">\n<div class=\"entity entity-field-collection-item field-collection-item-field-index-collection clearfix\">\n<div class=\"content\">\n<blockquote>\n<p class=\"citation-small\"><a href=\"https:\/\/histoire-en-citations.fr\/WP\/qui-a-dit-quoi-de-qui-renaissance-naissance-de-la-monarchie-absolue#540\">\u00ab\u00a0France et vous valent mieux que Pologne.\u00a0\u00bb<\/a><\/p>\n<p class=\"auteur\"><span class=\"author\"><span class=\"name\">HENRI\u00a0III<\/span><\/span> (1551-1589), Lettre \u00e0 Catherine de M\u00e9dicis, 22\u00a0juin 1574<\/p>\n\n<\/blockquote><\/div>\n<\/div>\n<\/div>\n<\/div><\/div>\n<\/div>\n<div class=\"views-row views-row-10 views-row-even\">\n<div class=\"views-field views-field-field-index-collection\">\n<div class=\"field-content\">\n<div class=\"field-collection-view clearfix view-mode-full field-collection-view-final\">\n<div class=\"entity entity-field-collection-item field-collection-item-field-index-collection clearfix\">\n<div class=\"content\">\n<blockquote>\n<p class=\"citation-small\"><a href=\"https:\/\/histoire-en-citations.fr\/WP\/ces-etrangers-qui-firent-lhistoire-de-france-ii#543\">\u00ab\u00a0Gardez-vous de livrer bataille et souvenez-vous des conseils de Louis\u00a0XI\u00a0: la paix sign\u00e9e est toujours plus avantageuse avant la d\u00e9faite.\u00a0\u00bb<\/a><\/p>\n<p class=\"auteur\"><span class=\"author\"><span class=\"name\">CATHERINE DE M\u00c9DICIS<\/span><\/span> (1519-1589), \u00e0 son fils Henri\u00a0III, 1576<\/p>\n\n<\/blockquote><\/div>\n<\/div>\n<\/div>\n<\/div><\/div>\n<\/div>\n<div class=\"views-row views-row-11 views-row-odd\">\n<div class=\"views-field views-field-field-index-collection\">\n<div class=\"field-content\">\n<div class=\"field-collection-view clearfix view-mode-full field-collection-view-final\">\n<div class=\"entity entity-field-collection-item field-collection-item-field-index-collection clearfix\">\n<div class=\"content\">\n<blockquote>\n<p class=\"citation-small\"><a href=\"https:\/\/histoire-en-citations.fr\/WP\/ces-etrangers-qui-firent-lhistoire-de-france-ii#552\">\u00ab\u00a0Vous pouvez penser comme je suis malheureuse de tant vivre et de voir tout mourir devant moi, encore que je sache bien qu\u2019il faut se conformer \u00e0 la volont\u00e9 de Dieu.\u00a0\u00bb<\/a><\/p>\n<p class=\"auteur\"><span class=\"author\"><span class=\"name\">CATHERINE DE M\u00c9DICIS<\/span><\/span> (1519-1589), Lettre \u00e0 Belli\u00e8vre, 10\u00a0juin\u00a01584<\/p>\n\n<\/blockquote><\/div>\n<\/div>\n<\/div>\n<\/div><\/div>\n<\/div>\n<div class=\"views-row views-row-12 views-row-even views-row-last\">\n<div class=\"views-field views-field-field-index-collection\">\n<div class=\"field-content\">\n<div class=\"field-collection-view clearfix view-mode-full field-collection-view-final\">\n<div class=\"entity entity-field-collection-item field-collection-item-field-index-collection clearfix\">\n<div class=\"content\">\n<blockquote>\n<p class=\"citation-small\"><a href=\"https:\/\/histoire-en-citations.fr\/WP\/ces-etrangers-qui-firent-lhistoire-de-france-ii#567\">\u00ab\u00a0C\u2019est bien taill\u00e9 mon fils\u00a0; maintenant il faut recoudre.\u00a0\u00bb<\/a><\/p>\n<p class=\"auteur\"><span class=\"author\"><span class=\"name\">CATHERINE DE M\u00c9DICIS<\/span><\/span> (1519-1589) \u00e0 Henri\u00a0III, ch\u00e2teau de Blois, 23\u00a0d\u00e9cembre 1588<\/p>\n\n<\/blockquote><\/div>\n<\/div>\n<\/div>\n<\/div><\/div>\n<\/div>\n<\/div>\n<\/div>\n<\/div>\n<style>\r\n        a .cit-num {\r\n            text-decoration: none !important;\r\n            color: inherit !important;\r\n        }\r\n    <\/style>","protected":false},"excerpt":{"rendered":"<p>Reine effac\u00e9e sous le r\u00e8gne d\u2019Henri\u00a0II, elle devient une reine-m\u00e8re et une r\u00e9gente de caract\u00e8re, sous le r\u00e8gne de ses trois faibles fils (tuberculeux), notamment Charles\u00a0IX. Son nom reste associ\u00e9 au massacre de la Saint-Barth\u00e9lemy (1572), mais la trag\u00e9die semblait in\u00e9vitable. Cliquez sur une citation pour la consulter dans son contexte historique.Retour aux personnages Affichage [&#8230;]<\/p>\n","protected":false},"author":1,"featured_media":0,"parent":0,"menu_order":0,"comment_status":"closed","ping_status":"closed","template":"","meta":{"site-sidebar-layout":"default","site-content-layout":"","ast-site-content-layout":"default","site-content-style":"default","site-sidebar-style":"default","ast-global-header-display":"","ast-banner-title-visibility":"","ast-main-header-display":"","ast-hfb-above-header-display":"","ast-hfb-below-header-display":"","ast-hfb-mobile-header-display":"","site-post-title":"","ast-breadcrumbs-content":"","ast-featured-img":"","footer-sml-layout":"","theme-transparent-header-meta":"","adv-header-id-meta":"","stick-header-meta":"","header-above-stick-meta":"","header-main-stick-meta":"","header-below-stick-meta":"","astra-migrate-meta-layouts":"default","ast-page-background-enabled":"default","ast-page-background-meta":{"desktop":{"background-color":"var(--ast-global-color-5)","background-image":"","background-repeat":"repeat","background-position":"center center","background-size":"auto","background-attachment":"scroll","background-type":"","background-media":"","overlay-type":"","overlay-color":"","overlay-opacity":"","overlay-gradient":""},"tablet":{"background-color":"","background-image":"","background-repeat":"repeat","background-position":"center center","background-size":"auto","background-attachment":"scroll","background-type":"","background-media":"","overlay-type":"","overlay-color":"","overlay-opacity":"","overlay-gradient":""},"mobile":{"background-color":"","background-image":"","background-repeat":"repeat","background-position":"center center","background-size":"auto","background-attachment":"scroll","background-type":"","background-media":"","overlay-type":"","overlay-color":"","overlay-opacity":"","overlay-gradient":""}},"ast-content-background-meta":{"desktop":{"background-color":"var(--ast-global-color-4)","background-image":"","background-repeat":"repeat","background-position":"center center","background-size":"auto","background-attachment":"scroll","background-type":"","background-media":"","overlay-type":"","overlay-color":"","overlay-opacity":"","overlay-gradient":""},"tablet":{"background-color":"var(--ast-global-color-4)","background-image":"","background-repeat":"repeat","background-position":"center center","background-size":"auto","background-attachment":"scroll","background-type":"","background-media":"","overlay-type":"","overlay-color":"","overlay-opacity":"","overlay-gradient":""},"mobile":{"background-color":"var(--ast-global-color-4)","background-image":"","background-repeat":"repeat","background-position":"center center","background-size":"auto","background-attachment":"scroll","background-type":"","background-media":"","overlay-type":"","overlay-color":"","overlay-opacity":"","overlay-gradient":""}},"iawp_total_views":56,"footnotes":""},"class_list":["post-10437","page","type-page","status-publish","hentry"],"_links":{"self":[{"href":"https:\/\/histoire-en-citations.fr\/WP\/wp-json\/wp\/v2\/pages\/10437","targetHints":{"allow":["GET"]}}],"collection":[{"href":"https:\/\/histoire-en-citations.fr\/WP\/wp-json\/wp\/v2\/pages"}],"about":[{"href":"https:\/\/histoire-en-citations.fr\/WP\/wp-json\/wp\/v2\/types\/page"}],"author":[{"embeddable":true,"href":"https:\/\/histoire-en-citations.fr\/WP\/wp-json\/wp\/v2\/users\/1"}],"replies":[{"embeddable":true,"href":"https:\/\/histoire-en-citations.fr\/WP\/wp-json\/wp\/v2\/comments?post=10437"}],"version-history":[{"count":3,"href":"https:\/\/histoire-en-citations.fr\/WP\/wp-json\/wp\/v2\/pages\/10437\/revisions"}],"predecessor-version":[{"id":13636,"href":"https:\/\/histoire-en-citations.fr\/WP\/wp-json\/wp\/v2\/pages\/10437\/revisions\/13636"}],"wp:attachment":[{"href":"https:\/\/histoire-en-citations.fr\/WP\/wp-json\/wp\/v2\/media?parent=10437"}],"curies":[{"name":"wp","href":"https:\/\/api.w.org\/{rel}","templated":true}]}}