{"id":10457,"date":"2025-09-22T07:31:53","date_gmt":"2025-09-22T05:31:53","guid":{"rendered":"https:\/\/histoire-en-citations.fr\/WP\/diderot\/"},"modified":"2025-09-22T07:31:53","modified_gmt":"2025-09-22T05:31:53","slug":"diderot","status":"publish","type":"page","link":"https:\/\/histoire-en-citations.fr\/WP\/diderot\/","title":{"rendered":"Diderot"},"content":{"rendered":"<div class=\"content\">\n<div class=\"view view-index-taxo view-id-index_taxo view-display-id-page view-dom-id-4f47f2ddc5cd1b7af2a1c1a372542471\">\n<div class=\"view-header\">\n<p class=\"presentation\">Alphab\u00e9tiquement le premier dans la bande des quatre philosophes des Lumi\u00e8res et chronologiquement le dernier. Principal auteur de <em>l\u2019Encyclop\u00e9die<\/em> (avec d\u2019Alembert), personnage le moins connu, le plus insaisissable quoique le plus humain, donc \u00e0 (re)d\u00e9couvrir, \u00e0 comparer aux autres (Montesquieu, Rousseau, Voltaire) et \u00e0 replacer dans l\u2019Histoire.<\/p>\n<p class=\"idxinfo\">Cliquez sur une citation pour la consulter dans son contexte historique.<a class=\"retour\" href=\"https:\/\/histoire-en-citations.fr\/WP\/personnages\/\">Retour aux personnages<\/a><\/p>\n<p> Affichage de 1 \u2013 17 sur 17.    <\/p><\/div>\n<div class=\"view-content\">\n<div class=\"views-row views-row-1 views-row-odd views-row-first\">\n<div class=\"views-field views-field-field-index-collection\">\n<div class=\"field-content\">\n<div class=\"field-collection-view clearfix view-mode-full field-collection-view-final\">\n<div class=\"entity entity-field-collection-item field-collection-item-field-index-collection clearfix\">\n<div class=\"content\">\n<blockquote>\n<p class=\"citation-small\"><a href=\"https:\/\/histoire-en-citations.fr\/WP\/portrait-de-denis-diderot-en-citations#956\">\u00ab\u00a0Un \u00c9tat chancelle quand on en m\u00e9nage les m\u00e9contents. Il touche \u00e0 sa ruine quand on les \u00e9l\u00e8ve aux premi\u00e8res dignit\u00e9s.\u00a0\u00bb<\/a><\/p>\n<p class=\"auteur\"><span class=\"author\"><span class=\"surname\">Denis <\/span><span class=\"name\">DIDEROT<\/span><\/span> (1713-1784), <cite>Principes de politique des souverains<\/cite> (1774)<\/p>\n\n<\/blockquote><\/div>\n<\/div>\n<\/div>\n<\/div><\/div>\n<\/div>\n<div class=\"views-row views-row-2 views-row-even\">\n<div class=\"views-field views-field-field-index-collection\">\n<div class=\"field-content\">\n<div class=\"field-collection-view clearfix view-mode-full field-collection-view-final\">\n<div class=\"entity entity-field-collection-item field-collection-item-field-index-collection clearfix\">\n<div class=\"content\">\n<blockquote>\n<p class=\"citation-small\"><a href=\"https:\/\/histoire-en-citations.fr\/WP\/portrait-de-denis-diderot-en-citations#973\">\u00ab\u00a0Si un Ta\u00eftien [Tahitien] d\u00e9barquait un jour sur vos c\u00f4tes et s\u2019il gravait sur une de vos pierres ou sur l\u2019\u00e9corce d\u2019un de vos arbres\u00a0: ce pays appartient aux habitants de Ta\u00efti [Tahiti], qu\u2019en penserais-tu\u00a0?\u00a0\u00bb<\/a><\/p>\n<p class=\"auteur\"><span class=\"author\"><span class=\"surname\">Denis <\/span><span class=\"name\">DIDEROT<\/span><\/span> (1713-1784)<\/p>\n\n<\/blockquote><\/div>\n<\/div>\n<\/div>\n<\/div><\/div>\n<\/div>\n<div class=\"views-row views-row-3 views-row-odd\">\n<div class=\"views-field views-field-field-index-collection\">\n<div class=\"field-content\">\n<div class=\"field-collection-view clearfix view-mode-full field-collection-view-final\">\n<div class=\"entity entity-field-collection-item field-collection-item-field-index-collection clearfix\">\n<div class=\"content\">\n<blockquote>\n<p class=\"citation-small\"><a href=\"https:\/\/histoire-en-citations.fr\/WP\/qui-a-dit-quoi-de-qui-siecle-des-lumieres#1053\">\u00ab\u00a0Dire que l\u2019homme est un compos\u00e9 de force et de faiblesse, de lumi\u00e8re et d\u2019aveuglement, de petitesse et de grandeur, ce n\u2019est pas lui faire son proc\u00e8s, c\u2019est le d\u00e9finir.\u00a0\u00bb<\/a><\/p>\n<p class=\"auteur\"><span class=\"author\"><span class=\"surname\">Denis <\/span><span class=\"name\">DIDEROT<\/span><\/span> (1713-1784), <cite>Addition aux pens\u00e9es philosophiques<\/cite> (1762)<\/p>\n\n<\/blockquote><\/div>\n<\/div>\n<\/div>\n<\/div><\/div>\n<\/div>\n<div class=\"views-row views-row-4 views-row-even\">\n<div class=\"views-field views-field-field-index-collection\">\n<div class=\"field-content\">\n<div class=\"field-collection-view clearfix view-mode-full field-collection-view-final\">\n<div class=\"entity entity-field-collection-item field-collection-item-field-index-collection clearfix\">\n<div class=\"content\">\n<blockquote>\n<p class=\"citation-small\"><a href=\"https:\/\/histoire-en-citations.fr\/WP\/qui-a-dit-quoi-de-qui-siecle-des-lumieres#1054\">\u00ab\u00a0Nous sommes l\u2019univers entier. Vrai ou faux, j\u2019aime ce syst\u00e8me qui m\u2019identifie avec tout ce qui m\u2019est cher.\u00a0\u00bb<\/a><\/p>\n<p class=\"auteur\"><span class=\"author\"><span class=\"surname\">Denis <\/span><span class=\"name\">DIDEROT<\/span><\/span> (1713-1784), Lettres, \u00e0 Falconet. <cite>M\u00e9moires, correspondance et ouvrages in\u00e9dits de Diderot<\/cite> (1831)<\/p>\n\n<\/blockquote><\/div>\n<\/div>\n<\/div>\n<\/div><\/div>\n<\/div>\n<div class=\"views-row views-row-5 views-row-odd\">\n<div class=\"views-field views-field-field-index-collection\">\n<div class=\"field-content\">\n<div class=\"field-collection-view clearfix view-mode-full field-collection-view-final\">\n<div class=\"entity entity-field-collection-item field-collection-item-field-index-collection clearfix\">\n<div class=\"content\">\n<blockquote>\n<p class=\"citation-small\"><a href=\"https:\/\/histoire-en-citations.fr\/WP\/limpertinence-a-la-francaise-une-vertu-nationale-de-la-gaule-a-la-revolution#1055\">\u00ab\u00a0Il est tr\u00e8s important de ne pas prendre de la cigu\u00eb pour du persil, mais nullement de croire ou de ne pas croire en Dieu.\u00a0\u00bb<\/a><\/p>\n<p class=\"auteur\"><span class=\"author\"><span class=\"surname\">Denis <\/span><span class=\"name\">DIDEROT<\/span><\/span> (1713-1784), <cite>La Lettre sur les aveugles \u00e0 l\u2019usage de ceux qui voient<\/cite> (1749)<\/p>\n\n<\/blockquote><\/div>\n<\/div>\n<\/div>\n<\/div><\/div>\n<\/div>\n<div class=\"views-row views-row-6 views-row-even\">\n<div class=\"views-field views-field-field-index-collection\">\n<div class=\"field-content\">\n<div class=\"field-collection-view clearfix view-mode-full field-collection-view-final\">\n<div class=\"entity entity-field-collection-item field-collection-item-field-index-collection clearfix\">\n<div class=\"content\">\n<blockquote>\n<p class=\"citation-small\"><a href=\"https:\/\/histoire-en-citations.fr\/WP\/portrait-de-denis-diderot-en-citations#1056\">\u00ab\u00a0Si la raison est un don du Ciel et que l\u2019on puisse en dire autant de la foi, le Ciel nous a fait deux pr\u00e9sents incompatibles et contradictoires.\u00a0\u00bb<\/a><\/p>\n<p class=\"auteur\"><span class=\"author\"><span class=\"surname\">Denis <\/span><span class=\"name\">DIDEROT<\/span><\/span> (1713-1784), <cite>Addition aux pens\u00e9es philosophiques<\/cite> (1762)<\/p>\n\n<\/blockquote><\/div>\n<\/div>\n<\/div>\n<\/div><\/div>\n<\/div>\n<div class=\"views-row views-row-7 views-row-odd\">\n<div class=\"views-field views-field-field-index-collection\">\n<div class=\"field-content\">\n<div class=\"field-collection-view clearfix view-mode-full field-collection-view-final\">\n<div class=\"entity entity-field-collection-item field-collection-item-field-index-collection clearfix\">\n<div class=\"content\">\n<blockquote>\n<p class=\"citation-small\"><a href=\"https:\/\/histoire-en-citations.fr\/WP\/portrait-de-denis-diderot-en-citations#1057\">\u00ab\u00a0Le fanatisme est une peste qui reproduit de temps en temps des germes capables d\u2019infester la terre.\u00a0\u00bb<\/a><\/p>\n<p class=\"auteur\"><span class=\"author\"><span class=\"surname\">Denis <\/span><span class=\"name\">DIDEROT<\/span><\/span> (1713-1784), <cite>Encyclop\u00e9die<\/cite>, article \u00ab\u00a0Christianisme\u00a0\u00bb<\/p>\n\n<\/blockquote><\/div>\n<\/div>\n<\/div>\n<\/div><\/div>\n<\/div>\n<div class=\"views-row views-row-8 views-row-even\">\n<div class=\"views-field views-field-field-index-collection\">\n<div class=\"field-content\">\n<div class=\"field-collection-view clearfix view-mode-full field-collection-view-final\">\n<div class=\"entity entity-field-collection-item field-collection-item-field-index-collection clearfix\">\n<div class=\"content\">\n<blockquote>\n<p class=\"citation-small\"><a href=\"https:\/\/histoire-en-citations.fr\/WP\/portrait-de-denis-diderot-en-citations#1058\">\u00ab\u00a0Que les peuples seront heureux quand les rois seront philosophes, ou quand les philosophes seront rois\u00a0!\u00a0\u00bb<\/a><\/p>\n<p class=\"auteur\"><span class=\"author\"><span class=\"surname\">Denis <\/span><span class=\"name\">DIDEROT<\/span><\/span> (1713-1784), <cite>Encyclop\u00e9die<\/cite>, article \u00ab\u00a0Philosophe\u00a0\u00bb<\/p>\n\n<\/blockquote><\/div>\n<\/div>\n<\/div>\n<\/div><\/div>\n<\/div>\n<div class=\"views-row views-row-9 views-row-odd\">\n<div class=\"views-field views-field-field-index-collection\">\n<div class=\"field-content\">\n<div class=\"field-collection-view clearfix view-mode-full field-collection-view-final\">\n<div class=\"entity entity-field-collection-item field-collection-item-field-index-collection clearfix\">\n<div class=\"content\">\n<blockquote>\n<p class=\"citation-small\"><a href=\"https:\/\/histoire-en-citations.fr\/WP\/portrait-de-denis-diderot-en-citations#1059\">\u00ab\u00a0Aucun homme n\u2019a re\u00e7u de la nature le droit de commander aux autres. La libert\u00e9 est un pr\u00e9sent du ciel, et chaque individu de la m\u00eame esp\u00e8ce a le droit d\u2019en jouir aussit\u00f4t qu\u2019il jouit de la raison.\u00a0\u00bb<\/a><\/p>\n<p class=\"auteur\"><span class=\"author\"><span class=\"surname\">Denis <\/span><span class=\"name\">DIDEROT<\/span><\/span> (1713-1784), <cite>Encyclop\u00e9die<\/cite>, article \u00ab\u00a0Autorit\u00e9 politique\u00a0\u00bb<\/p>\n\n<\/blockquote><\/div>\n<\/div>\n<\/div>\n<\/div><\/div>\n<\/div>\n<div class=\"views-row views-row-10 views-row-even\">\n<div class=\"views-field views-field-field-index-collection\">\n<div class=\"field-content\">\n<div class=\"field-collection-view clearfix view-mode-full field-collection-view-final\">\n<div class=\"entity entity-field-collection-item field-collection-item-field-index-collection clearfix\">\n<div class=\"content\">\n<blockquote>\n<p class=\"citation-small\"><a href=\"https:\/\/histoire-en-citations.fr\/WP\/portrait-de-denis-diderot-en-citations#1061\">\u00ab\u00a0Le prince tient de ses sujets m\u00eames l\u2019autorit\u00e9 qu\u2019il a sur eux\u00a0; et cette autorit\u00e9 est born\u00e9e par les lois de la nature et de l\u2019\u00c9tat.\u00a0\u00bb<\/a><\/p>\n<p class=\"auteur\"><span class=\"author\"><span class=\"surname\">Denis <\/span><span class=\"name\">DIDEROT<\/span><\/span> (1713-1784), <cite>Encyclop\u00e9die<\/cite>, article \u00ab\u00a0Autorit\u00e9 politique\u00a0\u00bb<\/p>\n\n<\/blockquote><\/div>\n<\/div>\n<\/div>\n<\/div><\/div>\n<\/div>\n<div class=\"views-row views-row-11 views-row-odd\">\n<div class=\"views-field views-field-field-index-collection\">\n<div class=\"field-content\">\n<div class=\"field-collection-view clearfix view-mode-full field-collection-view-final\">\n<div class=\"entity entity-field-collection-item field-collection-item-field-index-collection clearfix\">\n<div class=\"content\">\n<blockquote>\n<p class=\"citation-small\"><a href=\"https:\/\/histoire-en-citations.fr\/WP\/portrait-de-denis-diderot-en-citations#1062\">\u00ab\u00a0Un despote, f\u00fbt-il le meilleur des hommes, en gouvernant selon son bon plaisir commet un forfait. C\u2019est un bon p\u00e2tre qui r\u00e9duit ses sujets \u00e0 la condition des animaux.\u00a0\u00bb<\/a><\/p>\n<p class=\"auteur\"><span class=\"author\"><span class=\"surname\">Denis <\/span><span class=\"name\">DIDEROT<\/span><\/span> (1713-1784), <cite>Entretiens avec Catherine\u00a0II<\/cite><\/p>\n\n<\/blockquote><\/div>\n<\/div>\n<\/div>\n<\/div><\/div>\n<\/div>\n<div class=\"views-row views-row-12 views-row-even\">\n<div class=\"views-field views-field-field-index-collection\">\n<div class=\"field-content\">\n<div class=\"field-collection-view clearfix view-mode-full field-collection-view-final\">\n<div class=\"entity entity-field-collection-item field-collection-item-field-index-collection clearfix\">\n<div class=\"content\">\n<blockquote>\n<p class=\"citation-small\"><a href=\"https:\/\/histoire-en-citations.fr\/WP\/portrait-de-denis-diderot-en-citations#1064\">\u00ab\u00a0Une guerre interminable, c\u2019est celle du peuple qui veut \u00eatre libre, et du roi qui veut commander.\u00a0\u00bb<\/a><\/p>\n<p class=\"auteur\"><span class=\"author\"><span class=\"surname\">Denis <\/span><span class=\"name\">DIDEROT<\/span><\/span> (1713-1784), <cite>Principes de politique des souverains<\/cite><\/p>\n\n<\/blockquote><\/div>\n<\/div>\n<\/div>\n<\/div><\/div>\n<\/div>\n<div class=\"views-row views-row-13 views-row-odd\">\n<div class=\"views-field views-field-field-index-collection\">\n<div class=\"field-content\">\n<div class=\"field-collection-view clearfix view-mode-full field-collection-view-final\">\n<div class=\"entity entity-field-collection-item field-collection-item-field-index-collection clearfix\">\n<div class=\"content\">\n<blockquote>\n<p class=\"citation-small\"><a href=\"https:\/\/histoire-en-citations.fr\/WP\/portrait-de-denis-diderot-en-citations#1065\">\u00ab\u00a0Qu\u2019un peuple est heureux, lorsqu\u2019il n\u2019y a rien de fait chez lui\u00a0! Les mauvaises et surtout les vieilles institutions sont un obstacle presque invincible aux bonnes.\u00a0\u00bb<\/a><\/p>\n<p class=\"auteur\"><span class=\"author\"><span class=\"surname\">Denis <\/span><span class=\"name\">DIDEROT<\/span><\/span> (1713-1784), <cite>Entretiens avec Catherine II<\/cite><\/p>\n\n<\/blockquote><\/div>\n<\/div>\n<\/div>\n<\/div><\/div>\n<\/div>\n<div class=\"views-row views-row-14 views-row-even\">\n<div class=\"views-field views-field-field-index-collection\">\n<div class=\"field-content\">\n<div class=\"field-collection-view clearfix view-mode-full field-collection-view-final\">\n<div class=\"entity entity-field-collection-item field-collection-item-field-index-collection clearfix\">\n<div class=\"content\">\n<blockquote>\n<p class=\"citation-small\"><a href=\"https:\/\/histoire-en-citations.fr\/WP\/portrait-de-denis-diderot-en-citations#1066\">\u00ab\u00a0\u00a0H\u00e2tons-nous de rendre la philosophie populaire. Si nous voulons que les philosophes marchent en avant, approchons le peuple du point o\u00f9 en sont les philosophes.\u00a0\u00bb<\/a><\/p>\n<p class=\"auteur\"><span class=\"author\"><span class=\"surname\">Denis <\/span><span class=\"name\">DIDEROT<\/span><\/span> (1713-1784), <cite>Pens\u00e9es sur l\u2019interpr\u00e9tation de la nature<\/cite> (1753)<\/p>\n\n<\/blockquote><\/div>\n<\/div>\n<\/div>\n<\/div><\/div>\n<\/div>\n<div class=\"views-row views-row-15 views-row-odd\">\n<div class=\"views-field views-field-field-index-collection\">\n<div class=\"field-content\">\n<div class=\"field-collection-view clearfix view-mode-full field-collection-view-final\">\n<div class=\"entity entity-field-collection-item field-collection-item-field-index-collection clearfix\">\n<div class=\"content\">\n<blockquote>\n<p class=\"citation-small\"><a href=\"https:\/\/histoire-en-citations.fr\/WP\/portrait-de-denis-diderot-en-citations#1067\">\u00ab\u00a0La plus haute efficacit\u00e9 de l\u2019esprit est d\u2019\u00e9veiller l\u2019esprit.\u00a0\u00bb<\/a><\/p>\n<p class=\"auteur\"><span class=\"author\"><span class=\"surname\">Johann Wolfgang von <\/span><span class=\"name\">GOETHE<\/span><\/span> (1749-1832) rendant hommage \u00e0 Diderot<\/p>\n\n<\/blockquote><\/div>\n<\/div>\n<\/div>\n<\/div><\/div>\n<\/div>\n<div class=\"views-row views-row-16 views-row-even\">\n<div class=\"views-field views-field-field-index-collection\">\n<div class=\"field-content\">\n<div class=\"field-collection-view clearfix view-mode-full field-collection-view-final\">\n<div class=\"entity entity-field-collection-item field-collection-item-field-index-collection clearfix\">\n<div class=\"content\">\n<blockquote>\n<p class=\"citation-small\"><a href=\"https:\/\/histoire-en-citations.fr\/WP\/louis-xv-cest-mon-ouvrage-je-le-crois-bon#1147\">\u00ab\u00a0On a d\u00e9fini l\u2019ambassadeur ou le ministre un homme rus\u00e9, instruit et faux, envoy\u00e9 aux nations \u00e9trang\u00e8res pour mentir en faveur de la chose publique.\u00a0\u00bb<\/a><\/p>\n<p class=\"auteur\"><span class=\"author\"><span class=\"surname\">Denis <\/span><span class=\"name\">DIDEROT<\/span><\/span> (1713-1784), <cite>Entretiens<\/cite><\/p>\n\n<\/blockquote><\/div>\n<\/div>\n<\/div>\n<\/div><\/div>\n<\/div>\n<div class=\"views-row views-row-17 views-row-odd views-row-last\">\n<div class=\"views-field views-field-field-index-collection\">\n<div class=\"field-content\">\n<div class=\"field-collection-view clearfix view-mode-full field-collection-view-final\">\n<div class=\"entity entity-field-collection-item field-collection-item-field-index-collection clearfix\">\n<div class=\"content\">\n<blockquote>\n<p class=\"citation-small\"><a href=\"https:\/\/histoire-en-citations.fr\/WP\/la-politique-est-elle-en-panne-de-reve#1289\">\u00ab\u00a0Pour que la R\u00e9volution soit, il ne suffit pas que Montesquieu la pr\u00e9sente, que Diderot la pr\u00eache, que Beaumarchais l\u2019annonce, que Condorcet la calcule, qu\u2019Arouet la pr\u00e9pare, que Rousseau la pr\u00e9m\u00e9dite\u00a0; il faut que Danton l\u2019ose.\u00a0\u00bb<\/a><\/p>\n<p class=\"auteur\"><span class=\"author\"><span class=\"surname\">Victor <\/span><span class=\"name\">HUGO<\/span><\/span> (1802-1885), <cite>Les Mis\u00e9rables<\/cite> (1862)<\/p>\n\n<\/blockquote><\/div>\n<\/div>\n<\/div>\n<\/div><\/div>\n<\/div>\n<\/div>\n<\/div>\n<\/div>\n<style>\r\n        a .cit-num {\r\n            text-decoration: none !important;\r\n            color: inherit !important;\r\n        }\r\n    <\/style>","protected":false},"excerpt":{"rendered":"<p>Alphab\u00e9tiquement le premier dans la bande des quatre philosophes des Lumi\u00e8res et chronologiquement le dernier. Principal auteur de l\u2019Encyclop\u00e9die (avec d\u2019Alembert), personnage le moins connu, le plus insaisissable quoique le plus humain, donc \u00e0 (re)d\u00e9couvrir, \u00e0 comparer aux autres (Montesquieu, Rousseau, Voltaire) et \u00e0 replacer dans l\u2019Histoire. Cliquez sur une citation pour la consulter dans [&#8230;]<\/p>\n","protected":false},"author":1,"featured_media":0,"parent":0,"menu_order":0,"comment_status":"closed","ping_status":"closed","template":"","meta":{"site-sidebar-layout":"default","site-content-layout":"","ast-site-content-layout":"default","site-content-style":"default","site-sidebar-style":"default","ast-global-header-display":"","ast-banner-title-visibility":"","ast-main-header-display":"","ast-hfb-above-header-display":"","ast-hfb-below-header-display":"","ast-hfb-mobile-header-display":"","site-post-title":"","ast-breadcrumbs-content":"","ast-featured-img":"","footer-sml-layout":"","theme-transparent-header-meta":"","adv-header-id-meta":"","stick-header-meta":"","header-above-stick-meta":"","header-main-stick-meta":"","header-below-stick-meta":"","astra-migrate-meta-layouts":"default","ast-page-background-enabled":"default","ast-page-background-meta":{"desktop":{"background-color":"var(--ast-global-color-5)","background-image":"","background-repeat":"repeat","background-position":"center center","background-size":"auto","background-attachment":"scroll","background-type":"","background-media":"","overlay-type":"","overlay-color":"","overlay-opacity":"","overlay-gradient":""},"tablet":{"background-color":"","background-image":"","background-repeat":"repeat","background-position":"center center","background-size":"auto","background-attachment":"scroll","background-type":"","background-media":"","overlay-type":"","overlay-color":"","overlay-opacity":"","overlay-gradient":""},"mobile":{"background-color":"","background-image":"","background-repeat":"repeat","background-position":"center center","background-size":"auto","background-attachment":"scroll","background-type":"","background-media":"","overlay-type":"","overlay-color":"","overlay-opacity":"","overlay-gradient":""}},"ast-content-background-meta":{"desktop":{"background-color":"var(--ast-global-color-4)","background-image":"","background-repeat":"repeat","background-position":"center center","background-size":"auto","background-attachment":"scroll","background-type":"","background-media":"","overlay-type":"","overlay-color":"","overlay-opacity":"","overlay-gradient":""},"tablet":{"background-color":"var(--ast-global-color-4)","background-image":"","background-repeat":"repeat","background-position":"center center","background-size":"auto","background-attachment":"scroll","background-type":"","background-media":"","overlay-type":"","overlay-color":"","overlay-opacity":"","overlay-gradient":""},"mobile":{"background-color":"var(--ast-global-color-4)","background-image":"","background-repeat":"repeat","background-position":"center center","background-size":"auto","background-attachment":"scroll","background-type":"","background-media":"","overlay-type":"","overlay-color":"","overlay-opacity":"","overlay-gradient":""}},"iawp_total_views":27,"footnotes":""},"class_list":["post-10457","page","type-page","status-publish","hentry"],"_links":{"self":[{"href":"https:\/\/histoire-en-citations.fr\/WP\/wp-json\/wp\/v2\/pages\/10457","targetHints":{"allow":["GET"]}}],"collection":[{"href":"https:\/\/histoire-en-citations.fr\/WP\/wp-json\/wp\/v2\/pages"}],"about":[{"href":"https:\/\/histoire-en-citations.fr\/WP\/wp-json\/wp\/v2\/types\/page"}],"author":[{"embeddable":true,"href":"https:\/\/histoire-en-citations.fr\/WP\/wp-json\/wp\/v2\/users\/1"}],"replies":[{"embeddable":true,"href":"https:\/\/histoire-en-citations.fr\/WP\/wp-json\/wp\/v2\/comments?post=10457"}],"version-history":[{"count":4,"href":"https:\/\/histoire-en-citations.fr\/WP\/wp-json\/wp\/v2\/pages\/10457\/revisions"}],"predecessor-version":[{"id":13646,"href":"https:\/\/histoire-en-citations.fr\/WP\/wp-json\/wp\/v2\/pages\/10457\/revisions\/13646"}],"wp:attachment":[{"href":"https:\/\/histoire-en-citations.fr\/WP\/wp-json\/wp\/v2\/media?parent=10457"}],"curies":[{"name":"wp","href":"https:\/\/api.w.org\/{rel}","templated":true}]}}