{"id":10461,"date":"2025-09-22T07:34:43","date_gmt":"2025-09-22T05:34:43","guid":{"rendered":"https:\/\/histoire-en-citations.fr\/WP\/fouche\/"},"modified":"2025-11-24T16:08:57","modified_gmt":"2025-11-24T15:08:57","slug":"fouche","status":"publish","type":"page","link":"https:\/\/histoire-en-citations.fr\/WP\/fouche\/","title":{"rendered":"Fouch\u00e9"},"content":{"rendered":"\t\t<div data-elementor-type=\"wp-page\" data-elementor-id=\"10461\" class=\"elementor elementor-10461\">\n\t\t\t\t<div class=\"elementor-element elementor-element-72d29926 e-flex e-con-boxed e-con e-parent\" data-id=\"72d29926\" data-element_type=\"container\">\n\t\t\t\t\t<div class=\"e-con-inner\">\n\t\t\t\t<div class=\"elementor-element elementor-element-780ea95 elementor-widget elementor-widget-text-editor\" data-id=\"780ea95\" data-element_type=\"widget\" data-widget_type=\"text-editor.default\">\n\t\t\t\t\t\t\t\t\t<div class=\"content\">\n<div class=\"view view-index-taxo view-id-index_taxo view-display-id-page view-dom-id-1abbf03c3148c65633b1f6d6f41a566a\">\n<div class=\"view-header\">\n<p class=\"presentation\">Un des personnages les plus antipathiques de l\u2019histoire \u2013 avec Marat qui exploita le premier ses talents. Policier dans l\u2019\u00e2me et tra\u00eetre sans \u00e9tat d\u2019\u00e2me, il se distingue comme tortionnaire sous la R\u00e9volution, en \u201c\u00a0Mitrailleur de Lyon\u00a0\u201d. Comp\u00e8re de Talleyrand, ils furent ministres de Napol\u00e9on qui ne pouvait se passer de leur intelligence.<\/p>\n<p class=\"idxinfo\">Cliquez sur une citation pour la consulter dans son contexte historique.<a class=\"retour\" href=\"https:\/\/histoire-en-citations.fr\/WP\/personnages\/\">Retour aux personnages<\/a><\/p>\n<p> Affichage de 1 \u2013 9 sur 9.    <\/p><\/div>\n<div class=\"view-content\">\n<div class=\"views-row views-row-1 views-row-odd views-row-first\">\n<div class=\"views-field views-field-field-index-collection\">\n<div class=\"field-content\">\n<div class=\"field-collection-view clearfix view-mode-full field-collection-view-final\">\n<div class=\"entity entity-field-collection-item field-collection-item-field-index-collection clearfix\">\n<div class=\"content\">\n<blockquote>\n<p class=\"citation-small\"><a href=\"https:\/\/histoire-en-citations.fr\/WP\/le-cv-des-acteurs-de-lhistoire-revolution#1548\">\u00ab\u00a0Abolissons l\u2019or et l\u2019argent, tra\u00eenons dans la boue ces dieux de la monarchie, si nous voulons faire adorer les dieux de la R\u00e9publique, et \u00e9tablir le culte des vertus aust\u00e8res de la libert\u00e9.\u00a0\u00bb<\/a><\/p>\n<p class=\"auteur\"><span class=\"author\"><span class=\"surname\">Joseph <\/span><span class=\"name\">FOUCH\u00c9<\/span><\/span> (1759-1820)<\/p>\n<p><\/p>\n<\/blockquote>\n<\/div>\n<\/div>\n<\/div>\n<\/div>\n<\/div>\n<\/div>\n<div class=\"views-row views-row-2 views-row-even\">\n<div class=\"views-field views-field-field-index-collection\">\n<div class=\"field-content\">\n<div class=\"field-collection-view clearfix view-mode-full field-collection-view-final\">\n<div class=\"entity entity-field-collection-item field-collection-item-field-index-collection clearfix\">\n<div class=\"content\">\n<blockquote>\n<p class=\"citation-small\"><a href=\"https:\/\/histoire-en-citations.fr\/WP\/danton-que-la-france-soit-libre-et-que-mon-nom-soit-fletri#1558\">\u00ab\u00a0Pour \u00eatre R\u00e9publicain, il faut que chaque citoyen \u00e9prouve et op\u00e8re en lui-m\u00eame une r\u00e9volution \u00e9gale \u00e0 celle qui a chang\u00e9 la face de la France.\u00a0\u00bb<\/a><\/p>\n<p class=\"auteur\"><span class=\"author\"><span class=\"surname\">Joseph <\/span><span class=\"name\">FOUCH\u00c9<\/span><\/span> (1759-1820), \u00e0 Saint-Just, novembre\u00a01793<\/p>\n<p><\/p>\n<\/blockquote>\n<\/div>\n<\/div>\n<\/div>\n<\/div>\n<\/div>\n<\/div>\n<div class=\"views-row views-row-3 views-row-odd\">\n<div class=\"views-field views-field-field-index-collection\">\n<div class=\"field-content\">\n<div class=\"field-collection-view clearfix view-mode-full field-collection-view-final\">\n<div class=\"entity entity-field-collection-item field-collection-item-field-index-collection clearfix\">\n<div class=\"content\">\n<blockquote>\n<p class=\"citation-small\"><a href=\"https:\/\/histoire-en-citations.fr\/WP\/le-gouvernement-reve-suite#1715\">\u00ab\u00a0Tous ces hommes n\u2019ont pas \u00e9t\u00e9 pris le poignard \u00e0 la main, mais tous sont universellement connus pour \u00eatre capables de l\u2019aiguiser et de le prendre.\u00a0\u00bb<\/a><\/p>\n<p class=\"auteur\"><span class=\"author\"><span class=\"surname\">Joseph <\/span><span class=\"name\">FOUCH\u00c9<\/span><\/span> (1759-1820), ministre de la Police, 1<sup>er<\/sup>\u00a0janvier 1801<\/p>\n<p><\/p>\n<\/blockquote>\n<\/div>\n<\/div>\n<\/div>\n<\/div>\n<\/div>\n<\/div>\n<div class=\"views-row views-row-4 views-row-even\">\n<div class=\"views-field views-field-field-index-collection\">\n<div class=\"field-content\">\n<div class=\"field-collection-view clearfix view-mode-full field-collection-view-final\">\n<div class=\"entity entity-field-collection-item field-collection-item-field-index-collection clearfix\">\n<div class=\"content\">\n<blockquote>\n<p class=\"citation-small\"><a href=\"https:\/\/histoire-en-citations.fr\/WP\/les-mysteres-de-lhistoire-de-napoleon-a-la-seconde-guerre-mondiale#1741\">\u00ab\u00a0L\u2019air est plein de poignards.\u00a0\u00bb<\/a><\/p>\n<p class=\"auteur\"><span class=\"author\"><span class=\"surname\">Joseph <\/span><span class=\"name\">FOUCH\u00c9<\/span><\/span> (1759-1820), mi-janvier\u00a01804<\/p>\n<p><\/p>\n<\/blockquote>\n<\/div>\n<\/div>\n<\/div>\n<\/div>\n<\/div>\n<\/div>\n<div class=\"views-row views-row-5 views-row-odd\">\n<div class=\"views-field views-field-field-index-collection\">\n<div class=\"field-content\">\n<div class=\"field-collection-view clearfix view-mode-full field-collection-view-final\">\n<div class=\"entity entity-field-collection-item field-collection-item-field-index-collection clearfix\">\n<div class=\"content\">\n<blockquote>\n<p class=\"citation-small\"><a href=\"https:\/\/histoire-en-citations.fr\/WP\/les-mysteres-de-lhistoire-de-napoleon-a-la-seconde-guerre-mondiale#1747\">\u00ab\u00a0C\u2019est pire qu\u2019un crime, c\u2019est une faute.\u00a0\u00bb<\/a><\/p>\n<p class=\"auteur\"><span class=\"author\"><span class=\"surname\">Antoine Claude Joseph <\/span><span class=\"name\">BOULAY de la MEURTHE<\/span><\/span> (1761-1840), apprenant l\u2019ex\u00e9cution du duc d\u2019Enghien, le 21\u00a0mars 1804.<br>Mot parfois attribu\u00e9, mais \u00e0 tort, \u00e0 <span class=\"author\"><span class=\"name\">FOUCH\u00c9<\/span><\/span> (1759-1820) ou \u00e0 <span class=\"author\"><span class=\"name\">TALLEYRAND<\/span><\/span> (1754-1838)<\/p>\n<p><\/p>\n<\/blockquote>\n<\/div>\n<\/div>\n<\/div>\n<\/div>\n<\/div>\n<\/div>\n<div class=\"views-row views-row-6 views-row-even\">\n<div class=\"views-field views-field-field-index-collection\">\n<div class=\"field-content\">\n<div class=\"field-collection-view clearfix view-mode-full field-collection-view-final\">\n<div class=\"entity entity-field-collection-item field-collection-item-field-index-collection clearfix\">\n<div class=\"content\">\n<blockquote>\n<p class=\"citation-small\"><a href=\"https:\/\/histoire-en-citations.fr\/WP\/qui-a-dit-quoi-de-qui-directoire-consulat-et-premier-empire#1760\">\u00ab\u00a0L\u2019art de la police est de ne pas voir ce qu\u2019il est inutile qu\u2019elle voie.\u00a0\u00bb<\/a><\/p>\n<p class=\"auteur\"><span class=\"author\"><span class=\"surname\">Napol\u00e9on <\/span><span class=\"name\">BONAPARTE<\/span><\/span> (1769-1821), Premier Consul, Au citoyen Fouch\u00e9, 24\u00a0mai\u00a01800<\/p>\n<p><\/p>\n<\/blockquote>\n<\/div>\n<\/div>\n<\/div>\n<\/div>\n<\/div>\n<\/div>\n<div class=\"views-row views-row-7 views-row-odd\">\n<div class=\"views-field views-field-field-index-collection\">\n<div class=\"field-content\">\n<div class=\"field-collection-view clearfix view-mode-full field-collection-view-final\">\n<div class=\"entity entity-field-collection-item field-collection-item-field-index-collection clearfix\">\n<div class=\"content\">\n<blockquote>\n<p class=\"citation-small\"><a href=\"https:\/\/histoire-en-citations.fr\/WP\/portrait-de-talleyrand-en-citations#1837\">\u00ab\u00a0Que voulez-vous, mon cher, la religion se perd\u00a0!\u00a0\u00bb<\/a><\/p>\n<p class=\"auteur\"><span class=\"author\"><span class=\"name\">TALLEYRAND<\/span><\/span> (1754-1838), \u00e0 Fouch\u00e9, en 1809<\/p>\n<p><\/p>\n<\/blockquote>\n<\/div>\n<\/div>\n<\/div>\n<\/div>\n<\/div>\n<\/div>\n<div class=\"views-row views-row-8 views-row-even\">\n<div class=\"views-field views-field-field-index-collection\">\n<div class=\"field-content\">\n<div class=\"field-collection-view clearfix view-mode-full field-collection-view-final\">\n<div class=\"entity entity-field-collection-item field-collection-item-field-index-collection clearfix\">\n<div class=\"content\">\n<blockquote>\n<p class=\"citation-small\"><a href=\"https:\/\/histoire-en-citations.fr\/WP\/lhistoire-en-caricatures-napoleon#1931\">\u00ab\u00a0Cet homme est revenu de l\u2019\u00eele d\u2019Elbe plus fou qu\u2019il n\u2019\u00e9tait parti. Son affaire est r\u00e9gl\u00e9e, il n\u2019en a pas pour quatre mois.\u00a0\u00bb<\/a><\/p>\n<p class=\"auteur\"><span class=\"author\"><span class=\"surname\">Joseph <\/span><span class=\"name\">FOUCH\u00c9<\/span><\/span> (1759-1820), lucide quant \u00e0 l\u2019avenir, mars\u00a01815<\/p>\n<p><\/p>\n<\/blockquote>\n<\/div>\n<\/div>\n<\/div>\n<\/div>\n<\/div>\n<\/div>\n<div class=\"views-row views-row-9 views-row-odd views-row-last\">\n<div class=\"views-field views-field-field-index-collection\">\n<div class=\"field-content\">\n<div class=\"field-collection-view clearfix view-mode-full field-collection-view-final\">\n<div class=\"entity entity-field-collection-item field-collection-item-field-index-collection clearfix\">\n<div class=\"content\">\n<blockquote>\n<p class=\"citation-small\"><a href=\"https:\/\/histoire-en-citations.fr\/WP\/portrait-de-louis-xviii-en-citations#1953\">\u00ab\u00a0Tout \u00e0 coup, une porte s\u2019ouvre\u00a0: entre silencieusement le vice appuy\u00e9 sur le bras du crime, Monsieur de Talleyrand soutenu par Monsieur Fouch\u00e9.\u00a0\u00bb<\/a><\/p>\n<p class=\"auteur\"><span class=\"author\"><span class=\"surname\">Fran\u00e7ois Ren\u00e9 de <\/span><span class=\"name\">CHATEAUBRIAND<\/span><\/span> (1768-1848), <cite>M\u00e9moires d\u2019outre-tombe<\/cite> (posthume)<\/p>\n<p><\/p>\n<\/blockquote>\n<\/div>\n<\/div>\n<\/div>\n<\/div>\n<\/div>\n<\/div>\n<\/div>\n<\/div>\n<\/div><style>\r\n        a .cit-num {\r\n            text-decoration: none !important;\r\n            color: inherit !important;\r\n        }\r\n    <\/style>\t\t\t\t\t\t\t\t<\/div>\n\t\t\t\t\t<\/div>\n\t\t\t\t<\/div>\n\t\t\t\t<\/div>\n\t\t<style>\r\n        a .cit-num {\r\n            text-decoration: none !important;\r\n            color: inherit !important;\r\n        }\r\n    <\/style>","protected":false},"excerpt":{"rendered":"<p>Un des personnages les plus antipathiques de l\u2019histoire &#8211; avec Marat qui exploita le premier ses talents. Policier dans l\u2019\u00e2me et tra\u00eetre sans \u00e9tat d\u2019\u00e2me, \u00e9v\u00eaque d\u00e9froqu\u00e9, il se distingue comme tortionnaire sous la R\u00e9volution, en \u201c\u00a0Mitrailleur de Lyon\u00a0\u201d. Comp\u00e8re de Talleyrand, ils furent ministres de Napol\u00e9on qui ne pouvait se passer de leur intelligence. [&#8230;]<\/p>\n","protected":false},"author":1,"featured_media":0,"parent":0,"menu_order":0,"comment_status":"closed","ping_status":"closed","template":"","meta":{"site-sidebar-layout":"default","site-content-layout":"","ast-site-content-layout":"default","site-content-style":"default","site-sidebar-style":"default","ast-global-header-display":"","ast-banner-title-visibility":"","ast-main-header-display":"","ast-hfb-above-header-display":"","ast-hfb-below-header-display":"","ast-hfb-mobile-header-display":"","site-post-title":"","ast-breadcrumbs-content":"","ast-featured-img":"","footer-sml-layout":"","theme-transparent-header-meta":"","adv-header-id-meta":"","stick-header-meta":"","header-above-stick-meta":"","header-main-stick-meta":"","header-below-stick-meta":"","astra-migrate-meta-layouts":"default","ast-page-background-enabled":"default","ast-page-background-meta":{"desktop":{"background-color":"var(--ast-global-color-5)","background-image":"","background-repeat":"repeat","background-position":"center center","background-size":"auto","background-attachment":"scroll","background-type":"","background-media":"","overlay-type":"","overlay-color":"","overlay-opacity":"","overlay-gradient":""},"tablet":{"background-color":"","background-image":"","background-repeat":"repeat","background-position":"center center","background-size":"auto","background-attachment":"scroll","background-type":"","background-media":"","overlay-type":"","overlay-color":"","overlay-opacity":"","overlay-gradient":""},"mobile":{"background-color":"","background-image":"","background-repeat":"repeat","background-position":"center center","background-size":"auto","background-attachment":"scroll","background-type":"","background-media":"","overlay-type":"","overlay-color":"","overlay-opacity":"","overlay-gradient":""}},"ast-content-background-meta":{"desktop":{"background-color":"var(--ast-global-color-4)","background-image":"","background-repeat":"repeat","background-position":"center center","background-size":"auto","background-attachment":"scroll","background-type":"","background-media":"","overlay-type":"","overlay-color":"","overlay-opacity":"","overlay-gradient":""},"tablet":{"background-color":"var(--ast-global-color-4)","background-image":"","background-repeat":"repeat","background-position":"center center","background-size":"auto","background-attachment":"scroll","background-type":"","background-media":"","overlay-type":"","overlay-color":"","overlay-opacity":"","overlay-gradient":""},"mobile":{"background-color":"var(--ast-global-color-4)","background-image":"","background-repeat":"repeat","background-position":"center center","background-size":"auto","background-attachment":"scroll","background-type":"","background-media":"","overlay-type":"","overlay-color":"","overlay-opacity":"","overlay-gradient":""}},"iawp_total_views":73,"footnotes":""},"class_list":["post-10461","page","type-page","status-publish","hentry"],"_links":{"self":[{"href":"https:\/\/histoire-en-citations.fr\/WP\/wp-json\/wp\/v2\/pages\/10461","targetHints":{"allow":["GET"]}}],"collection":[{"href":"https:\/\/histoire-en-citations.fr\/WP\/wp-json\/wp\/v2\/pages"}],"about":[{"href":"https:\/\/histoire-en-citations.fr\/WP\/wp-json\/wp\/v2\/types\/page"}],"author":[{"embeddable":true,"href":"https:\/\/histoire-en-citations.fr\/WP\/wp-json\/wp\/v2\/users\/1"}],"replies":[{"embeddable":true,"href":"https:\/\/histoire-en-citations.fr\/WP\/wp-json\/wp\/v2\/comments?post=10461"}],"version-history":[{"count":7,"href":"https:\/\/histoire-en-citations.fr\/WP\/wp-json\/wp\/v2\/pages\/10461\/revisions"}],"predecessor-version":[{"id":15440,"href":"https:\/\/histoire-en-citations.fr\/WP\/wp-json\/wp\/v2\/pages\/10461\/revisions\/15440"}],"wp:attachment":[{"href":"https:\/\/histoire-en-citations.fr\/WP\/wp-json\/wp\/v2\/media?parent=10461"}],"curies":[{"name":"wp","href":"https:\/\/api.w.org\/{rel}","templated":true}]}}