{"id":10463,"date":"2025-09-22T07:34:43","date_gmt":"2025-09-22T05:34:43","guid":{"rendered":"https:\/\/histoire-en-citations.fr\/WP\/francois-ier\/"},"modified":"2025-11-19T08:51:46","modified_gmt":"2025-11-19T07:51:46","slug":"francois-ier","status":"publish","type":"page","link":"https:\/\/histoire-en-citations.fr\/WP\/francois-ier\/","title":{"rendered":"Fran\u00e7ois\u00a0Ier"},"content":{"rendered":"<div class=\"content\">\n<div class=\"view view-index-taxo view-id-index_taxo view-display-id-page view-dom-id-d90889705e2d59164eb215b8f52de535\">\n<div class=\"view-header\">\n<p class=\"presentation\">Le Roi chevalier incarne la Renaissance, 32 ann\u00e9es de r\u00e8gne au c\u0153ur du beau <span class=\"caps\">XVI<\/span><sup>e<\/sup>\u00a0si\u00e8cle. Fascin\u00e9 par l\u2019Italie pour le meilleur (l\u2019art et 1515, victoire de Marignan) et le pire (guerres en s\u00e9rie, d\u00e9faite de Pavie), il se heurte \u00e0 Charles Quint et son empire europ\u00e9en. Homme \u00e0 femmes, c\u2019est aussi un fils \u00e0 maman, Louise de Savoie tenue fid\u00e8lement au courant des exploits de son \u201c\u00a0C\u00e9sar bien-aim\u00e9\u00a0\u201d.<\/p>\n<p class=\"idxinfo\">Cliquez sur une citation pour la consulter dans son contexte historique.<a class=\"retour\" href=\"https:\/\/histoire-en-citations.fr\/WP\/personnages\/\">Retour aux personnages<\/a><\/p>\n<p> Affichage de 1 \u2013 21 sur 21.    <\/p><\/div>\n<div class=\"view-content\">\n<div class=\"views-row views-row-1 views-row-odd views-row-first\">\n<div class=\"views-field views-field-field-index-collection\">\n<div class=\"field-content\">\n<div class=\"field-collection-view clearfix view-mode-full field-collection-view-final\">\n<div class=\"entity entity-field-collection-item field-collection-item-field-index-collection clearfix\">\n<div class=\"content\">\n<blockquote>\n<p class=\"citation-small\"><a href=\"https:\/\/histoire-en-citations.fr\/WP\/plus-de-50-idees-recues-qui-faussent-lhistoire\/#378\">\u00ab\u00a0Car tel est notre plaisir.\u00a0\u00bb<\/a><\/p>\n<p class=\"auteur\"><span class=\"author\"><span class=\"name\">LOUIS XI<\/span><\/span> (1423-1483), \u00e9dit du 31\u00a0octobre 1472, forme des placets royaux<\/p>\n\n<\/blockquote><\/div>\n<\/div>\n<\/div>\n<\/div><\/div>\n<\/div>\n<div class=\"views-row views-row-2 views-row-even\">\n<div class=\"views-field views-field-field-index-collection\">\n<div class=\"field-content\">\n<div class=\"field-collection-view clearfix view-mode-full field-collection-view-final\">\n<div class=\"entity entity-field-collection-item field-collection-item-field-index-collection clearfix\">\n<div class=\"content\">\n<blockquote>\n<p class=\"citation-small\"><a href=\"https:\/\/histoire-en-citations.fr\/WP\/ces-etrangers-qui-firent-lhistoire-de-france-i\/#387\">\u00ab\u00a0Avant moi [Fran\u00e7ois\u00a0Ier], tout \u00e9tait grossier, pauvre, ignorant, gaulois.\u00a0\u00bb<\/a><\/p>\n<p class=\"auteur\"><span class=\"author\"><span class=\"name\">F\u00c9NELON<\/span><\/span> (1651-1715), <cite>Dialogues des morts<\/cite> (1692-1696)<\/p>\n\n<\/blockquote><\/div>\n<\/div>\n<\/div>\n<\/div><\/div>\n<\/div>\n<div class=\"views-row views-row-3 views-row-odd\">\n<div class=\"views-field views-field-field-index-collection\">\n<div class=\"field-content\">\n<div class=\"field-collection-view clearfix view-mode-full field-collection-view-final\">\n<div class=\"entity entity-field-collection-item field-collection-item-field-index-collection clearfix\">\n<div class=\"content\">\n<blockquote>\n<p class=\"citation-small\"><a href=\"https:\/\/histoire-en-citations.fr\/WP\/recit-ou-roman-national-une-confusion-inadmissible\/#391\">\u00ab\u00a0L\u2019histoire de France commence avec la langue fran\u00e7aise. La langue est le signe principal d\u2019une nationalit\u00e9.\u00a0\u00bb<\/a><\/p>\n<p class=\"auteur\"><span class=\"author\"><span class=\"surname\">Jules <\/span><span class=\"name\">MICHELET<\/span><\/span> (1798-1874), <cite>Histoire de France<\/cite>, tome III (1840)<\/p>\n\n<\/blockquote><\/div>\n<\/div>\n<\/div>\n<\/div><\/div>\n<\/div>\n<div class=\"views-row views-row-4 views-row-even\">\n<div class=\"views-field views-field-field-index-collection\">\n<div class=\"field-content\">\n<div class=\"field-collection-view clearfix view-mode-full field-collection-view-final\">\n<div class=\"entity entity-field-collection-item field-collection-item-field-index-collection clearfix\">\n<div class=\"content\">\n<blockquote>\n<p class=\"citation-small\"><a href=\"https:\/\/histoire-en-citations.fr\/WP\/qui-a-dit-quoi-de-qui-renaissance-naissance-de-la-monarchie-absolue\/#437\">\u00ab\u00a0Car tel est notre plaisir.\u00a0\u00bb<\/a><\/p>\n<p class=\"auteur\"><span class=\"author\"><span class=\"name\">FRAN\u00c7OIS\u00a0I<sup>er<\/sup><\/span><\/span> (1494-1547)<\/p>\n\n<\/blockquote><\/div>\n<\/div>\n<\/div>\n<\/div><\/div>\n<\/div>\n<div class=\"views-row views-row-5 views-row-odd\">\n<div class=\"views-field views-field-field-index-collection\">\n<div class=\"field-content\">\n<div class=\"field-collection-view clearfix view-mode-full field-collection-view-final\">\n<div class=\"entity entity-field-collection-item field-collection-item-field-index-collection clearfix\">\n<div class=\"content\">\n<blockquote>\n<p class=\"citation-small\"><a href=\"https:\/\/histoire-en-citations.fr\/WP\/la-guerre-histoire-en-citations-dune-tragedie-seculaire-et-quotidienne-xvie-et-xviie-siecles\/#438\">\u00ab\u00a0Je suis votre roi et votre prince. Je suis d\u00e9lib\u00e9r\u00e9 de vivre et mourir avec vous. Voici la fin de notre voyage, car tout sera gagn\u00e9 ou perdu.\u00a0\u00bb<\/a><\/p>\n<p class=\"auteur\"><span class=\"author\"><span class=\"name\">FRAN\u00c7OIS\u00a0I<sup>er<\/sup><\/span><\/span> (1494-1547), \u00e0 ses troupes, avant la bataille de Marignan, 13\u00a0septembre 1515<\/p>\n\n<\/blockquote><\/div>\n<\/div>\n<\/div>\n<\/div><\/div>\n<\/div>\n<div class=\"views-row views-row-6 views-row-even\">\n<div class=\"views-field views-field-field-index-collection\">\n<div class=\"field-content\">\n<div class=\"field-collection-view clearfix view-mode-full field-collection-view-final\">\n<div class=\"entity entity-field-collection-item field-collection-item-field-index-collection clearfix\">\n<div class=\"content\">\n<blockquote>\n<p class=\"citation-small\"><a href=\"https:\/\/histoire-en-citations.fr\/WP\/ces-etrangers-qui-firent-lhistoire-de-france-i\/#439\">\u00ab\u00a0Et vous promets, Madame, que si bien accompagn\u00e9s et si galants qu\u2019ils soient, deux cents hommes d\u2019armes que nous \u00e9tions en d\u00e9f\u00eemes bien quatre mille Suisses et les repouss\u00e2mes rudement, si gentils galants qu\u2019ils soient, leur faisant jeter leurs piques et crier France.\u00a0\u00bb<\/a><\/p>\n<p class=\"auteur\"><span class=\"author\"><span class=\"name\">FRAN\u00c7OIS\u00a0I<sup>er<\/sup><\/span><\/span> (1494-1547), Lettre \u00e0 sa m\u00e8re Louise de Savoie, au soir du 13\u00a0septembre 1515<\/p>\n\n<\/blockquote><\/div>\n<\/div>\n<\/div>\n<\/div><\/div>\n<\/div>\n<div class=\"views-row views-row-7 views-row-odd\">\n<div class=\"views-field views-field-field-index-collection\">\n<div class=\"field-content\">\n<div class=\"field-collection-view clearfix view-mode-full field-collection-view-final\">\n<div class=\"entity entity-field-collection-item field-collection-item-field-index-collection clearfix\">\n<div class=\"content\">\n<blockquote>\n<p class=\"citation-small\"><a href=\"https:\/\/histoire-en-citations.fr\/WP\/la-guerre-histoire-en-citations-dune-tragedie-seculaire-et-quotidienne-xvie-et-xviie-siecles\/#440\">\u00ab\u00a0Sonnez, trompettes et clairons\u00a0 \/ Pour r\u00e9jouir les compagnonsBruyez bombardes et canons\u00a0\/ Donnez des horions,Tous gentils compagnons\u00a0 \/ Suivez, frappez, tuez.\u00a0\u00bb<\/a><\/p>\n<p class=\"auteur\"><cite>Chanson de Marignan<\/cite>, 1515<\/p>\n\n<\/blockquote><\/div>\n<\/div>\n<\/div>\n<\/div><\/div>\n<\/div>\n<div class=\"views-row views-row-8 views-row-even\">\n<div class=\"views-field views-field-field-index-collection\">\n<div class=\"field-content\">\n<div class=\"field-collection-view clearfix view-mode-full field-collection-view-final\">\n<div class=\"entity entity-field-collection-item field-collection-item-field-index-collection clearfix\">\n<div class=\"content\">\n<blockquote>\n<p class=\"citation-small\"><a href=\"https:\/\/histoire-en-citations.fr\/WP\/le-cv-des-acteurs-de-lhistoire-de-la-gaule-au-siecle-des-lumieres\/#442\">\u00ab\u00a0Bayard, mon ami, je veux aujourd\u2019hui \u00eatre fait chevalier par vos mains [\u2026]\u2014 Sire, celui qui est couronn\u00e9, lou\u00e9 et oint de l\u2019huile envoy\u00e9e du Ciel et est le roi du royaume, le premier fils de l\u2019\u00c9glise, est chevalier sur tous autres chevaliers.\u00a0\u00bb<\/a><\/p>\n<p class=\"auteur\"><span class=\"author\"><span class=\"name\">FRAN\u00c7OIS\u00a0I<sup>er<\/sup><\/span><\/span> (1494-1547) et <span class=\"author\"><span class=\"name\">chevalier BAYARD<\/span><\/span> (vers 1476-1524), au soir de Marignan, le 14\u00a0septembre 1515<\/p>\n\n<\/blockquote><\/div>\n<\/div>\n<\/div>\n<\/div><\/div>\n<\/div>\n<div class=\"views-row views-row-9 views-row-odd\">\n<div class=\"views-field views-field-field-index-collection\">\n<div class=\"field-content\">\n<div class=\"field-collection-view clearfix view-mode-full field-collection-view-final\">\n<div class=\"entity entity-field-collection-item field-collection-item-field-index-collection clearfix\">\n<div class=\"content\">\n<blockquote>\n<p class=\"citation-small\"><a href=\"https:\/\/histoire-en-citations.fr\/WP\/qui-a-dit-quoi-de-qui-renaissance-naissance-de-la-monarchie-absolue\/#445\">\u00ab\u00a0Il est jeune et \u00e0 la fleur de l\u2019\u00e2ge, lib\u00e9ral, magnanime, exp\u00e9riment\u00e9 et habile \u00e0 la guerre. Il a bonne paix avec tous ses voisins, en sorte qu\u2019il pourra employer au service de Dieu et de la foi sa personne et tout son avoir, sans que nul le d\u00e9tourne et que rien l\u2019emp\u00eache.\u00a0\u00bb<\/a><\/p>\n<p class=\"auteur\"><span class=\"author\"><span class=\"name\">FRAN\u00c7OIS\u00a0I<sup>er<\/sup><\/span><\/span> (1494-1547), autoportrait et d\u00e9claration de candidature, en 1519<\/p>\n\n<\/blockquote><\/div>\n<\/div>\n<\/div>\n<\/div><\/div>\n<\/div>\n<div class=\"views-row views-row-10 views-row-even\">\n<div class=\"views-field views-field-field-index-collection\">\n<div class=\"field-content\">\n<div class=\"field-collection-view clearfix view-mode-full field-collection-view-final\">\n<div class=\"entity entity-field-collection-item field-collection-item-field-index-collection clearfix\">\n<div class=\"content\">\n<blockquote>\n<p class=\"citation-small\"><a href=\"https:\/\/histoire-en-citations.fr\/WP\/un-tour-de-france-historique-et-inedit-de-la-gaule-au-xvie-siecle\/#446\">\u00ab\u00a0Souvent femme varieBien fol est qui s\u2019y fie.\u00a0\u00bb<\/a><\/p>\n<p class=\"auteur\"><span class=\"author\"><span class=\"name\">FRAN\u00c7OIS\u00a0I<sup>er<\/sup><\/span><\/span> (1494-1547)<\/p>\n\n<\/blockquote><\/div>\n<\/div>\n<\/div>\n<\/div><\/div>\n<\/div>\n<div class=\"views-row views-row-11 views-row-odd\">\n<div class=\"views-field views-field-field-index-collection\">\n<div class=\"field-content\">\n<div class=\"field-collection-view clearfix view-mode-full field-collection-view-final\">\n<div class=\"entity entity-field-collection-item field-collection-item-field-index-collection clearfix\">\n<div class=\"content\">\n<blockquote>\n<p class=\"citation-small\"><a href=\"https:\/\/histoire-en-citations.fr\/WP\/ces-etrangers-qui-firent-lhistoire-de-france-i\/#453\">\u00ab\u00a0Tout est perdu, fors l\u2019honneur.\u00a0\u00bb<\/a><\/p>\n<p class=\"auteur\"><span class=\"author\"><span class=\"name\">FRAN\u00c7OIS\u00a0I<sup>er<\/sup><\/span><\/span> (1494-1547), Lettre \u00e0 Louise de Savoie apr\u00e8s la bataille de Pavie, 25\u00a0f\u00e9vrier 1525<\/p>\n\n<\/blockquote><\/div>\n<\/div>\n<\/div>\n<\/div><\/div>\n<\/div>\n<div class=\"views-row views-row-12 views-row-even\">\n<div class=\"views-field views-field-field-index-collection\">\n<div class=\"field-content\">\n<div class=\"field-collection-view clearfix view-mode-full field-collection-view-final\">\n<div class=\"entity entity-field-collection-item field-collection-item-field-index-collection clearfix\">\n<div class=\"content\">\n<blockquote>\n<p class=\"citation-small\"><a href=\"https:\/\/histoire-en-citations.fr\/WP\/lhistoire-en-chantant-de-la-gaule-a-louis-xiii\/#454\">\u00ab\u00a0H\u00e9las, La Palice est mort\u00a0\/ Il est mort devant PavieH\u00e9las\u00a0! s\u2019il n\u2019\u00e9tait pas mort \/ Il serait encore en vie.\u00a0\u00bb<\/a><\/p>\n<p class=\"auteur\"><cite>La Mort de La Palice<\/cite>, chanson de 1525<\/p>\n\n<\/blockquote><\/div>\n<\/div>\n<\/div>\n<\/div><\/div>\n<\/div>\n<div class=\"views-row views-row-13 views-row-odd\">\n<div class=\"views-field views-field-field-index-collection\">\n<div class=\"field-content\">\n<div class=\"field-collection-view clearfix view-mode-full field-collection-view-final\">\n<div class=\"entity entity-field-collection-item field-collection-item-field-index-collection clearfix\">\n<div class=\"content\">\n<blockquote>\n<p class=\"citation-small\"><a href=\"https:\/\/histoire-en-citations.fr\/WP\/histoire-litterature-lhistoire-ecrite-par-les-historiens-de-la-gaule-au-siecle-de-louis-xiv\/#455\">\u00ab\u00a0Peut-\u00eatre que l\u2019heure du royaume de France est venue.\u00a0\u00bb<\/a><\/p>\n<p class=\"auteur\"><span class=\"author\"><span class=\"surname\">Martin <\/span><span class=\"name\">LUTHER<\/span><\/span> (1483-1546), \u00e0 la nouvelle du d\u00e9sastre de Pavie, fin f\u00e9vrier\u00a01525<\/p>\n\n<\/blockquote><\/div>\n<\/div>\n<\/div>\n<\/div><\/div>\n<\/div>\n<div class=\"views-row views-row-14 views-row-even\">\n<div class=\"views-field views-field-field-index-collection\">\n<div class=\"field-content\">\n<div class=\"field-collection-view clearfix view-mode-full field-collection-view-final\">\n<div class=\"entity entity-field-collection-item field-collection-item-field-index-collection clearfix\">\n<div class=\"content\">\n<blockquote>\n<p class=\"citation-small\"><a href=\"https:\/\/histoire-en-citations.fr\/WP\/lecture-recommandee-en-temps-de-confinement-et-bientot-de-vacances-les-lettres\/#456\">\u00ab\u00a0Pour mon honneur et celui de ma nation, je choisirai plut\u00f4t honn\u00eate prison que honteuse fuite.\u00a0\u00bb<\/a><\/p>\n<p class=\"auteur\"><span class=\"author\"><span class=\"name\">FRAN\u00c7OIS\u00a0I<sup>er<\/sup><\/span><\/span> (1494-1547), Lettre aux Grands du Royaume et aux Compagnies souveraines, 1525<\/p>\n\n<\/blockquote><\/div>\n<\/div>\n<\/div>\n<\/div><\/div>\n<\/div>\n<div class=\"views-row views-row-15 views-row-odd\">\n<div class=\"views-field views-field-field-index-collection\">\n<div class=\"field-content\">\n<div class=\"field-collection-view clearfix view-mode-full field-collection-view-final\">\n<div class=\"entity entity-field-collection-item field-collection-item-field-index-collection clearfix\">\n<div class=\"content\">\n<blockquote>\n<p class=\"citation-small\"><a href=\"https:\/\/histoire-en-citations.fr\/WP\/francois-ier-il-est-jeune-et-a-la-fleur-de-lage-liberal-magnanime\/#457\">\u00ab\u00a0Je suis marri de quoi l\u2019Empereur votre ma\u00eetre vous a donn\u00e9 la peine de venir en poste de si loin pour m\u2019apporter articles si d\u00e9raisonnables. Vous lui direz de ma part que j\u2019aimerais mieux mourir prisonnier que d\u2019accorder ses demandes [\u2026] Et s\u2019il veut venir \u00e0 traiter, il faut qu\u2019il parle autre langage.\u00a0\u00bb<\/a><\/p>\n<p class=\"auteur\"><span class=\"author\"><span class=\"name\">FRAN\u00c7OIS\u00a0I<sup>er<\/sup><\/span><\/span> (1494-1547), aux deux \u00e9missaires de Charles Quint, fin avril\u00a01525<\/p>\n\n<\/blockquote><\/div>\n<\/div>\n<\/div>\n<\/div><\/div>\n<\/div>\n<div class=\"views-row views-row-16 views-row-even\">\n<div class=\"views-field views-field-field-index-collection\">\n<div class=\"field-content\">\n<div class=\"field-collection-view clearfix view-mode-full field-collection-view-final\">\n<div class=\"entity entity-field-collection-item field-collection-item-field-index-collection clearfix\">\n<div class=\"content\">\n<blockquote>\n<p class=\"citation-small\"><a href=\"https:\/\/histoire-en-citations.fr\/WP\/si-paris-nous-etait-conte-du-moyen-age-au-siecle-des-lumieres\/#463\">\u00ab\u00a0Nous sommes tr\u00e8s marris et d\u00e9plaisants de ce que en notre bonne ville de Paris, chef et capitale de notre royaume et o\u00f9 il y a Universit\u00e9 principale de chr\u00e9tient\u00e9, cette maudite secte h\u00e9r\u00e9tique pullule, o\u00f9 plusieurs pourront prendre exemple.\u00a0\u00bb<\/a><\/p>\n<p class=\"auteur\"><span class=\"author\"><span class=\"name\">FRAN\u00c7OIS\u00a0I<sup>er<\/sup><\/span><\/span> (1494-1547), Lettre de novembre\u00a01533 au Parlement de Paris<\/p>\n\n<\/blockquote><\/div>\n<\/div>\n<\/div>\n<\/div><\/div>\n<\/div>\n<div class=\"views-row views-row-17 views-row-odd\">\n<div class=\"views-field views-field-field-index-collection\">\n<div class=\"field-content\">\n<div class=\"field-collection-view clearfix view-mode-full field-collection-view-final\">\n<div class=\"entity entity-field-collection-item field-collection-item-field-index-collection clearfix\">\n<div class=\"content\">\n<blockquote>\n<p class=\"citation-small\"><a href=\"https:\/\/histoire-en-citations.fr\/WP\/patrimoine-historique-tresor-national-et-passion-francaise-des-origines-au-siecle-des-lumieres\/#472\">\u00ab\u00a0[Les actes judiciaires seront] prononc\u00e9s, enregistr\u00e9s et d\u00e9livr\u00e9s aux parties en langage maternel fran\u00e7ois et non autrement.\u00a0\u00bb<\/a><\/p>\n<p class=\"auteur\">Ordonnance de Villers-Cotter\u00eats (1539)<\/p>\n\n<\/blockquote><\/div>\n<\/div>\n<\/div>\n<\/div><\/div>\n<\/div>\n<div class=\"views-row views-row-18 views-row-even\">\n<div class=\"views-field views-field-field-index-collection\">\n<div class=\"field-content\">\n<div class=\"field-collection-view clearfix view-mode-full field-collection-view-final\">\n<div class=\"entity entity-field-collection-item field-collection-item-field-index-collection clearfix\">\n<div class=\"content\">\n<blockquote>\n<p class=\"citation-small\"><a href=\"https:\/\/histoire-en-citations.fr\/WP\/paroles-de-papes-breve-histoire-de-la-religion-en-france-des-origines-jusquau-xvie-siecle\/#473\">\u00ab\u00a0Le soleil chauffe pour moi comme pour les autres et je d\u00e9sire fort voir le testament d\u2019Adam pour savoir comment celui-ci avait partag\u00e9 le monde.\u00a0\u00bb<\/a><\/p>\n<p class=\"auteur\"><span class=\"author\"><span class=\"name\">FRAN\u00c7OIS\u00a0I<sup>er<\/sup><\/span><\/span> (1494-1547), D\u00e9claration \u00e0 Charles Quint en 1540<\/p>\n\n<\/blockquote><\/div>\n<\/div>\n<\/div>\n<\/div><\/div>\n<\/div>\n<div class=\"views-row views-row-19 views-row-odd\">\n<div class=\"views-field views-field-field-index-collection\">\n<div class=\"field-content\">\n<div class=\"field-collection-view clearfix view-mode-full field-collection-view-final\">\n<div class=\"entity entity-field-collection-item field-collection-item-field-index-collection clearfix\">\n<div class=\"content\">\n<blockquote>\n<p class=\"citation-small\"><a href=\"https:\/\/histoire-en-citations.fr\/WP\/chronique-de-la-colonisation-francaise-en-25-reperes-1-le-premier-empire-colonial-francais\/#474\">\u00ab\u00a0Faux comme diamant du Canada.\u00a0\u00bb<\/a><\/p>\n<p class=\"auteur\">Proverbe n\u00e9 dans les ann\u00e9es 1540<\/p>\n\n<\/blockquote><\/div>\n<\/div>\n<\/div>\n<\/div><\/div>\n<\/div>\n<div class=\"views-row views-row-20 views-row-even\">\n<div class=\"views-field views-field-field-index-collection\">\n<div class=\"field-content\">\n<div class=\"field-collection-view clearfix view-mode-full field-collection-view-final\">\n<div class=\"entity entity-field-collection-item field-collection-item-field-index-collection clearfix\">\n<div class=\"content\">\n<blockquote>\n<p class=\"citation-small\"><a href=\"https:\/\/histoire-en-citations.fr\/WP\/nos-relations-avec-langleterre-moyen-age\/#477\">\u00ab\u00a0Le roi se retira \u00e0 Saint-Germain o\u00f9 il re\u00e7ut les nouvelles du tr\u00e9pas du roi Henri d\u2019Angleterre. Duquel tr\u00e9pas, le roi porta grand ennui, parce qu\u2019ils \u00e9taient presque d\u2019un m\u00eame \u00e2ge et de m\u00eame complexion, et eut doute qu\u2019il f\u00fbt bient\u00f4t pour aller apr\u00e8s.\u00a0\u00bb<\/a><\/p>\n<p class=\"auteur\"><span class=\"author\"><span class=\"surname\">Joachim du <\/span><span class=\"name\">BELLAY<\/span><\/span> (1522-1560)<\/p>\n\n<\/blockquote><\/div>\n<\/div>\n<\/div>\n<\/div><\/div>\n<\/div>\n<div class=\"views-row views-row-21 views-row-odd views-row-last\">\n<div class=\"views-field views-field-field-index-collection\">\n<div class=\"field-content\">\n<div class=\"field-collection-view clearfix view-mode-full field-collection-view-final\">\n<div class=\"entity entity-field-collection-item field-collection-item-field-index-collection clearfix\">\n<div class=\"content\">\n<blockquote>\n<p class=\"citation-small\"><a href=\"https:\/\/histoire-en-citations.fr\/WP\/lhistoire-en-chantant-de-la-gaule-a-louis-xiii\/#478\">\u00ab\u00a0Dans le ch\u00e2teau de Rambouillet,Le roi Fran\u00e7ois s\u2019y tr\u00e9passait [\u2026]Par quoi chantons \u00e0 haute voixVive Henri, roi des Fran\u00e7ois\u00a0!\u00a0\u00bb<\/a><\/p>\n<p class=\"auteur\"><cite>Chanson nouvelle compos\u00e9e sur les regrets du tr\u00e9passement du Tr\u00e8s Chr\u00e9tien Roi de France<\/cite>, 1547<\/p>\n\n<\/blockquote><\/div>\n<\/div>\n<\/div>\n<\/div><\/div>\n<\/div>\n<\/div>\n<\/div>\n<\/div>\n<style>\r\n        a .cit-num {\r\n            text-decoration: none !important;\r\n            color: inherit !important;\r\n        }\r\n    <\/style>","protected":false},"excerpt":{"rendered":"<p>Le Roi chevalier incarne la Renaissance, 32 ann\u00e9es de r\u00e8gne au c\u0153ur du beau XVIe\u00a0si\u00e8cle. Fascin\u00e9 par l\u2019Italie pour le meilleur (l\u2019art et 1515, victoire de Marignan) et le pire (guerres en s\u00e9rie, d\u00e9faite de Pavie), il se heurte \u00e0 Charles Quint et son empire europ\u00e9en. Homme \u00e0 femmes, c\u2019est aussi un fils \u00e0 maman, [&#8230;]<\/p>\n","protected":false},"author":1,"featured_media":0,"parent":0,"menu_order":0,"comment_status":"closed","ping_status":"closed","template":"","meta":{"site-sidebar-layout":"default","site-content-layout":"","ast-site-content-layout":"default","site-content-style":"default","site-sidebar-style":"default","ast-global-header-display":"","ast-banner-title-visibility":"","ast-main-header-display":"","ast-hfb-above-header-display":"","ast-hfb-below-header-display":"","ast-hfb-mobile-header-display":"","site-post-title":"","ast-breadcrumbs-content":"","ast-featured-img":"","footer-sml-layout":"","theme-transparent-header-meta":"","adv-header-id-meta":"","stick-header-meta":"","header-above-stick-meta":"","header-main-stick-meta":"","header-below-stick-meta":"","astra-migrate-meta-layouts":"default","ast-page-background-enabled":"default","ast-page-background-meta":{"desktop":{"background-color":"var(--ast-global-color-5)","background-image":"","background-repeat":"repeat","background-position":"center center","background-size":"auto","background-attachment":"scroll","background-type":"","background-media":"","overlay-type":"","overlay-color":"","overlay-opacity":"","overlay-gradient":""},"tablet":{"background-color":"","background-image":"","background-repeat":"repeat","background-position":"center center","background-size":"auto","background-attachment":"scroll","background-type":"","background-media":"","overlay-type":"","overlay-color":"","overlay-opacity":"","overlay-gradient":""},"mobile":{"background-color":"","background-image":"","background-repeat":"repeat","background-position":"center center","background-size":"auto","background-attachment":"scroll","background-type":"","background-media":"","overlay-type":"","overlay-color":"","overlay-opacity":"","overlay-gradient":""}},"ast-content-background-meta":{"desktop":{"background-color":"var(--ast-global-color-4)","background-image":"","background-repeat":"repeat","background-position":"center center","background-size":"auto","background-attachment":"scroll","background-type":"","background-media":"","overlay-type":"","overlay-color":"","overlay-opacity":"","overlay-gradient":""},"tablet":{"background-color":"var(--ast-global-color-4)","background-image":"","background-repeat":"repeat","background-position":"center center","background-size":"auto","background-attachment":"scroll","background-type":"","background-media":"","overlay-type":"","overlay-color":"","overlay-opacity":"","overlay-gradient":""},"mobile":{"background-color":"var(--ast-global-color-4)","background-image":"","background-repeat":"repeat","background-position":"center center","background-size":"auto","background-attachment":"scroll","background-type":"","background-media":"","overlay-type":"","overlay-color":"","overlay-opacity":"","overlay-gradient":""}},"iawp_total_views":66,"footnotes":""},"class_list":["post-10463","page","type-page","status-publish","hentry"],"_links":{"self":[{"href":"https:\/\/histoire-en-citations.fr\/WP\/wp-json\/wp\/v2\/pages\/10463","targetHints":{"allow":["GET"]}}],"collection":[{"href":"https:\/\/histoire-en-citations.fr\/WP\/wp-json\/wp\/v2\/pages"}],"about":[{"href":"https:\/\/histoire-en-citations.fr\/WP\/wp-json\/wp\/v2\/types\/page"}],"author":[{"embeddable":true,"href":"https:\/\/histoire-en-citations.fr\/WP\/wp-json\/wp\/v2\/users\/1"}],"replies":[{"embeddable":true,"href":"https:\/\/histoire-en-citations.fr\/WP\/wp-json\/wp\/v2\/comments?post=10463"}],"version-history":[{"count":5,"href":"https:\/\/histoire-en-citations.fr\/WP\/wp-json\/wp\/v2\/pages\/10463\/revisions"}],"predecessor-version":[{"id":15098,"href":"https:\/\/histoire-en-citations.fr\/WP\/wp-json\/wp\/v2\/pages\/10463\/revisions\/15098"}],"wp:attachment":[{"href":"https:\/\/histoire-en-citations.fr\/WP\/wp-json\/wp\/v2\/media?parent=10463"}],"curies":[{"name":"wp","href":"https:\/\/api.w.org\/{rel}","templated":true}]}}