{"id":10465,"date":"2025-09-22T07:34:43","date_gmt":"2025-09-22T05:34:43","guid":{"rendered":"https:\/\/histoire-en-citations.fr\/WP\/gambetta\/"},"modified":"2025-11-19T08:51:47","modified_gmt":"2025-11-19T07:51:47","slug":"gambetta","status":"publish","type":"page","link":"https:\/\/histoire-en-citations.fr\/WP\/gambetta\/","title":{"rendered":"Gambetta"},"content":{"rendered":"<div class=\"content\">\n<div class=\"view view-index-taxo view-id-index_taxo view-display-id-page view-dom-id-7917a5ce2445f90b743609d6b1928f4b\">\n<div class=\"view-header\">\n<p class=\"presentation\">Avocat surdou\u00e9, chef du parti r\u00e9publicain dans l\u2019opposition \u00e0 la fin du Second Empire, Communard courageux, ministre bouillant et brouillon, il indispose ses confr\u00e8res. R\u00e9\u00e9lu d\u00e9put\u00e9 au d\u00e9but de la Troisi\u00e8me, sans rien renier de ses id\u00e9es, il ose l\u2019opportunisme (le mot et la chose) et impose la R\u00e9publique au pays pas encore tout \u00e0 fait pr\u00eat. Il meurt trop t\u00f4t pour devenir un Clemenceau.<\/p>\n<p class=\"idxinfo\">Cliquez sur une citation pour la consulter dans son contexte historique.<a class=\"retour\" href=\"https:\/\/histoire-en-citations.fr\/WP\/personnages\/\">Retour aux personnages<\/a><\/p>\n<p> Affichage de 1 \u2013 16 sur 16.    <\/p><\/div>\n<div class=\"view-content\">\n<div class=\"views-row views-row-1 views-row-odd views-row-first\">\n<div class=\"views-field views-field-field-index-collection\">\n<div class=\"field-content\">\n<div class=\"field-collection-view clearfix view-mode-full field-collection-view-final\">\n<div class=\"entity entity-field-collection-item field-collection-item-field-index-collection clearfix\">\n<div class=\"content\">\n<blockquote>\n<p class=\"citation-small\"><a href=\"https:\/\/histoire-en-citations.fr\/WP\/rochefort-la-france-dit-lalmanach-imperial-contient-trente-six-millions-de-sujets-sans-compter-les-sujets-de-mecontentement\/#2297\">\u00ab\u00a0Tous les r\u00e9gimes qui se sont succ\u00e9d\u00e9 dans ce pays se sont honor\u00e9s du jour qui les a vus na\u00eetre. Il n\u2019y a que deux anniversaires, le 18 Brumaire et le 2 D\u00e9cembre, qui n\u2019ont jamais \u00e9t\u00e9 mis au rang des solennit\u00e9s d\u2019origine, parce que vous savez que si vous vouliez les y mettre, la conscience universelle les repousserait.\u00a0\u00bb<\/a><\/p>\n<p class=\"auteur\"><span class=\"author\"><span class=\"surname\">L\u00e9on <\/span><span class=\"name\">GAMBETTA<\/span><\/span> (1838-1882)<\/p>\n\n<\/blockquote><\/div>\n<\/div>\n<\/div>\n<\/div><\/div>\n<\/div>\n<div class=\"views-row views-row-2 views-row-even\">\n<div class=\"views-field views-field-field-index-collection\">\n<div class=\"field-content\">\n<div class=\"field-collection-view clearfix view-mode-full field-collection-view-final\">\n<div class=\"entity entity-field-collection-item field-collection-item-field-index-collection clearfix\">\n<div class=\"content\">\n<blockquote>\n<p class=\"citation-small\"><a href=\"https:\/\/histoire-en-citations.fr\/WP\/galerie-presidentielle-ii-troisieme-republique-jusquen-1879\/#2426\">\u00ab\u00a0Vous faites appel \u00e0 mon patriotisme\u2026 soit, j\u2019accepte\u00a0!\u00a0\u00bb<\/a><\/p>\n<p class=\"auteur\"><span class=\"author\"><span class=\"name\">MAC-MAHON<\/span><\/span> (1808-1893), 18\u00a0mai\u00a01873<\/p>\n\n<\/blockquote><\/div>\n<\/div>\n<\/div>\n<\/div><\/div>\n<\/div>\n<div class=\"views-row views-row-3 views-row-odd\">\n<div class=\"views-field views-field-field-index-collection\">\n<div class=\"field-content\">\n<div class=\"field-collection-view clearfix view-mode-full field-collection-view-final\">\n<div class=\"entity entity-field-collection-item field-collection-item-field-index-collection clearfix\">\n<div class=\"content\">\n<blockquote>\n<p class=\"citation-small\"><a href=\"https:\/\/histoire-en-citations.fr\/WP\/citations-referentielles-le-miroir-de-lhistoire-second-empire-troisieme-republique-premiere-guerre-mondiale-entre-deux-guerres\/#2441\">\u00ab\u00a0La politique est l\u2019art du possible.\u00a0\u00bb<\/a><\/p>\n<p class=\"auteur\"><span class=\"author\"><span class=\"surname\">L\u00e9on <\/span><span class=\"name\">GAMBETTA<\/span><\/span> (1838-1882)<\/p>\n\n<\/blockquote><\/div>\n<\/div>\n<\/div>\n<\/div><\/div>\n<\/div>\n<div class=\"views-row views-row-4 views-row-even\">\n<div class=\"views-field views-field-field-index-collection\">\n<div class=\"field-content\">\n<div class=\"field-collection-view clearfix view-mode-full field-collection-view-final\">\n<div class=\"entity entity-field-collection-item field-collection-item-field-index-collection clearfix\">\n<div class=\"content\">\n<blockquote>\n<p class=\"citation-small\"><a href=\"https:\/\/histoire-en-citations.fr\/WP\/les-surnoms-jeu-de-mots-entre-petite-et-grande-histoire-troisieme-republique\/#2442\">\u00ab\u00a0La r\u00e9publique, c\u2019est l\u2019in\u00e9vitable et vous devriez l\u2019accepter. Vous devriez prendre votre parti de l\u2019existence dans le pays d\u2019une d\u00e9mocratie invincible \u00e0 qui restera certainement le dernier mot.\u00a0\u00bb<\/a><\/p>\n<p class=\"auteur\"><span class=\"author\"><span class=\"surname\">L\u00e9on <\/span><span class=\"name\">GAMBETTA<\/span><\/span> (1838-1882), Chambre des d\u00e9put\u00e9s, 5\u00a0ao\u00fbt 1874<\/p>\n\n<\/blockquote><\/div>\n<\/div>\n<\/div>\n<\/div><\/div>\n<\/div>\n<div class=\"views-row views-row-5 views-row-odd\">\n<div class=\"views-field views-field-field-index-collection\">\n<div class=\"field-content\">\n<div class=\"field-collection-view clearfix view-mode-full field-collection-view-final\">\n<div class=\"entity entity-field-collection-item field-collection-item-field-index-collection clearfix\">\n<div class=\"content\">\n<blockquote>\n<p class=\"citation-small\"><a href=\"https:\/\/histoire-en-citations.fr\/WP\/citations-referentielles-le-miroir-de-lhistoire-second-empire-troisieme-republique-premiere-guerre-mondiale-entre-deux-guerres\/#2444\">\u00ab\u00a0\u00c0 reculons, nous entrons dans la R\u00e9publique\u00a0!\u00a0\u00bb<\/a><\/p>\n<p class=\"auteur\"><span class=\"author\"><span class=\"surname\">L\u00e9on <\/span><span class=\"name\">GAMBETTA<\/span><\/span> (1838-1882), <cite>La R\u00e9publique fran\u00e7aise<\/cite><\/p>\n\n<\/blockquote><\/div>\n<\/div>\n<\/div>\n<\/div><\/div>\n<\/div>\n<div class=\"views-row views-row-6 views-row-even\">\n<div class=\"views-field views-field-field-index-collection\">\n<div class=\"field-content\">\n<div class=\"field-collection-view clearfix view-mode-full field-collection-view-final\">\n<div class=\"entity entity-field-collection-item field-collection-item-field-index-collection clearfix\">\n<div class=\"content\">\n<blockquote>\n<p class=\"citation-small\"><a href=\"https:\/\/histoire-en-citations.fr\/WP\/au-pantheon-les-elues-de-la-patrie-reconnaissante-3-iiie-et-ive-republiques\/#2447\">\u00ab\u00a0Puisque nous sommes les plus forts, nous devons \u00eatre mod\u00e9r\u00e9s.\u00a0\u00bb<\/a><\/p>\n<p class=\"auteur\"><span class=\"author\"><span class=\"surname\">L\u00e9on <\/span><span class=\"name\">GAMBETTA<\/span><\/span> (1838-1882), devant le progr\u00e8s constant des r\u00e9publicains aux \u00e9lections en 1876<\/p>\n\n<\/blockquote><\/div>\n<\/div>\n<\/div>\n<\/div><\/div>\n<\/div>\n<div class=\"views-row views-row-7 views-row-odd\">\n<div class=\"views-field views-field-field-index-collection\">\n<div class=\"field-content\">\n<div class=\"field-collection-view clearfix view-mode-full field-collection-view-final\">\n<div class=\"entity entity-field-collection-item field-collection-item-field-index-collection clearfix\">\n<div class=\"content\">\n<blockquote>\n<p class=\"citation-small\"><a href=\"https:\/\/histoire-en-citations.fr\/WP\/lhistoire-en-caricatures-troisieme-republique\/#2451\">\u00ab\u00a0Vous \u00eates le gouvernement des pr\u00eatres et le ministre des cur\u00e9s.\u00a0\u00bb<\/a><\/p>\n<p class=\"auteur\"><span class=\"author\"><span class=\"surname\">L\u00e9on <\/span><span class=\"name\">GAMBETTA<\/span><\/span> (1838-1882), au ministre de l\u2019Int\u00e9rieur Fourtou, mi-juin\u00a01877<\/p>\n\n<\/blockquote><\/div>\n<\/div>\n<\/div>\n<\/div><\/div>\n<\/div>\n<div class=\"views-row views-row-8 views-row-even\">\n<div class=\"views-field views-field-field-index-collection\">\n<div class=\"field-content\">\n<div class=\"field-collection-view clearfix view-mode-full field-collection-view-final\">\n<div class=\"entity entity-field-collection-item field-collection-item-field-index-collection clearfix\">\n<div class=\"content\">\n<blockquote>\n<p class=\"citation-small\"><a href=\"https:\/\/histoire-en-citations.fr\/WP\/paroles-de-papes-breve-histoire-de-la-religion-en-france-du-siecle-de-louis-xiv-a-nos-jours\/#2452\">\u00ab\u00a0L\u2019ordre moral atteint au d\u00e9lire de la stupidit\u00e9.\u00a0\u00bb<\/a><\/p>\n<p class=\"auteur\"><span class=\"author\"><span class=\"surname\">Gustave <\/span><span class=\"name\">FLAUBERT<\/span><\/span> (1821-1880), <cite>Correspondance<\/cite>, volume\u00a0IV (1893)<\/p>\n\n<\/blockquote><\/div>\n<\/div>\n<\/div>\n<\/div><\/div>\n<\/div>\n<div class=\"views-row views-row-9 views-row-odd\">\n<div class=\"views-field views-field-field-index-collection\">\n<div class=\"field-content\">\n<div class=\"field-collection-view clearfix view-mode-full field-collection-view-final\">\n<div class=\"entity entity-field-collection-item field-collection-item-field-index-collection clearfix\">\n<div class=\"content\">\n<blockquote>\n<p class=\"citation-small\"><a href=\"https:\/\/histoire-en-citations.fr\/WP\/lhistoire-en-caricatures-troisieme-republique\/#2453\">\u00ab\u00a0Quand la France aura fait entendre sa voix souveraine [\u2026] il faudra se soumettre ou se d\u00e9mettre.\u00a0\u00bb<\/a><\/p>\n<p class=\"auteur\"><span class=\"author\"><span class=\"surname\">L\u00e9on <\/span><span class=\"name\">GAMBETTA<\/span><\/span> (1838-1882), Discours de Lille, 15\u00a0ao\u00fbt 1877<\/p>\n\n<\/blockquote><\/div>\n<\/div>\n<\/div>\n<\/div><\/div>\n<\/div>\n<div class=\"views-row views-row-10 views-row-even\">\n<div class=\"views-field views-field-field-index-collection\">\n<div class=\"field-content\">\n<div class=\"field-collection-view clearfix view-mode-full field-collection-view-final\">\n<div class=\"entity entity-field-collection-item field-collection-item-field-index-collection clearfix\">\n<div class=\"content\">\n<blockquote>\n<p class=\"citation-small\"><a href=\"https:\/\/histoire-en-citations.fr\/WP\/galerie-presidentielle-ii-troisieme-republique-jusquen-1879\/#2458\">\u00ab\u00a0Nous partons trois cent soixante-trois, nous reviendrons quatre cents\u00a0!\u00a0\u00bb<\/a><\/p>\n<p class=\"auteur\"><span class=\"author\"><span class=\"surname\">L\u00e9on <\/span><span class=\"name\">GAMBETTA<\/span><\/span> (1838-1882)<\/p>\n\n<\/blockquote><\/div>\n<\/div>\n<\/div>\n<\/div><\/div>\n<\/div>\n<div class=\"views-row views-row-11 views-row-odd\">\n<div class=\"views-field views-field-field-index-collection\">\n<div class=\"field-content\">\n<div class=\"field-collection-view clearfix view-mode-full field-collection-view-final\">\n<div class=\"entity entity-field-collection-item field-collection-item-field-index-collection clearfix\">\n<div class=\"content\">\n<blockquote>\n<p class=\"citation-small\"><a href=\"https:\/\/histoire-en-citations.fr\/WP\/la-politique-est-elle-en-panne-de-reve-de-napoleon-a-nos-jours\/#2460\">\u00ab\u00a0La France est un \u00e9blouissement pour le monde.\u00a0\u00bb<\/a><\/p>\n<p class=\"auteur\"><span class=\"author\"><span class=\"surname\">L\u00e9on <\/span><span class=\"name\">GAMBETTA<\/span><\/span> (1838-1882), Inauguration de la troisi\u00e8me Exposition universelle de Paris, 1<sup>er<\/sup>\u00a0mai 1878<\/p>\n\n<\/blockquote><\/div>\n<\/div>\n<\/div>\n<\/div><\/div>\n<\/div>\n<div class=\"views-row views-row-12 views-row-even\">\n<div class=\"views-field views-field-field-index-collection\">\n<div class=\"field-content\">\n<div class=\"field-collection-view clearfix view-mode-full field-collection-view-final\">\n<div class=\"entity entity-field-collection-item field-collection-item-field-index-collection clearfix\">\n<div class=\"content\">\n<blockquote>\n<p class=\"citation-small\"><a href=\"https:\/\/histoire-en-citations.fr\/WP\/galerie-presidentielle-iii-de-1879-a-la-grande-guerre\/#2464\">\u00ab\u00a0Nos ministres\u00a0? De simples num\u00e9ros d\u2019ordre sortis au hasard de la foule repr\u00e9sentative que nous d\u00e9corons du beau nom de Parlement\u00a0!\u00a0\u00bb<\/a><\/p>\n<p class=\"auteur\"><span class=\"author\"><span class=\"surname\">L\u00e9on <\/span><span class=\"name\">GAMBETTA<\/span><\/span> (1838-1882), Chambre des d\u00e9put\u00e9s, 1879<\/p>\n\n<\/blockquote><\/div>\n<\/div>\n<\/div>\n<\/div><\/div>\n<\/div>\n<div class=\"views-row views-row-13 views-row-odd\">\n<div class=\"views-field views-field-field-index-collection\">\n<div class=\"field-content\">\n<div class=\"field-collection-view clearfix view-mode-full field-collection-view-final\">\n<div class=\"entity entity-field-collection-item field-collection-item-field-index-collection clearfix\">\n<div class=\"content\">\n<blockquote>\n<p class=\"citation-small\"><a href=\"https:\/\/histoire-en-citations.fr\/WP\/lhistoire-en-caricatures-troisieme-republique\/#2465\">\u00ab\u00a0Gambetta [\u2026] ce n\u2019est pas du fran\u00e7ais, c\u2019est du cheval\u00a0!\u00a0\u00bb<\/a><\/p>\n<p class=\"auteur\"><span class=\"author\"><span class=\"surname\">Jules <\/span><span class=\"name\">GR\u00c9VY<\/span><\/span> (1807-1891)<\/p>\n\n<\/blockquote><\/div>\n<\/div>\n<\/div>\n<\/div><\/div>\n<\/div>\n<div class=\"views-row views-row-14 views-row-even\">\n<div class=\"views-field views-field-field-index-collection\">\n<div class=\"field-content\">\n<div class=\"field-collection-view clearfix view-mode-full field-collection-view-final\">\n<div class=\"entity entity-field-collection-item field-collection-item-field-index-collection clearfix\">\n<div class=\"content\">\n<blockquote>\n<p class=\"citation-small\"><a href=\"https:\/\/histoire-en-citations.fr\/WP\/lhistoire-en-caricatures-troisieme-republique\/#2466\">\u00ab\u00a0N\u00e9ron, Diocl\u00e9tien, Attila, pr\u00e9figurateur de l\u2019ant\u00e9christ\u00a0!\u00a0\u00bb<\/a><\/p>\n<p class=\"auteur\">Les catholiques insultant Jules Ferry<\/p>\n\n<\/blockquote><\/div>\n<\/div>\n<\/div>\n<\/div><\/div>\n<\/div>\n<div class=\"views-row views-row-15 views-row-odd\">\n<div class=\"views-field views-field-field-index-collection\">\n<div class=\"field-content\">\n<div class=\"field-collection-view clearfix view-mode-full field-collection-view-final\">\n<div class=\"entity entity-field-collection-item field-collection-item-field-index-collection clearfix\">\n<div class=\"content\">\n<blockquote>\n<p class=\"citation-small\"><a href=\"https:\/\/histoire-en-citations.fr\/WP\/les-tops-et-les-flops-de-2018\/#2468\">\u00ab\u00a0Vous allez peut-\u00eatre m\u2019accuser d\u2019opportunisme\u00a0! Je sais que le mot est odieux. Pourtant je pousse encore l\u2019audace jusqu\u2019\u00e0 affirmer que ce barbarisme cache une vraie politique.\u00a0\u00bb<\/a><\/p>\n<p class=\"auteur\"><span class=\"author\"><span class=\"surname\">L\u00e9on <\/span><span class=\"name\">GAMBETTA<\/span><\/span> (1838-1882), Chambre des d\u00e9put\u00e9s, 21\u00a0juin 1880<\/p>\n\n<\/blockquote><\/div>\n<\/div>\n<\/div>\n<\/div><\/div>\n<\/div>\n<div class=\"views-row views-row-16 views-row-even views-row-last\">\n<div class=\"views-field views-field-field-index-collection\">\n<div class=\"field-content\">\n<div class=\"field-collection-view clearfix view-mode-full field-collection-view-final\">\n<div class=\"entity entity-field-collection-item field-collection-item-field-index-collection clearfix\">\n<div class=\"content\">\n<blockquote>\n<p class=\"citation-small\"><a href=\"https:\/\/histoire-en-citations.fr\/WP\/prix-nobel-les-grands-absents-de-la-liste-officielle\/#2897\">\u00ab\u00a0Il faudrait \u00eatre bien inattentif pour croire que l\u2019action de Pierre Mend\u00e8s France fut limit\u00e9e aux quelque sept mois et dix-sept jours pass\u00e9s de juin\u00a01954 \u00e0 f\u00e9vrier\u00a01955 \u00e0 la t\u00eate du gouvernement de la R\u00e9publique. Un \u00e9t\u00e9, un automne, quelques jours. L\u2019Histoire ne fait pas ces comptes-l\u00e0. L\u00e9on Blum pour un an, Gambetta et Jaur\u00e8s, pour si peu, pour jamais, pour toujours.\u00a0\u00bb<\/a><\/p>\n<p class=\"auteur\"><span class=\"author\"><span class=\"surname\">Fran\u00e7ois <\/span><span class=\"name\">MITTERRAND<\/span><\/span> (1916-1996), Cour d\u2019honneur de l\u2019Assembl\u00e9e nationale, Discours du 27\u00a0octobre 1982<\/p>\n\n<\/blockquote><\/div>\n<\/div>\n<\/div>\n<\/div><\/div>\n<\/div>\n<\/div>\n<\/div>\n<\/div>\n<style>\r\n        a .cit-num {\r\n            text-decoration: none !important;\r\n            color: inherit !important;\r\n        }\r\n    <\/style>","protected":false},"excerpt":{"rendered":"<p>Avocat surdou\u00e9, chef du parti r\u00e9publicain dans l\u2019opposition \u00e0 la fin du Second Empire, Communard courageux, ministre bouillant et brouillon, il indispose ses confr\u00e8res. R\u00e9\u00e9lu d\u00e9put\u00e9 au d\u00e9but de la Troisi\u00e8me, sans rien renier de ses id\u00e9es, il ose l\u2019opportunisme (le mot et la chose) et impose la R\u00e9publique au pays pas encore tout \u00e0 [&#8230;]<\/p>\n","protected":false},"author":1,"featured_media":0,"parent":0,"menu_order":0,"comment_status":"closed","ping_status":"closed","template":"","meta":{"site-sidebar-layout":"default","site-content-layout":"","ast-site-content-layout":"default","site-content-style":"default","site-sidebar-style":"default","ast-global-header-display":"","ast-banner-title-visibility":"","ast-main-header-display":"","ast-hfb-above-header-display":"","ast-hfb-below-header-display":"","ast-hfb-mobile-header-display":"","site-post-title":"","ast-breadcrumbs-content":"","ast-featured-img":"","footer-sml-layout":"","theme-transparent-header-meta":"","adv-header-id-meta":"","stick-header-meta":"","header-above-stick-meta":"","header-main-stick-meta":"","header-below-stick-meta":"","astra-migrate-meta-layouts":"default","ast-page-background-enabled":"default","ast-page-background-meta":{"desktop":{"background-color":"var(--ast-global-color-5)","background-image":"","background-repeat":"repeat","background-position":"center center","background-size":"auto","background-attachment":"scroll","background-type":"","background-media":"","overlay-type":"","overlay-color":"","overlay-opacity":"","overlay-gradient":""},"tablet":{"background-color":"","background-image":"","background-repeat":"repeat","background-position":"center center","background-size":"auto","background-attachment":"scroll","background-type":"","background-media":"","overlay-type":"","overlay-color":"","overlay-opacity":"","overlay-gradient":""},"mobile":{"background-color":"","background-image":"","background-repeat":"repeat","background-position":"center center","background-size":"auto","background-attachment":"scroll","background-type":"","background-media":"","overlay-type":"","overlay-color":"","overlay-opacity":"","overlay-gradient":""}},"ast-content-background-meta":{"desktop":{"background-color":"var(--ast-global-color-4)","background-image":"","background-repeat":"repeat","background-position":"center center","background-size":"auto","background-attachment":"scroll","background-type":"","background-media":"","overlay-type":"","overlay-color":"","overlay-opacity":"","overlay-gradient":""},"tablet":{"background-color":"var(--ast-global-color-4)","background-image":"","background-repeat":"repeat","background-position":"center center","background-size":"auto","background-attachment":"scroll","background-type":"","background-media":"","overlay-type":"","overlay-color":"","overlay-opacity":"","overlay-gradient":""},"mobile":{"background-color":"var(--ast-global-color-4)","background-image":"","background-repeat":"repeat","background-position":"center center","background-size":"auto","background-attachment":"scroll","background-type":"","background-media":"","overlay-type":"","overlay-color":"","overlay-opacity":"","overlay-gradient":""}},"iawp_total_views":40,"footnotes":""},"class_list":["post-10465","page","type-page","status-publish","hentry"],"_links":{"self":[{"href":"https:\/\/histoire-en-citations.fr\/WP\/wp-json\/wp\/v2\/pages\/10465","targetHints":{"allow":["GET"]}}],"collection":[{"href":"https:\/\/histoire-en-citations.fr\/WP\/wp-json\/wp\/v2\/pages"}],"about":[{"href":"https:\/\/histoire-en-citations.fr\/WP\/wp-json\/wp\/v2\/types\/page"}],"author":[{"embeddable":true,"href":"https:\/\/histoire-en-citations.fr\/WP\/wp-json\/wp\/v2\/users\/1"}],"replies":[{"embeddable":true,"href":"https:\/\/histoire-en-citations.fr\/WP\/wp-json\/wp\/v2\/comments?post=10465"}],"version-history":[{"count":5,"href":"https:\/\/histoire-en-citations.fr\/WP\/wp-json\/wp\/v2\/pages\/10465\/revisions"}],"predecessor-version":[{"id":15099,"href":"https:\/\/histoire-en-citations.fr\/WP\/wp-json\/wp\/v2\/pages\/10465\/revisions\/15099"}],"wp:attachment":[{"href":"https:\/\/histoire-en-citations.fr\/WP\/wp-json\/wp\/v2\/media?parent=10465"}],"curies":[{"name":"wp","href":"https:\/\/api.w.org\/{rel}","templated":true}]}}