{"id":10469,"date":"2025-09-22T07:34:43","date_gmt":"2025-09-22T05:34:43","guid":{"rendered":"https:\/\/histoire-en-citations.fr\/WP\/giscard-destaing\/"},"modified":"2025-11-19T08:51:48","modified_gmt":"2025-11-19T07:51:48","slug":"giscard-destaing","status":"publish","type":"page","link":"https:\/\/histoire-en-citations.fr\/WP\/giscard-destaing\/","title":{"rendered":"Giscard d&#039;Estaing"},"content":{"rendered":"<div class=\"content\">\n<div class=\"view view-index-taxo view-id-index_taxo view-display-id-page view-dom-id-59d640805b0354f9ca1850131d79987f\">\n<div class=\"view-header\">\n<p class=\"presentation\">Premier centriste gagnant \u00e0 la pr\u00e9sidentielle avant Emmanuel Macron. Il osa le \u201c\u00a0oui, mais\u00a0\u201d \u00e0 de Gaulle et succ\u00e8de \u00e0 Pompidou. Changement de fond et de forme, Europ\u00e9en convaincant, usant des m\u00e9dias avec talent, oui, mais\u2026 C\u2019est quand m\u00eame un rendez-vous un peu rat\u00e9 avec l\u2019histoire. Restent des r\u00e9formes soci\u00e9tales\u00a0: loi sur l\u2019<span class=\"caps\">IVG<\/span>, majorit\u00e9 civique \u00e0 18 ans, divorce par consentement mutuel.<\/p>\n<p class=\"idxinfo\">Cliquez sur une citation pour la consulter dans son contexte historique.<a class=\"retour\" href=\"https:\/\/histoire-en-citations.fr\/WP\/personnages\/\">Retour aux personnages<\/a><\/p>\n<p> Affichage de 1 \u2013 19 sur 19.    <\/p><\/div>\n<div class=\"view-content\">\n<div class=\"views-row views-row-1 views-row-odd views-row-first\">\n<div class=\"views-field views-field-field-index-collection\">\n<div class=\"field-content\">\n<div class=\"field-collection-view clearfix view-mode-full field-collection-view-final\">\n<div class=\"entity entity-field-collection-item field-collection-item-field-index-collection clearfix\">\n<div class=\"content\">\n<blockquote>\n<p class=\"citation-small\"><a href=\"https:\/\/histoire-en-citations.fr\/WP\/ces-etrangers-qui-firent-lhistoire-de-france-de-francoise-giroud-a-pierre-cardin\/#3030\">\u00ab\u00a0Il n\u2019est plus ministre, il n\u2019est plus d\u00e9put\u00e9 et c\u2019est le moment o\u00f9, en quarante-cinq minutes de t\u00e9l\u00e9vision, M.\u00a0Val\u00e9ry Giscard d\u2019Estaing a pris soudain la physionomie d\u2019un homme politique [\u2026] Nous avons assist\u00e9 mardi soir \u00e0 la naissance d\u2019un dauphin.\u00a0\u00bb<\/a><\/p>\n<p class=\"auteur\"><span class=\"author\"><span class=\"surname\">Fran\u00e7oise <\/span><span class=\"name\">GIROUD<\/span><\/span> (1916-2003), \u00ab\u00a0Naissance d\u2019un dauphin\u00a0\u00bb, <cite>L\u2019Express<\/cite>, 21\u00a0f\u00e9vrier 1966<\/p>\n\n<\/blockquote><\/div>\n<\/div>\n<\/div>\n<\/div><\/div>\n<\/div>\n<div class=\"views-row views-row-2 views-row-even\">\n<div class=\"views-field views-field-field-index-collection\">\n<div class=\"field-content\">\n<div class=\"field-collection-view clearfix view-mode-full field-collection-view-final\">\n<div class=\"entity entity-field-collection-item field-collection-item-field-index-collection clearfix\">\n<div class=\"content\">\n<blockquote>\n<p class=\"citation-small\"><a href=\"https:\/\/histoire-en-citations.fr\/WP\/les-mysteres-de-lhistoire-de-malraux-aux-diamants-de-bokassa\/#3075\">\u00ab\u00a0Mitterrand, c\u2019est rat\u00e9\u00a0! Les cocos, chez Mao\u00a0! Le Rouquin, \u00e0 P\u00e9kin\u00a0! Giscard, avec nous\u00a0! De Gaulle n\u2019est pas seul\u00a0!\u00a0\u00bb<\/a><\/p>\n<p class=\"auteur\">Cris scand\u00e9s par la foule sur les Champs-\u00c9lys\u00e9es, 30\u00a0mai 1968<\/p>\n\n<\/blockquote><\/div>\n<\/div>\n<\/div>\n<\/div><\/div>\n<\/div>\n<div class=\"views-row views-row-3 views-row-odd\">\n<div class=\"views-field views-field-field-index-collection\">\n<div class=\"field-content\">\n<div class=\"field-collection-view clearfix view-mode-full field-collection-view-final\">\n<div class=\"entity entity-field-collection-item field-collection-item-field-index-collection clearfix\">\n<div class=\"content\">\n<blockquote>\n<p class=\"citation-small\"><a href=\"https:\/\/histoire-en-citations.fr\/WP\/qui-a-dit-quoi-de-qui-cinquieme-republique-sous-de-gaulle-pompidou-et-giscard-destaing\/#3088\">\u00ab\u00a0La France souhaite \u00eatre gouvern\u00e9e au centre.\u00a0\u00bb<\/a><\/p>\n<p class=\"auteur\"><span class=\"author\"><span class=\"surname\">Val\u00e9ry <\/span><span class=\"name\">GISCARD D\u2019ESTAING<\/span><\/span> (1926-2020), Discours de Charenton, 8\u00a0octobre 1972<\/p>\n\n<\/blockquote><\/div>\n<\/div>\n<\/div>\n<\/div><\/div>\n<\/div>\n<div class=\"views-row views-row-4 views-row-even\">\n<div class=\"views-field views-field-field-index-collection\">\n<div class=\"field-content\">\n<div class=\"field-collection-view clearfix view-mode-full field-collection-view-final\">\n<div class=\"entity entity-field-collection-item field-collection-item-field-index-collection clearfix\">\n<div class=\"content\">\n<blockquote>\n<p class=\"citation-small\"><a href=\"https:\/\/histoire-en-citations.fr\/WP\/qui-a-dit-quoi-de-qui-cinquieme-republique-sous-de-gaulle-pompidou-et-giscard-destaing\/#3090\">\u00ab\u00a0Pour d\u00e9finir mon attitude, je dirai que je suis un traditionaliste r\u00e9formateur.\u00a0\u00bb<\/a><\/p>\n<p class=\"auteur\"><span class=\"author\"><span class=\"surname\">Val\u00e9ry <\/span><span class=\"name\">GISCARD D\u2019ESTAING<\/span><\/span> (1926-2020), <cite>Deux Fran\u00e7ais sur trois<\/cite> (1984)<\/p>\n\n<\/blockquote><\/div>\n<\/div>\n<\/div>\n<\/div><\/div>\n<\/div>\n<div class=\"views-row views-row-5 views-row-odd\">\n<div class=\"views-field views-field-field-index-collection\">\n<div class=\"field-content\">\n<div class=\"field-collection-view clearfix view-mode-full field-collection-view-final\">\n<div class=\"entity entity-field-collection-item field-collection-item-field-index-collection clearfix\">\n<div class=\"content\">\n<blockquote>\n<p class=\"citation-small\"><a href=\"https:\/\/histoire-en-citations.fr\/WP\/recit-ou-roman-national-une-confusion-inadmissible\/#3093\">\u00ab\u00a0Ne nous laissons pas accabler par les rhumatismes de l\u2019histoire.\u00a0\u00bb<\/a><\/p>\n<p class=\"auteur\"><span class=\"author\"><span class=\"surname\">Val\u00e9ry <\/span><span class=\"name\">GISCARD D\u2019ESTAING<\/span><\/span> (1926-2020), v\u0153ux t\u00e9l\u00e9vis\u00e9s du 31\u00a0d\u00e9cembre 1976<\/p>\n\n<\/blockquote><\/div>\n<\/div>\n<\/div>\n<\/div><\/div>\n<\/div>\n<div class=\"views-row views-row-6 views-row-even\">\n<div class=\"views-field views-field-field-index-collection\">\n<div class=\"field-content\">\n<div class=\"field-collection-view clearfix view-mode-full field-collection-view-final\">\n<div class=\"entity entity-field-collection-item field-collection-item-field-index-collection clearfix\">\n<div class=\"content\">\n<blockquote>\n<p class=\"citation-small\"><a href=\"https:\/\/histoire-en-citations.fr\/WP\/citations-referentielles-le-miroir-de-lhistoire-cinquieme-republique-apres-de-gaulle\/#3095\">\u00ab\u00a0Aucun roi de France n\u2019aurait \u00e9t\u00e9 r\u00e9\u00e9lu au bout de sept ans.\u00a0\u00bb<\/a><\/p>\n<p class=\"auteur\"><span class=\"author\"><span class=\"surname\">Val\u00e9ry <\/span><span class=\"name\">GISCARD D\u2019ESTAING<\/span><\/span> (1926-2020), \u00e0 ses fid\u00e8les, confidence cit\u00e9e dans <cite>Le Nouvel Observateur<\/cite> (1984)<\/p>\n\n<\/blockquote><\/div>\n<\/div>\n<\/div>\n<\/div><\/div>\n<\/div>\n<div class=\"views-row views-row-7 views-row-odd\">\n<div class=\"views-field views-field-field-index-collection\">\n<div class=\"field-content\">\n<div class=\"field-collection-view clearfix view-mode-full field-collection-view-final\">\n<div class=\"entity entity-field-collection-item field-collection-item-field-index-collection clearfix\">\n<div class=\"content\">\n<blockquote>\n<p class=\"citation-small\"><a href=\"https:\/\/histoire-en-citations.fr\/WP\/qui-a-dit-quoi-de-qui-cinquieme-republique-sous-de-gaulle-pompidou-et-giscard-destaing\/#3152\">\u00ab\u00a0Vous n\u2019avez pas le monopole du c\u0153ur.\u00a0\u00bb<\/a><\/p>\n<p class=\"auteur\"><span class=\"author\"><span class=\"surname\">Val\u00e9ry <\/span><span class=\"name\">GISCARD D\u2019ESTAING<\/span><\/span> (1926-2020), \u00e0 Fran\u00e7ois Mitterrand, ORTF, 10\u00a0mai 1974<\/p>\n\n<\/blockquote><\/div>\n<\/div>\n<\/div>\n<\/div><\/div>\n<\/div>\n<div class=\"views-row views-row-8 views-row-even\">\n<div class=\"views-field views-field-field-index-collection\">\n<div class=\"field-content\">\n<div class=\"field-collection-view clearfix view-mode-full field-collection-view-final\">\n<div class=\"entity entity-field-collection-item field-collection-item-field-index-collection clearfix\">\n<div class=\"content\">\n<blockquote>\n<p class=\"citation-small\"><a href=\"https:\/\/histoire-en-citations.fr\/WP\/debat-dentre-deux-tours-leternel-retour-en-campagne-avant-2002\/#3153\">\u00ab\u00a0Vous serez surpris par l\u2019ampleur et la rapidit\u00e9 du changement.\u00a0\u00bb<\/a><\/p>\n<p class=\"auteur\"><span class=\"author\"><span class=\"surname\">Val\u00e9ry <\/span><span class=\"name\">GISCARD D\u2019ESTAING<\/span><\/span> (1926-2020), ORTF, 10\u00a0mai 1974<\/p>\n\n<\/blockquote><\/div>\n<\/div>\n<\/div>\n<\/div><\/div>\n<\/div>\n<div class=\"views-row views-row-9 views-row-odd\">\n<div class=\"views-field views-field-field-index-collection\">\n<div class=\"field-content\">\n<div class=\"field-collection-view clearfix view-mode-full field-collection-view-final\">\n<div class=\"entity entity-field-collection-item field-collection-item-field-index-collection clearfix\">\n<div class=\"content\">\n<blockquote>\n<p class=\"citation-small\"><a href=\"https:\/\/histoire-en-citations.fr\/WP\/citations-referentielles-le-miroir-de-lhistoire-cinquieme-republique-apres-de-gaulle\/#3156\">\u00ab\u00a0La France doit devenir un immense chantier de r\u00e9formes.\u00a0\u00bb<\/a><\/p>\n<p class=\"auteur\"><span class=\"author\"><span class=\"surname\">Val\u00e9ry <\/span><span class=\"name\">GISCARD D\u2019ESTAING<\/span><\/span> (1926-2020), Conseil des ministres, 25\u00a0septembre 1974<\/p>\n\n<\/blockquote><\/div>\n<\/div>\n<\/div>\n<\/div><\/div>\n<\/div>\n<div class=\"views-row views-row-10 views-row-even\">\n<div class=\"views-field views-field-field-index-collection\">\n<div class=\"field-content\">\n<div class=\"field-collection-view clearfix view-mode-full field-collection-view-final\">\n<div class=\"entity entity-field-collection-item field-collection-item-field-index-collection clearfix\">\n<div class=\"content\">\n<blockquote>\n<p class=\"citation-small\"><a href=\"https:\/\/histoire-en-citations.fr\/WP\/galerie-presidentielle-vi-les-annees-pompidou-vge-mitterrand\/#3160\">\u00ab\u00a0Radio et t\u00e9l\u00e9vision ne sont pas la voix de la France. Leurs journalistes sont des journalistes comme les autres.\u00a0\u00bb<\/a><\/p>\n<p class=\"auteur\"><span class=\"author\"><span class=\"surname\">Val\u00e9ry <\/span><span class=\"name\">GISCARD D\u2019ESTAING<\/span><\/span> (1926-2020), D\u00e9claration du 8\u00a0janvier 1975<\/p>\n\n<\/blockquote><\/div>\n<\/div>\n<\/div>\n<\/div><\/div>\n<\/div>\n<div class=\"views-row views-row-11 views-row-odd\">\n<div class=\"views-field views-field-field-index-collection\">\n<div class=\"field-content\">\n<div class=\"field-collection-view clearfix view-mode-full field-collection-view-final\">\n<div class=\"entity entity-field-collection-item field-collection-item-field-index-collection clearfix\">\n<div class=\"content\">\n<blockquote>\n<p class=\"citation-small\"><a href=\"https:\/\/histoire-en-citations.fr\/WP\/galerie-presidentielle-vi-les-annees-pompidou-vge-mitterrand\/#3162\">\u00ab\u00a0Val\u00e9ry Giscard d\u2019Estaing a pour r\u00f4le historique d\u2019assurer la domination des couches sociales qui l\u2019ont plac\u00e9 l\u00e0 o\u00f9 il est. Il n\u2019y peut rien et moi non plus.\u00a0\u00bb<\/a><\/p>\n<p class=\"auteur\"><span class=\"author\"><span class=\"surname\">Fran\u00e7ois <\/span><span class=\"name\">MITTERRAND<\/span><\/span> (1916-1996), <cite>L\u2019Abeille et l\u2019Architecte<\/cite> (1978)<\/p>\n\n<\/blockquote><\/div>\n<\/div>\n<\/div>\n<\/div><\/div>\n<\/div>\n<div class=\"views-row views-row-12 views-row-even\">\n<div class=\"views-field views-field-field-index-collection\">\n<div class=\"field-content\">\n<div class=\"field-collection-view clearfix view-mode-full field-collection-view-final\">\n<div class=\"entity entity-field-collection-item field-collection-item-field-index-collection clearfix\">\n<div class=\"content\">\n<blockquote>\n<p class=\"citation-small\"><a href=\"https:\/\/histoire-en-citations.fr\/WP\/giscard-destaing-radio-et-television-ne-sont-pas-la-voix-de-la-france-leurs-journalistes-sont-des-journalistes-comme-les-autres\/#3164\">\u00ab\u00a0Toute la droite est enfin au centre, merci mon Dieu\u00a0!\u00a0\u00bb<\/a><\/p>\n<p class=\"auteur\"><span class=\"author\"><span class=\"surname\">Georges <\/span><span class=\"name\">WOLINSKI<\/span><\/span> (1934-2015), <cite>Giscard n\u2019est pas dr\u00f4le<\/cite> (1976)<\/p>\n\n<\/blockquote><\/div>\n<\/div>\n<\/div>\n<\/div><\/div>\n<\/div>\n<div class=\"views-row views-row-13 views-row-odd\">\n<div class=\"views-field views-field-field-index-collection\">\n<div class=\"field-content\">\n<div class=\"field-collection-view clearfix view-mode-full field-collection-view-final\">\n<div class=\"entity entity-field-collection-item field-collection-item-field-index-collection clearfix\">\n<div class=\"content\">\n<blockquote>\n<p class=\"citation-small\"><a href=\"https:\/\/histoire-en-citations.fr\/WP\/galerie-presidentielle-vi-les-annees-pompidou-vge-mitterrand\/#3165\">\u00ab\u00a0Gouverner, c\u2019est r\u00e9former.\u00a0\u00bb<\/a><\/p>\n<p class=\"auteur\"><span class=\"author\"><span class=\"surname\">Val\u00e9ry <\/span><span class=\"name\">GISCARD D\u2019ESTAING<\/span><\/span> (1926-2020), Conseil des ministres, janvier\u00a01976<\/p>\n\n<\/blockquote><\/div>\n<\/div>\n<\/div>\n<\/div><\/div>\n<\/div>\n<div class=\"views-row views-row-14 views-row-even\">\n<div class=\"views-field views-field-field-index-collection\">\n<div class=\"field-content\">\n<div class=\"field-collection-view clearfix view-mode-full field-collection-view-final\">\n<div class=\"entity entity-field-collection-item field-collection-item-field-index-collection clearfix\">\n<div class=\"content\">\n<blockquote>\n<p class=\"citation-small\"><a href=\"https:\/\/histoire-en-citations.fr\/WP\/qui-a-dit-quoi-de-qui-cinquieme-republique-sous-de-gaulle-pompidou-et-giscard-destaing\/#3169\">\u00ab\u00a0Je ne dispose pas des moyens que j\u2019estime aujourd\u2019hui n\u00e9cessaires pour assurer efficacement mes fonctions de Premier ministre et, dans ces conditions, j\u2019ai d\u00e9cid\u00e9 d\u2019y mettre fin.\u00a0\u00bb<\/a><\/p>\n<p class=\"auteur\"><span class=\"author\"><span class=\"surname\">Jacques <\/span><span class=\"name\">CHIRAC<\/span><\/span> (1932-2019), D\u00e9claration \u00e0 l\u2019h\u00f4tel Matignon, 25\u00a0ao\u00fbt 1976<\/p>\n\n<\/blockquote><\/div>\n<\/div>\n<\/div>\n<\/div><\/div>\n<\/div>\n<div class=\"views-row views-row-15 views-row-odd\">\n<div class=\"views-field views-field-field-index-collection\">\n<div class=\"field-content\">\n<div class=\"field-collection-view clearfix view-mode-full field-collection-view-final\">\n<div class=\"entity entity-field-collection-item field-collection-item-field-index-collection clearfix\">\n<div class=\"content\">\n<blockquote>\n<p class=\"citation-small\"><a href=\"https:\/\/histoire-en-citations.fr\/WP\/les-mysteres-de-lhistoire-de-malraux-aux-diamants-de-bokassa\/#3193\">\u00ab\u00a0Il faut laisser les choses basses mourir de leur propre poison.\u00a0\u00bb<\/a><\/p>\n<p class=\"auteur\"><span class=\"author\"><span class=\"surname\">Val\u00e9ry <\/span><span class=\"name\">GISCARD D\u2019ESTAING<\/span><\/span> (1926-2020), interrog\u00e9 sur l\u2019\u00ab\u00a0affaire des diamants\u00a0\u00bb, Antenne 2, 27\u00a0novembre 1979<\/p>\n\n<\/blockquote><\/div>\n<\/div>\n<\/div>\n<\/div><\/div>\n<\/div>\n<div class=\"views-row views-row-16 views-row-even\">\n<div class=\"views-field views-field-field-index-collection\">\n<div class=\"field-content\">\n<div class=\"field-collection-view clearfix view-mode-full field-collection-view-final\">\n<div class=\"entity entity-field-collection-item field-collection-item-field-index-collection clearfix\">\n<div class=\"content\">\n<blockquote>\n<p class=\"citation-small\"><a href=\"https:\/\/histoire-en-citations.fr\/WP\/galerie-presidentielle-vi-les-annees-pompidou-vge-mitterrand\/#3200\">\u00ab\u00a0Je ne serai pas un Pr\u00e9sident-candidat, mais un citoyen-candidat.\u00a0\u00bb<\/a><\/p>\n<p class=\"auteur\"><span class=\"author\"><span class=\"surname\">Val\u00e9ry <\/span><span class=\"name\">GISCARD D\u2019ESTAING<\/span><\/span> (1926-2020), annonce officielle de sa candidature, 2\u00a0mars 1981<\/p>\n\n<\/blockquote><\/div>\n<\/div>\n<\/div>\n<\/div><\/div>\n<\/div>\n<div class=\"views-row views-row-17 views-row-odd\">\n<div class=\"views-field views-field-field-index-collection\">\n<div class=\"field-content\">\n<div class=\"field-collection-view clearfix view-mode-full field-collection-view-final\">\n<div class=\"entity entity-field-collection-item field-collection-item-field-index-collection clearfix\">\n<div class=\"content\">\n<blockquote>\n<p class=\"citation-small\"><a href=\"https:\/\/histoire-en-citations.fr\/WP\/qui-a-dit-quoi-de-qui-cinquieme-republique-sous-de-gaulle-pompidou-et-giscard-destaing\/#3204\">\u00ab\u00a0Vous avez tendance \u00e0 reprendre le refrain d\u2019il y a sept ans, \u00ab\u00a0l\u2019homme du pass\u00e9\u00a0\u00bb. C\u2019est quand m\u00eame ennuyeux que dans l\u2019intervalle, vous soyez devenu l\u2019homme du passif.\u00a0\u00bb<\/a><\/p>\n<p class=\"auteur\"><span class=\"author\"><span class=\"surname\">Fran\u00e7ois <\/span><span class=\"name\">MITTERRAND<\/span><\/span> (1916-1996), d\u00e9bat t\u00e9l\u00e9vis\u00e9 de l\u2019entre-deux-tours, 5\u00a0mai 1981<\/p>\n\n<\/blockquote><\/div>\n<\/div>\n<\/div>\n<\/div><\/div>\n<\/div>\n<div class=\"views-row views-row-18 views-row-even\">\n<div class=\"views-field views-field-field-index-collection\">\n<div class=\"field-content\">\n<div class=\"field-collection-view clearfix view-mode-full field-collection-view-final\">\n<div class=\"entity entity-field-collection-item field-collection-item-field-index-collection clearfix\">\n<div class=\"content\">\n<blockquote>\n<p class=\"citation-small\"><a href=\"https:\/\/histoire-en-citations.fr\/WP\/chirac-ce-soir-je-pense-a-mes-parents-je-pense-aux-patriotes-simples-et-droits-dont-nous-sommes-tous-issus-jaurai-accompli-mon-devoir-si-je-suis-digne-de-leur-memoire\/#3338\">\u00ab\u00a0Je me demande si l\u2019on n\u2019en a pas trop fait pour les obs\u00e8ques de Fran\u00e7ois Mitterrand. Je ne me souviens pas qu\u2019on en ait fait autant pour Giscard.\u00a0\u00bb<\/a><\/p>\n<p class=\"auteur\"><span class=\"author\"><span class=\"surname\">Andr\u00e9 <\/span><span class=\"name\">SANTINI<\/span><\/span> (n\u00e9 en 1940), accessit du prix de l\u2019humour politique, d\u00e9cern\u00e9 par le Club en 1996<\/p>\n\n<\/blockquote><\/div>\n<\/div>\n<\/div>\n<\/div><\/div>\n<\/div>\n<div class=\"views-row views-row-19 views-row-odd views-row-last\">\n<div class=\"views-field views-field-field-index-collection\">\n<div class=\"field-content\">\n<div class=\"field-collection-view clearfix view-mode-full field-collection-view-final\">\n<div class=\"entity entity-field-collection-item field-collection-item-field-index-collection clearfix\">\n<div class=\"content\">\n<blockquote>\n<p class=\"citation-small\"><a href=\"https:\/\/histoire-en-citations.fr\/WP\/40-petites-et-grandes-erreurs-historiques-en-citations-de-la-iiie-republique-a-nos-jours\/#3385\">\u00ab\u00a0C\u2019est une bonne id\u00e9e d\u2019avoir choisi le r\u00e9f\u00e9rendum, \u00e0 condition que la r\u00e9ponse soit oui.\u00a0\u00bb<\/a><\/p>\n<p class=\"auteur\"><span class=\"author\"><span class=\"surname\">Val\u00e9ry <\/span><span class=\"name\">GISCARD D\u2019ESTAING<\/span><\/span> (1926-2020), <cite>Le\u00a0Monde<\/cite>, 6\u00a0mai 2005<\/p>\n\n<\/blockquote><\/div>\n<\/div>\n<\/div>\n<\/div><\/div>\n<\/div>\n<\/div>\n<\/div>\n<\/div>\n<style>\r\n        a .cit-num {\r\n            text-decoration: none !important;\r\n            color: inherit !important;\r\n        }\r\n    <\/style>","protected":false},"excerpt":{"rendered":"<p>Premier centriste gagnant \u00e0 la pr\u00e9sidentielle avant Emmanuel Macron. Il osa le \u201c\u00a0oui, mais\u00a0\u201d \u00e0 de Gaulle et succ\u00e8de \u00e0 Pompidou. Changement de fond et de forme, Europ\u00e9en convaincant, usant des m\u00e9dias avec talent, oui, mais&#8230; C\u2019est quand m\u00eame un rendez-vous un peu rat\u00e9 avec l\u2019histoire. Restent des r\u00e9formes soci\u00e9tales\u00a0: loi sur l\u2019IVG, majorit\u00e9 civique [&#8230;]<\/p>\n","protected":false},"author":1,"featured_media":0,"parent":0,"menu_order":0,"comment_status":"closed","ping_status":"closed","template":"","meta":{"site-sidebar-layout":"default","site-content-layout":"","ast-site-content-layout":"default","site-content-style":"default","site-sidebar-style":"default","ast-global-header-display":"","ast-banner-title-visibility":"","ast-main-header-display":"","ast-hfb-above-header-display":"","ast-hfb-below-header-display":"","ast-hfb-mobile-header-display":"","site-post-title":"","ast-breadcrumbs-content":"","ast-featured-img":"","footer-sml-layout":"","theme-transparent-header-meta":"","adv-header-id-meta":"","stick-header-meta":"","header-above-stick-meta":"","header-main-stick-meta":"","header-below-stick-meta":"","astra-migrate-meta-layouts":"default","ast-page-background-enabled":"default","ast-page-background-meta":{"desktop":{"background-color":"var(--ast-global-color-5)","background-image":"","background-repeat":"repeat","background-position":"center center","background-size":"auto","background-attachment":"scroll","background-type":"","background-media":"","overlay-type":"","overlay-color":"","overlay-opacity":"","overlay-gradient":""},"tablet":{"background-color":"","background-image":"","background-repeat":"repeat","background-position":"center center","background-size":"auto","background-attachment":"scroll","background-type":"","background-media":"","overlay-type":"","overlay-color":"","overlay-opacity":"","overlay-gradient":""},"mobile":{"background-color":"","background-image":"","background-repeat":"repeat","background-position":"center center","background-size":"auto","background-attachment":"scroll","background-type":"","background-media":"","overlay-type":"","overlay-color":"","overlay-opacity":"","overlay-gradient":""}},"ast-content-background-meta":{"desktop":{"background-color":"var(--ast-global-color-4)","background-image":"","background-repeat":"repeat","background-position":"center center","background-size":"auto","background-attachment":"scroll","background-type":"","background-media":"","overlay-type":"","overlay-color":"","overlay-opacity":"","overlay-gradient":""},"tablet":{"background-color":"var(--ast-global-color-4)","background-image":"","background-repeat":"repeat","background-position":"center center","background-size":"auto","background-attachment":"scroll","background-type":"","background-media":"","overlay-type":"","overlay-color":"","overlay-opacity":"","overlay-gradient":""},"mobile":{"background-color":"var(--ast-global-color-4)","background-image":"","background-repeat":"repeat","background-position":"center center","background-size":"auto","background-attachment":"scroll","background-type":"","background-media":"","overlay-type":"","overlay-color":"","overlay-opacity":"","overlay-gradient":""}},"iawp_total_views":16,"footnotes":""},"class_list":["post-10469","page","type-page","status-publish","hentry"],"_links":{"self":[{"href":"https:\/\/histoire-en-citations.fr\/WP\/wp-json\/wp\/v2\/pages\/10469","targetHints":{"allow":["GET"]}}],"collection":[{"href":"https:\/\/histoire-en-citations.fr\/WP\/wp-json\/wp\/v2\/pages"}],"about":[{"href":"https:\/\/histoire-en-citations.fr\/WP\/wp-json\/wp\/v2\/types\/page"}],"author":[{"embeddable":true,"href":"https:\/\/histoire-en-citations.fr\/WP\/wp-json\/wp\/v2\/users\/1"}],"replies":[{"embeddable":true,"href":"https:\/\/histoire-en-citations.fr\/WP\/wp-json\/wp\/v2\/comments?post=10469"}],"version-history":[{"count":5,"href":"https:\/\/histoire-en-citations.fr\/WP\/wp-json\/wp\/v2\/pages\/10469\/revisions"}],"predecessor-version":[{"id":15101,"href":"https:\/\/histoire-en-citations.fr\/WP\/wp-json\/wp\/v2\/pages\/10469\/revisions\/15101"}],"wp:attachment":[{"href":"https:\/\/histoire-en-citations.fr\/WP\/wp-json\/wp\/v2\/media?parent=10469"}],"curies":[{"name":"wp","href":"https:\/\/api.w.org\/{rel}","templated":true}]}}