{"id":10477,"date":"2025-09-22T07:34:32","date_gmt":"2025-09-22T05:34:32","guid":{"rendered":"https:\/\/histoire-en-citations.fr\/WP\/jeanne-darc\/"},"modified":"2025-11-19T08:51:59","modified_gmt":"2025-11-19T07:51:59","slug":"jeanne-darc","status":"publish","type":"page","link":"https:\/\/histoire-en-citations.fr\/WP\/jeanne-darc\/","title":{"rendered":"Jeanne d\u2019Arc"},"content":{"rendered":"<div class=\"content\">\n<div class=\"view view-index-taxo view-id-index_taxo view-display-id-page view-dom-id-64c1d5c2a052bbeb6f8bf1946a4d3469\">\n<div class=\"view-header\">\n<p class=\"presentation\">Premi\u00e8re h\u00e9ro\u00efne du r\u00e9cit national, entr\u00e9e dans la l\u00e9gende le jour du b\u00fbcher. Villon, n\u00e9 l\u2019ann\u00e9e de sa mort, chante \u201c\u00a0Jeanne la bonne Lorraine \/ Qu\u2019Anglais br\u00fbl\u00e8rent \u00e0 Rouen\u00a0\u201d dans sa <i>Ballade des dames du temps jadis<\/i>. Michelet relance le culte au <span class=\"caps\">XIX<\/span><sup>e<\/sup> et sa b\u00e9atification tardive fait aussi miracle. Revendiqu\u00e9e par la gauche comme par la droite, elle a inspir\u00e9 auteurs et artistes.<\/p>\n<p class=\"idxinfo\">Cliquez sur une citation pour la consulter dans son contexte historique.<a href=\"https:\/\/histoire-en-citations.fr\/WP\/personnages\/\" class=\"retour\">Retour aux personnages<\/a><\/p>\n<p> Affichage de 1 \u2013 18 sur 18.    <\/p><\/div>\n<div class=\"view-content\">\n<div class=\"views-row views-row-1 views-row-odd views-row-first\">\n<div class=\"views-field views-field-field-index-collection\">\n<div class=\"field-content\">\n<div class=\"field-collection-view clearfix view-mode-full field-collection-view-final\">\n<div class=\"entity entity-field-collection-item field-collection-item-field-index-collection clearfix\">\n<div class=\"content\">\n<blockquote>\n<p class=\"citation-small\"><a href=\"https:\/\/histoire-en-citations.fr\/WP\/plus-de-50-idees-recues-qui-faussent-lhistoire\/#334\">\u00ab\u00a0Une enfant de douze ans, une toute jeune fille, confondant la voix du c\u0153ur et la voix du ciel, con\u00e7oit l\u2019id\u00e9e \u00e9trange, improbable, absurde si l\u2019on veut, d\u2019ex\u00e9cuter la chose que les hommes ne peuvent plus faire, de sauver son pays.\u00a0\u00bb<\/a><\/p>\n<p class=\"auteur\"><span class=\"author\"><span class=\"surname\">Jules <\/span><span class=\"name\">MICHELET<\/span><\/span> (1798-1874), <cite>Jeanne d\u2019Arc<\/cite> (1853)<\/p>\n\n<\/blockquote><\/div>\n<\/div>\n<\/div>\n<\/div><\/div>\n<\/div>\n<div class=\"views-row views-row-2 views-row-even\">\n<div class=\"views-field views-field-field-index-collection\">\n<div class=\"field-content\">\n<div class=\"field-collection-view clearfix view-mode-full field-collection-view-final\">\n<div class=\"entity entity-field-collection-item field-collection-item-field-index-collection clearfix\">\n<div class=\"content\">\n<blockquote>\n<p class=\"citation-small\"><a href=\"https:\/\/histoire-en-citations.fr\/WP\/les-mysteres-de-lhistoire-gaule-et-moyen-age\/#335\">\u00ab\u00a0En nom Dieu, je ne crains pas les gens d\u2019armes, car ma voie est ouverte\u00a0! Et s\u2019il y en a sur ma route, Dieu Messire me fraiera la voie jusqu\u2019au gentil Dauphin. Car c\u2019est pour cela que je suis n\u00e9e.\u00a0\u00bb<\/a><\/p>\n<p class=\"auteur\"><span class=\"author\"><span class=\"name\">JEANNE d\u2019ARC<\/span><\/span> (1412-1431), quittant Vaucouleurs, fin f\u00e9vrier\u00a01429<\/p>\n\n<\/blockquote><\/div>\n<\/div>\n<\/div>\n<\/div><\/div>\n<\/div>\n<div class=\"views-row views-row-3 views-row-odd\">\n<div class=\"views-field views-field-field-index-collection\">\n<div class=\"field-content\">\n<div class=\"field-collection-view clearfix view-mode-full field-collection-view-final\">\n<div class=\"entity entity-field-collection-item field-collection-item-field-index-collection clearfix\">\n<div class=\"content\">\n<blockquote>\n<p class=\"citation-small\"><a href=\"https:\/\/histoire-en-citations.fr\/WP\/un-tour-de-france-historique-et-inedit-de-la-gaule-au-xvie-siecle\/#336\">\u00ab\u00a0Je viens de la part du roi des Cieux pour faire lever le si\u00e8ge d\u2019Orl\u00e9ans et pour conduire le roi \u00e0 Reims pour son couronnement et son sacre.\u00a0\u00bb<\/a><\/p>\n<p class=\"auteur\"><span class=\"author\"><span class=\"name\">JEANNE d\u2019ARC<\/span><\/span> (1412-1431), Ch\u00e2teau de Chinon, 7\u00a0mars 1429<\/p>\n\n<\/blockquote><\/div>\n<\/div>\n<\/div>\n<\/div><\/div>\n<\/div>\n<div class=\"views-row views-row-4 views-row-even\">\n<div class=\"views-field views-field-field-index-collection\">\n<div class=\"field-content\">\n<div class=\"field-collection-view clearfix view-mode-full field-collection-view-final\">\n<div class=\"entity entity-field-collection-item field-collection-item-field-index-collection clearfix\">\n<div class=\"content\">\n<blockquote>\n<p class=\"citation-small\"><a href=\"https:\/\/histoire-en-citations.fr\/WP\/les-mysteres-de-lhistoire-gaule-et-moyen-age\/#337\">\u00ab\u00a0Gentil Dauphin, j\u2019ai nom Jeanne la Pucelle [\u2026] Mettez-moi en besogne et le pays sera bient\u00f4t soulag\u00e9. Vous recouvrerez votre royaume avec l\u2019aide de Dieu et par mon labeur.\u00a0\u00bb<\/a><\/p>\n<p class=\"auteur\"><span class=\"author\"><span class=\"name\">JEANNE d\u2019ARC<\/span><\/span> (1412-1431), ch\u00e2teau de Chinon, 8\u00a0mars 1429<\/p>\n\n<\/blockquote><\/div>\n<\/div>\n<\/div>\n<\/div><\/div>\n<\/div>\n<div class=\"views-row views-row-5 views-row-odd\">\n<div class=\"views-field views-field-field-index-collection\">\n<div class=\"field-content\">\n<div class=\"field-collection-view clearfix view-mode-full field-collection-view-final\">\n<div class=\"entity entity-field-collection-item field-collection-item-field-index-collection clearfix\">\n<div class=\"content\">\n<blockquote>\n<p class=\"citation-small\"><a href=\"https:\/\/histoire-en-citations.fr\/WP\/les-mysteres-de-lhistoire-gaule-et-moyen-age\/#338\">\u00ab\u00a0Je vous dis, de la part de Messire, que vous \u00eates vrai h\u00e9ritier de France et fils du roi.\u00a0\u00bb<\/a><\/p>\n<p class=\"auteur\"><span class=\"author\"><span class=\"name\">JEANNE d\u2019ARC<\/span><\/span> (1412-1431), 8\u00a0mars 1429<\/p>\n\n<\/blockquote><\/div>\n<\/div>\n<\/div>\n<\/div><\/div>\n<\/div>\n<div class=\"views-row views-row-6 views-row-even\">\n<div class=\"views-field views-field-field-index-collection\">\n<div class=\"field-content\">\n<div class=\"field-collection-view clearfix view-mode-full field-collection-view-final\">\n<div class=\"entity entity-field-collection-item field-collection-item-field-index-collection clearfix\">\n<div class=\"content\">\n<blockquote>\n<p class=\"citation-small\"><a href=\"https:\/\/histoire-en-citations.fr\/WP\/plus-de-50-idees-recues-qui-faussent-lhistoire\/#339\">\u00ab\u00a0Dieu premier servi.\u00a0\u00bb<\/a><\/p>\n<p class=\"auteur\"><span class=\"author\"><span class=\"name\">JEANNE d\u2019ARC<\/span><\/span> (1412-1431), devise<\/p>\n\n<\/blockquote><\/div>\n<\/div>\n<\/div>\n<\/div><\/div>\n<\/div>\n<div class=\"views-row views-row-7 views-row-odd\">\n<div class=\"views-field views-field-field-index-collection\">\n<div class=\"field-content\">\n<div class=\"field-collection-view clearfix view-mode-full field-collection-view-final\">\n<div class=\"entity entity-field-collection-item field-collection-item-field-index-collection clearfix\">\n<div class=\"content\">\n<blockquote>\n<p class=\"citation-small\"><a href=\"https:\/\/histoire-en-citations.fr\/WP\/la-guerre-histoire-en-citations-dune-tragedie-seculaire-et-quotidienne-gaule-et-moyen-age\/#340\">\u00ab\u00a0Roi d\u2019Angleterre et vous, duc de Bedford, rendez \u00e0 la Pucelle qui est ici envoy\u00e9e par le roi du Ciel, les clefs de toutes les bonnes villes que vous avez prises et viol\u00e9es en France.\u00a0\u00bb<\/a><\/p>\n<p class=\"auteur\"><span class=\"author\"><span class=\"name\">JEANNE d\u2019ARC<\/span><\/span> (1412-1431), Lettre au roi d\u2019Angleterre et au duc de Bedford, 22\u00a0mars 1429<\/p>\n\n<\/blockquote><\/div>\n<\/div>\n<\/div>\n<\/div><\/div>\n<\/div>\n<div class=\"views-row views-row-8 views-row-even\">\n<div class=\"views-field views-field-field-index-collection\">\n<div class=\"field-content\">\n<div class=\"field-collection-view clearfix view-mode-full field-collection-view-final\">\n<div class=\"entity entity-field-collection-item field-collection-item-field-index-collection clearfix\">\n<div class=\"content\">\n<blockquote>\n<p class=\"citation-small\"><a href=\"https:\/\/histoire-en-citations.fr\/WP\/limpertinence-a-la-francaise-une-vertu-nationale-de-la-gaule-a-la-revolution\/#341\">\u00ab\u00a0Vous, hommes d\u2019Angleterre, qui n\u2019avez aucun droit en ce royaume, le roi des Cieux vous mande et ordonne par moi, Jehanne la Pucelle, que vous quittiez vos bastilles et retourniez en votre pays, ou sinon, je ferai de vous un tel hahu [dommage] qu\u2019il y en aura \u00e9ternelle m\u00e9moire.\u00a0\u00bb<\/a><\/p>\n<p class=\"auteur\"><span class=\"author\"><span class=\"name\">JEANNE d\u2019ARC<\/span><\/span> (1412-1431), Lettre du 5\u00a0mai 1429<\/p>\n\n<\/blockquote><\/div>\n<\/div>\n<\/div>\n<\/div><\/div>\n<\/div>\n<div class=\"views-row views-row-9 views-row-odd\">\n<div class=\"views-field views-field-field-index-collection\">\n<div class=\"field-content\">\n<div class=\"field-collection-view clearfix view-mode-full field-collection-view-final\">\n<div class=\"entity entity-field-collection-item field-collection-item-field-index-collection clearfix\">\n<div class=\"content\">\n<blockquote>\n<p class=\"citation-small\"><a href=\"https:\/\/histoire-en-citations.fr\/WP\/la-politique-est-elle-en-panne-de-reve\/#342\">\u00ab\u00a0Entrez hardiment parmi les Anglais\u00a0! Les Anglais ne se d\u00e9fendront pas et seront vaincus et il faudra avoir de bons \u00e9perons pour leur courir apr\u00e8s\u00a0!\u00a0\u00bb<\/a><\/p>\n<p class=\"auteur\"><span class=\"author\"><span class=\"name\">JEANNE d\u2019ARC<\/span><\/span> (1412-1431), Harangue aux capitaines, Patay, 18\u00a0juin 1429<\/p>\n\n<\/blockquote><\/div>\n<\/div>\n<\/div>\n<\/div><\/div>\n<\/div>\n<div class=\"views-row views-row-10 views-row-even\">\n<div class=\"views-field views-field-field-index-collection\">\n<div class=\"field-content\">\n<div class=\"field-collection-view clearfix view-mode-full field-collection-view-final\">\n<div class=\"entity entity-field-collection-item field-collection-item-field-index-collection clearfix\">\n<div class=\"content\">\n<blockquote>\n<p class=\"citation-small\"><a href=\"https:\/\/histoire-en-citations.fr\/WP\/les-mysteres-de-lhistoire-gaule-et-moyen-age\/#343\">\u00ab\u00a0Gentil roi, or est ex\u00e9cut\u00e9 le plaisir de Dieu qui voulait que vous vinssiez \u00e0 Reims recevoir votre saint sacre, en montrant que vous \u00eates vrai roi et celui auquel le royaume de France doit appartenir.\u00a0\u00bb<\/a><\/p>\n<p class=\"auteur\"><span class=\"author\"><span class=\"name\">JEANNE d\u2019ARC<\/span><\/span> (1412-1431)<\/p>\n\n<\/blockquote><\/div>\n<\/div>\n<\/div>\n<\/div><\/div>\n<\/div>\n<div class=\"views-row views-row-11 views-row-odd\">\n<div class=\"views-field views-field-field-index-collection\">\n<div class=\"field-content\">\n<div class=\"field-collection-view clearfix view-mode-full field-collection-view-final\">\n<div class=\"entity entity-field-collection-item field-collection-item-field-index-collection clearfix\">\n<div class=\"content\">\n<blockquote>\n<p class=\"citation-small\"><a href=\"https:\/\/histoire-en-citations.fr\/WP\/les-mysteres-de-lhistoire-gaule-et-moyen-age\/#344\">\u00ab\u00a0Jeanne, croyez-vous \u00eatre en \u00e9tat de gr\u00e2ce\u00a0? \u2014\u00a0Si je n\u2019y suis, Dieu veuille m\u2019y mettre\u00a0; si j\u2019y suis, Dieu veuille m\u2019y tenir.\u00a0\u00bb<\/a><\/p>\n<p class=\"auteur\"><span class=\"author\"><span class=\"name\">JEANNE d\u2019ARC<\/span><\/span> (1412-1431), Rouen, proc\u00e8s de Jeanne d\u2019Arc, 24\u00a0f\u00e9vrier 1431<\/p>\n\n<\/blockquote><\/div>\n<\/div>\n<\/div>\n<\/div><\/div>\n<\/div>\n<div class=\"views-row views-row-12 views-row-even\">\n<div class=\"views-field views-field-field-index-collection\">\n<div class=\"field-content\">\n<div class=\"field-collection-view clearfix view-mode-full field-collection-view-final\">\n<div class=\"entity entity-field-collection-item field-collection-item-field-index-collection clearfix\">\n<div class=\"content\">\n<blockquote>\n<p class=\"citation-small\"><a href=\"https:\/\/histoire-en-citations.fr\/WP\/les-mysteres-de-lhistoire-gaule-et-moyen-age\/#345\">[Question \u00e0 l\u2019accus\u00e9e] \u00ab\u00a0Dieu hait-il les Anglais\u00a0?\u2014 De l\u2019amour ou de la haine que Dieu a pour les Anglais, je n\u2019en sais rien\u00a0; mais je sais bien qu\u2019ils seront tous bout\u00e9s hors de France, except\u00e9 ceux qui y p\u00e9riront.\u00a0\u00bb<\/a><\/p>\n<p class=\"auteur\"><span class=\"author\"><span class=\"name\">JEANNE d\u2019ARC<\/span><\/span> (1412-1431), Rouen, proc\u00e8s de Jeanne d\u2019Arc, interrogatoire du 17\u00a0mars 1431<\/p>\n\n<\/blockquote><\/div>\n<\/div>\n<\/div>\n<\/div><\/div>\n<\/div>\n<div class=\"views-row views-row-13 views-row-odd\">\n<div class=\"views-field views-field-field-index-collection\">\n<div class=\"field-content\">\n<div class=\"field-collection-view clearfix view-mode-full field-collection-view-final\">\n<div class=\"entity entity-field-collection-item field-collection-item-field-index-collection clearfix\">\n<div class=\"content\">\n<blockquote>\n<p class=\"citation-small\"><a href=\"https:\/\/histoire-en-citations.fr\/WP\/un-tour-de-france-historique-et-inedit-de-la-gaule-au-xvie-siecle\/#347\">[Question \u00e0 l\u2019accus\u00e9e] \u00ab\u00a0Pourquoi votre \u00e9tendard fut-il port\u00e9 en l\u2019\u00e9glise de Reims au sacre, plut\u00f4t que ceux des autres capitaines\u00a0?\u2014 Il avait \u00e9t\u00e9 \u00e0 la peine, c\u2019\u00e9tait bien raison qu\u2019il f\u00fbt \u00e0 l\u2019honneur.\u00a0\u00bb<\/a><\/p>\n<p class=\"auteur\"><span class=\"author\"><span class=\"name\">JEANNE d\u2019ARC<\/span><\/span> (1412-1431), Proc\u00e8s, 9<sup>e<\/sup> interrogatoire du 15\u00a0mars 1431<\/p>\n\n<\/blockquote><\/div>\n<\/div>\n<\/div>\n<\/div><\/div>\n<\/div>\n<div class=\"views-row views-row-14 views-row-even\">\n<div class=\"views-field views-field-field-index-collection\">\n<div class=\"field-content\">\n<div class=\"field-collection-view clearfix view-mode-full field-collection-view-final\">\n<div class=\"entity entity-field-collection-item field-collection-item-field-index-collection clearfix\">\n<div class=\"content\">\n<blockquote>\n<p class=\"citation-small\"><a href=\"https:\/\/histoire-en-citations.fr\/WP\/les-mysteres-de-lhistoire-gaule-et-moyen-age\/#348\">\u00ab\u00a0Nous sommes perdus, nous avons br\u00fbl\u00e9 une sainte.\u00a0\u00bb<\/a><\/p>\n<p class=\"auteur\">Secr\u00e9taire du roi d\u2019Angleterre, apr\u00e8s l\u2019ex\u00e9cution de Jeanne, Rouen, 30\u00a0mai 1431<\/p>\n\n<\/blockquote><\/div>\n<\/div>\n<\/div>\n<\/div><\/div>\n<\/div>\n<div class=\"views-row views-row-15 views-row-odd\">\n<div class=\"views-field views-field-field-index-collection\">\n<div class=\"field-content\">\n<div class=\"field-collection-view clearfix view-mode-full field-collection-view-final\">\n<div class=\"entity entity-field-collection-item field-collection-item-field-index-collection clearfix\">\n<div class=\"content\">\n<blockquote>\n<p class=\"citation-small\"><a href=\"https:\/\/histoire-en-citations.fr\/WP\/les-mysteres-de-lhistoire-gaule-et-moyen-age\/#349\">\u00ab\u00a0Souvenons-nous toujours, Fran\u00e7ais, que la patrie, chez nous, est n\u00e9e du c\u0153ur d\u2019une femme, de sa tendresse, de ses larmes, du sang qu\u2019elle a donn\u00e9 pour nous.\u00a0\u00bb<\/a><\/p>\n<p class=\"auteur\"><span class=\"author\"><span class=\"surname\">Jules <\/span><span class=\"name\">MICHELET<\/span><\/span> (1798-1874), <cite>Jeanne d\u2019Arc<\/cite> (1853)<\/p>\n\n<\/blockquote><\/div>\n<\/div>\n<\/div>\n<\/div><\/div>\n<\/div>\n<div class=\"views-row views-row-16 views-row-even\">\n<div class=\"views-field views-field-field-index-collection\">\n<div class=\"field-content\">\n<div class=\"field-collection-view clearfix view-mode-full field-collection-view-final\">\n<div class=\"entity entity-field-collection-item field-collection-item-field-index-collection clearfix\">\n<div class=\"content\">\n<blockquote>\n<p class=\"citation-small\"><a href=\"https:\/\/histoire-en-citations.fr\/WP\/lhistoire-en-chantant-de-la-gaule-a-louis-xiii\/#350\">\u00ab\u00a0Mais o\u00f9 sont les neiges d\u2019antan\u00a0? [\u2026]Et Jeanne la bonne Lorraine \/ Qu\u2019Anglais br\u00fbl\u00e8rent \u00e0 Rouen\u00a0?\u00a0\u00bb<\/a><\/p>\n<p class=\"auteur\"><span class=\"author\"><span class=\"surname\">Fran\u00e7ois <\/span><span class=\"name\">VILLON<\/span><\/span> (vers 1431-1463), <cite>Le Grand Testament<\/cite>, Ballade des dames du temps jadis (1462)<\/p>\n\n<\/blockquote><\/div>\n<\/div>\n<\/div>\n<\/div><\/div>\n<\/div>\n<div class=\"views-row views-row-17 views-row-odd\">\n<div class=\"views-field views-field-field-index-collection\">\n<div class=\"field-content\">\n<div class=\"field-collection-view clearfix view-mode-full field-collection-view-final\">\n<div class=\"entity entity-field-collection-item field-collection-item-field-index-collection clearfix\">\n<div class=\"content\">\n<blockquote>\n<p class=\"citation-small\"><a href=\"https:\/\/histoire-en-citations.fr\/WP\/histoire-de-lantisemitisme-en-citations-xxe-et-xxie-siecles\/#2646\">\u00ab\u00a0\u00c0 bas la Marianne, la fille \u00e0 Bismarck,La France est \u00e0 nous, la France de Jeanne d\u2019Arc.\u00a0\u00bb<\/a><\/p>\n<p class=\"auteur\"><span class=\"author\"><span class=\"surname\">M<sup>e<\/sup><\/span><span class=\"name\">MAGNIER<\/span><\/span> (fin XIX<sup>e<\/sup>-d\u00e9but XX<sup>e<\/sup> si\u00e8cle), <cite>Quand on pendra la gueuse au r\u00e9verb\u00e8re<\/cite>, chanson<\/p>\n\n<\/blockquote><\/div>\n<\/div>\n<\/div>\n<\/div><\/div>\n<\/div>\n<div class=\"views-row views-row-18 views-row-even views-row-last\">\n<div class=\"views-field views-field-field-index-collection\">\n<div class=\"field-content\">\n<div class=\"field-collection-view clearfix view-mode-full field-collection-view-final\">\n<div class=\"entity entity-field-collection-item field-collection-item-field-index-collection clearfix\">\n<div class=\"content\">\n<blockquote>\n<p class=\"citation-small\"><a href=\"https:\/\/histoire-en-citations.fr\/WP\/la-politique-est-elle-en-panne-de-reve-de-napoleon-a-nos-jours\/#2724\">\u00ab\u00a0Comment voulez-vous que je fasse avec un homme qui se prend \u00e0 la fois pour Jeanne d\u2019Arc et Napol\u00e9on\u00a0!\u00a0\u00bb<\/a><\/p>\n<p class=\"auteur\"><span class=\"author\"><span class=\"surname\">Franklin Delano <\/span><span class=\"name\">ROOSEVELT<\/span><\/span> (1882-1945)<\/p>\n\n<\/blockquote><\/div>\n<\/div>\n<\/div>\n<\/div><\/div>\n<\/div>\n<\/div>\n<\/div>\n<\/div>\n<style>\r\n        a .cit-num {\r\n            text-decoration: none !important;\r\n            color: inherit !important;\r\n        }\r\n    <\/style>","protected":false},"excerpt":{"rendered":"<p>Premi\u00e8re h\u00e9ro\u00efne du r\u00e9cit national, entr\u00e9e dans la l\u00e9gende le jour du b\u00fbcher. Villon, n\u00e9 l\u2019ann\u00e9e de sa mort, chante \u201c\u00a0Jeanne la bonne Lorraine \/ Qu\u2019Anglais br\u00fbl\u00e8rent \u00e0 Rouen\u00a0\u201d dans sa Ballade des dames du temps jadis. Michelet relance le culte au XIXe et sa b\u00e9atification tardive fait aussi miracle. Revendiqu\u00e9e par la gauche comme [&#8230;]<\/p>\n","protected":false},"author":1,"featured_media":0,"parent":0,"menu_order":0,"comment_status":"closed","ping_status":"closed","template":"","meta":{"site-sidebar-layout":"default","site-content-layout":"","ast-site-content-layout":"default","site-content-style":"default","site-sidebar-style":"default","ast-global-header-display":"","ast-banner-title-visibility":"","ast-main-header-display":"","ast-hfb-above-header-display":"","ast-hfb-below-header-display":"","ast-hfb-mobile-header-display":"","site-post-title":"","ast-breadcrumbs-content":"","ast-featured-img":"","footer-sml-layout":"","theme-transparent-header-meta":"","adv-header-id-meta":"","stick-header-meta":"","header-above-stick-meta":"","header-main-stick-meta":"","header-below-stick-meta":"","astra-migrate-meta-layouts":"default","ast-page-background-enabled":"default","ast-page-background-meta":{"desktop":{"background-color":"var(--ast-global-color-5)","background-image":"","background-repeat":"repeat","background-position":"center center","background-size":"auto","background-attachment":"scroll","background-type":"","background-media":"","overlay-type":"","overlay-color":"","overlay-opacity":"","overlay-gradient":""},"tablet":{"background-color":"","background-image":"","background-repeat":"repeat","background-position":"center center","background-size":"auto","background-attachment":"scroll","background-type":"","background-media":"","overlay-type":"","overlay-color":"","overlay-opacity":"","overlay-gradient":""},"mobile":{"background-color":"","background-image":"","background-repeat":"repeat","background-position":"center center","background-size":"auto","background-attachment":"scroll","background-type":"","background-media":"","overlay-type":"","overlay-color":"","overlay-opacity":"","overlay-gradient":""}},"ast-content-background-meta":{"desktop":{"background-color":"var(--ast-global-color-4)","background-image":"","background-repeat":"repeat","background-position":"center center","background-size":"auto","background-attachment":"scroll","background-type":"","background-media":"","overlay-type":"","overlay-color":"","overlay-opacity":"","overlay-gradient":""},"tablet":{"background-color":"var(--ast-global-color-4)","background-image":"","background-repeat":"repeat","background-position":"center center","background-size":"auto","background-attachment":"scroll","background-type":"","background-media":"","overlay-type":"","overlay-color":"","overlay-opacity":"","overlay-gradient":""},"mobile":{"background-color":"var(--ast-global-color-4)","background-image":"","background-repeat":"repeat","background-position":"center center","background-size":"auto","background-attachment":"scroll","background-type":"","background-media":"","overlay-type":"","overlay-color":"","overlay-opacity":"","overlay-gradient":""}},"iawp_total_views":430,"footnotes":""},"class_list":["post-10477","page","type-page","status-publish","hentry"],"_links":{"self":[{"href":"https:\/\/histoire-en-citations.fr\/WP\/wp-json\/wp\/v2\/pages\/10477","targetHints":{"allow":["GET"]}}],"collection":[{"href":"https:\/\/histoire-en-citations.fr\/WP\/wp-json\/wp\/v2\/pages"}],"about":[{"href":"https:\/\/histoire-en-citations.fr\/WP\/wp-json\/wp\/v2\/types\/page"}],"author":[{"embeddable":true,"href":"https:\/\/histoire-en-citations.fr\/WP\/wp-json\/wp\/v2\/users\/1"}],"replies":[{"embeddable":true,"href":"https:\/\/histoire-en-citations.fr\/WP\/wp-json\/wp\/v2\/comments?post=10477"}],"version-history":[{"count":5,"href":"https:\/\/histoire-en-citations.fr\/WP\/wp-json\/wp\/v2\/pages\/10477\/revisions"}],"predecessor-version":[{"id":15119,"href":"https:\/\/histoire-en-citations.fr\/WP\/wp-json\/wp\/v2\/pages\/10477\/revisions\/15119"}],"wp:attachment":[{"href":"https:\/\/histoire-en-citations.fr\/WP\/wp-json\/wp\/v2\/media?parent=10477"}],"curies":[{"name":"wp","href":"https:\/\/api.w.org\/{rel}","templated":true}]}}