{"id":10491,"date":"2025-09-22T07:34:20","date_gmt":"2025-09-22T05:34:20","guid":{"rendered":"https:\/\/histoire-en-citations.fr\/WP\/louis-xv\/"},"modified":"2025-09-22T07:34:20","modified_gmt":"2025-09-22T05:34:20","slug":"louis-xv","status":"publish","type":"page","link":"https:\/\/histoire-en-citations.fr\/WP\/louis-xv\/","title":{"rendered":"Louis\u00a0XV"},"content":{"rendered":"<div class=\"content\">\n<div class=\"view view-index-taxo view-id-index_taxo view-display-id-page view-dom-id-ecdd8485d1e3f2e840dc89da8a9ed240\">\n<div class=\"view-header\">\n<p class=\"presentation\">S\u00e9duisant et s\u00e9ducteur, \u201c\u00a0Louis le Bien-Aim\u00e9\u00a0\u201d mourra ha\u00ef du peuple. Pas fait pour le m\u00e9tier et mal pr\u00e9par\u00e9 (roi \u00e0 cinq ans), volontairement coup\u00e9 de son peuple, pr\u00e9f\u00e9rant de beaucoup la chasse, les femmes (favorites parfois influentes, la Pompadour et la Du Barry), les trop jeunes filles (rem\u00e8des \u00e0 sa m\u00e9lancolie maladive) et la douceur de vivre au si\u00e8cle des Lumi\u00e8res.<\/p>\n<p class=\"idxinfo\">Cliquez sur une citation pour la consulter dans son contexte historique.<a class=\"retour\" href=\"https:\/\/histoire-en-citations.fr\/WP\/personnages\/\">Retour aux personnages<\/a><\/p>\n<p> Affichage de 1 \u2013 19 sur 19.    <\/p><\/div>\n<div class=\"view-content\">\n<div class=\"views-row views-row-1 views-row-odd views-row-first\">\n<div class=\"views-field views-field-field-index-collection\">\n<div class=\"field-content\">\n<div class=\"field-collection-view clearfix view-mode-full field-collection-view-final\">\n<div class=\"entity entity-field-collection-item field-collection-item-field-index-collection clearfix\">\n<div class=\"content\">\n<blockquote>\n<p class=\"citation-small\"><a href=\"https:\/\/histoire-en-citations.fr\/WP\/louis-xiv-ultima-ratio-regum-2\/#943\">\u00ab\u00a0Mon enfant, vous allez \u00eatre un grand roi. Ne m\u2019imitez pas dans le go\u00fbt que j\u2019ai eu pour les b\u00e2timents ni dans celui que j\u2019ai eu pour la guerre. T\u00e2chez de soulager vos peuples, ce que je suis malheureux pour n\u2019avoir pu faire.\u00a0\u00bb<\/a><\/p>\n<p class=\"auteur\"><span class=\"author\"><span class=\"name\">LOUIS XIV<\/span><\/span> (1638-1715), au futur Louis\u00a0XV, 26\u00a0ao\u00fbt 1715<\/p>\n<\/blockquote><\/div>\n<\/div>\n<\/div>\n<\/div><\/div>\n<\/div>\n<div class=\"views-row views-row-2 views-row-even\">\n<div class=\"views-field views-field-field-index-collection\">\n<div class=\"field-content\">\n<div class=\"field-collection-view clearfix view-mode-full field-collection-view-final\">\n<div class=\"entity entity-field-collection-item field-collection-item-field-index-collection clearfix\">\n<div class=\"content\">\n<blockquote>\n<p class=\"citation-small\"><a href=\"https:\/\/histoire-en-citations.fr\/WP\/casanova-on-se-sentait-force-de-laimer-dans-linstant\/#1094\">\u00ab\u00a0Le roi d\u00e9clara hier son mariage et je vous assure que l\u2019on ne peut \u00eatre plus gai ni d\u00e9sirer plus vivement l\u2019arriv\u00e9e de la princesse\u00a0; il nous a promis que dix mois apr\u00e8s son mariage, il serait p\u00e8re.\u00a0\u00bb<\/a><\/p>\n<p class=\"auteur\"><span class=\"author\"><span class=\"surname\">Mar\u00e9chal de <\/span><span class=\"name\">VILLARS<\/span><\/span> (1653-1734), 28\u00a0mai\u00a01725<\/p>\n<\/blockquote><\/div>\n<\/div>\n<\/div>\n<\/div><\/div>\n<\/div>\n<div class=\"views-row views-row-3 views-row-odd\">\n<div class=\"views-field views-field-field-index-collection\">\n<div class=\"field-content\">\n<div class=\"field-collection-view clearfix view-mode-full field-collection-view-final\">\n<div class=\"entity entity-field-collection-item field-collection-item-field-index-collection clearfix\">\n<div class=\"content\">\n<blockquote>\n<p class=\"citation-small\"><a href=\"https:\/\/histoire-en-citations.fr\/WP\/marie-leczinska-toujours-coucher-toujours-grosse-toujours-accoucher\/#1106\">\u00ab\u00a0Toujours coucher, toujours grosse, toujours accoucher.\u00a0\u00bb<\/a><\/p>\n<p class=\"auteur\"><span class=\"author\"><span class=\"name\">MARIE LECZINSKA<\/span><\/span> (1703-1768), en 1737<\/p>\n<\/blockquote><\/div>\n<\/div>\n<\/div>\n<\/div><\/div>\n<\/div>\n<div class=\"views-row views-row-4 views-row-even\">\n<div class=\"views-field views-field-field-index-collection\">\n<div class=\"field-content\">\n<div class=\"field-collection-view clearfix view-mode-full field-collection-view-final\">\n<div class=\"entity entity-field-collection-item field-collection-item-field-index-collection clearfix\">\n<div class=\"content\">\n<blockquote>\n<p class=\"citation-small\"><a href=\"https:\/\/histoire-en-citations.fr\/WP\/casanova-on-se-sentait-force-de-laimer-dans-linstant\/#1107\">\u00ab\u00a0Notre monarque, enfin, \/ Se distingue \u00e0 Cyth\u00e8re. \/ De son galant destin \/ On ne fait plus myst\u00e8re.Mailly, dont on babille, \/ La premi\u00e8re \u00e9prouva \/ La royale b\u00e9quille \/ Du p\u00e8re Barnabas.\u00a0\u00bb<\/a><\/p>\n<p class=\"auteur\"><cite>Notre monarque enfin<\/cite>, chanson<\/p>\n<\/blockquote><\/div>\n<\/div>\n<\/div>\n<\/div><\/div>\n<\/div>\n<div class=\"views-row views-row-5 views-row-odd\">\n<div class=\"views-field views-field-field-index-collection\">\n<div class=\"field-content\">\n<div class=\"field-collection-view clearfix view-mode-full field-collection-view-final\">\n<div class=\"entity entity-field-collection-item field-collection-item-field-index-collection clearfix\">\n<div class=\"content\">\n<blockquote>\n<p class=\"citation-small\"><a href=\"https:\/\/histoire-en-citations.fr\/WP\/voltaire-je-suis-flexible-comme-une-anguille-et-vif-comme-un-lezard\/#1116\">\u00ab\u00a0J\u2019entends toujours demander si les chiens et les chevaux sont las et jamais les hommes.\u00a0\u00bb<\/a><\/p>\n<p class=\"auteur\"><span class=\"author\"><span class=\"name\">LANSMATE<\/span><\/span> (XVIII<sup>e<\/sup> si\u00e8cle), premier piqueur du roi<\/p>\n<\/blockquote><\/div>\n<\/div>\n<\/div>\n<\/div><\/div>\n<\/div>\n<div class=\"views-row views-row-6 views-row-even\">\n<div class=\"views-field views-field-field-index-collection\">\n<div class=\"field-content\">\n<div class=\"field-collection-view clearfix view-mode-full field-collection-view-final\">\n<div class=\"entity entity-field-collection-item field-collection-item-field-index-collection clearfix\">\n<div class=\"content\">\n<blockquote>\n<p class=\"citation-small\"><a href=\"https:\/\/histoire-en-citations.fr\/WP\/casanova-on-se-sentait-force-de-laimer-dans-linstant\/#1118\">\u00ab\u00a0On se sentait forc\u00e9 de l\u2019aimer dans l\u2019instant.\u00a0\u00bb<\/a><\/p>\n<p class=\"auteur\"><span class=\"author\"><span class=\"surname\">Giacomo <\/span><span class=\"name\">CASANOVA<\/span><\/span> (1725-1798), de passage en France, 1750, <cite>Histoire de ma vie<\/cite> (posthume)<\/p>\n<\/blockquote><\/div>\n<\/div>\n<\/div>\n<\/div><\/div>\n<\/div>\n<div class=\"views-row views-row-7 views-row-odd\">\n<div class=\"views-field views-field-field-index-collection\">\n<div class=\"field-content\">\n<div class=\"field-collection-view clearfix view-mode-full field-collection-view-final\">\n<div class=\"entity entity-field-collection-item field-collection-item-field-index-collection clearfix\">\n<div class=\"content\">\n<blockquote>\n<p class=\"citation-small\"><a href=\"https:\/\/histoire-en-citations.fr\/WP\/casanova-on-se-sentait-force-de-laimer-dans-linstant\/#1120\">\u00ab\u00a0Puisqu\u2019il a repris sa catin, il ne trouvera plus un Pater sur le pav\u00e9 de Paris.\u00a0\u00bb<\/a><\/p>\n<p class=\"auteur\">Les poissardes parlant de Louis\u00a0XV, novembre\u00a01744<\/p>\n<\/blockquote><\/div>\n<\/div>\n<\/div>\n<\/div><\/div>\n<\/div>\n<div class=\"views-row views-row-8 views-row-even\">\n<div class=\"views-field views-field-field-index-collection\">\n<div class=\"field-content\">\n<div class=\"field-collection-view clearfix view-mode-full field-collection-view-final\">\n<div class=\"entity entity-field-collection-item field-collection-item-field-index-collection clearfix\">\n<div class=\"content\">\n<blockquote>\n<p class=\"citation-small\"><a href=\"https:\/\/histoire-en-citations.fr\/WP\/casanova-on-se-sentait-force-de-laimer-dans-linstant\/#1126\">\u00ab\u00a0Puisqu\u2019il en faut une, mieux vaut que ce soit celle-l\u00e0.\u00a0\u00bb<\/a><\/p>\n<p class=\"auteur\"><span class=\"author\"><span class=\"name\">MARIE LECZINSKA<\/span><\/span> (1703-1768), parlant de la Pompadour<\/p>\n<\/blockquote><\/div>\n<\/div>\n<\/div>\n<\/div><\/div>\n<\/div>\n<div class=\"views-row views-row-9 views-row-odd\">\n<div class=\"views-field views-field-field-index-collection\">\n<div class=\"field-content\">\n<div class=\"field-collection-view clearfix view-mode-full field-collection-view-final\">\n<div class=\"entity entity-field-collection-item field-collection-item-field-index-collection clearfix\">\n<div class=\"content\">\n<blockquote>\n<p class=\"citation-small\"><a href=\"https:\/\/histoire-en-citations.fr\/WP\/casanova-on-se-sentait-force-de-laimer-dans-linstant\/#1127\">\u00ab\u00a0Sans esprit, sans caract\u00e8re \/ L\u2019\u00e2me vile et mercenaire,Le propos d\u2019une comm\u00e8re \/ Tout est bas chez la Poisson \u2013 son \u2013 son.\u00a0\u00bb<\/a><\/p>\n<p class=\"auteur\">Poissonnade brocardant la marquise de Pompadour<\/p>\n<\/blockquote><\/div>\n<\/div>\n<\/div>\n<\/div><\/div>\n<\/div>\n<div class=\"views-row views-row-10 views-row-even\">\n<div class=\"views-field views-field-field-index-collection\">\n<div class=\"field-content\">\n<div class=\"field-collection-view clearfix view-mode-full field-collection-view-final\">\n<div class=\"entity entity-field-collection-item field-collection-item-field-index-collection clearfix\">\n<div class=\"content\">\n<blockquote>\n<p class=\"citation-small\"><a href=\"https:\/\/histoire-en-citations.fr\/WP\/louis-xv-les-anglais-ont-ete-de-tout-temps-les-ennemis\/#1135\">\u00ab\u00a0Les Anglais ont \u00e9t\u00e9 de tout temps les ennemis constants et implacables de notre sang et de notre maison\u00a0; nous n\u2019en avons jamais eu de plus dangereux. \u00bb<\/a><\/p>\n<p class=\"auteur\"><span class=\"author\"><span class=\"name\">LOUIS XV<\/span><\/span> (1710-1774), Lettre \u00e0 Ferdinand VI d\u2019Espagne, 1754<\/p>\n<\/blockquote><\/div>\n<\/div>\n<\/div>\n<\/div><\/div>\n<\/div>\n<div class=\"views-row views-row-11 views-row-odd\">\n<div class=\"views-field views-field-field-index-collection\">\n<div class=\"field-content\">\n<div class=\"field-collection-view clearfix view-mode-full field-collection-view-final\">\n<div class=\"entity entity-field-collection-item field-collection-item-field-index-collection clearfix\">\n<div class=\"content\">\n<blockquote>\n<p class=\"citation-small\"><a href=\"https:\/\/histoire-en-citations.fr\/WP\/pompadour-apres-nous-le-deluge\/#1151\">\u00ab\u00a0Apr\u00e8s nous, le d\u00e9luge.\u00a0\u00bb<\/a><\/p>\n<p class=\"auteur\"><span class=\"author\"><span class=\"surname\">Marquise de <\/span><span class=\"name\">POMPADOUR<\/span><\/span> (1721-1764), \u00e0 Louis\u00a0XV, fin 1757<\/p>\n<\/blockquote><\/div>\n<\/div>\n<\/div>\n<\/div><\/div>\n<\/div>\n<div class=\"views-row views-row-12 views-row-even\">\n<div class=\"views-field views-field-field-index-collection\">\n<div class=\"field-content\">\n<div class=\"field-collection-view clearfix view-mode-full field-collection-view-final\">\n<div class=\"entity entity-field-collection-item field-collection-item-field-index-collection clearfix\">\n<div class=\"content\">\n<blockquote>\n<p class=\"citation-small\"><a href=\"https:\/\/histoire-en-citations.fr\/WP\/pompadour-apres-nous-le-deluge\/#1162\">\u00ab\u00a0Les grands seigneurs s\u2019avilissent, \/ Les financiers s\u2019enrichissent,Tous les Poissons s\u2019agrandissent. \/ C\u2019est le r\u00e8gne des vauriens.\u00a0\u00bb<\/a><\/p>\n<p class=\"auteur\">Poissonnade, attribu\u00e9e \u00e0 <span class=\"author\"><span class=\"name\">PONT-de-VEYLE<\/span><\/span> (1697-1774)<\/p>\n<\/blockquote><\/div>\n<\/div>\n<\/div>\n<\/div><\/div>\n<\/div>\n<div class=\"views-row views-row-13 views-row-odd\">\n<div class=\"views-field views-field-field-index-collection\">\n<div class=\"field-content\">\n<div class=\"field-collection-view clearfix view-mode-full field-collection-view-final\">\n<div class=\"entity entity-field-collection-item field-collection-item-field-index-collection clearfix\">\n<div class=\"content\">\n<blockquote>\n<p class=\"citation-small\"><a href=\"https:\/\/histoire-en-citations.fr\/WP\/pompadour-apres-nous-le-deluge\/#1173\">\u00ab\u00a0La marquise n\u2019aura pas beau temps pour son voyage.\u00a0\u00bb<\/a><\/p>\n<p class=\"auteur\"><span class=\"author\"><span class=\"name\">LOUIS XV<\/span><\/span> (1710-1774), voyant le cort\u00e8ge fun\u00e8bre de sa favorite quitter Versailles sous la pluie battante, 17\u00a0avril 1764<\/p>\n<\/blockquote><\/div>\n<\/div>\n<\/div>\n<\/div><\/div>\n<\/div>\n<div class=\"views-row views-row-14 views-row-even\">\n<div class=\"views-field views-field-field-index-collection\">\n<div class=\"field-content\">\n<div class=\"field-collection-view clearfix view-mode-full field-collection-view-final\">\n<div class=\"entity entity-field-collection-item field-collection-item-field-index-collection clearfix\">\n<div class=\"content\">\n<blockquote>\n<p class=\"citation-small\"><a href=\"https:\/\/histoire-en-citations.fr\/WP\/citations-de-louise-michel\/#1175\">\u00ab\u00a0Ci-g\u00eet qui fut vingt ans pucelleSept ans catin et huit ans maquerelle.\u00a0\u00bb<\/a><\/p>\n<p class=\"auteur\">\u00c9pitaphe satirique de la marquise de Pompadour<\/p>\n<\/blockquote><\/div>\n<\/div>\n<\/div>\n<\/div><\/div>\n<\/div>\n<div class=\"views-row views-row-15 views-row-odd\">\n<div class=\"views-field views-field-field-index-collection\">\n<div class=\"field-content\">\n<div class=\"field-collection-view clearfix view-mode-full field-collection-view-final\">\n<div class=\"entity entity-field-collection-item field-collection-item-field-index-collection clearfix\">\n<div class=\"content\">\n<blockquote>\n<p class=\"citation-small\"><a href=\"https:\/\/histoire-en-citations.fr\/WP\/pompadour-apres-nous-le-deluge\/#1177\">\u00ab\u00a0Oh\u00a0! la belle statue\u00a0! oh\u00a0! le beau pi\u00e9destal\u00a0! \/ Les Vertus sont \u00e0 pied et le Vice \u00e0 cheval.\u00a0\u00bb<\/a><\/p>\n<p class=\"auteur\">Vers anonymes \u00e9crits sur le socle de la statue \u00e9questre de Louis\u00a0XV<\/p>\n<\/blockquote><\/div>\n<\/div>\n<\/div>\n<\/div><\/div>\n<\/div>\n<div class=\"views-row views-row-16 views-row-even\">\n<div class=\"views-field views-field-field-index-collection\">\n<div class=\"field-content\">\n<div class=\"field-collection-view clearfix view-mode-full field-collection-view-final\">\n<div class=\"entity entity-field-collection-item field-collection-item-field-index-collection clearfix\">\n<div class=\"content\">\n<blockquote>\n<p class=\"citation-small\"><a href=\"https:\/\/histoire-en-citations.fr\/WP\/pompadour-apres-nous-le-deluge\/#1185\">\u00ab\u00a0Eh\u00a0! la France, ton caf\u00e9 fout le camp.\u00a0\u00bb<\/a><\/p>\n<p class=\"auteur\"><span class=\"author\"><span class=\"surname\">Comtesse <\/span><span class=\"name\">DU BARRY<\/span><\/span> (1743-1793), s\u2019adressant \u00e0 Louis\u00a0XV<\/p>\n<\/blockquote><\/div>\n<\/div>\n<\/div>\n<\/div><\/div>\n<\/div>\n<div class=\"views-row views-row-17 views-row-odd\">\n<div class=\"views-field views-field-field-index-collection\">\n<div class=\"field-content\">\n<div class=\"field-collection-view clearfix view-mode-full field-collection-view-final\">\n<div class=\"entity entity-field-collection-item field-collection-item-field-index-collection clearfix\">\n<div class=\"content\">\n<blockquote>\n<p class=\"citation-small\"><a href=\"https:\/\/histoire-en-citations.fr\/WP\/pompadour-apres-nous-le-deluge\/#1195\">\u00ab\u00a0Ami des propos libertins, \/ Buveur fameux, et roi c\u00e9l\u00e8brePar la chasse et par les catins\u00a0: \/ Voil\u00e0 ton oraison fun\u00e8bre.\u00a0\u00bb<\/a><\/p>\n<p class=\"auteur\"><cite>Chanson \u00e0 la mort de Louis\u00a0XV<\/cite> (1774)<\/p>\n<\/blockquote><\/div>\n<\/div>\n<\/div>\n<\/div><\/div>\n<\/div>\n<div class=\"views-row views-row-18 views-row-even\">\n<div class=\"views-field views-field-field-index-collection\">\n<div class=\"field-content\">\n<div class=\"field-collection-view clearfix view-mode-full field-collection-view-final\">\n<div class=\"entity entity-field-collection-item field-collection-item-field-index-collection clearfix\">\n<div class=\"content\">\n<blockquote>\n<p class=\"citation-small\"><a href=\"https:\/\/histoire-en-citations.fr\/WP\/mazarin-est-il-heureux\/#1331\">\u00ab\u00a014, rien.\u00a0\u00bb<\/a><\/p>\n<p class=\"auteur\"><span class=\"author\"><span class=\"name\">LOUIS XVI<\/span><\/span> (1754-1793), note ces deux mots dans son carnet avant de se coucher, ch\u00e2teau de Versailles, soir du 14\u00a0juillet 1789<\/p>\n<\/blockquote><\/div>\n<\/div>\n<\/div>\n<\/div><\/div>\n<\/div>\n<div class=\"views-row views-row-19 views-row-odd views-row-last\">\n<div class=\"views-field views-field-field-index-collection\">\n<div class=\"field-content\">\n<div class=\"field-collection-view clearfix view-mode-full field-collection-view-final\">\n<div class=\"entity entity-field-collection-item field-collection-item-field-index-collection clearfix\">\n<div class=\"content\">\n<blockquote>\n<p class=\"citation-small\"><a href=\"https:\/\/histoire-en-citations.fr\/WP\/mirabeau-le-silence-des-peuples-est-la-lecon-des-rois\/#1334\">\u00ab\u00a0Le silence des peuples est la le\u00e7on des rois.\u00a0\u00bb<\/a><\/p>\n<p class=\"auteur\"><span class=\"author\"><span class=\"surname\">Comte de <\/span><span class=\"name\">MIRABEAU<\/span><\/span> (1749-1791), Constituante, Versailles, 15\u00a0juillet 1789<\/p>\n<\/blockquote><\/div>\n<\/div>\n<\/div>\n<\/div><\/div>\n<\/div>\n<\/div>\n<\/div>\n<\/div>\n<style>\r\n        a .cit-num {\r\n            text-decoration: none !important;\r\n            color: inherit !important;\r\n        }\r\n    <\/style>","protected":false},"excerpt":{"rendered":"<p>S\u00e9duisant et s\u00e9ducteur, \u201c\u00a0Louis le Bien-Aim\u00e9\u00a0\u201d mourra ha\u00ef du peuple. Pas fait pour le m\u00e9tier et mal pr\u00e9par\u00e9 (roi \u00e0 cinq ans), volontairement coup\u00e9 de son peuple, pr\u00e9f\u00e9rant de beaucoup la chasse, les femmes (favorites parfois influentes, la Pompadour et la Du Barry), les trop jeunes filles (rem\u00e8des \u00e0 sa m\u00e9lancolie maladive) et la douceur [&#8230;]<\/p>\n","protected":false},"author":1,"featured_media":0,"parent":0,"menu_order":0,"comment_status":"closed","ping_status":"closed","template":"","meta":{"site-sidebar-layout":"default","site-content-layout":"","ast-site-content-layout":"default","site-content-style":"default","site-sidebar-style":"default","ast-global-header-display":"","ast-banner-title-visibility":"","ast-main-header-display":"","ast-hfb-above-header-display":"","ast-hfb-below-header-display":"","ast-hfb-mobile-header-display":"","site-post-title":"","ast-breadcrumbs-content":"","ast-featured-img":"","footer-sml-layout":"","theme-transparent-header-meta":"","adv-header-id-meta":"","stick-header-meta":"","header-above-stick-meta":"","header-main-stick-meta":"","header-below-stick-meta":"","astra-migrate-meta-layouts":"default","ast-page-background-enabled":"default","ast-page-background-meta":{"desktop":{"background-color":"var(--ast-global-color-5)","background-image":"","background-repeat":"repeat","background-position":"center center","background-size":"auto","background-attachment":"scroll","background-type":"","background-media":"","overlay-type":"","overlay-color":"","overlay-opacity":"","overlay-gradient":""},"tablet":{"background-color":"","background-image":"","background-repeat":"repeat","background-position":"center center","background-size":"auto","background-attachment":"scroll","background-type":"","background-media":"","overlay-type":"","overlay-color":"","overlay-opacity":"","overlay-gradient":""},"mobile":{"background-color":"","background-image":"","background-repeat":"repeat","background-position":"center center","background-size":"auto","background-attachment":"scroll","background-type":"","background-media":"","overlay-type":"","overlay-color":"","overlay-opacity":"","overlay-gradient":""}},"ast-content-background-meta":{"desktop":{"background-color":"var(--ast-global-color-4)","background-image":"","background-repeat":"repeat","background-position":"center center","background-size":"auto","background-attachment":"scroll","background-type":"","background-media":"","overlay-type":"","overlay-color":"","overlay-opacity":"","overlay-gradient":""},"tablet":{"background-color":"var(--ast-global-color-4)","background-image":"","background-repeat":"repeat","background-position":"center center","background-size":"auto","background-attachment":"scroll","background-type":"","background-media":"","overlay-type":"","overlay-color":"","overlay-opacity":"","overlay-gradient":""},"mobile":{"background-color":"var(--ast-global-color-4)","background-image":"","background-repeat":"repeat","background-position":"center center","background-size":"auto","background-attachment":"scroll","background-type":"","background-media":"","overlay-type":"","overlay-color":"","overlay-opacity":"","overlay-gradient":""}},"iawp_total_views":37,"footnotes":""},"class_list":["post-10491","page","type-page","status-publish","hentry"],"_links":{"self":[{"href":"https:\/\/histoire-en-citations.fr\/WP\/wp-json\/wp\/v2\/pages\/10491","targetHints":{"allow":["GET"]}}],"collection":[{"href":"https:\/\/histoire-en-citations.fr\/WP\/wp-json\/wp\/v2\/pages"}],"about":[{"href":"https:\/\/histoire-en-citations.fr\/WP\/wp-json\/wp\/v2\/types\/page"}],"author":[{"embeddable":true,"href":"https:\/\/histoire-en-citations.fr\/WP\/wp-json\/wp\/v2\/users\/1"}],"replies":[{"embeddable":true,"href":"https:\/\/histoire-en-citations.fr\/WP\/wp-json\/wp\/v2\/comments?post=10491"}],"version-history":[{"count":3,"href":"https:\/\/histoire-en-citations.fr\/WP\/wp-json\/wp\/v2\/pages\/10491\/revisions"}],"predecessor-version":[{"id":12519,"href":"https:\/\/histoire-en-citations.fr\/WP\/wp-json\/wp\/v2\/pages\/10491\/revisions\/12519"}],"wp:attachment":[{"href":"https:\/\/histoire-en-citations.fr\/WP\/wp-json\/wp\/v2\/media?parent=10491"}],"curies":[{"name":"wp","href":"https:\/\/api.w.org\/{rel}","templated":true}]}}