{"id":10497,"date":"2025-09-22T07:34:20","date_gmt":"2025-09-22T05:34:20","guid":{"rendered":"https:\/\/histoire-en-citations.fr\/WP\/mac-mahon\/"},"modified":"2025-11-19T08:52:11","modified_gmt":"2025-11-19T07:52:11","slug":"mac-mahon","status":"publish","type":"page","link":"https:\/\/histoire-en-citations.fr\/WP\/mac-mahon\/","title":{"rendered":"Mac-Mahon"},"content":{"rendered":"<div class=\"content\">\n<div class=\"view view-index-taxo view-id-index_taxo view-display-id-page view-dom-id-36c8db117409fbae9978d54a7437f49a\">\n<div class=\"view-header\">\n<p class=\"presentation\">Mar\u00e9chal glorieux, h\u00e9ros de la guerre de Crim\u00e9e au si\u00e8ge de S\u00e9bastopol (\u201c\u00a0J\u2019y suis, j\u2019y reste\u00a0\u201d), nomm\u00e9 vingt ans apr\u00e8s pr\u00e9sident de la Troisi\u00e8me R\u00e9publique (rival heureux de Thiers). Monarchiste \u00e0 l\u2019image du pays, il veut laisser la place au pr\u00e9tendant au tr\u00f4ne, mais refuse le r\u00e9tablissement du drapeau blanc. Loyal, il saura se soumettre, puis se d\u00e9mettre en cours de septennat.<\/p>\n<p class=\"idxinfo\">Cliquez sur une citation pour la consulter dans son contexte historique.<a class=\"retour\" href=\"https:\/\/histoire-en-citations.fr\/WP\/personnages\/\">Retour aux personnages<\/a><\/p>\n<p> Affichage de 1 \u2013 15 sur 15.    <\/p><\/div>\n<div class=\"view-content\">\n<div class=\"views-row views-row-1 views-row-odd views-row-first\">\n<div class=\"views-field views-field-field-index-collection\">\n<div class=\"field-content\">\n<div class=\"field-collection-view clearfix view-mode-full field-collection-view-final\">\n<div class=\"entity entity-field-collection-item field-collection-item-field-index-collection clearfix\">\n<div class=\"content\">\n<blockquote>\n<p class=\"citation-small\"><a href=\"https:\/\/histoire-en-citations.fr\/WP\/lhistoire-en-caricatures-troisieme-republique\/#2264\">\u00ab\u00a0J\u2019y suis, j\u2019y reste.\u00a0\u00bb<\/a><\/p>\n<p class=\"auteur\"><span class=\"author\"><span class=\"name\">MAC-MAHON<\/span><\/span> (1808-1893), au fort de Malakoff, surplombant la citadelle de S\u00e9bastopol, 8\u00a0septembre 1855<\/p>\n\n<\/blockquote><\/div>\n<\/div>\n<\/div>\n<\/div><\/div>\n<\/div>\n<div class=\"views-row views-row-2 views-row-even\">\n<div class=\"views-field views-field-field-index-collection\">\n<div class=\"field-content\">\n<div class=\"field-collection-view clearfix view-mode-full field-collection-view-final\">\n<div class=\"entity entity-field-collection-item field-collection-item-field-index-collection clearfix\">\n<div class=\"content\">\n<blockquote>\n<p class=\"citation-small\"><a href=\"https:\/\/histoire-en-citations.fr\/WP\/histoire-du-travail-en-citations-du-moyen-age-au-xixe-siecle\/#2376\">\u00ab\u00a0Habitants de Paris, l\u2019arm\u00e9e de la France est venue vous sauver. Paris est d\u00e9livr\u00e9. Nos soldats ont enlev\u00e9, \u00e0 quatre heures, les derni\u00e8res positions occup\u00e9es par les insurg\u00e9s. Aujourd\u2019hui la lutte est termin\u00e9e\u00a0; l\u2019ordre, le travail et la s\u00e9curit\u00e9 vont rena\u00eetre.\u00a0\u00bb<\/a><\/p>\n<p class=\"auteur\"><span class=\"author\"><span class=\"name\">MAC-MAHON<\/span><\/span> (1808-1893), Proclamation affich\u00e9e le 29\u00a0mai\u00a01871<\/p>\n\n<\/blockquote><\/div>\n<\/div>\n<\/div>\n<\/div><\/div>\n<\/div>\n<div class=\"views-row views-row-3 views-row-odd\">\n<div class=\"views-field views-field-field-index-collection\">\n<div class=\"field-content\">\n<div class=\"field-collection-view clearfix view-mode-full field-collection-view-final\">\n<div class=\"entity entity-field-collection-item field-collection-item-field-index-collection clearfix\">\n<div class=\"content\">\n<blockquote>\n<p class=\"citation-small\"><a href=\"https:\/\/histoire-en-citations.fr\/WP\/galerie-presidentielle-ii-troisieme-republique-jusquen-1879\/#2426\">\u00ab\u00a0Vous faites appel \u00e0 mon patriotisme\u2026 soit, j\u2019accepte\u00a0!\u00a0\u00bb<\/a><\/p>\n<p class=\"auteur\"><span class=\"author\"><span class=\"name\">MAC-MAHON<\/span><\/span> (1808-1893), 18\u00a0mai\u00a01873<\/p>\n\n<\/blockquote><\/div>\n<\/div>\n<\/div>\n<\/div><\/div>\n<\/div>\n<div class=\"views-row views-row-4 views-row-even\">\n<div class=\"views-field views-field-field-index-collection\">\n<div class=\"field-content\">\n<div class=\"field-collection-view clearfix view-mode-full field-collection-view-final\">\n<div class=\"entity entity-field-collection-item field-collection-item-field-index-collection clearfix\">\n<div class=\"content\">\n<blockquote>\n<p class=\"citation-small\"><a href=\"https:\/\/histoire-en-citations.fr\/WP\/galerie-presidentielle-ii-troisieme-republique-jusquen-1879\/#2427\">\u00ab\u00a0Il faut tout prendre au s\u00e9rieux, mais rien au tragique.\u00a0\u00bb<\/a><\/p>\n<p class=\"auteur\"><span class=\"author\"><span class=\"surname\">Adolphe <\/span><span class=\"name\">THIERS<\/span><\/span> (1797-1877), Discours \u00e0 la Chambre des d\u00e9put\u00e9s, 24\u00a0mai 1873<\/p>\n\n<\/blockquote><\/div>\n<\/div>\n<\/div>\n<\/div><\/div>\n<\/div>\n<div class=\"views-row views-row-5 views-row-odd\">\n<div class=\"views-field views-field-field-index-collection\">\n<div class=\"field-content\">\n<div class=\"field-collection-view clearfix view-mode-full field-collection-view-final\">\n<div class=\"entity entity-field-collection-item field-collection-item-field-index-collection clearfix\">\n<div class=\"content\">\n<blockquote>\n<p class=\"citation-small\"><a href=\"https:\/\/histoire-en-citations.fr\/WP\/qui-a-dit-quoi-de-qui-troisieme-republique\/#2428\">\u00ab\u00a0La pr\u00e9sidence est un enfer, je n\u2019y retournerai pas. Et vous-m\u00eame, mon cher Mar\u00e9chal, n\u2019y entrez pas. Aujourd\u2019hui le pouvoir est un gu\u00eapier dans lequel une nature militaire telle que la v\u00f4tre perdrait patience en quarante-huit heures.\u00a0\u00bb<\/a><\/p>\n<p class=\"auteur\"><span class=\"author\"><span class=\"surname\">Adolphe <\/span><span class=\"name\">THIERS<\/span><\/span> (1797-1877), 24\u00a0mai\u00a01873<\/p>\n\n<\/blockquote><\/div>\n<\/div>\n<\/div>\n<\/div><\/div>\n<\/div>\n<div class=\"views-row views-row-6 views-row-even\">\n<div class=\"views-field views-field-field-index-collection\">\n<div class=\"field-content\">\n<div class=\"field-collection-view clearfix view-mode-full field-collection-view-final\">\n<div class=\"entity entity-field-collection-item field-collection-item-field-index-collection clearfix\">\n<div class=\"content\">\n<blockquote>\n<p class=\"citation-small\"><a href=\"https:\/\/histoire-en-citations.fr\/WP\/galerie-presidentielle-ii-troisieme-republique-jusquen-1879\/#2429\">\u00ab\u00a0Avec l\u2019aide de Dieu, le d\u00e9vouement de notre arm\u00e9e qui sera toujours l\u2019esclave de la loi, l\u2019appui de tous les honn\u00eates gens, nous continuerons l\u2019\u0153uvre de la lib\u00e9ration du territoire et du r\u00e9tablissement de l\u2019ordre moral dans notre pays.\u00a0\u00bb<\/a><\/p>\n<p class=\"auteur\"><span class=\"author\"><span class=\"name\">MAC-MAHON<\/span><\/span> (1808-1893), Message pr\u00e9sidentiel du 25\u00a0mai\u00a01873<\/p>\n\n<\/blockquote><\/div>\n<\/div>\n<\/div>\n<\/div><\/div>\n<\/div>\n<div class=\"views-row views-row-7 views-row-odd\">\n<div class=\"views-field views-field-field-index-collection\">\n<div class=\"field-content\">\n<div class=\"field-collection-view clearfix view-mode-full field-collection-view-final\">\n<div class=\"entity entity-field-collection-item field-collection-item-field-index-collection clearfix\">\n<div class=\"content\">\n<blockquote>\n<p class=\"citation-small\"><a href=\"https:\/\/histoire-en-citations.fr\/WP\/qui-a-dit-quoi-de-qui-troisieme-republique\/#2438\">\u00ab\u00a0Je croyais avoir affaire \u00e0 un Conn\u00e9table de France, je n\u2019ai trouv\u00e9 qu\u2019un capitaine de gendarmerie.\u00a0\u00bb<\/a><\/p>\n<p class=\"auteur\"><span class=\"author\"><span class=\"surname\">Comte de <\/span><span class=\"name\">CHAMBORD<\/span><\/span> (1820-1883), apprenant le refus de Mac-Mahon qui se r\u00e9cuse, le 12\u00a0novembre\u00a01873<\/p>\n\n<\/blockquote><\/div>\n<\/div>\n<\/div>\n<\/div><\/div>\n<\/div>\n<div class=\"views-row views-row-8 views-row-even\">\n<div class=\"views-field views-field-field-index-collection\">\n<div class=\"field-content\">\n<div class=\"field-collection-view clearfix view-mode-full field-collection-view-final\">\n<div class=\"entity entity-field-collection-item field-collection-item-field-index-collection clearfix\">\n<div class=\"content\">\n<blockquote>\n<p class=\"citation-small\"><a href=\"https:\/\/histoire-en-citations.fr\/WP\/lhistoire-en-chantant-troisieme-republique-et-seconde-guerre-mondiale\/#2439\">\u00ab\u00a0Premier magistrat du pays,L\u2019honneur me met, je vous l\u2019atteste,Au-dessus de tous les partis.Aussi, Messieurs, j\u2019y suis, j\u2019y reste.\u00a0\u00bb<\/a><\/p>\n<p class=\"auteur\"><span class=\"author\"><span class=\"surname\">Paul <\/span><span class=\"name\">AVENEL<\/span><\/span> (1823-1902), <cite>J\u2019y suis, j\u2019y reste<\/cite> (1873), chanson<\/p>\n\n<\/blockquote><\/div>\n<\/div>\n<\/div>\n<\/div><\/div>\n<\/div>\n<div class=\"views-row views-row-9 views-row-odd\">\n<div class=\"views-field views-field-field-index-collection\">\n<div class=\"field-content\">\n<div class=\"field-collection-view clearfix view-mode-full field-collection-view-final\">\n<div class=\"entity entity-field-collection-item field-collection-item-field-index-collection clearfix\">\n<div class=\"content\">\n<blockquote>\n<p class=\"citation-small\"><a href=\"https:\/\/histoire-en-citations.fr\/WP\/galerie-presidentielle-ii-troisieme-republique-jusquen-1879\/#2440\">\u00ab\u00a0Il est assez difficile que M. Mac-Mahon nous dise ce qu\u2019il veut, puisqu\u2019il ne peut m\u00eame pas nous apprendre ce qu\u2019il est. C\u2019est ce qu\u2019on appelle en photographie un n\u00e9gatif, et en histoire naturelle un mulet.\u00a0\u00bb<\/a><\/p>\n<p class=\"auteur\"><span class=\"author\"><span class=\"surname\">Henri <\/span><span class=\"name\">ROCHEFORT<\/span><\/span> (1831-1913), <cite>La Lanterne<\/cite>, 1874<\/p>\n\n<\/blockquote><\/div>\n<\/div>\n<\/div>\n<\/div><\/div>\n<\/div>\n<div class=\"views-row views-row-10 views-row-even\">\n<div class=\"views-field views-field-field-index-collection\">\n<div class=\"field-content\">\n<div class=\"field-collection-view clearfix view-mode-full field-collection-view-final\">\n<div class=\"entity entity-field-collection-item field-collection-item-field-index-collection clearfix\">\n<div class=\"content\">\n<blockquote>\n<p class=\"citation-small\"><a href=\"https:\/\/histoire-en-citations.fr\/WP\/le-grand-betisier-historique\/#2445\">\u00ab\u00a0Que d\u2019eau, que d\u2019eau\u00a0!\u00a0\u00bb<\/a><\/p>\n<p class=\"auteur\"><span class=\"author\"><span class=\"name\">MAC-MAHON<\/span><\/span> (1808-1893) \u00e0 la vue des inondations catastrophiques, Toulouse, 26\u00a0juin\u00a01875<\/p>\n\n<\/blockquote><\/div>\n<\/div>\n<\/div>\n<\/div><\/div>\n<\/div>\n<div class=\"views-row views-row-11 views-row-odd\">\n<div class=\"views-field views-field-field-index-collection\">\n<div class=\"field-content\">\n<div class=\"field-collection-view clearfix view-mode-full field-collection-view-final\">\n<div class=\"entity entity-field-collection-item field-collection-item-field-index-collection clearfix\">\n<div class=\"content\">\n<blockquote>\n<p class=\"citation-small\"><a href=\"https:\/\/histoire-en-citations.fr\/WP\/qui-a-dit-quoi-de-qui-troisieme-republique\/#2448\">\u00ab\u00a0Je suis, vous le savez, messieurs, profond\u00e9ment r\u00e9publicain et profond\u00e9ment conservateur.\u00a0\u00bb<\/a><\/p>\n<p class=\"auteur\"><span class=\"author\"><span class=\"surname\">Jules <\/span><span class=\"name\">SIMON<\/span><\/span> (1814-1896), pr\u00e9sident du Conseil, Chambre des d\u00e9put\u00e9s, D\u00e9claration minist\u00e9rielle du 14\u00a0d\u00e9cembre 1876<\/p>\n\n<\/blockquote><\/div>\n<\/div>\n<\/div>\n<\/div><\/div>\n<\/div>\n<div class=\"views-row views-row-12 views-row-even\">\n<div class=\"views-field views-field-field-index-collection\">\n<div class=\"field-content\">\n<div class=\"field-collection-view clearfix view-mode-full field-collection-view-final\">\n<div class=\"entity entity-field-collection-item field-collection-item-field-index-collection clearfix\">\n<div class=\"content\">\n<blockquote>\n<p class=\"citation-small\"><a href=\"https:\/\/histoire-en-citations.fr\/WP\/paroles-de-papes-breve-histoire-de-la-religion-en-france-du-siecle-de-louis-xiv-a-nos-jours\/#2452\">\u00ab\u00a0L\u2019ordre moral atteint au d\u00e9lire de la stupidit\u00e9.\u00a0\u00bb<\/a><\/p>\n<p class=\"auteur\"><span class=\"author\"><span class=\"surname\">Gustave <\/span><span class=\"name\">FLAUBERT<\/span><\/span> (1821-1880), <cite>Correspondance<\/cite>, volume\u00a0IV (1893)<\/p>\n\n<\/blockquote><\/div>\n<\/div>\n<\/div>\n<\/div><\/div>\n<\/div>\n<div class=\"views-row views-row-13 views-row-odd\">\n<div class=\"views-field views-field-field-index-collection\">\n<div class=\"field-content\">\n<div class=\"field-collection-view clearfix view-mode-full field-collection-view-final\">\n<div class=\"entity entity-field-collection-item field-collection-item-field-index-collection clearfix\">\n<div class=\"content\">\n<blockquote>\n<p class=\"citation-small\"><a href=\"https:\/\/histoire-en-citations.fr\/WP\/lhistoire-en-caricatures-troisieme-republique\/#2453\">\u00ab\u00a0Quand la France aura fait entendre sa voix souveraine [\u2026] il faudra se soumettre ou se d\u00e9mettre.\u00a0\u00bb<\/a><\/p>\n<p class=\"auteur\"><span class=\"author\"><span class=\"surname\">L\u00e9on <\/span><span class=\"name\">GAMBETTA<\/span><\/span> (1838-1882), Discours de Lille, 15\u00a0ao\u00fbt 1877<\/p>\n\n<\/blockquote><\/div>\n<\/div>\n<\/div>\n<\/div><\/div>\n<\/div>\n<div class=\"views-row views-row-14 views-row-even\">\n<div class=\"views-field views-field-field-index-collection\">\n<div class=\"field-content\">\n<div class=\"field-collection-view clearfix view-mode-full field-collection-view-final\">\n<div class=\"entity entity-field-collection-item field-collection-item-field-index-collection clearfix\">\n<div class=\"content\">\n<blockquote>\n<p class=\"citation-small\"><a href=\"https:\/\/histoire-en-citations.fr\/WP\/galerie-presidentielle-ii-troisieme-republique-jusquen-1879\/#2454\">\u00ab\u00a0La monture a l\u2019air intelligent, ma foi.\u00a0\u00bb<\/a><\/p>\n<p class=\"auteur\">L\u00e9gende d\u2019un portrait de Mac-Mahon \u00e0 cheval, \u00e9t\u00e9 1877<\/p>\n\n<\/blockquote><\/div>\n<\/div>\n<\/div>\n<\/div><\/div>\n<\/div>\n<div class=\"views-row views-row-15 views-row-odd views-row-last\">\n<div class=\"views-field views-field-field-index-collection\">\n<div class=\"field-content\">\n<div class=\"field-collection-view clearfix view-mode-full field-collection-view-final\">\n<div class=\"entity entity-field-collection-item field-collection-item-field-index-collection clearfix\">\n<div class=\"content\">\n<blockquote>\n<p class=\"citation-small\"><a href=\"https:\/\/histoire-en-citations.fr\/WP\/galerie-presidentielle-ii-troisieme-republique-jusquen-1879\/#2459\">\u00ab\u00a0La Constitution de 1875 a fond\u00e9 une r\u00e9publique parlementaire en \u00e9tablissant mon irresponsabilit\u00e9, tandis qu\u2019elle a institu\u00e9 la responsabilit\u00e9 solidaire et individuelle des ministres.\u00a0\u00bb<\/a><\/p>\n<p class=\"auteur\"><span class=\"author\"><span class=\"name\">MAC-MAHON<\/span><\/span> (1808-1893), Message du pr\u00e9sident de la R\u00e9publique aux Chambres, 14\u00a0d\u00e9cembre\u00a01877<\/p>\n\n<\/blockquote><\/div>\n<\/div>\n<\/div>\n<\/div><\/div>\n<\/div>\n<\/div>\n<\/div>\n<\/div>\n<style>\r\n        a .cit-num {\r\n            text-decoration: none !important;\r\n            color: inherit !important;\r\n        }\r\n    <\/style>","protected":false},"excerpt":{"rendered":"<p>Mar\u00e9chal glorieux, h\u00e9ros de la guerre de Crim\u00e9e au si\u00e8ge de S\u00e9bastopol (\u201c\u00a0J\u2019y suis, j\u2019y reste\u00a0\u201d), nomm\u00e9 vingt ans apr\u00e8s pr\u00e9sident de la Troisi\u00e8me R\u00e9publique (rival heureux de Thiers). Monarchiste \u00e0 l\u2019image du pays, il veut laisser la place au pr\u00e9tendant au tr\u00f4ne, mais refuse le r\u00e9tablissement du drapeau blanc. Loyal, il saura se soumettre, [&#8230;]<\/p>\n","protected":false},"author":1,"featured_media":0,"parent":0,"menu_order":0,"comment_status":"closed","ping_status":"closed","template":"","meta":{"site-sidebar-layout":"default","site-content-layout":"","ast-site-content-layout":"default","site-content-style":"default","site-sidebar-style":"default","ast-global-header-display":"","ast-banner-title-visibility":"","ast-main-header-display":"","ast-hfb-above-header-display":"","ast-hfb-below-header-display":"","ast-hfb-mobile-header-display":"","site-post-title":"","ast-breadcrumbs-content":"","ast-featured-img":"","footer-sml-layout":"","theme-transparent-header-meta":"","adv-header-id-meta":"","stick-header-meta":"","header-above-stick-meta":"","header-main-stick-meta":"","header-below-stick-meta":"","astra-migrate-meta-layouts":"default","ast-page-background-enabled":"default","ast-page-background-meta":{"desktop":{"background-color":"var(--ast-global-color-5)","background-image":"","background-repeat":"repeat","background-position":"center center","background-size":"auto","background-attachment":"scroll","background-type":"","background-media":"","overlay-type":"","overlay-color":"","overlay-opacity":"","overlay-gradient":""},"tablet":{"background-color":"","background-image":"","background-repeat":"repeat","background-position":"center center","background-size":"auto","background-attachment":"scroll","background-type":"","background-media":"","overlay-type":"","overlay-color":"","overlay-opacity":"","overlay-gradient":""},"mobile":{"background-color":"","background-image":"","background-repeat":"repeat","background-position":"center center","background-size":"auto","background-attachment":"scroll","background-type":"","background-media":"","overlay-type":"","overlay-color":"","overlay-opacity":"","overlay-gradient":""}},"ast-content-background-meta":{"desktop":{"background-color":"var(--ast-global-color-4)","background-image":"","background-repeat":"repeat","background-position":"center center","background-size":"auto","background-attachment":"scroll","background-type":"","background-media":"","overlay-type":"","overlay-color":"","overlay-opacity":"","overlay-gradient":""},"tablet":{"background-color":"var(--ast-global-color-4)","background-image":"","background-repeat":"repeat","background-position":"center center","background-size":"auto","background-attachment":"scroll","background-type":"","background-media":"","overlay-type":"","overlay-color":"","overlay-opacity":"","overlay-gradient":""},"mobile":{"background-color":"var(--ast-global-color-4)","background-image":"","background-repeat":"repeat","background-position":"center center","background-size":"auto","background-attachment":"scroll","background-type":"","background-media":"","overlay-type":"","overlay-color":"","overlay-opacity":"","overlay-gradient":""}},"iawp_total_views":257,"footnotes":""},"class_list":["post-10497","page","type-page","status-publish","hentry"],"_links":{"self":[{"href":"https:\/\/histoire-en-citations.fr\/WP\/wp-json\/wp\/v2\/pages\/10497","targetHints":{"allow":["GET"]}}],"collection":[{"href":"https:\/\/histoire-en-citations.fr\/WP\/wp-json\/wp\/v2\/pages"}],"about":[{"href":"https:\/\/histoire-en-citations.fr\/WP\/wp-json\/wp\/v2\/types\/page"}],"author":[{"embeddable":true,"href":"https:\/\/histoire-en-citations.fr\/WP\/wp-json\/wp\/v2\/users\/1"}],"replies":[{"embeddable":true,"href":"https:\/\/histoire-en-citations.fr\/WP\/wp-json\/wp\/v2\/comments?post=10497"}],"version-history":[{"count":5,"href":"https:\/\/histoire-en-citations.fr\/WP\/wp-json\/wp\/v2\/pages\/10497\/revisions"}],"predecessor-version":[{"id":15139,"href":"https:\/\/histoire-en-citations.fr\/WP\/wp-json\/wp\/v2\/pages\/10497\/revisions\/15139"}],"wp:attachment":[{"href":"https:\/\/histoire-en-citations.fr\/WP\/wp-json\/wp\/v2\/media?parent=10497"}],"curies":[{"name":"wp","href":"https:\/\/api.w.org\/{rel}","templated":true}]}}