{"id":10501,"date":"2025-09-22T07:34:20","date_gmt":"2025-09-22T05:34:20","guid":{"rendered":"https:\/\/histoire-en-citations.fr\/WP\/marat\/"},"modified":"2025-09-22T07:34:20","modified_gmt":"2025-09-22T05:34:20","slug":"marat","status":"publish","type":"page","link":"https:\/\/histoire-en-citations.fr\/WP\/marat\/","title":{"rendered":"Marat"},"content":{"rendered":"<div class=\"content\">\n<div class=\"view view-index-taxo view-id-index_taxo view-display-id-page view-dom-id-a61e813e7e41a1e71f9a7e288a731020\">\n<div class=\"view-header\">\n<p class=\"presentation\">Le m\u00e9chant de l\u2019Histoire, \u00e7a fait toujours un bon personnage, sauf pour les contemporains (et les historiens). Il fut pourtant \u201c\u00a0l\u2019Ami du peuple\u00a0\u201d, assassin\u00e9, pleur\u00e9 et port\u00e9 au Panth\u00e9on (d\u00e9panth\u00e9onis\u00e9 un an apr\u00e8s).<\/p>\n<p class=\"idxinfo\">Cliquez sur une citation pour la consulter dans son contexte historique.<a class=\"retour\" href=\"https:\/\/histoire-en-citations.fr\/WP\/personnages\/\">Retour aux personnages<\/a><\/p>\n<p> Affichage de 1 \u2013 15 sur 15.    <\/p><\/div>\n<div class=\"view-content\">\n<div class=\"views-row views-row-1 views-row-odd views-row-first\">\n<div class=\"views-field views-field-field-index-collection\">\n<div class=\"field-content\">\n<div class=\"field-collection-view clearfix view-mode-full field-collection-view-final\">\n<div class=\"entity entity-field-collection-item field-collection-item-field-index-collection clearfix\">\n<div class=\"content\">\n<blockquote>\n<p class=\"citation-small\"><a href=\"https:\/\/histoire-en-citations.fr\/WP\/recit-ou-roman-national-une-confusion-inadmissible-ii#1270\">\u00ab\u00a0Pour encha\u00eener les peuples, on commence par les endormir [\u2026] C\u2019est des feux de la s\u00e9dition que na\u00eet la libert\u00e9.\u00a0\u00bb<\/a><\/p>\n<p class=\"auteur\"><span class=\"author\"><span class=\"surname\">Jean-Paul <\/span><span class=\"name\">MARAT<\/span><\/span> (1743-1793), <cite>Les Cha\u00eenes de l\u2019esclavage<\/cite> (1774)<\/p>\n\n<\/blockquote><\/div>\n<\/div>\n<\/div>\n<\/div><\/div>\n<\/div>\n<div class=\"views-row views-row-2 views-row-even\">\n<div class=\"views-field views-field-field-index-collection\">\n<div class=\"field-content\">\n<div class=\"field-collection-view clearfix view-mode-full field-collection-view-final\">\n<div class=\"entity entity-field-collection-item field-collection-item-field-index-collection clearfix\">\n<div class=\"content\">\n<blockquote>\n<p class=\"citation-small\"><a href=\"https:\/\/histoire-en-citations.fr\/WP\/lhistoire-en-caricatures-revolution-2e-partie#1301\">\u00ab\u00a0Les si\u00e8cles finissent par avoir une poche de fiel. Cette poche cr\u00e8ve. C\u2019est Marat.\u00a0\u00bb<\/a><\/p>\n<p class=\"auteur\"><span class=\"author\"><span class=\"surname\">Victor <\/span><span class=\"name\">HUGO<\/span><\/span> (1802-1885), <cite>Quatre-vingt-treize<\/cite> (1874)<\/p>\n\n<\/blockquote><\/div>\n<\/div>\n<\/div>\n<\/div><\/div>\n<\/div>\n<div class=\"views-row views-row-3 views-row-odd\">\n<div class=\"views-field views-field-field-index-collection\">\n<div class=\"field-content\">\n<div class=\"field-collection-view clearfix view-mode-full field-collection-view-final\">\n<div class=\"entity entity-field-collection-item field-collection-item-field-index-collection clearfix\">\n<div class=\"content\">\n<blockquote>\n<p class=\"citation-small\"><a href=\"https:\/\/histoire-en-citations.fr\/WP\/lhistoire-en-caricatures-revolution-2e-partie#1302\">\u00ab\u00a0Ce fanatique \u00e9nergum\u00e8ne nous inspirait \u00e0 nous-m\u00eames une sorte de r\u00e9pugnance et de stupeur [\u2026] Ses v\u00eatements en d\u00e9sordre, sa figure livide, ses yeux hagards avaient je ne sais quoi de rebutant et d\u2019\u00e9pouvantable qui contristait l\u2019\u00e2me.\u00a0\u00bb<\/a><\/p>\n<p class=\"auteur\"><span class=\"author\"><span class=\"name\">LEVASSEUR de la Sarthe<\/span><\/span> (1747-1834)<\/p>\n\n<\/blockquote><\/div>\n<\/div>\n<\/div>\n<\/div><\/div>\n<\/div>\n<div class=\"views-row views-row-4 views-row-even\">\n<div class=\"views-field views-field-field-index-collection\">\n<div class=\"field-content\">\n<div class=\"field-collection-view clearfix view-mode-full field-collection-view-final\">\n<div class=\"entity entity-field-collection-item field-collection-item-field-index-collection clearfix\">\n<div class=\"content\">\n<blockquote>\n<p class=\"citation-small\"><a href=\"https:\/\/histoire-en-citations.fr\/WP\/qui-a-dit-quoi-de-qui-revolution#1303\">\u00ab\u00a0L\u2019aigle marche toujours seul, le dindon fait troupe\u00a0!\u00a0\u00bb<\/a><\/p>\n<p class=\"auteur\"><span class=\"author\"><span class=\"surname\">Jean-Paul <\/span><span class=\"name\">MARAT<\/span><\/span> (1743-1793) en r\u00e9ponse \u00e0 Fr\u00e9ron et Desmoulins, septembre\u00a01789<\/p>\n\n<\/blockquote><\/div>\n<\/div>\n<\/div>\n<\/div><\/div>\n<\/div>\n<div class=\"views-row views-row-5 views-row-odd\">\n<div class=\"views-field views-field-field-index-collection\">\n<div class=\"field-content\">\n<div class=\"field-collection-view clearfix view-mode-full field-collection-view-final\">\n<div class=\"entity entity-field-collection-item field-collection-item-field-index-collection clearfix\">\n<div class=\"content\">\n<blockquote>\n<p class=\"citation-small\"><a href=\"https:\/\/histoire-en-citations.fr\/WP\/lhistoire-en-caricatures-revolution-2e-partie#1305\">\u00ab\u00a0Au-del\u00e0 de ce que propose Marat, il ne peut y avoir que d\u00e9lire et extravagance.\u00a0\u00bb<\/a><\/p>\n<p class=\"auteur\"><span class=\"author\"><span class=\"surname\">Camille <\/span><span class=\"name\">DESMOULINS<\/span><\/span> (1760-1794)<\/p>\n\n<\/blockquote><\/div>\n<\/div>\n<\/div>\n<\/div><\/div>\n<\/div>\n<div class=\"views-row views-row-6 views-row-even\">\n<div class=\"views-field views-field-field-index-collection\">\n<div class=\"field-content\">\n<div class=\"field-collection-view clearfix view-mode-full field-collection-view-final\">\n<div class=\"entity entity-field-collection-item field-collection-item-field-index-collection clearfix\">\n<div class=\"content\">\n<blockquote>\n<p class=\"citation-small\"><a href=\"https:\/\/histoire-en-citations.fr\/WP\/marat-peres-de-la-patrie-tremblez-quen-nous-refusant-le-droit-de-citoyen-en-raison-de-notre-pauvrete#1351\">\u00ab\u00a0P\u00e8res de la patrie [\u2026] tremblez qu\u2019en nous refusant le droit de citoyen en raison de notre pauvret\u00e9, nous ne le recouvrions en vous enlevant le superflu.\u00a0\u00bb<\/a><\/p>\n<p class=\"auteur\"><span class=\"author\"><span class=\"surname\">Jean-Paul <\/span><span class=\"name\">MARAT<\/span><\/span> (1743-1793)<\/p>\n\n<\/blockquote><\/div>\n<\/div>\n<\/div>\n<\/div><\/div>\n<\/div>\n<div class=\"views-row views-row-7 views-row-odd\">\n<div class=\"views-field views-field-field-index-collection\">\n<div class=\"field-content\">\n<div class=\"field-collection-view clearfix view-mode-full field-collection-view-final\">\n<div class=\"entity entity-field-collection-item field-collection-item-field-index-collection clearfix\">\n<div class=\"content\">\n<blockquote>\n<p class=\"citation-small\"><a href=\"https:\/\/histoire-en-citations.fr\/WP\/les-surnoms-jeu-de-mots-entre-petite-et-grande-histoire-la-revolution#1377\">\u00ab\u00a0La classe des infortun\u00e9s, que la richesse insolente d\u00e9signe sous le nom de canaille, est la partie la plus saine de la soci\u00e9t\u00e9.\u00a0\u00bb<\/a><\/p>\n<p class=\"auteur\"><span class=\"author\"><span class=\"surname\">Jean-Paul <\/span><span class=\"name\">MARAT<\/span><\/span> (1743-1793), <cite>L\u2019Ami du peuple<\/cite>, 7\u00a0octobre 1790<\/p>\n\n<\/blockquote><\/div>\n<\/div>\n<\/div>\n<\/div><\/div>\n<\/div>\n<div class=\"views-row views-row-8 views-row-even\">\n<div class=\"views-field views-field-field-index-collection\">\n<div class=\"field-content\">\n<div class=\"field-collection-view clearfix view-mode-full field-collection-view-final\">\n<div class=\"entity entity-field-collection-item field-collection-item-field-index-collection clearfix\">\n<div class=\"content\">\n<blockquote>\n<p class=\"citation-small\"><a href=\"https:\/\/histoire-en-citations.fr\/WP\/les-appels-dans-lhistoire-du-moyen-age-a-la-revolution#1380\">\u00ab\u00a0Il y a une ann\u00e9e que cinq ou six cents t\u00eates abattues vous auraient rendus libres et heureux. Aujourd\u2019hui, il en faudrait abattre dix mille. Sous quelques mois peut-\u00eatre en abattrez-vous cent mille, et vous ferez \u00e0 merveille\u2026\u00a0\u00bb<\/a><\/p>\n<p class=\"auteur\"><span class=\"author\"><span class=\"surname\">Jean-Paul <\/span><span class=\"name\">MARAT<\/span><\/span> (1743-1793), <cite>L\u2019Ami du peuple<\/cite>, d\u00e9cembre\u00a01790<\/p>\n\n<\/blockquote><\/div>\n<\/div>\n<\/div>\n<\/div><\/div>\n<\/div>\n<div class=\"views-row views-row-9 views-row-odd\">\n<div class=\"views-field views-field-field-index-collection\">\n<div class=\"field-content\">\n<div class=\"field-collection-view clearfix view-mode-full field-collection-view-final\">\n<div class=\"entity entity-field-collection-item field-collection-item-field-index-collection clearfix\">\n<div class=\"content\">\n<blockquote>\n<p class=\"citation-small\"><a href=\"https:\/\/histoire-en-citations.fr\/WP\/lhistoire-en-caricatures-revolution-2e-partie#1495\">\u00ab\u00a0C\u2019est par la violence que doit s\u2019\u00e9tablir la libert\u00e9, et le moment est venu d\u2019organiser momentan\u00e9ment le despotisme de la libert\u00e9 pour \u00e9craser le despotisme des rois.\u00a0\u00bb<\/a><\/p>\n<p class=\"auteur\"><span class=\"author\"><span class=\"surname\">Jean-Paul <\/span><span class=\"name\">MARAT<\/span><\/span> (1743-1793), <cite>L\u2019Ami du peuple<\/cite>, 13\u00a0avril 1793<\/p>\n\n<\/blockquote><\/div>\n<\/div>\n<\/div>\n<\/div><\/div>\n<\/div>\n<div class=\"views-row views-row-10 views-row-even\">\n<div class=\"views-field views-field-field-index-collection\">\n<div class=\"field-content\">\n<div class=\"field-collection-view clearfix view-mode-full field-collection-view-final\">\n<div class=\"entity entity-field-collection-item field-collection-item-field-index-collection clearfix\">\n<div class=\"content\">\n<blockquote>\n<p class=\"citation-small\"><a href=\"https:\/\/histoire-en-citations.fr\/WP\/lhistoire-en-caricatures-revolution-2e-partie#1496\">\u00ab\u00a0Donnez un verre de sang \u00e0 ce cannibale\u00a0: il a soif\u00a0!\u00a0\u00bb<\/a><\/p>\n<p class=\"auteur\"><span class=\"author\"><span class=\"surname\">Pierre Victurnien <\/span><span class=\"name\">VERGNIAUD<\/span><\/span> (1753-1793), \u00e0 Marat vitup\u00e9rant \u00e0 la tribune de la Convention, 13\u00a0avril\u00a01793<\/p>\n\n<\/blockquote><\/div>\n<\/div>\n<\/div>\n<\/div><\/div>\n<\/div>\n<div class=\"views-row views-row-11 views-row-odd\">\n<div class=\"views-field views-field-field-index-collection\">\n<div class=\"field-content\">\n<div class=\"field-collection-view clearfix view-mode-full field-collection-view-final\">\n<div class=\"entity entity-field-collection-item field-collection-item-field-index-collection clearfix\">\n<div class=\"content\">\n<blockquote>\n<p class=\"citation-small\"><a href=\"https:\/\/histoire-en-citations.fr\/WP\/lhistoire-en-caricatures-revolution-2e-partie#1498\">\u00ab\u00a0Citoyens, ce n\u2019est pas un coupable qui para\u00eet devant vous\u00a0: c\u2019est l\u2019ap\u00f4tre et le martyr de la libert\u00e9\u00a0! Ce n\u2019est qu\u2019un groupe de factieux et d\u2019intrigants qui a port\u00e9 un d\u00e9cret d\u2019accusation contre moi.\u00a0\u00bb<\/a><\/p>\n<p class=\"auteur\"><span class=\"author\"><span class=\"surname\">Jean-Paul <\/span><span class=\"name\">MARAT<\/span><\/span> (1743-1793) au Tribunal r\u00e9volutionnaire, 24\u00a0avril 1793<\/p>\n\n<\/blockquote><\/div>\n<\/div>\n<\/div>\n<\/div><\/div>\n<\/div>\n<div class=\"views-row views-row-12 views-row-even\">\n<div class=\"views-field views-field-field-index-collection\">\n<div class=\"field-content\">\n<div class=\"field-collection-view clearfix view-mode-full field-collection-view-final\">\n<div class=\"entity entity-field-collection-item field-collection-item-field-index-collection clearfix\">\n<div class=\"content\">\n<blockquote>\n<p class=\"citation-small\"><a href=\"https:\/\/histoire-en-citations.fr\/WP\/les-appels-dans-lhistoire-du-moyen-age-a-la-revolution#1519\">\u00ab\u00a0Les factions \u00e9clatent de toutes parts\u00a0: la Montagne triomphe par le crime et par l\u2019oppression\u00a0; quelques monstres abreuv\u00e9s de notre sang conduisent ces d\u00e9testables complots [\u2026] Si je ne r\u00e9ussis pas dans mon entreprise, Fran\u00e7ais, je vous ai montr\u00e9 le chemin\u00a0: vous connaissez vos ennemis. Levez-vous, marchez et frappez.\u00a0\u00bb<\/a><\/p>\n<p class=\"auteur\"><span class=\"author\"><span class=\"surname\">Charlotte <\/span><span class=\"name\">CORDAY<\/span><\/span> (1768-1793), <cite>Adresse aux Fran\u00e7ais, amis des lois et de la paix<\/cite><\/p>\n\n<\/blockquote><\/div>\n<\/div>\n<\/div>\n<\/div><\/div>\n<\/div>\n<div class=\"views-row views-row-13 views-row-odd\">\n<div class=\"views-field views-field-field-index-collection\">\n<div class=\"field-content\">\n<div class=\"field-collection-view clearfix view-mode-full field-collection-view-final\">\n<div class=\"entity entity-field-collection-item field-collection-item-field-index-collection clearfix\">\n<div class=\"content\">\n<blockquote>\n<p class=\"citation-small\"><a href=\"https:\/\/histoire-en-citations.fr\/WP\/14-juillet-et-autres-symboles-nationaux#1520\">\u00ab\u00a0Ici repose Marat, l\u2019Ami du Peuple, assassin\u00e9 par les ennemis du peuple, le 13\u00a0juillet 1793.\u00a0\u00bb<\/a><\/p>\n<p class=\"auteur\">\u00c9pitaphe sur la tombe de Marat<\/p>\n\n<\/blockquote><\/div>\n<\/div>\n<\/div>\n<\/div><\/div>\n<\/div>\n<div class=\"views-row views-row-14 views-row-even\">\n<div class=\"views-field views-field-field-index-collection\">\n<div class=\"field-content\">\n<div class=\"field-collection-view clearfix view-mode-full field-collection-view-final\">\n<div class=\"entity entity-field-collection-item field-collection-item-field-index-collection clearfix\">\n<div class=\"content\">\n<blockquote>\n<p class=\"citation-small\"><a href=\"https:\/\/histoire-en-citations.fr\/WP\/lhistoire-en-chantant-la-revolution-et-le-directoire#1521\">\u00ab\u00a0De l\u2019aristocratie, \/ Marat fut la terreur, De la d\u00e9mocratie, \/ Il fut le d\u00e9fenseur. Du peuple, il fut le p\u00e8re, \/ L\u2019ami le plus ardent, Marat fut sur la terre \/ L\u2019appui de l\u2019indigent.\u00a0\u00bb<\/a><\/p>\n<p class=\"auteur\"><span class=\"author\"><span class=\"surname\">H. d\u2019<\/span><span class=\"name\">HAUSSONVILLE<\/span><\/span> (fin du XVIII<sup>e<\/sup> si\u00e8cle), citoyen de la section Luxembourg, <cite>La Mort de Marat<\/cite>, chanson, 1793<\/p>\n\n<\/blockquote><\/div>\n<\/div>\n<\/div>\n<\/div><\/div>\n<\/div>\n<div class=\"views-row views-row-15 views-row-odd views-row-last\">\n<div class=\"views-field views-field-field-index-collection\">\n<div class=\"field-content\">\n<div class=\"field-collection-view clearfix view-mode-full field-collection-view-final\">\n<div class=\"entity entity-field-collection-item field-collection-item-field-index-collection clearfix\">\n<div class=\"content\">\n<blockquote>\n<p class=\"citation-small\"><a href=\"https:\/\/histoire-en-citations.fr\/WP\/lhistoire-en-caricatures-revolution-2e-partie#1522\">\u00ab\u00a0Marat pervertissait la France. J\u2019ai tu\u00e9 un homme pour en sauver cent mille, un sc\u00e9l\u00e9rat pour sauver des innocents, une b\u00eate f\u00e9roce pour donner le repos \u00e0 mon pays. J\u2019\u00e9tais r\u00e9publicaine bien avant la R\u00e9volution.\u00a0\u00bb<\/a><\/p>\n<p class=\"auteur\"><span class=\"author\"><span class=\"surname\">Charlotte <\/span><span class=\"name\">CORDAY<\/span><\/span> (1768-1793), \u00e0 son proc\u00e8s devant le Tribunal r\u00e9volutionnaire, 17\u00a0juillet 1793<\/p>\n\n<\/blockquote><\/div>\n<\/div>\n<\/div>\n<\/div><\/div>\n<\/div>\n<\/div>\n<\/div>\n<\/div>\n<style>\r\n        a .cit-num {\r\n            text-decoration: none !important;\r\n            color: inherit !important;\r\n        }\r\n    <\/style>","protected":false},"excerpt":{"rendered":"<p>Le m\u00e9chant de l\u2019Histoire, \u00e7a fait toujours un bon personnage, sauf pour les contemporains (et les historiens). Il fut pourtant \u201c\u00a0l\u2019Ami du peuple\u00a0\u201d, assassin\u00e9, pleur\u00e9 et port\u00e9 au Panth\u00e9on (d\u00e9panth\u00e9onis\u00e9 un an apr\u00e8s). Cliquez sur une citation pour la consulter dans son contexte historique.Retour aux personnages Affichage de 1 &#8211; 15 sur 15. \u00ab&nbsp;Pour encha\u00eener [&#8230;]<\/p>\n","protected":false},"author":1,"featured_media":0,"parent":0,"menu_order":0,"comment_status":"closed","ping_status":"closed","template":"","meta":{"site-sidebar-layout":"default","site-content-layout":"","ast-site-content-layout":"default","site-content-style":"default","site-sidebar-style":"default","ast-global-header-display":"","ast-banner-title-visibility":"","ast-main-header-display":"","ast-hfb-above-header-display":"","ast-hfb-below-header-display":"","ast-hfb-mobile-header-display":"","site-post-title":"","ast-breadcrumbs-content":"","ast-featured-img":"","footer-sml-layout":"","theme-transparent-header-meta":"","adv-header-id-meta":"","stick-header-meta":"","header-above-stick-meta":"","header-main-stick-meta":"","header-below-stick-meta":"","astra-migrate-meta-layouts":"default","ast-page-background-enabled":"default","ast-page-background-meta":{"desktop":{"background-color":"var(--ast-global-color-5)","background-image":"","background-repeat":"repeat","background-position":"center center","background-size":"auto","background-attachment":"scroll","background-type":"","background-media":"","overlay-type":"","overlay-color":"","overlay-opacity":"","overlay-gradient":""},"tablet":{"background-color":"","background-image":"","background-repeat":"repeat","background-position":"center center","background-size":"auto","background-attachment":"scroll","background-type":"","background-media":"","overlay-type":"","overlay-color":"","overlay-opacity":"","overlay-gradient":""},"mobile":{"background-color":"","background-image":"","background-repeat":"repeat","background-position":"center center","background-size":"auto","background-attachment":"scroll","background-type":"","background-media":"","overlay-type":"","overlay-color":"","overlay-opacity":"","overlay-gradient":""}},"ast-content-background-meta":{"desktop":{"background-color":"var(--ast-global-color-4)","background-image":"","background-repeat":"repeat","background-position":"center center","background-size":"auto","background-attachment":"scroll","background-type":"","background-media":"","overlay-type":"","overlay-color":"","overlay-opacity":"","overlay-gradient":""},"tablet":{"background-color":"var(--ast-global-color-4)","background-image":"","background-repeat":"repeat","background-position":"center center","background-size":"auto","background-attachment":"scroll","background-type":"","background-media":"","overlay-type":"","overlay-color":"","overlay-opacity":"","overlay-gradient":""},"mobile":{"background-color":"var(--ast-global-color-4)","background-image":"","background-repeat":"repeat","background-position":"center center","background-size":"auto","background-attachment":"scroll","background-type":"","background-media":"","overlay-type":"","overlay-color":"","overlay-opacity":"","overlay-gradient":""}},"iawp_total_views":83,"footnotes":""},"class_list":["post-10501","page","type-page","status-publish","hentry"],"_links":{"self":[{"href":"https:\/\/histoire-en-citations.fr\/WP\/wp-json\/wp\/v2\/pages\/10501","targetHints":{"allow":["GET"]}}],"collection":[{"href":"https:\/\/histoire-en-citations.fr\/WP\/wp-json\/wp\/v2\/pages"}],"about":[{"href":"https:\/\/histoire-en-citations.fr\/WP\/wp-json\/wp\/v2\/types\/page"}],"author":[{"embeddable":true,"href":"https:\/\/histoire-en-citations.fr\/WP\/wp-json\/wp\/v2\/users\/1"}],"replies":[{"embeddable":true,"href":"https:\/\/histoire-en-citations.fr\/WP\/wp-json\/wp\/v2\/comments?post=10501"}],"version-history":[{"count":4,"href":"https:\/\/histoire-en-citations.fr\/WP\/wp-json\/wp\/v2\/pages\/10501\/revisions"}],"predecessor-version":[{"id":13667,"href":"https:\/\/histoire-en-citations.fr\/WP\/wp-json\/wp\/v2\/pages\/10501\/revisions\/13667"}],"wp:attachment":[{"href":"https:\/\/histoire-en-citations.fr\/WP\/wp-json\/wp\/v2\/media?parent=10501"}],"curies":[{"name":"wp","href":"https:\/\/api.w.org\/{rel}","templated":true}]}}