{"id":10503,"date":"2025-09-22T07:34:20","date_gmt":"2025-09-22T05:34:20","guid":{"rendered":"https:\/\/histoire-en-citations.fr\/WP\/marie-antoinette\/"},"modified":"2025-09-22T07:34:20","modified_gmt":"2025-09-22T05:34:20","slug":"marie-antoinette","status":"publish","type":"page","link":"https:\/\/histoire-en-citations.fr\/WP\/marie-antoinette\/","title":{"rendered":"Marie-Antoinette"},"content":{"rendered":"<div class=\"content\">\n<div class=\"view view-index-taxo view-id-index_taxo view-display-id-page view-dom-id-231db066f4a725a6631e324aca2c5896\">\n<div class=\"view-header\">       Affichage de 1 \u2013 22 sur 22.    <\/div>\n<div class=\"view-content\">\n<div class=\"views-row views-row-1 views-row-odd views-row-first\">\n<div class=\"views-field views-field-field-index-collection\">\n<div class=\"field-content\">\n<div class=\"field-collection-view clearfix view-mode-full field-collection-view-final\">\n<div class=\"entity entity-field-collection-item field-collection-item-field-index-collection clearfix\">\n<div class=\"content\">\n<blockquote>\n<p class=\"citation-small\"><a href=\"https:\/\/histoire-en-citations.fr\/WP\/ces-etrangers-qui-firent-lhistoire-de-france-iii#1186\">\u00ab\u00a0Ne parlez point allemand, Monsieur\u00a0; \u00e0 dater de ce jour, je n\u2019entends plus d\u2019autre langue que le fran\u00e7ais.\u00a0\u00bb<\/a><\/p>\n<p class=\"auteur\"><span class=\"author\"><span class=\"name\">MARIE-ANTOINETTE d\u2019Autriche<\/span><\/span> (1755-1793), \u00e0 M.\u00a0d\u2019Antigny, chef de la Cit\u00e9 (Strasbourg), 7\u00a0mai 1770<\/p>\n\n<\/blockquote><\/div>\n<\/div>\n<\/div>\n<\/div><\/div>\n<\/div>\n<div class=\"views-row views-row-2 views-row-even\">\n<div class=\"views-field views-field-field-index-collection\">\n<div class=\"field-content\">\n<div class=\"field-collection-view clearfix view-mode-full field-collection-view-final\">\n<div class=\"entity entity-field-collection-item field-collection-item-field-index-collection clearfix\">\n<div class=\"content\">\n<blockquote>\n<p class=\"citation-small\"><a href=\"https:\/\/histoire-en-citations.fr\/WP\/ces-etrangers-qui-firent-lhistoire-de-france-iii#1192\">\u00ab\u00a0Madame, vous avez l\u00e0 deux cent mille amoureux.\u00a0\u00bb<\/a><\/p>\n<p class=\"auteur\"><span class=\"author\"><span class=\"surname\">Duc de <\/span><span class=\"name\">BRISSAC<\/span><\/span> (1734-1792), gouverneur de Paris, \u00e0 Marie-Antoinette, 8\u00a0juin 1773<\/p>\n\n<\/blockquote><\/div>\n<\/div>\n<\/div>\n<\/div><\/div>\n<\/div>\n<div class=\"views-row views-row-3 views-row-odd\">\n<div class=\"views-field views-field-field-index-collection\">\n<div class=\"field-content\">\n<div class=\"field-collection-view clearfix view-mode-full field-collection-view-final\">\n<div class=\"entity entity-field-collection-item field-collection-item-field-index-collection clearfix\">\n<div class=\"content\">\n<blockquote>\n<p class=\"citation-small\"><a href=\"https:\/\/histoire-en-citations.fr\/WP\/lhistoire-en-caricatures-revolution-2e-partie#1200\">\u00ab\u00a0Tout propos soutenu l\u2019accable, toute r\u00e9flexion le d\u00e9route.\u00a0\u00bb<\/a><\/p>\n<p class=\"auteur\"><span class=\"author\"><span class=\"name\">MARIE-ANTOINETTE<\/span><\/span> (1755-1793)<\/p>\n\n<\/blockquote><\/div>\n<\/div>\n<\/div>\n<\/div><\/div>\n<\/div>\n<div class=\"views-row views-row-4 views-row-even\">\n<div class=\"views-field views-field-field-index-collection\">\n<div class=\"field-content\">\n<div class=\"field-collection-view clearfix view-mode-full field-collection-view-final\">\n<div class=\"entity entity-field-collection-item field-collection-item-field-index-collection clearfix\">\n<div class=\"content\">\n<blockquote>\n<p class=\"citation-small\"><a href=\"https:\/\/histoire-en-citations.fr\/WP\/ces-etrangers-qui-firent-lhistoire-de-france-iii#1205\">\u00ab\u00a0Mon Dieu, guidez-nous, prot\u00e9gez-nous, nous r\u00e9gnons trop jeunes\u00a0!\u00a0\u00bb<\/a><\/p>\n<p class=\"auteur\"><span class=\"author\"><span class=\"name\">LOUIS XVI<\/span><\/span> (1754-1793) et <span class=\"author\"><span class=\"name\">MARIE-ANTOINETTE<\/span><\/span> (1755-1793), Versailles, 10\u00a0mai 1774<\/p>\n\n<\/blockquote><\/div>\n<\/div>\n<\/div>\n<\/div><\/div>\n<\/div>\n<div class=\"views-row views-row-5 views-row-odd\">\n<div class=\"views-field views-field-field-index-collection\">\n<div class=\"field-content\">\n<div class=\"field-collection-view clearfix view-mode-full field-collection-view-final\">\n<div class=\"entity entity-field-collection-item field-collection-item-field-index-collection clearfix\">\n<div class=\"content\">\n<blockquote>\n<p class=\"citation-small\"><a href=\"https:\/\/histoire-en-citations.fr\/WP\/ces-etrangers-qui-firent-lhistoire-de-france-iii#1207\">\u00ab\u00a0Belle, l\u2019\u0153il doit l\u2019admirer, \/ Reine, l\u2019Europe la r\u00e9v\u00e8re,Mais le Fran\u00e7ais doit l\u2019adorer, \/ Elle est sa reine, elle est sa m\u00e8re.\u00a0\u00bb<\/a><\/p>\n<p class=\"auteur\"><cite>Romance en l\u2019honneur de Marie-Antoinette<\/cite>, chanson (1774)<\/p>\n\n<\/blockquote><\/div>\n<\/div>\n<\/div>\n<\/div><\/div>\n<\/div>\n<div class=\"views-row views-row-6 views-row-even\">\n<div class=\"views-field views-field-field-index-collection\">\n<div class=\"field-content\">\n<div class=\"field-collection-view clearfix view-mode-full field-collection-view-final\">\n<div class=\"entity entity-field-collection-item field-collection-item-field-index-collection clearfix\">\n<div class=\"content\">\n<blockquote>\n<p class=\"citation-small\"><a href=\"https:\/\/histoire-en-citations.fr\/WP\/eloge-des-citations-apocryphes#1217\">\u00ab\u00a0S\u2019ils n\u2019ont pas de pain, qu\u2019ils mangent de la brioche.\u00a0\u00bb<\/a><\/p>\n<p class=\"auteur\">Mot attribu\u00e9 \u2013\u00a0sans doute \u00e0 tort\u00a0\u2013 \u00e0 <span class=\"author\"><span class=\"name\">MARIE-ANTOINETTE<\/span><\/span> (1755-1793), et incontestablement emprunt\u00e9 \u00e0 <span class=\"author\"><span class=\"surname\">Jean-Jacques <\/span><span class=\"name\">ROUSSEAU<\/span><\/span> (1712-1778)<\/p>\n\n<\/blockquote><\/div>\n<\/div>\n<\/div>\n<\/div><\/div>\n<\/div>\n<div class=\"views-row views-row-7 views-row-odd\">\n<div class=\"views-field views-field-field-index-collection\">\n<div class=\"field-content\">\n<div class=\"field-collection-view clearfix view-mode-full field-collection-view-final\">\n<div class=\"entity entity-field-collection-item field-collection-item-field-index-collection clearfix\">\n<div class=\"content\">\n<blockquote>\n<p class=\"citation-small\"><a href=\"https:\/\/histoire-en-citations.fr\/WP\/portrait-de-marie-antoinette-en-citations#1233\">\u00ab\u00a0Madame, si c\u2019est possible, c\u2019est fait\u00a0; impossible, cela se fera.\u00a0\u00bb<\/a><\/p>\n<p class=\"auteur\"><span class=\"author\"><span class=\"name\">CALONNE<\/span><\/span> (1734-1802), ministre des Finances r\u00e9pondant \u00e0 une demande de Marie-Antoinette, 1784<\/p>\n\n<\/blockquote><\/div>\n<\/div>\n<\/div>\n<\/div><\/div>\n<\/div>\n<div class=\"views-row views-row-8 views-row-even\">\n<div class=\"views-field views-field-field-index-collection\">\n<div class=\"field-content\">\n<div class=\"field-collection-view clearfix view-mode-full field-collection-view-final\">\n<div class=\"entity entity-field-collection-item field-collection-item-field-index-collection clearfix\">\n<div class=\"content\">\n<blockquote>\n<p class=\"citation-small\"><a href=\"https:\/\/histoire-en-citations.fr\/WP\/les-mysteres-de-lhistoire-de-louis-xiv-a-napoleon#1238\">\u00ab\u00a0Nous avons plus grand besoin d\u2019un vaisseau que d\u2019un collier.\u00a0\u00bb<\/a><\/p>\n<p class=\"auteur\"><span class=\"author\"><span class=\"name\">MARIE-ANTOINETTE<\/span><\/span> (1755-1793), aux joailliers de la couronne, Boehmer et Bassenge<\/p>\n\n<\/blockquote><\/div>\n<\/div>\n<\/div>\n<\/div><\/div>\n<\/div>\n<div class=\"views-row views-row-9 views-row-odd\">\n<div class=\"views-field views-field-field-index-collection\">\n<div class=\"field-content\">\n<div class=\"field-collection-view clearfix view-mode-full field-collection-view-final\">\n<div class=\"entity entity-field-collection-item field-collection-item-field-index-collection clearfix\">\n<div class=\"content\">\n<blockquote>\n<p class=\"citation-small\"><a href=\"https:\/\/histoire-en-citations.fr\/WP\/les-mysteres-de-lhistoire-de-louis-xiv-a-napoleon#1242\">\u00ab\u00a0Plus sc\u00e9l\u00e9rate qu\u2019Agrippine \/ Dont les crimes sont inou\u00efs,Plus lubrique que Messaline, \/ Plus barbare que M\u00e9dicis.\u00a0\u00bb<\/a><\/p>\n<p class=\"auteur\"><cite>Pamphlet contre la reine<\/cite>. Vers 1785<\/p>\n\n<\/blockquote><\/div>\n<\/div>\n<\/div>\n<\/div><\/div>\n<\/div>\n<div class=\"views-row views-row-10 views-row-even\">\n<div class=\"views-field views-field-field-index-collection\">\n<div class=\"field-content\">\n<div class=\"field-collection-view clearfix view-mode-full field-collection-view-final\">\n<div class=\"entity entity-field-collection-item field-collection-item-field-index-collection clearfix\">\n<div class=\"content\">\n<blockquote>\n<p class=\"citation-small\"><a href=\"https:\/\/histoire-en-citations.fr\/WP\/portrait-de-marie-antoinette-en-citations#1353\">\u00ab\u00a0La Reine [\u2026] a \u00e9t\u00e9 tromp\u00e9e, elle promet qu\u2019elle ne le sera plus [\u2026] elle promet d\u2019\u00eatre attach\u00e9e au peuple comme J\u00e9sus-Christ \u00e0 son \u00c9glise.\u00a0\u00bb<\/a><\/p>\n<p class=\"auteur\"><span class=\"author\"><span class=\"surname\">Marquis de <\/span><span class=\"name\">LA FAYETTE<\/span><\/span> (1757-1834), \u00e0 la foule, <cite>Versailles<\/cite>, 6\u00a0octobre 1789<\/p>\n\n<\/blockquote><\/div>\n<\/div>\n<\/div>\n<\/div><\/div>\n<\/div>\n<div class=\"views-row views-row-11 views-row-odd\">\n<div class=\"views-field views-field-field-index-collection\">\n<div class=\"field-content\">\n<div class=\"field-collection-view clearfix view-mode-full field-collection-view-final\">\n<div class=\"entity entity-field-collection-item field-collection-item-field-index-collection clearfix\">\n<div class=\"content\">\n<blockquote>\n<p class=\"citation-small\"><a href=\"https:\/\/histoire-en-citations.fr\/WP\/portrait-de-marie-antoinette-en-citations#1355\">\u00ab\u00a0Mes amis, j\u2019irai \u00e0 Paris avec ma femme et mes enfants\u00a0: c\u2019est \u00e0 l\u2019amour de mes bons et fid\u00e8les sujets que je confie ce que j\u2019ai de plus pr\u00e9cieux.\u00a0\u00bb<\/a><\/p>\n<p class=\"auteur\"><span class=\"author\"><span class=\"name\">LOUIS XVI<\/span><\/span> (1754-1793), au matin du 6\u00a0octobre 1789 \u00e0 Versailles<\/p>\n\n<\/blockquote><\/div>\n<\/div>\n<\/div>\n<\/div><\/div>\n<\/div>\n<div class=\"views-row views-row-12 views-row-even\">\n<div class=\"views-field views-field-field-index-collection\">\n<div class=\"field-content\">\n<div class=\"field-collection-view clearfix view-mode-full field-collection-view-final\">\n<div class=\"entity entity-field-collection-item field-collection-item-field-index-collection clearfix\">\n<div class=\"content\">\n<blockquote>\n<p class=\"citation-small\"><a href=\"https:\/\/histoire-en-citations.fr\/WP\/qui-a-dit-quoi-de-qui-revolution#1359\">\u00ab\u00a0Je ne serai jamais la d\u00e9nonciatrice de mes sujets\u00a0: j\u2019ai tout vu, tout su, tout oubli\u00e9\u00a0!\u00a0\u00bb<\/a><\/p>\n<p class=\"auteur\"><span class=\"author\"><span class=\"name\">MARIE-ANTOINETTE<\/span><\/span> (1755-1793)<\/p>\n\n<\/blockquote><\/div>\n<\/div>\n<\/div>\n<\/div><\/div>\n<\/div>\n<div class=\"views-row views-row-13 views-row-odd\">\n<div class=\"views-field views-field-field-index-collection\">\n<div class=\"field-content\">\n<div class=\"field-collection-view clearfix view-mode-full field-collection-view-final\">\n<div class=\"entity entity-field-collection-item field-collection-item-field-index-collection clearfix\">\n<div class=\"content\">\n<blockquote>\n<p class=\"citation-small\"><a href=\"https:\/\/histoire-en-citations.fr\/WP\/les-mysteres-de-lhistoire-de-louis-xiv-a-napoleon#1367\">\u00ab\u00a0Le roi n\u2019a qu\u2019un homme, c\u2019est sa femme.\u00a0\u00bb<\/a><\/p>\n<p class=\"auteur\"><span class=\"author\"><span class=\"surname\">Comte de <\/span><span class=\"name\">MIRABEAU<\/span><\/span> (1749-1791)<\/p>\n\n<\/blockquote><\/div>\n<\/div>\n<\/div>\n<\/div><\/div>\n<\/div>\n<div class=\"views-row views-row-14 views-row-even\">\n<div class=\"views-field views-field-field-index-collection\">\n<div class=\"field-content\">\n<div class=\"field-collection-view clearfix view-mode-full field-collection-view-final\">\n<div class=\"entity entity-field-collection-item field-collection-item-field-index-collection clearfix\">\n<div class=\"content\">\n<blockquote>\n<p class=\"citation-small\"><a href=\"https:\/\/histoire-en-citations.fr\/WP\/les-mysteres-de-lhistoire-de-louis-xiv-a-napoleon#1368\">\u00ab\u00a0Madame, la monarchie est sauv\u00e9e.\u00a0\u00bb<\/a><\/p>\n<p class=\"auteur\"><span class=\"author\"><span class=\"surname\">Comte de <\/span><span class=\"name\">MIRABEAU<\/span><\/span> (1749-1791), \u00e0 la reine, Ch\u00e2teau de Saint-Cloud, 3\u00a0juillet 1790<\/p>\n\n<\/blockquote><\/div>\n<\/div>\n<\/div>\n<\/div><\/div>\n<\/div>\n<div class=\"views-row views-row-15 views-row-odd\">\n<div class=\"views-field views-field-field-index-collection\">\n<div class=\"field-content\">\n<div class=\"field-collection-view clearfix view-mode-full field-collection-view-final\">\n<div class=\"entity entity-field-collection-item field-collection-item-field-index-collection clearfix\">\n<div class=\"content\">\n<blockquote>\n<p class=\"citation-small\"><a href=\"https:\/\/histoire-en-citations.fr\/WP\/les-mysteres-de-lhistoire-de-louis-xiv-a-napoleon#1388\">\u00ab\u00a0Maman, est-ce qu\u2019hier n\u2019est pas fini\u00a0?\u00a0\u00bb<\/a><\/p>\n<p class=\"auteur\">Le dauphin LOUIS, futur \u00ab\u00a0<span class=\"author\"><span class=\"name\">LOUIS XVII<\/span><\/span>\u00a0\u00bb (1785-1795), \u00e0 Marie-Antoinette, fin juin\u00a01791<\/p>\n\n<\/blockquote><\/div>\n<\/div>\n<\/div>\n<\/div><\/div>\n<\/div>\n<div class=\"views-row views-row-16 views-row-even\">\n<div class=\"views-field views-field-field-index-collection\">\n<div class=\"field-content\">\n<div class=\"field-collection-view clearfix view-mode-full field-collection-view-final\">\n<div class=\"entity entity-field-collection-item field-collection-item-field-index-collection clearfix\">\n<div class=\"content\">\n<blockquote>\n<p class=\"citation-small\"><a href=\"https:\/\/histoire-en-citations.fr\/WP\/portrait-de-marie-antoinette-en-citations#1421\">\u00ab\u00a0Depuis longtemps, les factieux ne prennent plus la peine de cacher le projet d\u2019an\u00e9antir la famille royale [\u2026] Si l\u2019on n\u2019arrive pas, il n\u2019y a que la providence qui puisse sauver le roi et sa famille.\u00a0\u00bb<\/a><\/p>\n<p class=\"auteur\"><span class=\"author\"><span class=\"name\">MARIE-ANTOINETTE<\/span><\/span> (1755-1793), Lettre \u00e0 Fersen, 1<sup>er<\/sup>\u00a0ao\u00fbt 1792<\/p>\n\n<\/blockquote><\/div>\n<\/div>\n<\/div>\n<\/div><\/div>\n<\/div>\n<div class=\"views-row views-row-17 views-row-odd\">\n<div class=\"views-field views-field-field-index-collection\">\n<div class=\"field-content\">\n<div class=\"field-collection-view clearfix view-mode-full field-collection-view-final\">\n<div class=\"entity entity-field-collection-item field-collection-item-field-index-collection clearfix\">\n<div class=\"content\">\n<blockquote>\n<p class=\"citation-small\"><a href=\"https:\/\/histoire-en-citations.fr\/WP\/lhistoire-en-chantant-la-revolution-et-le-directoire#1425\">\u00ab\u00a0Madam\u2019Veto avait promis De faire \u00e9gorger tout Paris. Mais son coup a manqu\u00e9 Gr\u00e2ce \u00e0 nos canonniers. Refrain Dansons la carmagnole Vive le son vive le son Dansons la carmagnole Vive le son du canon\u00a0!\u00a0\u00bb<\/a><\/p>\n<p class=\"auteur\"><cite>La Carmagnole<\/cite> (fin ao\u00fbt\u00a01792), chanson<\/p>\n\n<\/blockquote><\/div>\n<\/div>\n<\/div>\n<\/div><\/div>\n<\/div>\n<div class=\"views-row views-row-18 views-row-even\">\n<div class=\"views-field views-field-field-index-collection\">\n<div class=\"field-content\">\n<div class=\"field-collection-view clearfix view-mode-full field-collection-view-final\">\n<div class=\"entity entity-field-collection-item field-collection-item-field-index-collection clearfix\">\n<div class=\"content\">\n<blockquote>\n<p class=\"citation-small\"><a href=\"https:\/\/histoire-en-citations.fr\/WP\/ces-etrangers-qui-firent-lhistoire-de-france-iii#1538\">\u00ab\u00a0Une femme, la honte de l\u2019humanit\u00e9 et de son sexe, la veuve Capet, doit enfin expier ses forfaits sur l\u2019\u00e9chafaud.\u00a0\u00bb<\/a><\/p>\n<p class=\"auteur\"><span class=\"author\"><span class=\"surname\">Jean-Nicolas <\/span><span class=\"name\">BILLAUD-VARENNE<\/span><\/span> (1756-1819), Convention, 3\u00a0octobre\u00a01793<\/p>\n\n<\/blockquote><\/div>\n<\/div>\n<\/div>\n<\/div><\/div>\n<\/div>\n<div class=\"views-row views-row-19 views-row-odd\">\n<div class=\"views-field views-field-field-index-collection\">\n<div class=\"field-content\">\n<div class=\"field-collection-view clearfix view-mode-full field-collection-view-final\">\n<div class=\"entity entity-field-collection-item field-collection-item-field-index-collection clearfix\">\n<div class=\"content\">\n<blockquote>\n<p class=\"citation-small\"><a href=\"https:\/\/histoire-en-citations.fr\/WP\/portrait-de-marie-antoinette-en-citations#1539\">\u00ab\u00a0Ils peuvent \u00eatre mes bourreaux, mais ils ne seront jamais mes juges.\u00a0\u00bb<\/a><\/p>\n<p class=\"auteur\"><span class=\"author\"><span class=\"name\">MARIE-ANTOINETTE<\/span><\/span> (1755-1793), apprenant qu\u2019elle va \u00eatre jug\u00e9e par le Tribunal r\u00e9volutionnaire, d\u00e9but octobre\u00a01793<\/p>\n\n<\/blockquote><\/div>\n<\/div>\n<\/div>\n<\/div><\/div>\n<\/div>\n<div class=\"views-row views-row-20 views-row-even\">\n<div class=\"views-field views-field-field-index-collection\">\n<div class=\"field-content\">\n<div class=\"field-collection-view clearfix view-mode-full field-collection-view-final\">\n<div class=\"entity entity-field-collection-item field-collection-item-field-index-collection clearfix\">\n<div class=\"content\">\n<blockquote>\n<p class=\"citation-small\"><a href=\"https:\/\/histoire-en-citations.fr\/WP\/les-mysteres-de-lhistoire-de-louis-xiv-a-napoleon#1541\">\u00ab\u00a0Immorale sous tous les rapports et nouvelle Agrippine, elle est si perverse et si famili\u00e8re avec tous les crimes qu\u2019oubliant sa qualit\u00e9 de m\u00e8re, la veuve Capet n\u2019a pas craint de se livrer \u00e0 des ind\u00e9cences dont l\u2019id\u00e9e et le nom seul font fr\u00e9mir d\u2019horreur.\u00a0\u00bb<\/a><\/p>\n<p class=\"auteur\"><span class=\"author\"><span class=\"name\">FOUQUIER-TINVILLE<\/span><\/span> (1746-1795), Acte d\u2019accusation de Marie-Antoinette, Tribunal r\u00e9volutionnaire, 14\u00a0octobre 1793<\/p>\n\n<\/blockquote><\/div>\n<\/div>\n<\/div>\n<\/div><\/div>\n<\/div>\n<div class=\"views-row views-row-21 views-row-odd\">\n<div class=\"views-field views-field-field-index-collection\">\n<div class=\"field-content\">\n<div class=\"field-collection-view clearfix view-mode-full field-collection-view-final\">\n<div class=\"entity entity-field-collection-item field-collection-item-field-index-collection clearfix\">\n<div class=\"content\">\n<blockquote>\n<p class=\"citation-small\"><a href=\"https:\/\/histoire-en-citations.fr\/WP\/les-mysteres-de-lhistoire-de-louis-xiv-a-napoleon#1542\">\u00ab\u00a0Si je n\u2019ai pas r\u00e9pondu, c\u2019est que la nature se refuse \u00e0 r\u00e9pondre \u00e0 pareille inculpation faite \u00e0 une m\u00e8re\u00a0: j\u2019en appelle \u00e0 toutes celles qui peuvent se trouver ici.\u00a0\u00bb<\/a><\/p>\n<p class=\"auteur\"><span class=\"author\"><span class=\"name\">MARIE-ANTOINETTE<\/span><\/span> (1755-1793), r\u00e9plique \u00e0 un jur\u00e9 s\u2019\u00e9tonnant de son silence au sujet de l\u2019accusation d\u2019inceste, Tribunal r\u00e9volutionnaire, 14\u00a0octobre 1793<\/p>\n\n<\/blockquote><\/div>\n<\/div>\n<\/div>\n<\/div><\/div>\n<\/div>\n<div class=\"views-row views-row-22 views-row-even views-row-last\">\n<div class=\"views-field views-field-field-index-collection\">\n<div class=\"field-content\">\n<div class=\"field-collection-view clearfix view-mode-full field-collection-view-final\">\n<div class=\"entity entity-field-collection-item field-collection-item-field-index-collection clearfix\">\n<div class=\"content\">\n<blockquote>\n<p class=\"citation-small\"><a href=\"https:\/\/histoire-en-citations.fr\/WP\/les-mysteres-de-lhistoire-de-louis-xiv-a-napoleon#1543\">\u00ab\u00a0La plus grande joie du P\u00e8re Duchesne apr\u00e8s avoir vu de ses propres yeux la t\u00eate du Veto femelle s\u00e9par\u00e9e de son col de grue et sa grande col\u00e8re contre les deux avocats du diable qui ont os\u00e9 plaider la cause de cette guenon.\u00a0\u00bb<\/a><\/p>\n<p class=\"auteur\"><span class=\"author\"><span class=\"surname\">Jacques <\/span><span class=\"name\">H\u00c9BERT<\/span><\/span> (1757-1794), <cite>Le P\u00e8re Duchesne<\/cite>, n\u00b0\u00a0299, titre du journal au lendemain du 16\u00a0octobre\u00a01793<\/p>\n\n<\/blockquote><\/div>\n<\/div>\n<\/div>\n<\/div><\/div>\n<\/div>\n<\/div>\n<\/div>\n<\/div>\n<style>\r\n        a .cit-num {\r\n            text-decoration: none !important;\r\n            color: inherit !important;\r\n        }\r\n    <\/style>","protected":false},"excerpt":{"rendered":"<p>Affichage de 1 &#8211; 22 sur 22. \u00ab&nbsp;Ne parlez point allemand, Monsieur&nbsp;; \u00e0 dater de ce jour, je n&rsquo;entends plus d&rsquo;autre langue que le fran\u00e7ais.&nbsp;\u00bb1186MARIE-ANTOINETTE d\u2019Autriche (1755-1793), \u00e0 M.\u00a0d\u2019Antigny, chef de la Cit\u00e9 (Strasbourg), 7\u00a0mai 1770 \u00ab&nbsp;Madame, vous avez l\u00e0 deux cent mille amoureux.&nbsp;\u00bb1192Duc de BRISSAC (1734-1792), gouverneur de Paris, \u00e0 Marie-Antoinette, 8\u00a0juin 1773 \u00ab&nbsp;Tout [&#8230;]<\/p>\n","protected":false},"author":1,"featured_media":0,"parent":0,"menu_order":0,"comment_status":"closed","ping_status":"closed","template":"","meta":{"site-sidebar-layout":"default","site-content-layout":"","ast-site-content-layout":"default","site-content-style":"default","site-sidebar-style":"default","ast-global-header-display":"","ast-banner-title-visibility":"","ast-main-header-display":"","ast-hfb-above-header-display":"","ast-hfb-below-header-display":"","ast-hfb-mobile-header-display":"","site-post-title":"","ast-breadcrumbs-content":"","ast-featured-img":"","footer-sml-layout":"","theme-transparent-header-meta":"","adv-header-id-meta":"","stick-header-meta":"","header-above-stick-meta":"","header-main-stick-meta":"","header-below-stick-meta":"","astra-migrate-meta-layouts":"default","ast-page-background-enabled":"default","ast-page-background-meta":{"desktop":{"background-color":"var(--ast-global-color-5)","background-image":"","background-repeat":"repeat","background-position":"center center","background-size":"auto","background-attachment":"scroll","background-type":"","background-media":"","overlay-type":"","overlay-color":"","overlay-opacity":"","overlay-gradient":""},"tablet":{"background-color":"","background-image":"","background-repeat":"repeat","background-position":"center center","background-size":"auto","background-attachment":"scroll","background-type":"","background-media":"","overlay-type":"","overlay-color":"","overlay-opacity":"","overlay-gradient":""},"mobile":{"background-color":"","background-image":"","background-repeat":"repeat","background-position":"center center","background-size":"auto","background-attachment":"scroll","background-type":"","background-media":"","overlay-type":"","overlay-color":"","overlay-opacity":"","overlay-gradient":""}},"ast-content-background-meta":{"desktop":{"background-color":"var(--ast-global-color-4)","background-image":"","background-repeat":"repeat","background-position":"center center","background-size":"auto","background-attachment":"scroll","background-type":"","background-media":"","overlay-type":"","overlay-color":"","overlay-opacity":"","overlay-gradient":""},"tablet":{"background-color":"var(--ast-global-color-4)","background-image":"","background-repeat":"repeat","background-position":"center center","background-size":"auto","background-attachment":"scroll","background-type":"","background-media":"","overlay-type":"","overlay-color":"","overlay-opacity":"","overlay-gradient":""},"mobile":{"background-color":"var(--ast-global-color-4)","background-image":"","background-repeat":"repeat","background-position":"center center","background-size":"auto","background-attachment":"scroll","background-type":"","background-media":"","overlay-type":"","overlay-color":"","overlay-opacity":"","overlay-gradient":""}},"iawp_total_views":39,"footnotes":""},"class_list":["post-10503","page","type-page","status-publish","hentry"],"_links":{"self":[{"href":"https:\/\/histoire-en-citations.fr\/WP\/wp-json\/wp\/v2\/pages\/10503","targetHints":{"allow":["GET"]}}],"collection":[{"href":"https:\/\/histoire-en-citations.fr\/WP\/wp-json\/wp\/v2\/pages"}],"about":[{"href":"https:\/\/histoire-en-citations.fr\/WP\/wp-json\/wp\/v2\/types\/page"}],"author":[{"embeddable":true,"href":"https:\/\/histoire-en-citations.fr\/WP\/wp-json\/wp\/v2\/users\/1"}],"replies":[{"embeddable":true,"href":"https:\/\/histoire-en-citations.fr\/WP\/wp-json\/wp\/v2\/comments?post=10503"}],"version-history":[{"count":4,"href":"https:\/\/histoire-en-citations.fr\/WP\/wp-json\/wp\/v2\/pages\/10503\/revisions"}],"predecessor-version":[{"id":13668,"href":"https:\/\/histoire-en-citations.fr\/WP\/wp-json\/wp\/v2\/pages\/10503\/revisions\/13668"}],"wp:attachment":[{"href":"https:\/\/histoire-en-citations.fr\/WP\/wp-json\/wp\/v2\/media?parent=10503"}],"curies":[{"name":"wp","href":"https:\/\/api.w.org\/{rel}","templated":true}]}}