{"id":10505,"date":"2025-09-22T07:34:08","date_gmt":"2025-09-22T05:34:08","guid":{"rendered":"https:\/\/histoire-en-citations.fr\/WP\/mazarin\/"},"modified":"2025-09-22T07:34:08","modified_gmt":"2025-09-22T05:34:08","slug":"mazarin","status":"publish","type":"page","link":"https:\/\/histoire-en-citations.fr\/WP\/mazarin\/","title":{"rendered":"Mazarin"},"content":{"rendered":"<div class=\"content\">\n<div class=\"view view-index-taxo view-id-index_taxo view-display-id-page view-dom-id-c55ecd2273b7e57e27f3ddb9aa3a6e77\">\n<div class=\"view-header\">\n<p class=\"presentation\">Grand ministre et fin politique \u00e0 l\u2019\u00e9cole de Richelieu, cardinal encore plus d\u00e9test\u00e9 du peuple et des Grands, menac\u00e9 de mort sous la Fronde. N\u00e9 Italien de modeste famille, il accumula une immense fortune en \u0153uvres d\u2019art inestimables. Tr\u00e8s appr\u00e9ci\u00e9 par la r\u00e9gente Anne d\u2019Autriche (cette \u201c\u00a0pute de reine\u00a0\u201d) et par le jeune Louis\u00a0<span class=\"caps\">XIV<\/span> qui le laisse gouverner, tout en apprenant son m\u00e9tier de roi \u00e0 ses c\u00f4t\u00e9s.<\/p>\n<p class=\"idxinfo\">Cliquez sur une citation pour la consulter dans son contexte historique.<a class=\"retour\" href=\"https:\/\/histoire-en-citations.fr\/WP\/personnages\/\">Retour aux personnages<\/a><\/p>\n<p> Affichage de 1 \u2013 11 sur 11.    <\/p><\/div>\n<div class=\"view-content\">\n<div class=\"views-row views-row-1 views-row-odd views-row-first\">\n<div class=\"views-field views-field-field-index-collection\">\n<div class=\"field-content\">\n<div class=\"field-collection-view clearfix view-mode-full field-collection-view-final\">\n<div class=\"entity entity-field-collection-item field-collection-item-field-index-collection clearfix\">\n<div class=\"content\">\n<blockquote>\n<p class=\"citation-small\"><a href=\"https:\/\/histoire-en-citations.fr\/WP\/ces-etrangers-qui-firent-lhistoire-de-france-ii#724\">\u00ab\u00a0En tout cas, pour ma consolation, il me reste de savoir qu\u2019au galant homme tout pays est patrie.\u00a0\u00bb<\/a><\/p>\n<p class=\"auteur\"><span class=\"author\"><span class=\"name\">MAZARIN<\/span><\/span> (1602-1661), Lettre \u00e0 de Montagu, septembre\u00a01637, Londres<\/p>\n\n<\/blockquote><\/div>\n<\/div>\n<\/div>\n<\/div><\/div>\n<\/div>\n<div class=\"views-row views-row-2 views-row-even\">\n<div class=\"views-field views-field-field-index-collection\">\n<div class=\"field-content\">\n<div class=\"field-collection-view clearfix view-mode-full field-collection-view-final\">\n<div class=\"entity entity-field-collection-item field-collection-item-field-index-collection clearfix\">\n<div class=\"content\">\n<blockquote>\n<p class=\"citation-small\"><a href=\"https:\/\/histoire-en-citations.fr\/WP\/ces-etrangers-qui-firent-lhistoire-de-france-ii#754\">\u00ab\u00a0L\u2019autorit\u00e9 du Roi, c\u2019est le repos de l\u2019\u00c9tat.\u00a0\u00bb<\/a><\/p>\n<p class=\"auteur\"><span class=\"author\"><span class=\"name\">MAZARIN<\/span><\/span> (1602-1661)<\/p>\n\n<\/blockquote><\/div>\n<\/div>\n<\/div>\n<\/div><\/div>\n<\/div>\n<div class=\"views-row views-row-3 views-row-odd\">\n<div class=\"views-field views-field-field-index-collection\">\n<div class=\"field-content\">\n<div class=\"field-collection-view clearfix view-mode-full field-collection-view-final\">\n<div class=\"entity entity-field-collection-item field-collection-item-field-index-collection clearfix\">\n<div class=\"content\">\n<blockquote>\n<p class=\"citation-small\"><a href=\"https:\/\/histoire-en-citations.fr\/WP\/ces-etrangers-qui-firent-lhistoire-de-france-ii#756\">\u00ab\u00a0Est-il heureux\u00a0?\u00a0\u00bb<\/a><\/p>\n<p class=\"auteur\"><span class=\"author\"><span class=\"name\">MAZARIN<\/span><\/span> (1602-1661)<\/p>\n\n<\/blockquote><\/div>\n<\/div>\n<\/div>\n<\/div><\/div>\n<\/div>\n<div class=\"views-row views-row-4 views-row-even\">\n<div class=\"views-field views-field-field-index-collection\">\n<div class=\"field-content\">\n<div class=\"field-collection-view clearfix view-mode-full field-collection-view-final\">\n<div class=\"entity entity-field-collection-item field-collection-item-field-index-collection clearfix\">\n<div class=\"content\">\n<blockquote>\n<p class=\"citation-small\"><a href=\"https:\/\/histoire-en-citations.fr\/WP\/les-mysteres-de-lhistoire-de-louis-xiv-a-napoleon#759\">\u00ab\u00a0Qu\u2019ils chantent, pourvu qu\u2019ils paient.\u00a0\u00bb<\/a><\/p>\n<p class=\"auteur\"><span class=\"author\"><span class=\"name\">MAZARIN<\/span><\/span> (1602-1661)<\/p>\n\n<\/blockquote><\/div>\n<\/div>\n<\/div>\n<\/div><\/div>\n<\/div>\n<div class=\"views-row views-row-5 views-row-odd\">\n<div class=\"views-field views-field-field-index-collection\">\n<div class=\"field-content\">\n<div class=\"field-collection-view clearfix view-mode-full field-collection-view-final\">\n<div class=\"entity entity-field-collection-item field-collection-item-field-index-collection clearfix\">\n<div class=\"content\">\n<blockquote>\n<p class=\"citation-small\"><a href=\"https:\/\/histoire-en-citations.fr\/WP\/ces-etrangers-qui-firent-lhistoire-de-france-ii#761\">\u00ab\u00a0Je voudrais bien \u00e9trangler \/ Notre pute de Reine\u00a0! \/ \u00d4 gu\u00e9, notre pute de Reine.\u00a0\u00bb<\/a><\/p>\n<p class=\"auteur\"><cite>Mazarin, ce bougeron<\/cite>, mazarinade<\/p>\n\n<\/blockquote><\/div>\n<\/div>\n<\/div>\n<\/div><\/div>\n<\/div>\n<div class=\"views-row views-row-6 views-row-even\">\n<div class=\"views-field views-field-field-index-collection\">\n<div class=\"field-content\">\n<div class=\"field-collection-view clearfix view-mode-full field-collection-view-final\">\n<div class=\"entity entity-field-collection-item field-collection-item-field-index-collection clearfix\">\n<div class=\"content\">\n<blockquote>\n<p class=\"citation-small\"><a href=\"https:\/\/histoire-en-citations.fr\/WP\/ces-etrangers-qui-firent-lhistoire-de-france-ii#762\">\u00ab\u00a0Je plains le sort de la Reine\u00a0; \u00a0Son rang la contraint en tout\u00a0;La pauvre femme ose \u00e0 peine Remuer quand on la f\u2026\u00a0\u00bb<\/a><\/p>\n<p class=\"auteur\"><cite>Le Frondeur compatissant<\/cite>, mazarinade<\/p>\n\n<\/blockquote><\/div>\n<\/div>\n<\/div>\n<\/div><\/div>\n<\/div>\n<div class=\"views-row views-row-7 views-row-odd\">\n<div class=\"views-field views-field-field-index-collection\">\n<div class=\"field-content\">\n<div class=\"field-collection-view clearfix view-mode-full field-collection-view-final\">\n<div class=\"entity entity-field-collection-item field-collection-item-field-index-collection clearfix\">\n<div class=\"content\">\n<blockquote>\n<p class=\"citation-small\"><a href=\"https:\/\/histoire-en-citations.fr\/WP\/ces-etrangers-qui-firent-lhistoire-de-france-ii#779\">\u00ab\u00a0Le Roi sera le ma\u00eetre partout, hors dans cette ville-l\u00e0.\u00a0\u00bb<\/a><\/p>\n<p class=\"auteur\"><span class=\"author\"><span class=\"name\">MAZARIN<\/span><\/span> (1602-1661), furieux contre l\u2019attitude de Paris et de son Parlement frondeur, fin 1648<\/p>\n\n<\/blockquote><\/div>\n<\/div>\n<\/div>\n<\/div><\/div>\n<\/div>\n<div class=\"views-row views-row-8 views-row-even\">\n<div class=\"views-field views-field-field-index-collection\">\n<div class=\"field-content\">\n<div class=\"field-collection-view clearfix view-mode-full field-collection-view-final\">\n<div class=\"entity entity-field-collection-item field-collection-item-field-index-collection clearfix\">\n<div class=\"content\">\n<blockquote>\n<p class=\"citation-small\"><a href=\"https:\/\/histoire-en-citations.fr\/WP\/les-mysteres-de-lhistoire-de-louis-xiv-a-napoleon#796\">\u00ab\u00a0Louis\u00a0XIV le re\u00e7ut comme un p\u00e8re et le peuple comme un ma\u00eetre.\u00a0\u00bb<\/a><\/p>\n<p class=\"auteur\"><span class=\"author\"><span class=\"name\">VOLTAIRE<\/span><\/span> (1694-1778) \u00e9voquant le retour de Mazarin, 3\u00a0f\u00e9vrier 1653<\/p>\n\n<\/blockquote><\/div>\n<\/div>\n<\/div>\n<\/div><\/div>\n<\/div>\n<div class=\"views-row views-row-9 views-row-odd\">\n<div class=\"views-field views-field-field-index-collection\">\n<div class=\"field-content\">\n<div class=\"field-collection-view clearfix view-mode-full field-collection-view-final\">\n<div class=\"entity entity-field-collection-item field-collection-item-field-index-collection clearfix\">\n<div class=\"content\">\n<blockquote>\n<p class=\"citation-small\"><a href=\"https:\/\/histoire-en-citations.fr\/WP\/ces-etrangers-qui-firent-lhistoire-de-france-ii#801\">\u00ab\u00a0Si une fois vous prenez en main le gouvernail, vous ferez plus en un jour qu\u2019un plus habile que moi en six mois, car c\u2019est d\u2019un autre poids, ce qu\u2019un roi fait de droit fil, que ce que fait un ministre, quelque autoris\u00e9 qu\u2019il puisse \u00eatre.\u00a0\u00bb<\/a><\/p>\n<p class=\"auteur\"><span class=\"author\"><span class=\"name\">MAZARIN<\/span><\/span> (1602-1661), Lettre \u00e0 Louis\u00a0XIV, 29\u00a0juin 1659<\/p>\n\n<\/blockquote><\/div>\n<\/div>\n<\/div>\n<\/div><\/div>\n<\/div>\n<div class=\"views-row views-row-10 views-row-even\">\n<div class=\"views-field views-field-field-index-collection\">\n<div class=\"field-content\">\n<div class=\"field-collection-view clearfix view-mode-full field-collection-view-final\">\n<div class=\"entity entity-field-collection-item field-collection-item-field-index-collection clearfix\">\n<div class=\"content\">\n<blockquote>\n<p class=\"citation-small\"><a href=\"https:\/\/histoire-en-citations.fr\/WP\/ces-etrangers-qui-firent-lhistoire-de-france-ii#805\">\u00ab\u00a0Sire, je vous dois tout, mais je m\u2019acquitte envers Votre Majest\u00e9 en lui donnant Colbert.\u00a0\u00bb<\/a><\/p>\n<p class=\"auteur\"><span class=\"author\"><span class=\"name\">MAZARIN<\/span><\/span> (1602-1661) \u00e0 Louis\u00a0XIV, le 9\u00a0mars 1661. C\u2019est son \u00ab\u00a0mot de la fin\u00a0\u00bb politique<\/p>\n\n<\/blockquote><\/div>\n<\/div>\n<\/div>\n<\/div><\/div>\n<\/div>\n<div class=\"views-row views-row-11 views-row-odd views-row-last\">\n<div class=\"views-field views-field-field-index-collection\">\n<div class=\"field-content\">\n<div class=\"field-collection-view clearfix view-mode-full field-collection-view-final\">\n<div class=\"entity entity-field-collection-item field-collection-item-field-index-collection clearfix\">\n<div class=\"content\">\n<blockquote>\n<p class=\"citation-small\"><a href=\"https:\/\/histoire-en-citations.fr\/WP\/ces-etrangers-qui-firent-lhistoire-de-france-ii#806\">\u00ab\u00a0Dieu merci, il est crev\u00e9.\u00a0\u00bb<\/a><\/p>\n<p class=\"auteur\"><span class=\"author\"><span class=\"surname\">Hortense <\/span><span class=\"name\">MANCINI<\/span><\/span> (1646-1699), <cite>M\u00e9moires<\/cite> (posthume)<\/p>\n\n<\/blockquote><\/div>\n<\/div>\n<\/div>\n<\/div><\/div>\n<\/div>\n<\/div>\n<\/div>\n<\/div>\n<style>\r\n        a .cit-num {\r\n            text-decoration: none !important;\r\n            color: inherit !important;\r\n        }\r\n    <\/style>","protected":false},"excerpt":{"rendered":"<p>Grand ministre et fin politique \u00e0 l\u2019\u00e9cole de Richelieu, cardinal encore plus d\u00e9test\u00e9 du peuple et des Grands, menac\u00e9 de mort sous la Fronde. N\u00e9 Italien de modeste famille, il accumula une immense fortune en \u0153uvres d\u2019art inestimables. Tr\u00e8s appr\u00e9ci\u00e9 par la r\u00e9gente Anne d\u2019Autriche (cette \u201c\u00a0pute de reine\u00a0\u201d) et par le jeune Louis\u00a0XIV qui [&#8230;]<\/p>\n","protected":false},"author":1,"featured_media":0,"parent":0,"menu_order":0,"comment_status":"closed","ping_status":"closed","template":"","meta":{"site-sidebar-layout":"default","site-content-layout":"","ast-site-content-layout":"default","site-content-style":"default","site-sidebar-style":"default","ast-global-header-display":"","ast-banner-title-visibility":"","ast-main-header-display":"","ast-hfb-above-header-display":"","ast-hfb-below-header-display":"","ast-hfb-mobile-header-display":"","site-post-title":"","ast-breadcrumbs-content":"","ast-featured-img":"","footer-sml-layout":"","theme-transparent-header-meta":"","adv-header-id-meta":"","stick-header-meta":"","header-above-stick-meta":"","header-main-stick-meta":"","header-below-stick-meta":"","astra-migrate-meta-layouts":"default","ast-page-background-enabled":"default","ast-page-background-meta":{"desktop":{"background-color":"var(--ast-global-color-5)","background-image":"","background-repeat":"repeat","background-position":"center center","background-size":"auto","background-attachment":"scroll","background-type":"","background-media":"","overlay-type":"","overlay-color":"","overlay-opacity":"","overlay-gradient":""},"tablet":{"background-color":"","background-image":"","background-repeat":"repeat","background-position":"center center","background-size":"auto","background-attachment":"scroll","background-type":"","background-media":"","overlay-type":"","overlay-color":"","overlay-opacity":"","overlay-gradient":""},"mobile":{"background-color":"","background-image":"","background-repeat":"repeat","background-position":"center center","background-size":"auto","background-attachment":"scroll","background-type":"","background-media":"","overlay-type":"","overlay-color":"","overlay-opacity":"","overlay-gradient":""}},"ast-content-background-meta":{"desktop":{"background-color":"var(--ast-global-color-4)","background-image":"","background-repeat":"repeat","background-position":"center center","background-size":"auto","background-attachment":"scroll","background-type":"","background-media":"","overlay-type":"","overlay-color":"","overlay-opacity":"","overlay-gradient":""},"tablet":{"background-color":"var(--ast-global-color-4)","background-image":"","background-repeat":"repeat","background-position":"center center","background-size":"auto","background-attachment":"scroll","background-type":"","background-media":"","overlay-type":"","overlay-color":"","overlay-opacity":"","overlay-gradient":""},"mobile":{"background-color":"var(--ast-global-color-4)","background-image":"","background-repeat":"repeat","background-position":"center center","background-size":"auto","background-attachment":"scroll","background-type":"","background-media":"","overlay-type":"","overlay-color":"","overlay-opacity":"","overlay-gradient":""}},"iawp_total_views":6,"footnotes":""},"class_list":["post-10505","page","type-page","status-publish","hentry"],"_links":{"self":[{"href":"https:\/\/histoire-en-citations.fr\/WP\/wp-json\/wp\/v2\/pages\/10505","targetHints":{"allow":["GET"]}}],"collection":[{"href":"https:\/\/histoire-en-citations.fr\/WP\/wp-json\/wp\/v2\/pages"}],"about":[{"href":"https:\/\/histoire-en-citations.fr\/WP\/wp-json\/wp\/v2\/types\/page"}],"author":[{"embeddable":true,"href":"https:\/\/histoire-en-citations.fr\/WP\/wp-json\/wp\/v2\/users\/1"}],"replies":[{"embeddable":true,"href":"https:\/\/histoire-en-citations.fr\/WP\/wp-json\/wp\/v2\/comments?post=10505"}],"version-history":[{"count":3,"href":"https:\/\/histoire-en-citations.fr\/WP\/wp-json\/wp\/v2\/pages\/10505\/revisions"}],"predecessor-version":[{"id":13669,"href":"https:\/\/histoire-en-citations.fr\/WP\/wp-json\/wp\/v2\/pages\/10505\/revisions\/13669"}],"wp:attachment":[{"href":"https:\/\/histoire-en-citations.fr\/WP\/wp-json\/wp\/v2\/media?parent=10505"}],"curies":[{"name":"wp","href":"https:\/\/api.w.org\/{rel}","templated":true}]}}