{"id":10515,"date":"2025-09-22T07:34:08","date_gmt":"2025-09-22T05:34:08","guid":{"rendered":"https:\/\/histoire-en-citations.fr\/WP\/montesquieu\/"},"modified":"2025-09-22T07:34:08","modified_gmt":"2025-09-22T05:34:08","slug":"montesquieu","status":"publish","type":"page","link":"https:\/\/histoire-en-citations.fr\/WP\/montesquieu\/","title":{"rendered":"Montesquieu"},"content":{"rendered":"<div class=\"content\">\n<div class=\"view view-index-taxo view-id-index_taxo view-display-id-page view-dom-id-9c532e8d1949f15037cfe2f15228fef9\">\n<div class=\"view-header\">       Affichage de 1 \u2013 18 sur 18.    <\/div>\n<div class=\"view-content\">\n<div class=\"views-row views-row-1 views-row-odd views-row-first\">\n<div class=\"views-field views-field-field-index-collection\">\n<div class=\"field-content\">\n<div class=\"field-collection-view clearfix view-mode-full field-collection-view-final\">\n<div class=\"entity entity-field-collection-item field-collection-item-field-index-collection clearfix\">\n<div class=\"content\">\n<blockquote>\n<p class=\"citation-small\"><a href=\"https:\/\/histoire-en-citations.fr\/WP\/citations-referentielles-le-miroir-de-lhistoire-siecle-des-lumieres#975\">\u00ab\u00a0On dit que l\u2019homme est un animal sociable. Sur ce pied-l\u00e0, il me para\u00eet que le Fran\u00e7ais est plus homme qu\u2019un autre, c\u2019est l\u2019homme par excellence\u00a0; car il semble fait uniquement pour la soci\u00e9t\u00e9.\u00a0\u00bb<\/a><\/p>\n<p class=\"auteur\"><span class=\"author\"><span class=\"name\">MONTESQUIEU<\/span><\/span> (1689-1755), <cite>Lettres Persanes<\/cite> (1721)<\/p>\n\n<\/blockquote><\/div>\n<\/div>\n<\/div>\n<\/div><\/div>\n<\/div>\n<div class=\"views-row views-row-2 views-row-even\">\n<div class=\"views-field views-field-field-index-collection\">\n<div class=\"field-content\">\n<div class=\"field-collection-view clearfix view-mode-full field-collection-view-final\">\n<div class=\"entity entity-field-collection-item field-collection-item-field-index-collection clearfix\">\n<div class=\"content\">\n<blockquote>\n<p class=\"citation-small\"><a href=\"https:\/\/histoire-en-citations.fr\/WP\/patrimoine-historique-tresor-national-et-passion-francaise-des-origines-au-siecle-des-lumieres#978\">\u00ab\u00a0On appr\u00eate le caf\u00e9 de telle mani\u00e8re qu\u2019il donne de l\u2019esprit \u00e0 ceux qui en prennent.\u00a0\u00bb<\/a><\/p>\n<p class=\"auteur\"><span class=\"author\"><span class=\"name\">MONTESQUIEU<\/span><\/span> (1689-1755), <cite>Lettres Persanes<\/cite> (1721)<\/p>\n\n<\/blockquote><\/div>\n<\/div>\n<\/div>\n<\/div><\/div>\n<\/div>\n<div class=\"views-row views-row-3 views-row-odd\">\n<div class=\"views-field views-field-field-index-collection\">\n<div class=\"field-content\">\n<div class=\"field-collection-view clearfix view-mode-full field-collection-view-final\">\n<div class=\"entity entity-field-collection-item field-collection-item-field-index-collection clearfix\">\n<div class=\"content\">\n<blockquote>\n<p class=\"citation-small\"><a href=\"https:\/\/histoire-en-citations.fr\/WP\/citations-referentielles-le-miroir-de-lhistoire-siecle-des-lumieres#979\">\u00ab\u00a0La fureur de la plupart des Fran\u00e7ais, c\u2019est d\u2019avoir de l\u2019esprit, et la fureur de ceux qui veulent avoir de l\u2019esprit, c\u2019est de faire des livres.\u00a0\u00bb<\/a><\/p>\n<p class=\"auteur\"><span class=\"author\"><span class=\"name\">MONTESQUIEU<\/span><\/span> (1689-1755), <cite>Lettres Persanes<\/cite> (1721)<\/p>\n\n<\/blockquote><\/div>\n<\/div>\n<\/div>\n<\/div><\/div>\n<\/div>\n<div class=\"views-row views-row-4 views-row-even\">\n<div class=\"views-field views-field-field-index-collection\">\n<div class=\"field-content\">\n<div class=\"field-collection-view clearfix view-mode-full field-collection-view-final\">\n<div class=\"entity entity-field-collection-item field-collection-item-field-index-collection clearfix\">\n<div class=\"content\">\n<blockquote>\n<p class=\"citation-small\"><a href=\"https:\/\/histoire-en-citations.fr\/WP\/histoire-du-travail-en-citations-du-moyen-age-au-xixe-siecle#982\">\u00ab\u00a0Paris est peut-\u00eatre la ville du monde la plus sensuelle et o\u00f9 l\u2019on raffine le plus sur les plaisirs\u00a0; mais c\u2019est peut-\u00eatre celle o\u00f9 l\u2019on m\u00e8ne une vie plus dure. Pour qu\u2019un homme vive d\u00e9licieusement, il faut que cent autres travaillent sans rel\u00e2che.\u00a0\u00bb<\/a><\/p>\n<p class=\"auteur\"><span class=\"author\"><span class=\"name\">MONTESQUIEU<\/span><\/span> (1689-1755), <cite>Lettres Persanes<\/cite> (1721)<\/p>\n\n<\/blockquote><\/div>\n<\/div>\n<\/div>\n<\/div><\/div>\n<\/div>\n<div class=\"views-row views-row-5 views-row-odd\">\n<div class=\"views-field views-field-field-index-collection\">\n<div class=\"field-content\">\n<div class=\"field-collection-view clearfix view-mode-full field-collection-view-final\">\n<div class=\"entity entity-field-collection-item field-collection-item-field-index-collection clearfix\">\n<div class=\"content\">\n<blockquote>\n<p class=\"citation-small\"><a href=\"https:\/\/histoire-en-citations.fr\/WP\/histoire-du-travail-en-citations-du-moyen-age-au-xixe-siecle#983\">\u00ab\u00a0L\u2019int\u00e9r\u00eat est le plus grand monarque de la terre. Cette ardeur pour le travail, cette passion de s\u2019enrichir, passe de condition en condition, depuis les artisans jusques aux grands.\u00a0\u00bb<\/a><\/p>\n<p class=\"auteur\"><span class=\"author\"><span class=\"name\">MONTESQUIEU<\/span><\/span> (1689-1755), <cite>Lettres Persanes<\/cite> (1721)<\/p>\n\n<\/blockquote><\/div>\n<\/div>\n<\/div>\n<\/div><\/div>\n<\/div>\n<div class=\"views-row views-row-6 views-row-even\">\n<div class=\"views-field views-field-field-index-collection\">\n<div class=\"field-content\">\n<div class=\"field-collection-view clearfix view-mode-full field-collection-view-final\">\n<div class=\"entity entity-field-collection-item field-collection-item-field-index-collection clearfix\">\n<div class=\"content\">\n<blockquote>\n<p class=\"citation-small\"><a href=\"https:\/\/histoire-en-citations.fr\/WP\/qui-a-dit-quoi-de-qui-siecle-des-lumieres#1001\">\u00ab\u00a0L\u2019\u00e9tude a \u00e9t\u00e9 pour moi le souverain rem\u00e8de contre les d\u00e9go\u00fbts, n\u2019ayant jamais eu de chagrin qu\u2019une heure de lecture ne m\u2019ait \u00f4t\u00e9.\u00a0\u00bb<\/a><\/p>\n<p class=\"auteur\"><span class=\"author\"><span class=\"name\">MONTESQUIEU<\/span><\/span> (1689-1755), <cite>Cahiers<\/cite> (posthume)<\/p>\n\n<\/blockquote><\/div>\n<\/div>\n<\/div>\n<\/div><\/div>\n<\/div>\n<div class=\"views-row views-row-7 views-row-odd\">\n<div class=\"views-field views-field-field-index-collection\">\n<div class=\"field-content\">\n<div class=\"field-collection-view clearfix view-mode-full field-collection-view-final\">\n<div class=\"entity entity-field-collection-item field-collection-item-field-index-collection clearfix\">\n<div class=\"content\">\n<blockquote>\n<p class=\"citation-small\"><a href=\"https:\/\/histoire-en-citations.fr\/WP\/qui-a-dit-quoi-de-qui-siecle-des-lumieres#1002\">\u00ab\u00a0Je suis bon citoyen parce que j\u2019aime le gouvernement o\u00f9 je suis n\u00e9 [\u2026] parce que j\u2019ai toujours \u00e9t\u00e9 content de l\u2019\u00e9tat o\u00f9 je suis [\u2026] mais dans quelque pays que je fusse n\u00e9, je l\u2019aurais \u00e9t\u00e9 tout de m\u00eame.\u00a0\u00bb<\/a><\/p>\n<p class=\"auteur\"><span class=\"author\"><span class=\"name\">MONTESQUIEU<\/span><\/span> (1689-1755), <cite>Cahiers<\/cite> (posthume)<\/p>\n\n<\/blockquote><\/div>\n<\/div>\n<\/div>\n<\/div><\/div>\n<\/div>\n<div class=\"views-row views-row-8 views-row-even\">\n<div class=\"views-field views-field-field-index-collection\">\n<div class=\"field-content\">\n<div class=\"field-collection-view clearfix view-mode-full field-collection-view-final\">\n<div class=\"entity entity-field-collection-item field-collection-item-field-index-collection clearfix\">\n<div class=\"content\">\n<blockquote>\n<p class=\"citation-small\"><a href=\"https:\/\/histoire-en-citations.fr\/WP\/histoires-de-famille-du-siecle-de-louis-xiv-a-la-revolution#1003\">\u00ab\u00a0Si je savais quelque chose qui me f\u00fbt utile et qui f\u00fbt pr\u00e9judiciable \u00e0 ma famille, je le rejetterais de mon esprit. Si je savais quelque chose qui f\u00fbt utile \u00e0 ma famille et qui ne le f\u00fbt pas \u00e0 ma patrie, je chercherais \u00e0 l\u2019oublier. Si je savais quelque chose utile \u00e0 ma patrie et qui f\u00fbt pr\u00e9judiciable \u00e0 l\u2019Europe et au genre humain, je le regarderais comme un crime.\u00a0\u00bb<\/a><\/p>\n<p class=\"auteur\"><span class=\"author\"><span class=\"name\">MONTESQUIEU<\/span><\/span> (1689-1755), <cite>Cahiers<\/cite> (posthume)<\/p>\n\n<\/blockquote><\/div>\n<\/div>\n<\/div>\n<\/div><\/div>\n<\/div>\n<div class=\"views-row views-row-9 views-row-odd\">\n<div class=\"views-field views-field-field-index-collection\">\n<div class=\"field-content\">\n<div class=\"field-collection-view clearfix view-mode-full field-collection-view-final\">\n<div class=\"entity entity-field-collection-item field-collection-item-field-index-collection clearfix\">\n<div class=\"content\">\n<blockquote>\n<p class=\"citation-small\"><a href=\"https:\/\/histoire-en-citations.fr\/WP\/portrait-en-citations-de-montesquieu-1689-1755#1004\">\u00ab\u00a0Les lois [\u2026] sont les rapports n\u00e9cessaires qui d\u00e9rivent de la nature des choses.\u00a0\u00bb<\/a><\/p>\n<p class=\"auteur\"><span class=\"author\"><span class=\"name\">MONTESQUIEU<\/span><\/span> (1689-1755), <cite>L\u2019Esprit des Lois<\/cite> (1748)<\/p>\n\n<\/blockquote><\/div>\n<\/div>\n<\/div>\n<\/div><\/div>\n<\/div>\n<div class=\"views-row views-row-10 views-row-even\">\n<div class=\"views-field views-field-field-index-collection\">\n<div class=\"field-content\">\n<div class=\"field-collection-view clearfix view-mode-full field-collection-view-final\">\n<div class=\"entity entity-field-collection-item field-collection-item-field-index-collection clearfix\">\n<div class=\"content\">\n<blockquote>\n<p class=\"citation-small\"><a href=\"https:\/\/histoire-en-citations.fr\/WP\/portrait-en-citations-de-montesquieu-1689-1755#1005\">\u00ab\u00a0Dans l\u2019\u00e9tat de nature, les hommes naissent bien dans l\u2019\u00e9galit\u00e9\u00a0; mais ils n\u2019y sauraient rester. La soci\u00e9t\u00e9 la leur fait perdre, et ils ne redeviennent \u00e9gaux que par les lois.\u00a0\u00bb<\/a><\/p>\n<p class=\"auteur\"><span class=\"author\"><span class=\"name\">MONTESQUIEU<\/span><\/span> (1689-1755), <cite>L\u2019Esprit des Lois<\/cite> (1748)<\/p>\n\n<\/blockquote><\/div>\n<\/div>\n<\/div>\n<\/div><\/div>\n<\/div>\n<div class=\"views-row views-row-11 views-row-odd\">\n<div class=\"views-field views-field-field-index-collection\">\n<div class=\"field-content\">\n<div class=\"field-collection-view clearfix view-mode-full field-collection-view-final\">\n<div class=\"entity entity-field-collection-item field-collection-item-field-index-collection clearfix\">\n<div class=\"content\">\n<blockquote>\n<p class=\"citation-small\"><a href=\"https:\/\/histoire-en-citations.fr\/WP\/portrait-en-citations-de-montesquieu-1689-1755#1006\">\u00ab\u00a0Une chose n\u2019est pas juste parce qu\u2019elle est loi [\u2026], mais elle doit \u00eatre loi parce qu\u2019elle est juste.\u00a0\u00bb<\/a><\/p>\n<p class=\"auteur\"><span class=\"author\"><span class=\"name\">MONTESQUIEU<\/span><\/span> (1689-1755), <cite>Cahiers<\/cite> (posthume)<\/p>\n\n<\/blockquote><\/div>\n<\/div>\n<\/div>\n<\/div><\/div>\n<\/div>\n<div class=\"views-row views-row-12 views-row-even\">\n<div class=\"views-field views-field-field-index-collection\">\n<div class=\"field-content\">\n<div class=\"field-collection-view clearfix view-mode-full field-collection-view-final\">\n<div class=\"entity entity-field-collection-item field-collection-item-field-index-collection clearfix\">\n<div class=\"content\">\n<blockquote>\n<p class=\"citation-small\"><a href=\"https:\/\/histoire-en-citations.fr\/WP\/portrait-en-citations-de-montesquieu-1689-1755#1007\">\u00ab\u00a0L\u2019\u00c9tat [\u2026] doit \u00e0 tous les citoyens une subsistance assur\u00e9e, la nourriture, un v\u00eatement convenable, et un genre de vie qui ne soit pas contraire \u00e0 sa sant\u00e9.\u00a0\u00bb<\/a><\/p>\n<p class=\"auteur\"><span class=\"author\"><span class=\"name\">MONTESQUIEU<\/span><\/span> (1689-1755), <cite>L\u2019Esprit des Lois<\/cite> (1748)<\/p>\n\n<\/blockquote><\/div>\n<\/div>\n<\/div>\n<\/div><\/div>\n<\/div>\n<div class=\"views-row views-row-13 views-row-odd\">\n<div class=\"views-field views-field-field-index-collection\">\n<div class=\"field-content\">\n<div class=\"field-collection-view clearfix view-mode-full field-collection-view-final\">\n<div class=\"entity entity-field-collection-item field-collection-item-field-index-collection clearfix\">\n<div class=\"content\">\n<blockquote>\n<p class=\"citation-small\"><a href=\"https:\/\/histoire-en-citations.fr\/WP\/portrait-en-citations-de-montesquieu-1689-1755#1011\">\u00ab\u00a0Il n\u2019y a point de libert\u00e9 si la puissance de juger n\u2019est pas s\u00e9par\u00e9e de la puissance l\u00e9gislative et de l\u2019ex\u00e9cutrice.\u00a0\u00bb<\/a><\/p>\n<p class=\"auteur\"><span class=\"author\"><span class=\"name\">MONTESQUIEU<\/span><\/span> (1689-1755), <cite>L\u2019Esprit des Lois<\/cite> (1748)<\/p>\n\n<\/blockquote><\/div>\n<\/div>\n<\/div>\n<\/div><\/div>\n<\/div>\n<div class=\"views-row views-row-14 views-row-even\">\n<div class=\"views-field views-field-field-index-collection\">\n<div class=\"field-content\">\n<div class=\"field-collection-view clearfix view-mode-full field-collection-view-final\">\n<div class=\"entity entity-field-collection-item field-collection-item-field-index-collection clearfix\">\n<div class=\"content\">\n<blockquote>\n<p class=\"citation-small\"><a href=\"https:\/\/histoire-en-citations.fr\/WP\/portrait-en-citations-de-montesquieu-1689-1755#1012\">\u00ab\u00a0Pour qu\u2019on ne puisse abuser du pouvoir, il faut que par la disposition des choses le pouvoir arr\u00eate le pouvoir.\u00a0\u00bb<\/a><\/p>\n<p class=\"auteur\"><span class=\"author\"><span class=\"name\">MONTESQUIEU<\/span><\/span> (1689-1755), <cite>L\u2019Esprit des Lois<\/cite> (1748)<\/p>\n\n<\/blockquote><\/div>\n<\/div>\n<\/div>\n<\/div><\/div>\n<\/div>\n<div class=\"views-row views-row-15 views-row-odd\">\n<div class=\"views-field views-field-field-index-collection\">\n<div class=\"field-content\">\n<div class=\"field-collection-view clearfix view-mode-full field-collection-view-final\">\n<div class=\"entity entity-field-collection-item field-collection-item-field-index-collection clearfix\">\n<div class=\"content\">\n<blockquote>\n<p class=\"citation-small\"><a href=\"https:\/\/histoire-en-citations.fr\/WP\/portrait-en-citations-de-montesquieu-1689-1755#1013\">\u00ab\u00a0Le gouvernement est comme toutes les choses du monde\u00a0; pour le conserver, il faut l\u2019aimer.\u00a0\u00bb<\/a><\/p>\n<p class=\"auteur\"><span class=\"author\"><span class=\"name\">MONTESQUIEU<\/span><\/span> (1689-1755), <cite>L\u2019Esprit des Lois<\/cite> (1748)<\/p>\n\n<\/blockquote><\/div>\n<\/div>\n<\/div>\n<\/div><\/div>\n<\/div>\n<div class=\"views-row views-row-16 views-row-even\">\n<div class=\"views-field views-field-field-index-collection\">\n<div class=\"field-content\">\n<div class=\"field-collection-view clearfix view-mode-full field-collection-view-final\">\n<div class=\"entity entity-field-collection-item field-collection-item-field-index-collection clearfix\">\n<div class=\"content\">\n<blockquote>\n<p class=\"citation-small\"><a href=\"https:\/\/histoire-en-citations.fr\/WP\/citations-referentielles-le-miroir-de-lhistoire-siecle-des-lumieres#1082\">\u00ab\u00a0Dieu ne tire pas plus rapidement les hommes du n\u00e9ant.\u00a0\u00bb<\/a><\/p>\n<p class=\"auteur\"><span class=\"author\"><span class=\"name\">MONTESQUIEU<\/span><\/span> (1689-1755), parlant du syst\u00e8me de Law en 1719, <cite>Lettres Persanes<\/cite> (1721)<\/p>\n\n<\/blockquote><\/div>\n<\/div>\n<\/div>\n<\/div><\/div>\n<\/div>\n<div class=\"views-row views-row-17 views-row-odd\">\n<div class=\"views-field views-field-field-index-collection\">\n<div class=\"field-content\">\n<div class=\"field-collection-view clearfix view-mode-full field-collection-view-final\">\n<div class=\"entity entity-field-collection-item field-collection-item-field-index-collection clearfix\">\n<div class=\"content\">\n<blockquote>\n<p class=\"citation-small\"><a href=\"https:\/\/histoire-en-citations.fr\/WP\/citations-referentielles-le-miroir-de-lhistoire-siecle-des-lumieres#1086\">\u00ab\u00a0Ah\u00a0! Ah\u00a0! Monsieur est Persan\u00a0! C\u2019est une chose bien extraordinaire\u00a0! Comment peut-on \u00eatre Persan\u00a0?\u00a0\u00bb<\/a><\/p>\n<p class=\"auteur\"><span class=\"author\"><span class=\"name\">MONTESQUIEU<\/span><\/span> (1689-1755), <cite>Lettres Persanes<\/cite> (1721)<\/p>\n\n<\/blockquote><\/div>\n<\/div>\n<\/div>\n<\/div><\/div>\n<\/div>\n<div class=\"views-row views-row-18 views-row-even views-row-last\">\n<div class=\"views-field views-field-field-index-collection\">\n<div class=\"field-content\">\n<div class=\"field-collection-view clearfix view-mode-full field-collection-view-final\">\n<div class=\"entity entity-field-collection-item field-collection-item-field-index-collection clearfix\">\n<div class=\"content\">\n<blockquote>\n<p class=\"citation-small\"><a href=\"https:\/\/histoire-en-citations.fr\/WP\/la-politique-est-elle-en-panne-de-reve#1289\">\u00ab\u00a0Pour que la R\u00e9volution soit, il ne suffit pas que Montesquieu la pr\u00e9sente, que Diderot la pr\u00eache, que Beaumarchais l\u2019annonce, que Condorcet la calcule, qu\u2019Arouet la pr\u00e9pare, que Rousseau la pr\u00e9m\u00e9dite\u00a0; il faut que Danton l\u2019ose.\u00a0\u00bb<\/a><\/p>\n<p class=\"auteur\"><span class=\"author\"><span class=\"surname\">Victor <\/span><span class=\"name\">HUGO<\/span><\/span> (1802-1885), <cite>Les Mis\u00e9rables<\/cite> (1862)<\/p>\n\n<\/blockquote><\/div>\n<\/div>\n<\/div>\n<\/div><\/div>\n<\/div>\n<\/div>\n<\/div>\n<\/div>\n<style>\r\n        a .cit-num {\r\n            text-decoration: none !important;\r\n            color: inherit !important;\r\n        }\r\n    <\/style>","protected":false},"excerpt":{"rendered":"<p>Affichage de 1 &#8211; 18 sur 18. \u00ab&nbsp;On dit que l\u2019homme est un animal sociable. Sur ce pied-l\u00e0, il me para\u00eet que le Fran\u00e7ais est plus homme qu\u2019un autre, c\u2019est l\u2019homme par excellence&nbsp;; car il semble fait uniquement pour la soci\u00e9t\u00e9.&nbsp;\u00bb975MONTESQUIEU (1689-1755), Lettres Persanes (1721) \u00ab&nbsp;On appr\u00eate le caf\u00e9 de telle mani\u00e8re qu\u2019il donne de [&#8230;]<\/p>\n","protected":false},"author":1,"featured_media":0,"parent":0,"menu_order":0,"comment_status":"closed","ping_status":"closed","template":"","meta":{"site-sidebar-layout":"default","site-content-layout":"","ast-site-content-layout":"default","site-content-style":"default","site-sidebar-style":"default","ast-global-header-display":"","ast-banner-title-visibility":"","ast-main-header-display":"","ast-hfb-above-header-display":"","ast-hfb-below-header-display":"","ast-hfb-mobile-header-display":"","site-post-title":"","ast-breadcrumbs-content":"","ast-featured-img":"","footer-sml-layout":"","theme-transparent-header-meta":"","adv-header-id-meta":"","stick-header-meta":"","header-above-stick-meta":"","header-main-stick-meta":"","header-below-stick-meta":"","astra-migrate-meta-layouts":"default","ast-page-background-enabled":"default","ast-page-background-meta":{"desktop":{"background-color":"var(--ast-global-color-5)","background-image":"","background-repeat":"repeat","background-position":"center center","background-size":"auto","background-attachment":"scroll","background-type":"","background-media":"","overlay-type":"","overlay-color":"","overlay-opacity":"","overlay-gradient":""},"tablet":{"background-color":"","background-image":"","background-repeat":"repeat","background-position":"center center","background-size":"auto","background-attachment":"scroll","background-type":"","background-media":"","overlay-type":"","overlay-color":"","overlay-opacity":"","overlay-gradient":""},"mobile":{"background-color":"","background-image":"","background-repeat":"repeat","background-position":"center center","background-size":"auto","background-attachment":"scroll","background-type":"","background-media":"","overlay-type":"","overlay-color":"","overlay-opacity":"","overlay-gradient":""}},"ast-content-background-meta":{"desktop":{"background-color":"var(--ast-global-color-4)","background-image":"","background-repeat":"repeat","background-position":"center center","background-size":"auto","background-attachment":"scroll","background-type":"","background-media":"","overlay-type":"","overlay-color":"","overlay-opacity":"","overlay-gradient":""},"tablet":{"background-color":"var(--ast-global-color-4)","background-image":"","background-repeat":"repeat","background-position":"center center","background-size":"auto","background-attachment":"scroll","background-type":"","background-media":"","overlay-type":"","overlay-color":"","overlay-opacity":"","overlay-gradient":""},"mobile":{"background-color":"var(--ast-global-color-4)","background-image":"","background-repeat":"repeat","background-position":"center center","background-size":"auto","background-attachment":"scroll","background-type":"","background-media":"","overlay-type":"","overlay-color":"","overlay-opacity":"","overlay-gradient":""}},"iawp_total_views":55,"footnotes":""},"class_list":["post-10515","page","type-page","status-publish","hentry"],"_links":{"self":[{"href":"https:\/\/histoire-en-citations.fr\/WP\/wp-json\/wp\/v2\/pages\/10515","targetHints":{"allow":["GET"]}}],"collection":[{"href":"https:\/\/histoire-en-citations.fr\/WP\/wp-json\/wp\/v2\/pages"}],"about":[{"href":"https:\/\/histoire-en-citations.fr\/WP\/wp-json\/wp\/v2\/types\/page"}],"author":[{"embeddable":true,"href":"https:\/\/histoire-en-citations.fr\/WP\/wp-json\/wp\/v2\/users\/1"}],"replies":[{"embeddable":true,"href":"https:\/\/histoire-en-citations.fr\/WP\/wp-json\/wp\/v2\/comments?post=10515"}],"version-history":[{"count":4,"href":"https:\/\/histoire-en-citations.fr\/WP\/wp-json\/wp\/v2\/pages\/10515\/revisions"}],"predecessor-version":[{"id":13674,"href":"https:\/\/histoire-en-citations.fr\/WP\/wp-json\/wp\/v2\/pages\/10515\/revisions\/13674"}],"wp:attachment":[{"href":"https:\/\/histoire-en-citations.fr\/WP\/wp-json\/wp\/v2\/media?parent=10515"}],"curies":[{"name":"wp","href":"https:\/\/api.w.org\/{rel}","templated":true}]}}