{"id":10537,"date":"2025-09-22T07:33:12","date_gmt":"2025-09-22T05:33:12","guid":{"rendered":"https:\/\/histoire-en-citations.fr\/WP\/saint-just\/"},"modified":"2025-09-22T07:33:12","modified_gmt":"2025-09-22T05:33:12","slug":"saint-just","status":"publish","type":"page","link":"https:\/\/histoire-en-citations.fr\/WP\/saint-just\/","title":{"rendered":"Saint-Just"},"content":{"rendered":"<div class=\"content\">\n<div class=\"view view-index-taxo view-id-index_taxo view-display-id-page view-dom-id-ffa012089a38a56aaf48aa9d57fdb20d\">\n<div class=\"view-header\">\n<p class=\"presentation\">Th\u00e9oricien de la R\u00e9volution, \u00e9lu \u00e0 la L\u00e9gislative, mais trop jeune pour si\u00e9ger, devenu pr\u00e9sident de la Convention (troisi\u00e8me et derni\u00e8re Assembl\u00e9e), orateur \u00e0 la fois raisonneur et enflamm\u00e9, l\u2019\u201c\u00a0Ange de la Terreur\u00a0\u201d repr\u00e9sente le courant \u201c\u00a0pur et dur\u00a0\u201d, avec Robespierre, son fr\u00e8re en R\u00e9volution, dont il partage les id\u00e9es et le sort, jusqu\u2019\u00e0 la mort (au coup d\u2019\u00c9tat de Thermidor).<\/p>\n<p class=\"idxinfo\">Cliquez sur une citation pour la consulter dans son contexte historique.<a class=\"retour\" href=\"https:\/\/histoire-en-citations.fr\/WP\/personnages\/\">Retour aux personnages<\/a><\/p>\n<p> Affichage de 1 \u2013 14 sur 14.    <\/p><\/div>\n<div class=\"view-content\">\n<div class=\"views-row views-row-1 views-row-odd views-row-first\">\n<div class=\"views-field views-field-field-index-collection\">\n<div class=\"field-content\">\n<div class=\"field-collection-view clearfix view-mode-full field-collection-view-final\">\n<div class=\"entity entity-field-collection-item field-collection-item-field-index-collection clearfix\">\n<div class=\"content\">\n<blockquote>\n<p class=\"citation-small\"><a href=\"https:\/\/histoire-en-citations.fr\/WP\/la-politique-est-elle-en-panne-de-reve#1271\">\u00ab\u00a0Osez\u00a0! Ce mot renferme toute la politique de votre r\u00e9volution.\u00a0\u00bb<\/a><\/p>\n<p class=\"auteur\"><span class=\"author\"><span class=\"surname\">Louis Antoine de <\/span><span class=\"name\">SAINT-JUST<\/span><\/span> (1767-1794), Rapport sur les suspects incarc\u00e9r\u00e9s, 26\u00a0f\u00e9vrier\u00a01794<\/p>\n\n<\/blockquote><\/div>\n<\/div>\n<\/div>\n<\/div><\/div>\n<\/div>\n<div class=\"views-row views-row-2 views-row-even\">\n<div class=\"views-field views-field-field-index-collection\">\n<div class=\"field-content\">\n<div class=\"field-collection-view clearfix view-mode-full field-collection-view-final\">\n<div class=\"entity entity-field-collection-item field-collection-item-field-index-collection clearfix\">\n<div class=\"content\">\n<blockquote>\n<p class=\"citation-small\"><a href=\"https:\/\/histoire-en-citations.fr\/WP\/recit-ou-roman-national-une-confusion-inadmissible-ii#1276\">\u00ab\u00a0Un peuple qui s\u2019\u00e9lance vers la libert\u00e9 doit \u00eatre inexorable envers les conspirateurs\u00a0; qu\u2019en pareil cas, la faiblesse est cruelle, l\u2019indulgence est barbare.\u00a0\u00bb<\/a><\/p>\n<p class=\"auteur\"><span class=\"author\"><span class=\"surname\">Maximilien <\/span><span class=\"name\">ROBESPIERRE<\/span><\/span> (1758-1794), Lettre, d\u00e9cembre\u00a01792<\/p>\n\n<\/blockquote><\/div>\n<\/div>\n<\/div>\n<\/div><\/div>\n<\/div>\n<div class=\"views-row views-row-3 views-row-odd\">\n<div class=\"views-field views-field-field-index-collection\">\n<div class=\"field-content\">\n<div class=\"field-collection-view clearfix view-mode-full field-collection-view-final\">\n<div class=\"entity entity-field-collection-item field-collection-item-field-index-collection clearfix\">\n<div class=\"content\">\n<blockquote>\n<p class=\"citation-small\"><a href=\"https:\/\/histoire-en-citations.fr\/WP\/recit-ou-roman-national-une-confusion-inadmissible-ii#1277\">\u00ab\u00a0Quand tous les hommes seront libres, ils seront \u00e9gaux\u00a0; quand ils seront \u00e9gaux, ils seront justes.\u00a0\u00bb<\/a><\/p>\n<p class=\"auteur\"><span class=\"author\"><span class=\"surname\">Louis Antoine de <\/span><span class=\"name\">SAINT-JUST<\/span><\/span> (1767-1794), <cite>L\u2019Esprit de la R\u00e9volution et de la Constitution en France<\/cite> (1791)<\/p>\n\n<\/blockquote><\/div>\n<\/div>\n<\/div>\n<\/div><\/div>\n<\/div>\n<div class=\"views-row views-row-4 views-row-even\">\n<div class=\"views-field views-field-field-index-collection\">\n<div class=\"field-content\">\n<div class=\"field-collection-view clearfix view-mode-full field-collection-view-final\">\n<div class=\"entity entity-field-collection-item field-collection-item-field-index-collection clearfix\">\n<div class=\"content\">\n<blockquote>\n<p class=\"citation-small\"><a href=\"https:\/\/histoire-en-citations.fr\/WP\/les-appels-dans-lhistoire-du-moyen-age-a-la-revolution#1282\">\u00ab\u00a0Si vous donnez des terres \u00e0 tous les malheureux, si vous les \u00f4tez \u00e0 tous les sc\u00e9l\u00e9rats, je reconnais que vous aurez fait une r\u00e9volution.\u00a0\u00bb<\/a><\/p>\n<p class=\"auteur\"><span class=\"author\"><span class=\"surname\">Louis Antoine de <\/span><span class=\"name\">SAINT-JUST<\/span><\/span> (1767-1794)<\/p>\n\n<\/blockquote><\/div>\n<\/div>\n<\/div>\n<\/div><\/div>\n<\/div>\n<div class=\"views-row views-row-5 views-row-odd\">\n<div class=\"views-field views-field-field-index-collection\">\n<div class=\"field-content\">\n<div class=\"field-collection-view clearfix view-mode-full field-collection-view-final\">\n<div class=\"entity entity-field-collection-item field-collection-item-field-index-collection clearfix\">\n<div class=\"content\">\n<blockquote>\n<p class=\"citation-small\"><a href=\"https:\/\/histoire-en-citations.fr\/WP\/recit-ou-roman-national-une-confusion-inadmissible-ii#1284\">\u00ab\u00a0Le peuple fran\u00e7ais vote la libert\u00e9 du monde.\u00a0\u00bb<\/a><\/p>\n<p class=\"auteur\"><span class=\"author\"><span class=\"surname\">Louis Antoine de <\/span><span class=\"name\">SAINT-JUST<\/span><\/span> (1767-1794), Convention, 24\u00a0avril\u00a01793<\/p>\n\n<\/blockquote><\/div>\n<\/div>\n<\/div>\n<\/div><\/div>\n<\/div>\n<div class=\"views-row views-row-6 views-row-even\">\n<div class=\"views-field views-field-field-index-collection\">\n<div class=\"field-content\">\n<div class=\"field-collection-view clearfix view-mode-full field-collection-view-final\">\n<div class=\"entity entity-field-collection-item field-collection-item-field-index-collection clearfix\">\n<div class=\"content\">\n<blockquote>\n<p class=\"citation-small\"><a href=\"https:\/\/histoire-en-citations.fr\/WP\/hugo-pour-que-la-revolution-soit-il-ne-suffit-pas-que-montesquieu-la-presente#1449\">\u00ab\u00a0Citoyens, vouliez-vous une r\u00e9volution sans r\u00e9volution\u00a0? Qui peut marquer, apr\u00e8s coup, le point pr\u00e9cis o\u00f9 devraient se briser les flots de l\u2019insurrection populaire\u00a0?\u00a0\u00bb<\/a><\/p>\n<p class=\"auteur\"><span class=\"author\"><span class=\"surname\">Maximilien <\/span><span class=\"name\">ROBESPIERRE<\/span><\/span> (1758-1794), Convention, 5\u00a0novembre 1792<\/p>\n\n<\/blockquote><\/div>\n<\/div>\n<\/div>\n<\/div><\/div>\n<\/div>\n<div class=\"views-row views-row-7 views-row-odd\">\n<div class=\"views-field views-field-field-index-collection\">\n<div class=\"field-content\">\n<div class=\"field-collection-view clearfix view-mode-full field-collection-view-final\">\n<div class=\"entity entity-field-collection-item field-collection-item-field-index-collection clearfix\">\n<div class=\"content\">\n<blockquote>\n<p class=\"citation-small\"><a href=\"https:\/\/histoire-en-citations.fr\/WP\/lopinion-publique-des-francais-de-la-revolution-a-la-troisieme-republique#1457\">\u00ab\u00a0Tout le monde veut bien de la R\u00e9publique\u00a0; personne ne veut de la pauvret\u00e9 ni de la vertu.\u00a0\u00bb<\/a><\/p>\n<p class=\"auteur\"><span class=\"author\"><span class=\"surname\">Louis Antoine de <\/span><span class=\"name\">SAINT-JUST<\/span><\/span> (1767-1794), Discours sur les subsistances, Convention, 29\u00a0novembre\u00a01792<\/p>\n\n<\/blockquote><\/div>\n<\/div>\n<\/div>\n<\/div><\/div>\n<\/div>\n<div class=\"views-row views-row-8 views-row-even\">\n<div class=\"views-field views-field-field-index-collection\">\n<div class=\"field-content\">\n<div class=\"field-collection-view clearfix view-mode-full field-collection-view-final\">\n<div class=\"entity entity-field-collection-item field-collection-item-field-index-collection clearfix\">\n<div class=\"content\">\n<blockquote>\n<p class=\"citation-small\"><a href=\"https:\/\/histoire-en-citations.fr\/WP\/portrait-de-louis-xvi-en-citations#1471\">\u00ab\u00a0On ne peut point r\u00e9gner innocemment\u00a0: la folie en est trop \u00e9vidente. Tout roi est un rebelle et un usurpateur.\u00a0\u00bb<\/a><\/p>\n<p class=\"auteur\"><span class=\"author\"><span class=\"surname\">Louis Antoine de <\/span><span class=\"name\">SAINT-JUST<\/span><\/span> (1767-1794), Question concernant le jugement de Louis\u00a0XVI, 13\u00a0novembre\u00a01792<\/p>\n\n<\/blockquote><\/div>\n<\/div>\n<\/div>\n<\/div><\/div>\n<\/div>\n<div class=\"views-row views-row-9 views-row-odd\">\n<div class=\"views-field views-field-field-index-collection\">\n<div class=\"field-content\">\n<div class=\"field-collection-view clearfix view-mode-full field-collection-view-final\">\n<div class=\"entity entity-field-collection-item field-collection-item-field-index-collection clearfix\">\n<div class=\"content\">\n<blockquote>\n<p class=\"citation-small\"><a href=\"https:\/\/histoire-en-citations.fr\/WP\/citations-referentielles-le-miroir-de-lhistoire-revolution#1476\">\u00ab\u00a0Louis doit mourir pour que la patrie vive.\u00a0\u00bb<\/a><\/p>\n<p class=\"auteur\"><span class=\"author\"><span class=\"surname\">Maximilien <\/span><span class=\"name\">ROBESPIERRE<\/span><\/span> (1758-1794), \u00ab\u00a0c\u00e9l\u00e8bre sentence\u00a0\u00bb<\/p>\n\n<\/blockquote><\/div>\n<\/div>\n<\/div>\n<\/div><\/div>\n<\/div>\n<div class=\"views-row views-row-10 views-row-even\">\n<div class=\"views-field views-field-field-index-collection\">\n<div class=\"field-content\">\n<div class=\"field-collection-view clearfix view-mode-full field-collection-view-final\">\n<div class=\"entity entity-field-collection-item field-collection-item-field-index-collection clearfix\">\n<div class=\"content\">\n<blockquote>\n<p class=\"citation-small\"><a href=\"https:\/\/histoire-en-citations.fr\/WP\/portrait-de-marie-antoinette-en-citations#1540\">\u00ab\u00a0Il est impossible que les lois r\u00e9volutionnaires soient ex\u00e9cut\u00e9es, si le gouvernement lui-m\u00eame n\u2019est constitu\u00e9 r\u00e9volutionnairement.\u00a0\u00bb<\/a><\/p>\n<p class=\"auteur\"><span class=\"author\"><span class=\"surname\">Louis Antoine de <\/span><span class=\"name\">SAINT-JUST<\/span><\/span> (1767-1794), Convention, 10\u00a0octobre 1793<\/p>\n\n<\/blockquote><\/div>\n<\/div>\n<\/div>\n<\/div><\/div>\n<\/div>\n<div class=\"views-row views-row-11 views-row-odd\">\n<div class=\"views-field views-field-field-index-collection\">\n<div class=\"field-content\">\n<div class=\"field-collection-view clearfix view-mode-full field-collection-view-final\">\n<div class=\"entity entity-field-collection-item field-collection-item-field-index-collection clearfix\">\n<div class=\"content\">\n<blockquote>\n<p class=\"citation-small\"><a href=\"https:\/\/histoire-en-citations.fr\/WP\/danton-que-la-france-soit-libre-et-que-mon-nom-soit-fletri#1558\">\u00ab\u00a0Pour \u00eatre R\u00e9publicain, il faut que chaque citoyen \u00e9prouve et op\u00e8re en lui-m\u00eame une r\u00e9volution \u00e9gale \u00e0 celle qui a chang\u00e9 la face de la France.\u00a0\u00bb<\/a><\/p>\n<p class=\"auteur\"><span class=\"author\"><span class=\"surname\">Joseph <\/span><span class=\"name\">FOUCH\u00c9<\/span><\/span> (1759-1820), \u00e0 Saint-Just, novembre\u00a01793<\/p>\n\n<\/blockquote><\/div>\n<\/div>\n<\/div>\n<\/div><\/div>\n<\/div>\n<div class=\"views-row views-row-12 views-row-even\">\n<div class=\"views-field views-field-field-index-collection\">\n<div class=\"field-content\">\n<div class=\"field-collection-view clearfix view-mode-full field-collection-view-final\">\n<div class=\"entity entity-field-collection-item field-collection-item-field-index-collection clearfix\">\n<div class=\"content\">\n<blockquote>\n<p class=\"citation-small\"><a href=\"https:\/\/histoire-en-citations.fr\/WP\/les-appels-dans-lhistoire-du-moyen-age-a-la-revolution#1559\">\u00ab\u00a0Dix mille hommes sont nu-pieds dans l\u2019arm\u00e9e. Il faut que vous d\u00e9chaussiez tous les aristocrates de Strasbourg dans le jour et que demain \u00e0 dix heures du matin, les dix mille paires de souliers soient en marche pour le quartier g\u00e9n\u00e9ral.\u00a0\u00bb<\/a><\/p>\n<p class=\"auteur\">Proclamation sign\u00e9e <span class=\"author\"><span class=\"surname\">Louis Antoine <\/span><span class=\"name\">SAINT-JUST<\/span><\/span> (1767-1794) et <span class=\"author\"><span class=\"surname\">Philippe Fran\u00e7ois Joseph <\/span><span class=\"name\">LEBAS<\/span><\/span> (1764-1794), 15\u00a0novembre\u00a01793<\/p>\n\n<\/blockquote><\/div>\n<\/div>\n<\/div>\n<\/div><\/div>\n<\/div>\n<div class=\"views-row views-row-13 views-row-odd\">\n<div class=\"views-field views-field-field-index-collection\">\n<div class=\"field-content\">\n<div class=\"field-collection-view clearfix view-mode-full field-collection-view-final\">\n<div class=\"entity entity-field-collection-item field-collection-item-field-index-collection clearfix\">\n<div class=\"content\">\n<blockquote>\n<p class=\"citation-small\"><a href=\"https:\/\/histoire-en-citations.fr\/WP\/les-surnoms-jeu-de-mots-entre-petite-et-grande-histoire-la-revolution#1576\">\u00ab\u00a0Ce qui constitue une R\u00e9publique, c\u2019est la destruction totale de ce qui lui est oppos\u00e9.\u00a0\u00bb<\/a><\/p>\n<p class=\"auteur\"><span class=\"author\"><span class=\"surname\">Louis Antoine de <\/span><span class=\"name\">SAINT-JUST<\/span><\/span> (1767-1794), Convention, Rapport du 26\u00a0f\u00e9vrier 1794 (premier d\u00e9cret de vent\u00f4se)<\/p>\n\n<\/blockquote><\/div>\n<\/div>\n<\/div>\n<\/div><\/div>\n<\/div>\n<div class=\"views-row views-row-14 views-row-even views-row-last\">\n<div class=\"views-field views-field-field-index-collection\">\n<div class=\"field-content\">\n<div class=\"field-collection-view clearfix view-mode-full field-collection-view-final\">\n<div class=\"entity entity-field-collection-item field-collection-item-field-index-collection clearfix\">\n<div class=\"content\">\n<blockquote>\n<p class=\"citation-small\"><a href=\"https:\/\/histoire-en-citations.fr\/WP\/citations-referentielles-le-miroir-de-lhistoire-revolution#1577\">\u00ab\u00a0Ceux qui font les r\u00e9volutions \u00e0 moiti\u00e9 n\u2019ont fait que se creuser un tombeau.\u00a0\u00bb<\/a><\/p>\n<p class=\"auteur\"><span class=\"author\"><span class=\"surname\">Louis Antoine de <\/span><span class=\"name\">SAINT-JUST<\/span><\/span> (1767-1794), Convention, Rapport du 26\u00a0f\u00e9vrier 1794 (premier d\u00e9cret de vent\u00f4se)<\/p>\n\n<\/blockquote><\/div>\n<\/div>\n<\/div>\n<\/div><\/div>\n<\/div>\n<\/div>\n<\/div>\n<\/div>\n<style>\r\n        a .cit-num {\r\n            text-decoration: none !important;\r\n            color: inherit !important;\r\n        }\r\n    <\/style>","protected":false},"excerpt":{"rendered":"<p>Th\u00e9oricien de la R\u00e9volution, \u00e9lu \u00e0 la L\u00e9gislative, mais trop jeune pour si\u00e9ger, devenu pr\u00e9sident de la Convention (troisi\u00e8me et derni\u00e8re Assembl\u00e9e), orateur \u00e0 la fois raisonneur et enflamm\u00e9, l\u2019\u201c\u00a0Ange de la Terreur\u00a0\u201d repr\u00e9sente le courant \u201c\u00a0pur et dur\u00a0\u201d, avec Robespierre, son fr\u00e8re en R\u00e9volution, dont il partage les id\u00e9es et le sort, jusqu\u2019\u00e0 la [&#8230;]<\/p>\n","protected":false},"author":1,"featured_media":0,"parent":0,"menu_order":0,"comment_status":"closed","ping_status":"closed","template":"","meta":{"site-sidebar-layout":"default","site-content-layout":"","ast-site-content-layout":"default","site-content-style":"default","site-sidebar-style":"default","ast-global-header-display":"","ast-banner-title-visibility":"","ast-main-header-display":"","ast-hfb-above-header-display":"","ast-hfb-below-header-display":"","ast-hfb-mobile-header-display":"","site-post-title":"","ast-breadcrumbs-content":"","ast-featured-img":"","footer-sml-layout":"","theme-transparent-header-meta":"","adv-header-id-meta":"","stick-header-meta":"","header-above-stick-meta":"","header-main-stick-meta":"","header-below-stick-meta":"","astra-migrate-meta-layouts":"default","ast-page-background-enabled":"default","ast-page-background-meta":{"desktop":{"background-color":"var(--ast-global-color-5)","background-image":"","background-repeat":"repeat","background-position":"center center","background-size":"auto","background-attachment":"scroll","background-type":"","background-media":"","overlay-type":"","overlay-color":"","overlay-opacity":"","overlay-gradient":""},"tablet":{"background-color":"","background-image":"","background-repeat":"repeat","background-position":"center center","background-size":"auto","background-attachment":"scroll","background-type":"","background-media":"","overlay-type":"","overlay-color":"","overlay-opacity":"","overlay-gradient":""},"mobile":{"background-color":"","background-image":"","background-repeat":"repeat","background-position":"center center","background-size":"auto","background-attachment":"scroll","background-type":"","background-media":"","overlay-type":"","overlay-color":"","overlay-opacity":"","overlay-gradient":""}},"ast-content-background-meta":{"desktop":{"background-color":"var(--ast-global-color-4)","background-image":"","background-repeat":"repeat","background-position":"center center","background-size":"auto","background-attachment":"scroll","background-type":"","background-media":"","overlay-type":"","overlay-color":"","overlay-opacity":"","overlay-gradient":""},"tablet":{"background-color":"var(--ast-global-color-4)","background-image":"","background-repeat":"repeat","background-position":"center center","background-size":"auto","background-attachment":"scroll","background-type":"","background-media":"","overlay-type":"","overlay-color":"","overlay-opacity":"","overlay-gradient":""},"mobile":{"background-color":"var(--ast-global-color-4)","background-image":"","background-repeat":"repeat","background-position":"center center","background-size":"auto","background-attachment":"scroll","background-type":"","background-media":"","overlay-type":"","overlay-color":"","overlay-opacity":"","overlay-gradient":""}},"iawp_total_views":189,"footnotes":""},"class_list":["post-10537","page","type-page","status-publish","hentry"],"_links":{"self":[{"href":"https:\/\/histoire-en-citations.fr\/WP\/wp-json\/wp\/v2\/pages\/10537","targetHints":{"allow":["GET"]}}],"collection":[{"href":"https:\/\/histoire-en-citations.fr\/WP\/wp-json\/wp\/v2\/pages"}],"about":[{"href":"https:\/\/histoire-en-citations.fr\/WP\/wp-json\/wp\/v2\/types\/page"}],"author":[{"embeddable":true,"href":"https:\/\/histoire-en-citations.fr\/WP\/wp-json\/wp\/v2\/users\/1"}],"replies":[{"embeddable":true,"href":"https:\/\/histoire-en-citations.fr\/WP\/wp-json\/wp\/v2\/comments?post=10537"}],"version-history":[{"count":4,"href":"https:\/\/histoire-en-citations.fr\/WP\/wp-json\/wp\/v2\/pages\/10537\/revisions"}],"predecessor-version":[{"id":13685,"href":"https:\/\/histoire-en-citations.fr\/WP\/wp-json\/wp\/v2\/pages\/10537\/revisions\/13685"}],"wp:attachment":[{"href":"https:\/\/histoire-en-citations.fr\/WP\/wp-json\/wp\/v2\/media?parent=10537"}],"curies":[{"name":"wp","href":"https:\/\/api.w.org\/{rel}","templated":true}]}}