{"id":10539,"date":"2025-09-22T07:33:12","date_gmt":"2025-09-22T05:33:12","guid":{"rendered":"https:\/\/histoire-en-citations.fr\/WP\/saint-simon-duc-et-comte\/"},"modified":"2025-09-22T07:33:12","modified_gmt":"2025-09-22T05:33:12","slug":"saint-simon-duc-et-comte","status":"publish","type":"page","link":"https:\/\/histoire-en-citations.fr\/WP\/saint-simon-duc-et-comte\/","title":{"rendered":"Saint-Simon (duc et comte)"},"content":{"rendered":"<div class=\"content\">\n<div class=\"view view-index-taxo view-id-index_taxo view-display-id-page view-dom-id-c79f5805dabdf4ad5f4fc9db1068fc55\">\n<div class=\"view-header\">\n<p class=\"presentation\">Deux noms pour la m\u00eame famille. Le premier est le plus connu et le second, plus original. Le duc, auteur de <i>M\u00e9moires<\/i> (posthume), styliste surdou\u00e9, courtisan frustr\u00e9, laisse un portrait sans piti\u00e9 du r\u00e8gne finissant de Louis\u00a0<span class=\"caps\">XIV<\/span>. Le comte (arri\u00e8re-cousin), pr\u00e9curseur des sciences sociales, inaugure un socialisme \u00e0 la fran\u00e7aise, au d\u00e9but du <span class=\"caps\">XIX<\/span><sup>e<\/sup>\u00a0si\u00e8cle.<\/p>\n<p class=\"idxinfo\">Cliquez sur une citation pour la consulter dans son contexte historique.<a href=\"https:\/\/histoire-en-citations.fr\/WP\/personnages\/\" class=\"retour\">Retour aux personnages<\/a><\/p>\n<p> Affichage de 1 \u2013 8 sur 8.    <\/p><\/div>\n<div class=\"view-content\">\n<div class=\"views-row views-row-1 views-row-odd views-row-first\">\n<div class=\"views-field views-field-field-index-collection\">\n<div class=\"field-content\">\n<div class=\"field-collection-view clearfix view-mode-full field-collection-view-final\">\n<div class=\"entity entity-field-collection-item field-collection-item-field-index-collection clearfix\">\n<div class=\"content\">\n<blockquote>\n<p class=\"citation-small\"><a href=\"https:\/\/histoire-en-citations.fr\/WP\/louis-xiv-les-empires-ne-se-conservent-que-comme-ils-sacquierent\/#849\">\u00ab\u00a0Avec un almanach et une montre, on pouvait, \u00e0 trois cents lieues de lui, dire avec justesse ce qu\u2019il faisait.\u00a0\u00bb<\/a><\/p>\n<p class=\"auteur\"><span class=\"author\"><span class=\"surname\">Duc de <\/span><span class=\"name\">SAINT-SIMON<\/span><\/span> (1675-1755), <cite>M\u00e9moires<\/cite> (posthume)<\/p>\n<\/blockquote><\/div>\n<\/div>\n<\/div>\n<\/div><\/div>\n<\/div>\n<div class=\"views-row views-row-2 views-row-even\">\n<div class=\"views-field views-field-field-index-collection\">\n<div class=\"field-content\">\n<div class=\"field-collection-view clearfix view-mode-full field-collection-view-final\">\n<div class=\"entity entity-field-collection-item field-collection-item-field-index-collection clearfix\">\n<div class=\"content\">\n<blockquote>\n<p class=\"citation-small\"><a href=\"https:\/\/histoire-en-citations.fr\/WP\/louis-xiv-toutes-les-fois-que-je-donne-une-place-vacante-je-fais-cent-mecontents-et-un-ingrat\/#852\">\u00ab\u00a0Les louanges, disons mieux, la flatterie, lui plaisaient \u00e0 tel point que les plus grossi\u00e8res \u00e9taient bien re\u00e7ues, les plus basses encore mieux savour\u00e9es.\u00a0\u00bb<\/a><\/p>\n<p class=\"auteur\"><span class=\"author\"><span class=\"surname\">Duc de <\/span><span class=\"name\">SAINT-SIMON<\/span><\/span> (1675-1755), <cite>M\u00e9moires<\/cite> (posthume)<\/p>\n<\/blockquote><\/div>\n<\/div>\n<\/div>\n<\/div><\/div>\n<\/div>\n<div class=\"views-row views-row-3 views-row-odd\">\n<div class=\"views-field views-field-field-index-collection\">\n<div class=\"field-content\">\n<div class=\"field-collection-view clearfix view-mode-full field-collection-view-final\">\n<div class=\"entity entity-field-collection-item field-collection-item-field-index-collection clearfix\">\n<div class=\"content\">\n<blockquote>\n<p class=\"citation-small\"><a href=\"https:\/\/histoire-en-citations.fr\/WP\/louis-xiv-toutes-les-fois-que-je-donne-une-place-vacante-je-fais-cent-mecontents-et-un-ingrat\/#939\">\u00ab\u00a0Le plus grand nombre [des courtisans], c\u2019est-\u00e0-dire les sots, tiraient des soupirs de leurs talons, et, avec des yeux \u00e9gar\u00e9s et secs, louaient Monseigneur et plaignaient le roi de la perte d\u2019un si bon fils. Les plus fins d\u2019entre eux, ou les plus consid\u00e9rables, s\u2019inqui\u00e9taient d\u00e9j\u00e0 de la sant\u00e9 du roi.\u00a0\u00bb<\/a><\/p>\n<p class=\"auteur\"><span class=\"author\"><span class=\"surname\">Duc de <\/span><span class=\"name\">SAINT-SIMON<\/span><\/span> (1675-1755), <cite>M\u00e9moires<\/cite> (posthume)<\/p>\n<\/blockquote><\/div>\n<\/div>\n<\/div>\n<\/div><\/div>\n<\/div>\n<div class=\"views-row views-row-4 views-row-even\">\n<div class=\"views-field views-field-field-index-collection\">\n<div class=\"field-content\">\n<div class=\"field-collection-view clearfix view-mode-full field-collection-view-final\">\n<div class=\"entity entity-field-collection-item field-collection-item-field-index-collection clearfix\">\n<div class=\"content\">\n<blockquote>\n<p class=\"citation-small\"><a href=\"https:\/\/histoire-en-citations.fr\/WP\/villeroy-il-fallait-tenir-le-pot-de-chambre-aux-ministres-tant-quils-etaient-en-puissance\/#953\">\u00ab\u00a0Il fallait tenir le pot de chambre aux ministres tant qu\u2019ils \u00e9taient en puissance, et le leur renverser sur la t\u00eate sit\u00f4t qu\u2019on s\u2019apercevait que le pied commen\u00e7ait \u00e0 leur glisser.\u00a0\u00bb<\/a><\/p>\n<p class=\"auteur\"><span class=\"author\"><span class=\"surname\">Mar\u00e9chal de <\/span><span class=\"name\">VILLEROY (ou VILLEROI)<\/span><\/span> (1644-1730)<\/p>\n<\/blockquote><\/div>\n<\/div>\n<\/div>\n<\/div><\/div>\n<\/div>\n<div class=\"views-row views-row-5 views-row-odd\">\n<div class=\"views-field views-field-field-index-collection\">\n<div class=\"field-content\">\n<div class=\"field-collection-view clearfix view-mode-full field-collection-view-final\">\n<div class=\"entity entity-field-collection-item field-collection-item-field-index-collection clearfix\">\n<div class=\"content\">\n<blockquote>\n<p class=\"citation-small\"><a href=\"https:\/\/histoire-en-citations.fr\/WP\/philippe-dorleans-parbleu-voila-un-foutu-royaume-bien-gouverne-par-un-ivrogne-par-une-putain-par-un-fripon-et-par-un-maquereau\/#1075\">\u00ab\u00a0Tous les vices combattaient en lui \u00e0 qui en demeurerait le ma\u00eetre. Ils y faisaient un bruit et un combat continuels entre eux.\u00a0\u00bb<\/a><\/p>\n<p class=\"auteur\"><span class=\"author\"><span class=\"surname\">Duc de <\/span><span class=\"name\">SAINT-SIMON<\/span><\/span> (1675-1755), \u00e0 propos de l\u2019abb\u00e9 Dubois, <cite>M\u00e9moires<\/cite> (posthume)<\/p>\n<\/blockquote><\/div>\n<\/div>\n<\/div>\n<\/div><\/div>\n<\/div>\n<div class=\"views-row views-row-6 views-row-even\">\n<div class=\"views-field views-field-field-index-collection\">\n<div class=\"field-content\">\n<div class=\"field-collection-view clearfix view-mode-full field-collection-view-final\">\n<div class=\"entity entity-field-collection-item field-collection-item-field-index-collection clearfix\">\n<div class=\"content\">\n<blockquote>\n<p class=\"citation-small\"><a href=\"https:\/\/histoire-en-citations.fr\/WP\/citations-de-louise-michel\/#1901\">\u00ab\u00a0La nation a admis pour principe fondamental que les pauvres devaient \u00eatre g\u00e9n\u00e9reux \u00e0 l\u2019\u00e9gard des riches.\u00a0\u00bb<\/a><\/p>\n<p class=\"auteur\"><span class=\"author\"><span class=\"surname\">Comte de <\/span><span class=\"name\">SAINT-SIMON<\/span><\/span> (1760-1825), <cite>L\u2019Organisateur<\/cite> (1819)<\/p>\n<\/blockquote><\/div>\n<\/div>\n<\/div>\n<\/div><\/div>\n<\/div>\n<div class=\"views-row views-row-7 views-row-odd\">\n<div class=\"views-field views-field-field-index-collection\">\n<div class=\"field-content\">\n<div class=\"field-collection-view clearfix view-mode-full field-collection-view-final\">\n<div class=\"entity entity-field-collection-item field-collection-item-field-index-collection clearfix\">\n<div class=\"content\">\n<blockquote>\n<p class=\"citation-small\"><a href=\"https:\/\/histoire-en-citations.fr\/WP\/fourier-aimez-le-travail-nous-dit-la-morale\/#1902\">\u00ab\u00a0L\u2019homme a jusqu\u2019ici exploit\u00e9 l\u2019homme. Ma\u00eetres, esclaves\u00a0; patricien, pl\u00e9b\u00e9ien\u00a0; seigneurs, serfs\u00a0; propri\u00e9taires, fermiers\u00a0; oisifs et travailleurs.\u00a0\u00bb<\/a><\/p>\n<p class=\"auteur\"><span class=\"author\"><span class=\"surname\">Comte de <\/span><span class=\"name\">SAINT-SIMON<\/span><\/span> (1760-1825), <cite>Doctrine de Saint-Simon\u00a0: Exposition<\/cite>. Premi\u00e8re ann\u00e9e (1829)<\/p>\n<\/blockquote><\/div>\n<\/div>\n<\/div>\n<\/div><\/div>\n<\/div>\n<div class=\"views-row views-row-8 views-row-even views-row-last\">\n<div class=\"views-field views-field-field-index-collection\">\n<div class=\"field-content\">\n<div class=\"field-collection-view clearfix view-mode-full field-collection-view-final\">\n<div class=\"entity entity-field-collection-item field-collection-item-field-index-collection clearfix\">\n<div class=\"content\">\n<blockquote>\n<p class=\"citation-small\"><a href=\"https:\/\/histoire-en-citations.fr\/WP\/saint-simon-lart-de-gouverner-est-reduit-a-donner-aux-frelons\/#1970\">\u00ab\u00a0L\u2019art de gouverner [\u2026] est r\u00e9duit \u00e0 donner aux frelons la plus forte portion du miel pr\u00e9lev\u00e9 sur les abeilles.\u00a0\u00bb<\/a><\/p>\n<p class=\"auteur\"><span class=\"author\"><span class=\"surname\">Comte de <\/span><span class=\"name\">SAINT-SIMON<\/span><\/span> (1760-1825), <cite>L\u2019Organisateur<\/cite> (1819)<\/p>\n<\/blockquote><\/div>\n<\/div>\n<\/div>\n<\/div><\/div>\n<\/div>\n<\/div>\n<\/div>\n<\/div>\n<style>\r\n        a .cit-num {\r\n            text-decoration: none !important;\r\n            color: inherit !important;\r\n        }\r\n    <\/style>","protected":false},"excerpt":{"rendered":"<p>Deux noms pour la m\u00eame famille. Le premier est le plus connu et le second, plus original. Le duc, auteur de M\u00e9moires (posthume), styliste surdou\u00e9, courtisan frustr\u00e9, laisse un portrait sans piti\u00e9 du r\u00e8gne finissant de Louis\u00a0XIV. Le comte (arri\u00e8re-cousin), pr\u00e9curseur des sciences sociales, inaugure un socialisme \u00e0 la fran\u00e7aise, au d\u00e9but du XIXe\u00a0si\u00e8cle. Cliquez [&#8230;]<\/p>\n","protected":false},"author":1,"featured_media":0,"parent":0,"menu_order":0,"comment_status":"closed","ping_status":"closed","template":"","meta":{"site-sidebar-layout":"default","site-content-layout":"","ast-site-content-layout":"default","site-content-style":"default","site-sidebar-style":"default","ast-global-header-display":"","ast-banner-title-visibility":"","ast-main-header-display":"","ast-hfb-above-header-display":"","ast-hfb-below-header-display":"","ast-hfb-mobile-header-display":"","site-post-title":"","ast-breadcrumbs-content":"","ast-featured-img":"","footer-sml-layout":"","theme-transparent-header-meta":"","adv-header-id-meta":"","stick-header-meta":"","header-above-stick-meta":"","header-main-stick-meta":"","header-below-stick-meta":"","astra-migrate-meta-layouts":"default","ast-page-background-enabled":"default","ast-page-background-meta":{"desktop":{"background-color":"var(--ast-global-color-5)","background-image":"","background-repeat":"repeat","background-position":"center center","background-size":"auto","background-attachment":"scroll","background-type":"","background-media":"","overlay-type":"","overlay-color":"","overlay-opacity":"","overlay-gradient":""},"tablet":{"background-color":"","background-image":"","background-repeat":"repeat","background-position":"center center","background-size":"auto","background-attachment":"scroll","background-type":"","background-media":"","overlay-type":"","overlay-color":"","overlay-opacity":"","overlay-gradient":""},"mobile":{"background-color":"","background-image":"","background-repeat":"repeat","background-position":"center center","background-size":"auto","background-attachment":"scroll","background-type":"","background-media":"","overlay-type":"","overlay-color":"","overlay-opacity":"","overlay-gradient":""}},"ast-content-background-meta":{"desktop":{"background-color":"var(--ast-global-color-4)","background-image":"","background-repeat":"repeat","background-position":"center center","background-size":"auto","background-attachment":"scroll","background-type":"","background-media":"","overlay-type":"","overlay-color":"","overlay-opacity":"","overlay-gradient":""},"tablet":{"background-color":"var(--ast-global-color-4)","background-image":"","background-repeat":"repeat","background-position":"center center","background-size":"auto","background-attachment":"scroll","background-type":"","background-media":"","overlay-type":"","overlay-color":"","overlay-opacity":"","overlay-gradient":""},"mobile":{"background-color":"var(--ast-global-color-4)","background-image":"","background-repeat":"repeat","background-position":"center center","background-size":"auto","background-attachment":"scroll","background-type":"","background-media":"","overlay-type":"","overlay-color":"","overlay-opacity":"","overlay-gradient":""}},"iawp_total_views":22,"footnotes":""},"class_list":["post-10539","page","type-page","status-publish","hentry"],"_links":{"self":[{"href":"https:\/\/histoire-en-citations.fr\/WP\/wp-json\/wp\/v2\/pages\/10539","targetHints":{"allow":["GET"]}}],"collection":[{"href":"https:\/\/histoire-en-citations.fr\/WP\/wp-json\/wp\/v2\/pages"}],"about":[{"href":"https:\/\/histoire-en-citations.fr\/WP\/wp-json\/wp\/v2\/types\/page"}],"author":[{"embeddable":true,"href":"https:\/\/histoire-en-citations.fr\/WP\/wp-json\/wp\/v2\/users\/1"}],"replies":[{"embeddable":true,"href":"https:\/\/histoire-en-citations.fr\/WP\/wp-json\/wp\/v2\/comments?post=10539"}],"version-history":[{"count":2,"href":"https:\/\/histoire-en-citations.fr\/WP\/wp-json\/wp\/v2\/pages\/10539\/revisions"}],"predecessor-version":[{"id":12045,"href":"https:\/\/histoire-en-citations.fr\/WP\/wp-json\/wp\/v2\/pages\/10539\/revisions\/12045"}],"wp:attachment":[{"href":"https:\/\/histoire-en-citations.fr\/WP\/wp-json\/wp\/v2\/media?parent=10539"}],"curies":[{"name":"wp","href":"https:\/\/api.w.org\/{rel}","templated":true}]}}