{"id":10541,"date":"2025-09-22T07:33:12","date_gmt":"2025-09-22T05:33:12","guid":{"rendered":"https:\/\/histoire-en-citations.fr\/WP\/sarkozy\/"},"modified":"2025-09-22T07:33:12","modified_gmt":"2025-09-22T05:33:12","slug":"sarkozy","status":"publish","type":"page","link":"https:\/\/histoire-en-citations.fr\/WP\/sarkozy\/","title":{"rendered":"Sarkozy"},"content":{"rendered":"<div class=\"content\">\n<div class=\"view view-index-taxo view-id-index_taxo view-display-id-page view-dom-id-f38d7e02cc9c4b6c523e688aaf28d859\">\n<div class=\"view-header\">\n<p class=\"presentation\">Un quinquennat non renouvel\u00e9, un personnage passionn\u00e9ment contest\u00e9. Animal politique form\u00e9 \u00e0 l\u2019\u00e9cole de Chirac qu\u2019il a servi et trahi, situ\u00e9 \u00e0 droite sans complexe, il a trop bien us\u00e9 des m\u00e9dias au point de lasser l\u2019opinion. Il a d\u00e9clar\u00e9 (au moins deux fois) renoncer \u00e0 la politique pour les affaires (au sens \u00e9conomique).<\/p>\n<p class=\"idxinfo\">Cliquez sur une citation pour la consulter dans son contexte historique.<a href=\"https:\/\/histoire-en-citations.fr\/WP\/personnages\/\" class=\"retour\">Retour aux personnages<\/a><\/p>\n<p> Affichage de 1 \u2013 21 sur 21.    <\/p><\/div>\n<div class=\"view-content\">\n<div class=\"views-row views-row-1 views-row-odd views-row-first\">\n<div class=\"views-field views-field-field-index-collection\">\n<div class=\"field-content\">\n<div class=\"field-collection-view clearfix view-mode-full field-collection-view-final\">\n<div class=\"entity entity-field-collection-item field-collection-item-field-index-collection clearfix\">\n<div class=\"content\">\n<blockquote>\n<p class=\"citation-small\"><a href=\"https:\/\/histoire-en-citations.fr\/WP\/sarkozy-dans-un-monde-ou-la-deloyaute-est-la-regle-vous-me-permettrez-dafficher-de-maniere-peut-etre-provocante-ma-loyaute-envers-jacques-chirac#3305\">\u00ab\u00a0Dans un monde o\u00f9 la d\u00e9loyaut\u00e9 est la r\u00e8gle, vous me permettrez d\u2019afficher, de mani\u00e8re peut-\u00eatre provocante, ma loyaut\u00e9 envers Jacques Chirac.\u00a0\u00bb<\/a><\/p>\n<p class=\"auteur\"><span class=\"author\"><span class=\"surname\">Nicolas <\/span><span class=\"name\">SARKOZY<\/span><\/span> (n\u00e9 en 1955), juin\u00a01992<\/p>\n\n<\/blockquote><\/div>\n<\/div>\n<\/div>\n<\/div><\/div>\n<\/div>\n<div class=\"views-row views-row-2 views-row-even\">\n<div class=\"views-field views-field-field-index-collection\">\n<div class=\"field-content\">\n<div class=\"field-collection-view clearfix view-mode-full field-collection-view-final\">\n<div class=\"entity entity-field-collection-item field-collection-item-field-index-collection clearfix\">\n<div class=\"content\">\n<blockquote>\n<p class=\"citation-small\"><a href=\"https:\/\/histoire-en-citations.fr\/WP\/galerie-presidentielle-vii-chirac-sarkozy-hollande-macron#3307\">\u00ab\u00a0Dans une campagne, il faut aller chercher les \u00e9lecteurs avec les dents.\u00a0\u00bb<\/a><\/p>\n<p class=\"auteur\"><span class=\"author\"><span class=\"surname\">Jacques <\/span><span class=\"name\">CHIRAC<\/span><\/span> (1932-2019)<\/p>\n\n<\/blockquote><\/div>\n<\/div>\n<\/div>\n<\/div><\/div>\n<\/div>\n<div class=\"views-row views-row-3 views-row-odd\">\n<div class=\"views-field views-field-field-index-collection\">\n<div class=\"field-content\">\n<div class=\"field-collection-view clearfix view-mode-full field-collection-view-final\">\n<div class=\"entity entity-field-collection-item field-collection-item-field-index-collection clearfix\">\n<div class=\"content\">\n<blockquote>\n<p class=\"citation-small\"><a href=\"https:\/\/histoire-en-citations.fr\/WP\/le-grand-betisier-historique#3308\">\u00ab\u00a0L\u2019\u00e9lectroenc\u00e9phalogramme de la Chiraquie est plat. Ce n\u2019est plus l\u2019H\u00f4tel de Ville, c\u2019est l\u2019antichambre de la morgue. Chirac est mort, il ne manque plus que les trois derni\u00e8res pellet\u00e9es de terre.\u00a0\u00bb<\/a><\/p>\n<p class=\"auteur\"><span class=\"author\"><span class=\"surname\">Nicolas <\/span><span class=\"name\">SARKOZY<\/span><\/span> (n\u00e9 en 1955), 1994<\/p>\n\n<\/blockquote><\/div>\n<\/div>\n<\/div>\n<\/div><\/div>\n<\/div>\n<div class=\"views-row views-row-4 views-row-even\">\n<div class=\"views-field views-field-field-index-collection\">\n<div class=\"field-content\">\n<div class=\"field-collection-view clearfix view-mode-full field-collection-view-final\">\n<div class=\"entity entity-field-collection-item field-collection-item-field-index-collection clearfix\">\n<div class=\"content\">\n<blockquote>\n<p class=\"citation-small\"><a href=\"https:\/\/histoire-en-citations.fr\/WP\/galerie-presidentielle-vii-chirac-sarkozy-hollande-macron#3309\">\u00ab\u00a0Il ne faut pas blesser une b\u00eate\u00a0: on la caresse ou on la tue.\u00a0\u00bb<\/a><\/p>\n<p class=\"auteur\"><span class=\"author\"><span class=\"surname\">Jacques <\/span><span class=\"name\">CHIRAC<\/span><\/span> (1932-2019)<\/p>\n\n<\/blockquote><\/div>\n<\/div>\n<\/div>\n<\/div><\/div>\n<\/div>\n<div class=\"views-row views-row-5 views-row-odd\">\n<div class=\"views-field views-field-field-index-collection\">\n<div class=\"field-content\">\n<div class=\"field-collection-view clearfix view-mode-full field-collection-view-final\">\n<div class=\"entity entity-field-collection-item field-collection-item-field-index-collection clearfix\">\n<div class=\"content\">\n<blockquote>\n<p class=\"citation-small\"><a href=\"https:\/\/histoire-en-citations.fr\/WP\/qui-a-dit-quoi-de-qui-cinquieme-republique-de-mitterrand-a-macron#3325\">\u00ab\u00a0Nerveux, imp\u00e9tueux, ne doutant de rien et surtout pas de lui-m\u00eame\u2026\u00a0\u00bb<\/a><\/p>\n<p class=\"auteur\"><span class=\"author\"><span class=\"surname\">Jacques <\/span><span class=\"name\">CHIRAC<\/span><\/span> (1932-2019), <cite>M\u00e9moires<\/cite>, tome II, <cite>Le Temps pr\u00e9sidentiel<\/cite> (2011)<\/p>\n\n<\/blockquote><\/div>\n<\/div>\n<\/div>\n<\/div><\/div>\n<\/div>\n<div class=\"views-row views-row-6 views-row-even\">\n<div class=\"views-field views-field-field-index-collection\">\n<div class=\"field-content\">\n<div class=\"field-collection-view clearfix view-mode-full field-collection-view-final\">\n<div class=\"entity entity-field-collection-item field-collection-item-field-index-collection clearfix\">\n<div class=\"content\">\n<blockquote>\n<p class=\"citation-small\"><a href=\"https:\/\/histoire-en-citations.fr\/WP\/qui-a-dit-quoi-de-qui-cinquieme-republique-de-mitterrand-a-macron#3326\">\u00ab\u00a0D\u2019aussi loin que je me souvienne, j\u2019ai toujours voulu agir. Transformer le quotidien, rendre l\u2019impossible envisageable.\u00a0\u00bb<\/a><\/p>\n<p class=\"auteur\"><span class=\"author\"><span class=\"surname\">Nicolas <\/span><span class=\"name\">SARKOZY<\/span><\/span> (n\u00e9 en 1955), <cite>T\u00e9moignage<\/cite> (2006)<\/p>\n\n<\/blockquote><\/div>\n<\/div>\n<\/div>\n<\/div><\/div>\n<\/div>\n<div class=\"views-row views-row-7 views-row-odd\">\n<div class=\"views-field views-field-field-index-collection\">\n<div class=\"field-content\">\n<div class=\"field-collection-view clearfix view-mode-full field-collection-view-final\">\n<div class=\"entity entity-field-collection-item field-collection-item-field-index-collection clearfix\">\n<div class=\"content\">\n<blockquote>\n<p class=\"citation-small\"><a href=\"https:\/\/histoire-en-citations.fr\/WP\/chirac-sarkozy-est-nerveux-impetueux-ne-doutant-de-rien-et-surtout-pas-de-lui-meme#3327\">\u00ab\u00a0Quand on a le sentiment que le temps est compt\u00e9, on agit plus et plus vite.\u00a0\u00bb<\/a><\/p>\n<p class=\"auteur\"><span class=\"author\"><span class=\"surname\">Nicolas <\/span><span class=\"name\">SARKOZY<\/span><\/span> (n\u00e9 en 1955), interview dans <cite>Le\u00a0Monde<\/cite>, 17\u00a0juillet 2004<\/p>\n\n<\/blockquote><\/div>\n<\/div>\n<\/div>\n<\/div><\/div>\n<\/div>\n<div class=\"views-row views-row-8 views-row-even\">\n<div class=\"views-field views-field-field-index-collection\">\n<div class=\"field-content\">\n<div class=\"field-collection-view clearfix view-mode-full field-collection-view-final\">\n<div class=\"entity entity-field-collection-item field-collection-item-field-index-collection clearfix\">\n<div class=\"content\">\n<blockquote>\n<p class=\"citation-small\"><a href=\"https:\/\/histoire-en-citations.fr\/WP\/lexception-culturelle-a-la-francaise-mythe-ou-realite-2#3329\">\u00ab\u00a0L\u2019autre jour, je m\u2019amusais, on s\u2019amuse comme on peut, \u00e0 regarder le programme du concours d\u2019attach\u00e9 d\u2019administration. Un sadique ou un imb\u00e9cile, choisissez, avait mis dans le programme d\u2019interroger les concurrents sur La Princesse de Cl\u00e8ves. Je ne sais pas si cela vous est souvent arriv\u00e9 de demander \u00e0 la guicheti\u00e8re ce qu\u2019elle pensait de La Princesse de Cl\u00e8ves\u2026 Imaginez un peu le spectacle\u00a0!\u00a0\u00bb<\/a><\/p>\n<p class=\"auteur\"><span class=\"author\"><span class=\"surname\">Nicolas <\/span><span class=\"name\">SARKOZY<\/span><\/span> (n\u00e9 en 1955), Meeting de Lyon, 23\u00a0f\u00e9vrier 2006<\/p>\n\n<\/blockquote><\/div>\n<\/div>\n<\/div>\n<\/div><\/div>\n<\/div>\n<div class=\"views-row views-row-9 views-row-odd\">\n<div class=\"views-field views-field-field-index-collection\">\n<div class=\"field-content\">\n<div class=\"field-collection-view clearfix view-mode-full field-collection-view-final\">\n<div class=\"entity entity-field-collection-item field-collection-item-field-index-collection clearfix\">\n<div class=\"content\">\n<blockquote>\n<p class=\"citation-small\"><a href=\"https:\/\/histoire-en-citations.fr\/WP\/qui-a-dit-quoi-de-qui-cinquieme-republique-de-mitterrand-a-macron#3330\">\u00ab\u00a0J\u2019ai chang\u00e9 [\u2026] J\u2019ai chang\u00e9 parce que l\u2019\u00e9lection pr\u00e9sidentielle est une \u00e9preuve de v\u00e9rit\u00e9 \u00e0 laquelle nul ne peut se soustraire. Parce que cette v\u00e9rit\u00e9 je vous la dois [\u2026] Je la dois aux Fran\u00e7ais.\u00a0\u00bb<\/a><\/p>\n<p class=\"auteur\"><span class=\"author\"><span class=\"surname\">Nicolas <\/span><span class=\"name\">SARKOZY<\/span><\/span> (n\u00e9 en 1955), au Congr\u00e8s de l\u2019UMP, 14\u00a0janvier 2007<\/p>\n\n<\/blockquote><\/div>\n<\/div>\n<\/div>\n<\/div><\/div>\n<\/div>\n<div class=\"views-row views-row-10 views-row-even\">\n<div class=\"views-field views-field-field-index-collection\">\n<div class=\"field-content\">\n<div class=\"field-collection-view clearfix view-mode-full field-collection-view-final\">\n<div class=\"entity entity-field-collection-item field-collection-item-field-index-collection clearfix\">\n<div class=\"content\">\n<blockquote>\n<p class=\"citation-small\"><a href=\"https:\/\/histoire-en-citations.fr\/WP\/qui-a-dit-quoi-de-qui-cinquieme-republique-de-mitterrand-a-macron#3333\">\u00ab\u00a0Fascination, d\u00e9fiance, r\u00e9pulsion\u2026 l\u2019omnipr\u00e9sent pr\u00e9sident de la R\u00e9publique nourrit depuis longtemps un lien puissant, passionn\u00e9, quasi obsessionnel, au monde m\u00e9diatique. B\u00eate de sc\u00e8ne, il est n\u00e9 et a grandi avec la t\u00e9l\u00e9, qu\u2019il aime et qu\u2019il regarde. Il en conna\u00eet les codes par c\u0153ur.\u00a0\u00bb<\/a><\/p>\n<p class=\"auteur\"><span class=\"author\"><span class=\"surname\">Emmanuelle <\/span><span class=\"name\">ANIZON<\/span><\/span> (n\u00e9e en 1968), <cite>T\u00e9l\u00e9rama<\/cite>, 12\u00a0mars 2012<\/p>\n\n<\/blockquote><\/div>\n<\/div>\n<\/div>\n<\/div><\/div>\n<\/div>\n<div class=\"views-row views-row-11 views-row-odd\">\n<div class=\"views-field views-field-field-index-collection\">\n<div class=\"field-content\">\n<div class=\"field-collection-view clearfix view-mode-full field-collection-view-final\">\n<div class=\"entity entity-field-collection-item field-collection-item-field-index-collection clearfix\">\n<div class=\"content\">\n<blockquote>\n<p class=\"citation-small\"><a href=\"https:\/\/histoire-en-citations.fr\/WP\/qui-a-dit-quoi-de-qui-cinquieme-republique-de-mitterrand-a-macron#3382\">\u00ab\u00a0Je d\u00e9cide, il ex\u00e9cute.\u00a0\u00bb<\/a><\/p>\n<p class=\"auteur\"><span class=\"author\"><span class=\"surname\">Jacques <\/span><span class=\"name\">CHIRAC<\/span><\/span> (1932-2019) parlant de son ministre des Finances, Nicolas Sarkozy, 14\u00a0juillet 2004<\/p>\n\n<\/blockquote><\/div>\n<\/div>\n<\/div>\n<\/div><\/div>\n<\/div>\n<div class=\"views-row views-row-12 views-row-even\">\n<div class=\"views-field views-field-field-index-collection\">\n<div class=\"field-content\">\n<div class=\"field-collection-view clearfix view-mode-full field-collection-view-final\">\n<div class=\"entity entity-field-collection-item field-collection-item-field-index-collection clearfix\">\n<div class=\"content\">\n<blockquote>\n<p class=\"citation-small\"><a href=\"https:\/\/histoire-en-citations.fr\/WP\/galerie-presidentielle-vii-chirac-sarkozy-hollande-macron#3396\">\u00ab\u00a0Parler de social \u00e0 Nicolas Sarkozy, c\u2019est comme parler de cin\u00e9ma \u00e0 une cam\u00e9ra de surveillance.\u00a0\u00bb<\/a><\/p>\n<p class=\"auteur\"><span class=\"author\"><span class=\"surname\">Laurent <\/span><span class=\"name\">FABIUS<\/span><\/span> (n\u00e9 en 1946), cit\u00e9 dans <cite>L\u2019Express<\/cite>, ao\u00fbt\u00a02009<\/p>\n\n<\/blockquote><\/div>\n<\/div>\n<\/div>\n<\/div><\/div>\n<\/div>\n<div class=\"views-row views-row-13 views-row-odd\">\n<div class=\"views-field views-field-field-index-collection\">\n<div class=\"field-content\">\n<div class=\"field-collection-view clearfix view-mode-full field-collection-view-final\">\n<div class=\"entity entity-field-collection-item field-collection-item-field-index-collection clearfix\">\n<div class=\"content\">\n<blockquote>\n<p class=\"citation-small\"><a href=\"https:\/\/histoire-en-citations.fr\/WP\/les-mysteres-de-lhistoire-dalain-juppe-a-labbe-pierre#3398\">\u00ab\u00a0Un jour, je finirai par retrouver le salopard qui a mont\u00e9 cette affaire et il finira sur un croc de boucher.\u00a0\u00bb<\/a><\/p>\n<p class=\"auteur\"><span class=\"author\"><span class=\"surname\">Nicolas <\/span><span class=\"name\">SARKOZY<\/span><\/span> (n\u00e9 en 1955), ministre de l\u2019Int\u00e9rieur, citation authentifi\u00e9e apr\u00e8s coup par \u00ab\u00a0le salopard\u00a0\u00bb vis\u00e9, Dominique de Villepin<\/p>\n\n<\/blockquote><\/div>\n<\/div>\n<\/div>\n<\/div><\/div>\n<\/div>\n<div class=\"views-row views-row-14 views-row-even\">\n<div class=\"views-field views-field-field-index-collection\">\n<div class=\"field-content\">\n<div class=\"field-collection-view clearfix view-mode-full field-collection-view-final\">\n<div class=\"entity entity-field-collection-item field-collection-item-field-index-collection clearfix\">\n<div class=\"content\">\n<blockquote>\n<p class=\"citation-small\"><a href=\"https:\/\/histoire-en-citations.fr\/WP\/citations-referentielles-le-miroir-de-lhistoire-cinquieme-republique-apres-de-gaulle#3404\">\u00ab\u00a0Travailler plus pour gagner plus, c\u2019est mon programme.\u00a0\u00bb<\/a><\/p>\n<p class=\"auteur\"><span class=\"author\"><span class=\"surname\">Nicolas <\/span><span class=\"name\">SARKOZY<\/span><\/span> (n\u00e9 en 1955), Discours de Rungis, 1<sup>er<\/sup>\u00a0f\u00e9vrier 2007<\/p>\n\n<\/blockquote><\/div>\n<\/div>\n<\/div>\n<\/div><\/div>\n<\/div>\n<div class=\"views-row views-row-15 views-row-odd\">\n<div class=\"views-field views-field-field-index-collection\">\n<div class=\"field-content\">\n<div class=\"field-collection-view clearfix view-mode-full field-collection-view-final\">\n<div class=\"entity entity-field-collection-item field-collection-item-field-index-collection clearfix\">\n<div class=\"content\">\n<blockquote>\n<p class=\"citation-small\"><a href=\"https:\/\/histoire-en-citations.fr\/WP\/le-cv-des-acteurs-de-lhistoire-de-chirac-a-macron#3415\">\u00ab\u00a0La croissance, j\u2019irai la chercher avec les dents.\u00a0\u00bb<\/a><\/p>\n<p class=\"auteur\"><span class=\"author\"><span class=\"surname\">Nicolas <\/span><span class=\"name\">SARKOZY<\/span><\/span> (n\u00e9 en 1955), en campagne pr\u00e9sidentielle, mars\u00a02007<\/p>\n\n<\/blockquote><\/div>\n<\/div>\n<\/div>\n<\/div><\/div>\n<\/div>\n<div class=\"views-row views-row-16 views-row-even\">\n<div class=\"views-field views-field-field-index-collection\">\n<div class=\"field-content\">\n<div class=\"field-collection-view clearfix view-mode-full field-collection-view-final\">\n<div class=\"entity entity-field-collection-item field-collection-item-field-index-collection clearfix\">\n<div class=\"content\">\n<blockquote>\n<p class=\"citation-small\"><a href=\"https:\/\/histoire-en-citations.fr\/WP\/les-mysteres-de-lhistoire-dalain-juppe-a-labbe-pierre#3417\">\u00ab\u00a0Je veux une R\u00e9publique irr\u00e9prochable.\u00a0\u00bb<\/a><\/p>\n<p class=\"auteur\"><span class=\"author\"><span class=\"surname\">Nicolas <\/span><span class=\"name\">SARKOZY<\/span><\/span> (n\u00e9 en 1955), 13\u00a0avril 2007<\/p>\n\n<\/blockquote><\/div>\n<\/div>\n<\/div>\n<\/div><\/div>\n<\/div>\n<div class=\"views-row views-row-17 views-row-odd\">\n<div class=\"views-field views-field-field-index-collection\">\n<div class=\"field-content\">\n<div class=\"field-collection-view clearfix view-mode-full field-collection-view-final\">\n<div class=\"entity entity-field-collection-item field-collection-item-field-index-collection clearfix\">\n<div class=\"content\">\n<blockquote>\n<p class=\"citation-small\"><a href=\"https:\/\/histoire-en-citations.fr\/WP\/qui-a-dit-quoi-de-qui-cinquieme-republique-de-mitterrand-a-macron#3419\">\u00ab\u00a0Pour \u00eatre pr\u00e9sident de la R\u00e9publique, il faut \u00eatre calme, et utiliser des mots qui ne sont pas des mots qui blessent, parce que quand on emploie des mots qui blessent, on divise son peuple alors qu\u2019il faut le rassembler\u2026\u00a0\u00bb<\/a><\/p>\n<p class=\"auteur\"><span class=\"author\"><span class=\"surname\">Nicolas <\/span><span class=\"name\">SARKOZY<\/span><\/span> (n\u00e9 en 1955), d\u00e9bat de l\u2019entre-deux-tours de l\u2019\u00e9lection pr\u00e9sidentielle, TF1 \u2013 France 2, 2\u00a0mai 2007<\/p>\n\n<\/blockquote><\/div>\n<\/div>\n<\/div>\n<\/div><\/div>\n<\/div>\n<div class=\"views-row views-row-18 views-row-even\">\n<div class=\"views-field views-field-field-index-collection\">\n<div class=\"field-content\">\n<div class=\"field-collection-view clearfix view-mode-full field-collection-view-final\">\n<div class=\"entity entity-field-collection-item field-collection-item-field-index-collection clearfix\">\n<div class=\"content\">\n<blockquote>\n<p class=\"citation-small\"><a href=\"https:\/\/histoire-en-citations.fr\/WP\/galerie-presidentielle-vii-chirac-sarkozy-hollande-macron#3424\">\u00ab\u00a0Je ne pense pas que les Fran\u00e7ais veulent un pr\u00e9sident glac\u00e9 et qui devient gla\u00e7ant. Il faut mettre de la vie au plus haut niveau du pouvoir.\u00a0\u00bb<\/a><\/p>\n<p class=\"auteur\"><span class=\"author\"><span class=\"surname\">Nicolas <\/span><span class=\"name\">SARKOZY<\/span><\/span> (n\u00e9 en 1955), TF1, 20\u00a0juin 2007<\/p>\n\n<\/blockquote><\/div>\n<\/div>\n<\/div>\n<\/div><\/div>\n<\/div>\n<div class=\"views-row views-row-19 views-row-odd\">\n<div class=\"views-field views-field-field-index-collection\">\n<div class=\"field-content\">\n<div class=\"field-collection-view clearfix view-mode-full field-collection-view-final\">\n<div class=\"entity entity-field-collection-item field-collection-item-field-index-collection clearfix\">\n<div class=\"content\">\n<blockquote>\n<p class=\"citation-small\"><a href=\"https:\/\/histoire-en-citations.fr\/WP\/40-petites-et-grandes-erreurs-historiques-en-citations-de-la-iiie-republique-a-nos-jours#3434\">\u00ab\u00a0D\u00e9sormais, quand il y a une gr\u00e8ve, plus personne ne s\u2019en aper\u00e7oit.\u00a0\u00bb<\/a><\/p>\n<p class=\"auteur\"><span class=\"author\"><span class=\"surname\">Nicolas <\/span><span class=\"name\">SARKOZY<\/span><\/span> (n\u00e9 en 1955), au si\u00e8ge de l\u2019UMP, 6\u00a0juillet 2008<\/p>\n\n<\/blockquote><\/div>\n<\/div>\n<\/div>\n<\/div><\/div>\n<\/div>\n<div class=\"views-row views-row-20 views-row-even\">\n<div class=\"views-field views-field-field-index-collection\">\n<div class=\"field-content\">\n<div class=\"field-collection-view clearfix view-mode-full field-collection-view-final\">\n<div class=\"entity entity-field-collection-item field-collection-item-field-index-collection clearfix\">\n<div class=\"content\">\n<blockquote>\n<p class=\"citation-small\"><a href=\"https:\/\/histoire-en-citations.fr\/WP\/40-petites-et-grandes-erreurs-historiques-en-citations-de-la-iiie-republique-a-nos-jours#3436\">\u00ab\u00a0Si \u00e0 cinquante ans, on n\u2019a pas une Rolex, on a quand m\u00eame rat\u00e9 sa vie.\u00a0\u00bb<\/a><\/p>\n<p class=\"auteur\"><span class=\"author\"><span class=\"surname\">Jacques <\/span><span class=\"name\">S\u00c9GU\u00c9LA<\/span><\/span> (n\u00e9 en 1934), \u00e9mission \u00ab\u00a0Les 4 v\u00e9rit\u00e9s\u00a0\u00bb, France 2, 13\u00a0f\u00e9vrier 2009<\/p>\n\n<\/blockquote><\/div>\n<\/div>\n<\/div>\n<\/div><\/div>\n<\/div>\n<div class=\"views-row views-row-21 views-row-odd views-row-last\">\n<div class=\"views-field views-field-field-index-collection\">\n<div class=\"field-content\">\n<div class=\"field-collection-view clearfix view-mode-full field-collection-view-final\">\n<div class=\"entity entity-field-collection-item field-collection-item-field-index-collection clearfix\">\n<div class=\"content\">\n<blockquote>\n<p class=\"citation-small\"><a href=\"https:\/\/histoire-en-citations.fr\/WP\/qui-a-dit-quoi-de-qui-cinquieme-republique-de-mitterrand-a-macron#3470\">\u00ab\u00a0Ceux qui ne peuvent supporter d\u2019\u00eatre ha\u00efs ne doivent pas faire de la politique. Il n\u2019y a pas de destin sans haine.\u00a0\u00bb<\/a><\/p>\n<p class=\"auteur\"><span class=\"author\"><span class=\"surname\">Nicolas <\/span><span class=\"name\">SARKOZY<\/span><\/span> (n\u00e9 en 1955), sur son site\u00a0: Pr\u00e9sidentielle 2012<\/p>\n\n<\/blockquote><\/div>\n<\/div>\n<\/div>\n<\/div><\/div>\n<\/div>\n<\/div>\n<\/div>\n<\/div>\n<style>\r\n        a .cit-num {\r\n            text-decoration: none !important;\r\n            color: inherit !important;\r\n        }\r\n    <\/style>","protected":false},"excerpt":{"rendered":"<p>Un quinquennat non renouvel\u00e9, un personnage passionn\u00e9ment contest\u00e9. Animal politique form\u00e9 \u00e0 l\u2019\u00e9cole de Chirac qu\u2019il a servi et trahi, situ\u00e9 \u00e0 droite sans complexe, il a trop bien us\u00e9 des m\u00e9dias au point de lasser l\u2019opinion. Il a d\u00e9clar\u00e9 (au moins deux fois) renoncer \u00e0 la politique pour les affaires (au sens \u00e9conomique). Cliquez [&#8230;]<\/p>\n","protected":false},"author":1,"featured_media":0,"parent":0,"menu_order":0,"comment_status":"closed","ping_status":"closed","template":"","meta":{"site-sidebar-layout":"default","site-content-layout":"","ast-site-content-layout":"default","site-content-style":"default","site-sidebar-style":"default","ast-global-header-display":"","ast-banner-title-visibility":"","ast-main-header-display":"","ast-hfb-above-header-display":"","ast-hfb-below-header-display":"","ast-hfb-mobile-header-display":"","site-post-title":"","ast-breadcrumbs-content":"","ast-featured-img":"","footer-sml-layout":"","theme-transparent-header-meta":"","adv-header-id-meta":"","stick-header-meta":"","header-above-stick-meta":"","header-main-stick-meta":"","header-below-stick-meta":"","astra-migrate-meta-layouts":"default","ast-page-background-enabled":"default","ast-page-background-meta":{"desktop":{"background-color":"var(--ast-global-color-5)","background-image":"","background-repeat":"repeat","background-position":"center center","background-size":"auto","background-attachment":"scroll","background-type":"","background-media":"","overlay-type":"","overlay-color":"","overlay-opacity":"","overlay-gradient":""},"tablet":{"background-color":"","background-image":"","background-repeat":"repeat","background-position":"center center","background-size":"auto","background-attachment":"scroll","background-type":"","background-media":"","overlay-type":"","overlay-color":"","overlay-opacity":"","overlay-gradient":""},"mobile":{"background-color":"","background-image":"","background-repeat":"repeat","background-position":"center center","background-size":"auto","background-attachment":"scroll","background-type":"","background-media":"","overlay-type":"","overlay-color":"","overlay-opacity":"","overlay-gradient":""}},"ast-content-background-meta":{"desktop":{"background-color":"var(--ast-global-color-4)","background-image":"","background-repeat":"repeat","background-position":"center center","background-size":"auto","background-attachment":"scroll","background-type":"","background-media":"","overlay-type":"","overlay-color":"","overlay-opacity":"","overlay-gradient":""},"tablet":{"background-color":"var(--ast-global-color-4)","background-image":"","background-repeat":"repeat","background-position":"center center","background-size":"auto","background-attachment":"scroll","background-type":"","background-media":"","overlay-type":"","overlay-color":"","overlay-opacity":"","overlay-gradient":""},"mobile":{"background-color":"var(--ast-global-color-4)","background-image":"","background-repeat":"repeat","background-position":"center center","background-size":"auto","background-attachment":"scroll","background-type":"","background-media":"","overlay-type":"","overlay-color":"","overlay-opacity":"","overlay-gradient":""}},"iawp_total_views":28,"footnotes":""},"class_list":["post-10541","page","type-page","status-publish","hentry"],"_links":{"self":[{"href":"https:\/\/histoire-en-citations.fr\/WP\/wp-json\/wp\/v2\/pages\/10541","targetHints":{"allow":["GET"]}}],"collection":[{"href":"https:\/\/histoire-en-citations.fr\/WP\/wp-json\/wp\/v2\/pages"}],"about":[{"href":"https:\/\/histoire-en-citations.fr\/WP\/wp-json\/wp\/v2\/types\/page"}],"author":[{"embeddable":true,"href":"https:\/\/histoire-en-citations.fr\/WP\/wp-json\/wp\/v2\/users\/1"}],"replies":[{"embeddable":true,"href":"https:\/\/histoire-en-citations.fr\/WP\/wp-json\/wp\/v2\/comments?post=10541"}],"version-history":[{"count":5,"href":"https:\/\/histoire-en-citations.fr\/WP\/wp-json\/wp\/v2\/pages\/10541\/revisions"}],"predecessor-version":[{"id":13686,"href":"https:\/\/histoire-en-citations.fr\/WP\/wp-json\/wp\/v2\/pages\/10541\/revisions\/13686"}],"wp:attachment":[{"href":"https:\/\/histoire-en-citations.fr\/WP\/wp-json\/wp\/v2\/media?parent=10541"}],"curies":[{"name":"wp","href":"https:\/\/api.w.org\/{rel}","templated":true}]}}