{"id":10619,"date":"2025-09-22T07:31:53","date_gmt":"2025-09-22T05:31:53","guid":{"rendered":"https:\/\/histoire-en-citations.fr\/WP\/depute\/"},"modified":"2025-09-22T07:31:53","modified_gmt":"2025-09-22T05:31:53","slug":"depute","status":"publish","type":"page","link":"https:\/\/histoire-en-citations.fr\/WP\/depute\/","title":{"rendered":"d\u00e9put\u00e9"},"content":{"rendered":"<div class=\"content\">\n<div class=\"view view-index-taxo view-id-index_taxo view-display-id-page view-dom-id-6ef8337e762f48fa48eb6b7471473a2b\">\n<div class=\"view-header\">\n<p class=\"presentation\">Un emploi n\u00e9 avec la R\u00e9volution et la premi\u00e8re Assembl\u00e9e. Mortalit\u00e9 galopante avec la guillotine sous la Terreur, mais c\u2019est une vocation o\u00f9 il y a toujours plus d\u2019appel\u00e9s que d\u2019\u00e9lus, surtout avec le suffrage universel. C\u2019est devenu un m\u00e9tier (d\u2019homme) sous la Troisi\u00e8me R\u00e9publique. Les (33) premi\u00e8res femmes entrent \u00e0 la Chambre en 1945. La parit\u00e9 existe dans quelques d\u00e9mocraties.<\/p>\n<p class=\"idxinfo\">Cliquez sur une citation pour la consulter dans son contexte historique.<a class=\"retour\" href=\"https:\/\/histoire-en-citations.fr\/WP\/indexation\/\">Retour \u00e0 l\u2019index<\/a><\/p>\n<p> Affichage de 1 \u2013 15 sur 15.    <\/p><\/div>\n<div class=\"view-content\">\n<div class=\"views-row views-row-1 views-row-odd views-row-first\">\n<div class=\"views-field views-field-field-index-collection\">\n<div class=\"field-content\">\n<div class=\"field-collection-view clearfix view-mode-full field-collection-view-final\">\n<div class=\"entity entity-field-collection-item field-collection-item-field-index-collection clearfix\">\n<div class=\"content\">\n<blockquote>\n<p class=\"citation-small\"><a href=\"https:\/\/histoire-en-citations.fr\/WP\/liberte-egalite-fraternite-la-trilogie-republicaine-siecle-des-lumieres-et-debut-de-la-revolution#1313\">\u00ab\u00a0Voici deux cents ans, un millier d\u2019hommes changeaient la face du monde. Ils n\u2019en voulaient pas tant et c\u2019est comme par d\u00e9faut que les d\u00e9l\u00e9gu\u00e9s de la France aux \u00c9tats g\u00e9n\u00e9raux sont devenus, sans le vouloir, sans le savoir, les artisans du passage de la soci\u00e9t\u00e9 d\u2019Ancien R\u00e9gime, celle de l\u2019ob\u00e9issance, \u00e0 la soci\u00e9t\u00e9 de la Libert\u00e9.\u00a0\u00bb<\/a><\/p>\n<p class=\"auteur\"><span class=\"author\"><span class=\"surname\">Claude <\/span><span class=\"name\">MANCERON<\/span><\/span> (1923-1999), <cite>La R\u00e9volution fran\u00e7aise. Dictionnaire biographique<\/cite> (1989)<\/p>\n\n<\/blockquote><\/div>\n<\/div>\n<\/div>\n<\/div><\/div>\n<\/div>\n<div class=\"views-row views-row-2 views-row-even\">\n<div class=\"views-field views-field-field-index-collection\">\n<div class=\"field-content\">\n<div class=\"field-collection-view clearfix view-mode-full field-collection-view-final\">\n<div class=\"entity entity-field-collection-item field-collection-item-field-index-collection clearfix\">\n<div class=\"content\">\n<blockquote>\n<p class=\"citation-small\"><a href=\"https:\/\/histoire-en-citations.fr\/WP\/les-appels-dans-lhistoire-du-moyen-age-a-la-revolution#1319\">\u00ab\u00a0Tous les membres de cette Assembl\u00e9e pr\u00eateront serment de ne jamais se s\u00e9parer et de se rassembler partout o\u00f9 les circonstances l\u2019exigeront, jusqu\u2019\u00e0 ce que la Constitution du royaume soit \u00e9tablie et affermie sur des fondements solides.\u00a0\u00bb<\/a><\/p>\n<p class=\"auteur\"><span class=\"author\"><span class=\"surname\">Jean-Baptiste-Pierre <\/span><span class=\"name\">BEVI\u00c8RE<\/span><\/span> (1723-1807), <span class=\"author\"><span class=\"surname\">Jean-Joseph <\/span><span class=\"name\">MOUNIER<\/span><\/span> (1758-1806) et <span class=\"author\"><span class=\"surname\">l\u2019abb\u00e9 <\/span><span class=\"name\">SIEY\u00c8S<\/span><\/span> (1748-1836), Serment\u00a0du\u00a0Jeu\u00a0de\u00a0Paume, 20\u00a0juin 1789<\/p>\n\n<\/blockquote><\/div>\n<\/div>\n<\/div>\n<\/div><\/div>\n<\/div>\n<div class=\"views-row views-row-3 views-row-odd\">\n<div class=\"views-field views-field-field-index-collection\">\n<div class=\"field-content\">\n<div class=\"field-collection-view clearfix view-mode-full field-collection-view-final\">\n<div class=\"entity entity-field-collection-item field-collection-item-field-index-collection clearfix\">\n<div class=\"content\">\n<blockquote>\n<p class=\"citation-small\"><a href=\"https:\/\/histoire-en-citations.fr\/WP\/lasource-je-meurs-le-jour-ou-le-peuple-a-perdu-la-raison-vous-mourrez-le-jour-ou-il-laura-recouvree#1557\">\u00ab\u00a0Quand donc finira cette boucherie de d\u00e9put\u00e9s\u00a0? Il est temps de faire cesser la terreur contre les repr\u00e9sentants.\u00a0\u00bb<\/a><\/p>\n<p class=\"auteur\"><span class=\"author\"><span class=\"surname\">Claude <\/span><span class=\"name\">BASIRE<\/span><\/span> (1764-1794), Discours au club des Jacobins, 10\u00a0novembre\u00a01793<\/p>\n\n<\/blockquote><\/div>\n<\/div>\n<\/div>\n<\/div><\/div>\n<\/div>\n<div class=\"views-row views-row-4 views-row-even\">\n<div class=\"views-field views-field-field-index-collection\">\n<div class=\"field-content\">\n<div class=\"field-collection-view clearfix view-mode-full field-collection-view-final\">\n<div class=\"entity entity-field-collection-item field-collection-item-field-index-collection clearfix\">\n<div class=\"content\">\n<blockquote>\n<p class=\"citation-small\"><a href=\"https:\/\/histoire-en-citations.fr\/WP\/lhistoire-en-chantant-de-napoleon-a-la-monarchie-de-juillet#2009\">\u00ab\u00a0Que je suis d\u00e9pit\u00e9 \/ De ne pas \u00eatre d\u00e9put\u00e9, \/ Moi, marquis et baron\u2026 Qui me pr\u00e9f\u00e8re-t-on\u00a0? \/ Un pl\u00e9b\u00e9ien, un avorton,C\u2019est un homme de rien \/ Qui lui-m\u00eame a gagn\u00e9 son bien [\u2026]Quelle horreur\u00a0! quelle horreur\u00a0! \/ Je ne veux plus \u00eatre \u00e9lecteur.\u00a0\u00bb<\/a><\/p>\n<p class=\"auteur\"><span class=\"author\"><span class=\"surname\">Paul-\u00c9mile <\/span><span class=\"name\">DEBRAUX<\/span><\/span> (1796-1831), <cite>L\u2019\u00c9lecteur d\u00e9sappoint\u00e9<\/cite> (1827), chanson<\/p>\n\n<\/blockquote><\/div>\n<\/div>\n<\/div>\n<\/div><\/div>\n<\/div>\n<div class=\"views-row views-row-5 views-row-odd\">\n<div class=\"views-field views-field-field-index-collection\">\n<div class=\"field-content\">\n<div class=\"field-collection-view clearfix view-mode-full field-collection-view-final\">\n<div class=\"entity entity-field-collection-item field-collection-item-field-index-collection clearfix\">\n<div class=\"content\">\n<blockquote>\n<p class=\"citation-small\"><a href=\"https:\/\/histoire-en-citations.fr\/WP\/lhistoire-en-caricatures-monarchie-de-juillet-et-deuxieme-republique#2081\">\u00ab\u00a0Une femme qui voterait les lois, discuterait le budget, administrerait les deniers publics, ne pourrait \u00eatre qu\u2019un homme.\u00a0\u00bb<\/a><\/p>\n<p class=\"auteur\"><span class=\"author\"><span class=\"surname\">Charles <\/span><span class=\"name\">NODIER<\/span><\/span> (1780-1844), <cite>L\u2019Europe litt\u00e9raire<\/cite> (mars 1832)<\/p>\n\n<\/blockquote><\/div>\n<\/div>\n<\/div>\n<\/div><\/div>\n<\/div>\n<div class=\"views-row views-row-6 views-row-even\">\n<div class=\"views-field views-field-field-index-collection\">\n<div class=\"field-content\">\n<div class=\"field-collection-view clearfix view-mode-full field-collection-view-final\">\n<div class=\"entity entity-field-collection-item field-collection-item-field-index-collection clearfix\">\n<div class=\"content\">\n<blockquote>\n<p class=\"citation-small\"><a href=\"https:\/\/histoire-en-citations.fr\/WP\/basire-quand-donc-finira-cette-boucherie-de-deputes#2158\">\u00ab\u00a0Il n\u2019est pas n\u00e9cessaire pour faire un bon repr\u00e9sentant d\u2019avoir de l\u2019\u00e9ducation et de la fortune [\u2026] Un brave paysan, avec du bon sens et de l\u2019exp\u00e9rience, repr\u00e9sentera mieux les int\u00e9r\u00eats de sa condition qu\u2019un citoyen riche et lettr\u00e9.\u00a0\u00bb<\/a><\/p>\n<p class=\"auteur\"><span class=\"author\"><span class=\"surname\">Lazare <\/span><span class=\"name\">CARNOT<\/span><\/span> (1753-1823)<\/p>\n\n<\/blockquote><\/div>\n<\/div>\n<\/div>\n<\/div><\/div>\n<\/div>\n<div class=\"views-row views-row-7 views-row-odd\">\n<div class=\"views-field views-field-field-index-collection\">\n<div class=\"field-content\">\n<div class=\"field-collection-view clearfix view-mode-full field-collection-view-final\">\n<div class=\"entity entity-field-collection-item field-collection-item-field-index-collection clearfix\">\n<div class=\"content\">\n<blockquote>\n<p class=\"citation-small\"><a href=\"https:\/\/histoire-en-citations.fr\/WP\/portrait-de-proudhon-en-citations#2164\">\u00ab\u00a0Il faut avoir v\u00e9cu dans cet isoloir qu\u2019on appelle Assembl\u00e9e nationale, pour concevoir comment les hommes qui ignorent le plus compl\u00e8tement l\u2019\u00e9tat d\u2019un pays sont presque toujours ceux qui le repr\u00e9sentent.\u00a0\u00bb<\/a><\/p>\n<p class=\"auteur\"><span class=\"author\"><span class=\"surname\">Pierre Joseph <\/span><span class=\"name\">PROUDHON<\/span><\/span> (1809-1865), <cite>Les Confessions d\u2019un r\u00e9volutionnaire<\/cite> (1849)<\/p>\n\n<\/blockquote><\/div>\n<\/div>\n<\/div>\n<\/div><\/div>\n<\/div>\n<div class=\"views-row views-row-8 views-row-even\">\n<div class=\"views-field views-field-field-index-collection\">\n<div class=\"field-content\">\n<div class=\"field-collection-view clearfix view-mode-full field-collection-view-final\">\n<div class=\"entity entity-field-collection-item field-collection-item-field-index-collection clearfix\">\n<div class=\"content\">\n<blockquote>\n<p class=\"citation-small\"><a href=\"https:\/\/histoire-en-citations.fr\/WP\/lhistoire-en-caricatures-monarchie-de-juillet-et-deuxieme-republique#2197\">\u00ab\u00a0Nous ne comprenons pas plus une femme l\u00e9gislatrice qu\u2019un homme nourrice.\u00a0\u00bb<\/a><\/p>\n<p class=\"auteur\"><span class=\"author\"><span class=\"surname\">Pierre Joseph <\/span><span class=\"name\">PROUDHON<\/span><\/span> (1809-1865), <cite>Le Peuple<\/cite>, mai 1849<\/p>\n\n<\/blockquote><\/div>\n<\/div>\n<\/div>\n<\/div><\/div>\n<\/div>\n<div class=\"views-row views-row-9 views-row-odd\">\n<div class=\"views-field views-field-field-index-collection\">\n<div class=\"field-content\">\n<div class=\"field-collection-view clearfix view-mode-full field-collection-view-final\">\n<div class=\"entity entity-field-collection-item field-collection-item-field-index-collection clearfix\">\n<div class=\"content\">\n<blockquote>\n<p class=\"citation-small\"><a href=\"https:\/\/histoire-en-citations.fr\/WP\/le-cv-des-acteurs-de-lhistoire-xixe-siecle#2217\">\u00ab\u00a0Vous allez voir comment on meurt pour 25\u00a0francs.\u00a0\u00bb<\/a><\/p>\n<p class=\"auteur\"><span class=\"author\"><span class=\"surname\">Alphonse <\/span><span class=\"name\">BAUDIN<\/span><\/span> (1811-1851), d\u00e9put\u00e9, appelant le peuple \u00e0 la lutte, sur une barricade de la rue Sainte-Marguerite, 3\u00a0d\u00e9cembre 1851<\/p>\n\n<\/blockquote><\/div>\n<\/div>\n<\/div>\n<\/div><\/div>\n<\/div>\n<div class=\"views-row views-row-10 views-row-even\">\n<div class=\"views-field views-field-field-index-collection\">\n<div class=\"field-content\">\n<div class=\"field-collection-view clearfix view-mode-full field-collection-view-final\">\n<div class=\"entity entity-field-collection-item field-collection-item-field-index-collection clearfix\">\n<div class=\"content\">\n<blockquote>\n<p class=\"citation-small\"><a href=\"https:\/\/histoire-en-citations.fr\/WP\/lecture-recommandee-en-temps-de-vacances-les-memoires-de-la-monarchie-de-juillet-a-nos-jours#2394\">\u00ab\u00a0Qu\u2019on soit mod\u00e9r\u00e9, radical ou r\u00e9volutionnaire, on est avant tout d\u00e9put\u00e9.\u00a0\u00bb<\/a><\/p>\n<p class=\"auteur\"><span class=\"author\"><span class=\"surname\">Robert de <\/span><span class=\"name\">JOUVENEL<\/span><\/span> (1882-1924), <cite>La R\u00e9publique des camarades<\/cite> (1913)<\/p>\n\n<\/blockquote><\/div>\n<\/div>\n<\/div>\n<\/div><\/div>\n<\/div>\n<div class=\"views-row views-row-11 views-row-odd\">\n<div class=\"views-field views-field-field-index-collection\">\n<div class=\"field-content\">\n<div class=\"field-collection-view clearfix view-mode-full field-collection-view-final\">\n<div class=\"entity entity-field-collection-item field-collection-item-field-index-collection clearfix\">\n<div class=\"content\">\n<blockquote>\n<p class=\"citation-small\"><a href=\"https:\/\/histoire-en-citations.fr\/WP\/jaures-m-leon-say-ayant-dit-un-jour-a-m-meline-le-protectionnisme-cest-le-socialisme-des-riches-m-meline-pique-repondit-le-libre-echange-cest-l#2509\">\u00ab\u00a0Messieurs, la s\u00e9ance continue\u00a0!\u00a0\u00bb<\/a><\/p>\n<p class=\"auteur\"><span class=\"author\"><span class=\"surname\">Charles-Alexandre <\/span><span class=\"name\">DUPUY<\/span><\/span> (1851-1923), Chambre des d\u00e9put\u00e9s, 9\u00a0d\u00e9cembre 1893<\/p>\n\n<\/blockquote><\/div>\n<\/div>\n<\/div>\n<\/div><\/div>\n<\/div>\n<div class=\"views-row views-row-12 views-row-even\">\n<div class=\"views-field views-field-field-index-collection\">\n<div class=\"field-content\">\n<div class=\"field-collection-view clearfix view-mode-full field-collection-view-final\">\n<div class=\"entity entity-field-collection-item field-collection-item-field-index-collection clearfix\">\n<div class=\"content\">\n<blockquote>\n<p class=\"citation-small\"><a href=\"https:\/\/histoire-en-citations.fr\/WP\/limpertinence-a-la-francaise-une-vertu-nationale-de-la-revolution-a-nos-jours#2510\">\u00ab\u00a0D\u00e9sormais, ces messieurs sauront qu\u2019ils ont toujours une \u00e9p\u00e9e de Damocl\u00e8s suspendue au-dessus de leur t\u00eate, ils voteront peut-\u00eatre des lois plus justes.\u00a0\u00bb<\/a><\/p>\n<p class=\"auteur\"><span class=\"author\"><span class=\"surname\">Auguste <\/span><span class=\"name\">VAILLANT<\/span><\/span> (1861-1894), D\u00e9claration \u00e0 la police qui l\u2019interroge, apr\u00e8s l\u2019attentat qu\u2019il a perp\u00e9tr\u00e9, le 9\u00a0d\u00e9cembre 1893<\/p>\n\n<\/blockquote><\/div>\n<\/div>\n<\/div>\n<\/div><\/div>\n<\/div>\n<div class=\"views-row views-row-13 views-row-odd\">\n<div class=\"views-field views-field-field-index-collection\">\n<div class=\"field-content\">\n<div class=\"field-collection-view clearfix view-mode-full field-collection-view-final\">\n<div class=\"entity entity-field-collection-item field-collection-item-field-index-collection clearfix\">\n<div class=\"content\">\n<blockquote>\n<p class=\"citation-small\"><a href=\"https:\/\/histoire-en-citations.fr\/WP\/portrait-de-georges-clemenceau-en-citations#2535\">\u00ab\u00a0Qu\u2019est-ce qui les s\u00e9pare\u00a0? Leurs id\u00e9es. Ils en ont si peu.\u00a0\u00bb<\/a><\/p>\n<p class=\"auteur\"><span class=\"author\"><span class=\"surname\">Georges <\/span><span class=\"name\">CLEMENCEAU<\/span><\/span> (1841-1929), ironisant \u00e0 la vue de deux d\u00e9put\u00e9s f\u00e2ch\u00e9s \u00e0 mort, ce qui ne les emp\u00eache pas de trinquer \u00e0 la buvette du Palais-Bourbon<\/p>\n\n<\/blockquote><\/div>\n<\/div>\n<\/div>\n<\/div><\/div>\n<\/div>\n<div class=\"views-row views-row-14 views-row-even\">\n<div class=\"views-field views-field-field-index-collection\">\n<div class=\"field-content\">\n<div class=\"field-collection-view clearfix view-mode-full field-collection-view-final\">\n<div class=\"entity entity-field-collection-item field-collection-item-field-index-collection clearfix\">\n<div class=\"content\">\n<blockquote>\n<p class=\"citation-small\"><a href=\"https:\/\/histoire-en-citations.fr\/WP\/qui-a-dit-quoi-de-qui-seconde-guerre-mondiale-et-quatrieme-republique#2882\">\u00ab\u00a0Sans moi, que seriez-vous\u00a0?\u2014 Sans vous, je serais ministre.\u00a0\u00bb<\/a><\/p>\n<p class=\"auteur\"><span class=\"author\"><span class=\"surname\">Edmond <\/span><span class=\"name\">BARRACHIN<\/span><\/span> (1900-1975), d\u00e9put\u00e9 RPF, au <span class=\"author\"><span class=\"surname special\">g\u00e9n\u00e9ral de <\/span><span class=\"name\">GAULLE<\/span><\/span> (1890-1970), juillet\u00a01952<\/p>\n\n<\/blockquote><\/div>\n<\/div>\n<\/div>\n<\/div><\/div>\n<\/div>\n<div class=\"views-row views-row-15 views-row-odd views-row-last\">\n<div class=\"views-field views-field-field-index-collection\">\n<div class=\"field-content\">\n<div class=\"field-collection-view clearfix view-mode-full field-collection-view-final\">\n<div class=\"entity entity-field-collection-item field-collection-item-field-index-collection clearfix\">\n<div class=\"content\">\n<blockquote>\n<p class=\"citation-small\"><a href=\"https:\/\/histoire-en-citations.fr\/WP\/ces-etrangers-qui-firent-lhistoire-de-france-de-francoise-giroud-a-pierre-cardin#3030\">\u00ab\u00a0Il n\u2019est plus ministre, il n\u2019est plus d\u00e9put\u00e9 et c\u2019est le moment o\u00f9, en quarante-cinq minutes de t\u00e9l\u00e9vision, M.\u00a0Val\u00e9ry Giscard d\u2019Estaing a pris soudain la physionomie d\u2019un homme politique [\u2026] Nous avons assist\u00e9 mardi soir \u00e0 la naissance d\u2019un dauphin.\u00a0\u00bb<\/a><\/p>\n<p class=\"auteur\"><span class=\"author\"><span class=\"surname\">Fran\u00e7oise <\/span><span class=\"name\">GIROUD<\/span><\/span> (1916-2003), \u00ab\u00a0Naissance d\u2019un dauphin\u00a0\u00bb, <cite>L\u2019Express<\/cite>, 21\u00a0f\u00e9vrier 1966<\/p>\n\n<\/blockquote><\/div>\n<\/div>\n<\/div>\n<\/div><\/div>\n<\/div>\n<\/div>\n<\/div>\n<\/div>\n<style>\r\n        a .cit-num {\r\n            text-decoration: none !important;\r\n            color: inherit !important;\r\n        }\r\n    <\/style>","protected":false},"excerpt":{"rendered":"<p>Un emploi n\u00e9 avec la R\u00e9volution et la premi\u00e8re Assembl\u00e9e. Mortalit\u00e9 galopante avec la guillotine sous la Terreur, mais c\u2019est une vocation o\u00f9 il y a toujours plus d\u2019appel\u00e9s que d\u2019\u00e9lus, surtout avec le suffrage universel. C\u2019est devenu un m\u00e9tier (d\u2019homme) sous la Troisi\u00e8me R\u00e9publique. Les (33) premi\u00e8res femmes entrent \u00e0 la Chambre en 1945. [&#8230;]<\/p>\n","protected":false},"author":1,"featured_media":0,"parent":0,"menu_order":0,"comment_status":"closed","ping_status":"closed","template":"","meta":{"site-sidebar-layout":"default","site-content-layout":"","ast-site-content-layout":"default","site-content-style":"default","site-sidebar-style":"default","ast-global-header-display":"","ast-banner-title-visibility":"","ast-main-header-display":"","ast-hfb-above-header-display":"","ast-hfb-below-header-display":"","ast-hfb-mobile-header-display":"","site-post-title":"","ast-breadcrumbs-content":"","ast-featured-img":"","footer-sml-layout":"","theme-transparent-header-meta":"","adv-header-id-meta":"","stick-header-meta":"","header-above-stick-meta":"","header-main-stick-meta":"","header-below-stick-meta":"","astra-migrate-meta-layouts":"default","ast-page-background-enabled":"default","ast-page-background-meta":{"desktop":{"background-color":"var(--ast-global-color-5)","background-image":"","background-repeat":"repeat","background-position":"center center","background-size":"auto","background-attachment":"scroll","background-type":"","background-media":"","overlay-type":"","overlay-color":"","overlay-opacity":"","overlay-gradient":""},"tablet":{"background-color":"","background-image":"","background-repeat":"repeat","background-position":"center center","background-size":"auto","background-attachment":"scroll","background-type":"","background-media":"","overlay-type":"","overlay-color":"","overlay-opacity":"","overlay-gradient":""},"mobile":{"background-color":"","background-image":"","background-repeat":"repeat","background-position":"center center","background-size":"auto","background-attachment":"scroll","background-type":"","background-media":"","overlay-type":"","overlay-color":"","overlay-opacity":"","overlay-gradient":""}},"ast-content-background-meta":{"desktop":{"background-color":"var(--ast-global-color-4)","background-image":"","background-repeat":"repeat","background-position":"center center","background-size":"auto","background-attachment":"scroll","background-type":"","background-media":"","overlay-type":"","overlay-color":"","overlay-opacity":"","overlay-gradient":""},"tablet":{"background-color":"var(--ast-global-color-4)","background-image":"","background-repeat":"repeat","background-position":"center center","background-size":"auto","background-attachment":"scroll","background-type":"","background-media":"","overlay-type":"","overlay-color":"","overlay-opacity":"","overlay-gradient":""},"mobile":{"background-color":"var(--ast-global-color-4)","background-image":"","background-repeat":"repeat","background-position":"center center","background-size":"auto","background-attachment":"scroll","background-type":"","background-media":"","overlay-type":"","overlay-color":"","overlay-opacity":"","overlay-gradient":""}},"iawp_total_views":9,"footnotes":""},"class_list":["post-10619","page","type-page","status-publish","hentry"],"_links":{"self":[{"href":"https:\/\/histoire-en-citations.fr\/WP\/wp-json\/wp\/v2\/pages\/10619","targetHints":{"allow":["GET"]}}],"collection":[{"href":"https:\/\/histoire-en-citations.fr\/WP\/wp-json\/wp\/v2\/pages"}],"about":[{"href":"https:\/\/histoire-en-citations.fr\/WP\/wp-json\/wp\/v2\/types\/page"}],"author":[{"embeddable":true,"href":"https:\/\/histoire-en-citations.fr\/WP\/wp-json\/wp\/v2\/users\/1"}],"replies":[{"embeddable":true,"href":"https:\/\/histoire-en-citations.fr\/WP\/wp-json\/wp\/v2\/comments?post=10619"}],"version-history":[{"count":4,"href":"https:\/\/histoire-en-citations.fr\/WP\/wp-json\/wp\/v2\/pages\/10619\/revisions"}],"predecessor-version":[{"id":13526,"href":"https:\/\/histoire-en-citations.fr\/WP\/wp-json\/wp\/v2\/pages\/10619\/revisions\/13526"}],"wp:attachment":[{"href":"https:\/\/histoire-en-citations.fr\/WP\/wp-json\/wp\/v2\/media?parent=10619"}],"curies":[{"name":"wp","href":"https:\/\/api.w.org\/{rel}","templated":true}]}}