{"id":10643,"date":"2025-09-22T07:34:54","date_gmt":"2025-09-22T05:34:54","guid":{"rendered":"https:\/\/histoire-en-citations.fr\/WP\/empire\/"},"modified":"2025-11-19T08:51:45","modified_gmt":"2025-11-19T07:51:45","slug":"empire","status":"publish","type":"page","link":"https:\/\/histoire-en-citations.fr\/WP\/empire\/","title":{"rendered":"Empire"},"content":{"rendered":"<div class=\"content\">\n<div class=\"view view-index-taxo view-id-index_taxo view-display-id-page view-dom-id-f3f96271761f4edc5f409bd2e4db1aee\">\n<div class=\"view-header\">\n<p class=\"presentation\">On pense au Premier Empire (Napol\u00e9on) et au Second (Napol\u00e9on\u00a0<span class=\"caps\">III<\/span>). N\u2019oublions pas les empires de Charlemagne au Moyen \u00c2ge et de Charles-Quint (n\u00e9 prince bourguignon), rival de Fran\u00e7ois\u00a0I<sup>er<\/sup>. Les empires finissent toujours mal et c\u2019est parfois un bien (voir Hitler). L\u2019Empire britannique, c\u2019est une autre histoire.<\/p>\n<p class=\"idxinfo\">Cliquez sur une citation pour la consulter dans son contexte historique.<a href=\"https:\/\/histoire-en-citations.fr\/WP\/indexation\/\" class=\"retour\">Retour \u00e0 l\u2019index<\/a><\/p>\n<p> Affichage de 1 \u2013 10 sur 10.    <\/p><\/div>\n<div class=\"view-content\">\n<div class=\"views-row views-row-1 views-row-odd views-row-first\">\n<div class=\"views-field views-field-field-index-collection\">\n<div class=\"field-content\">\n<div class=\"field-collection-view clearfix view-mode-full field-collection-view-final\">\n<div class=\"entity entity-field-collection-item field-collection-item-field-index-collection clearfix\">\n<div class=\"content\">\n<blockquote>\n<p class=\"citation-small\"><a href=\"https:\/\/histoire-en-citations.fr\/WP\/les-mysteres-de-lhistoire-de-malraux-aux-diamants-de-bokassa\/#70\">\u00ab\u00a0Charles, savant, modeste [\u2026] ma\u00eetre du monde, bien-aim\u00e9 du peuple [\u2026] sommet de l\u2019Europe [\u2026] est en train de tracer les murs de la Rome nouvelle.\u00a0\u00bb<\/a><\/p>\n<p class=\"auteur\"><span class=\"author\"><span class=\"name\">ANGILBERT<\/span><\/span> (vers 740-814) parlant de Charlemagne en 799<\/p>\n\n<\/blockquote><\/div>\n<\/div>\n<\/div>\n<\/div><\/div>\n<\/div>\n<div class=\"views-row views-row-2 views-row-even\">\n<div class=\"views-field views-field-field-index-collection\">\n<div class=\"field-content\">\n<div class=\"field-collection-view clearfix view-mode-full field-collection-view-final\">\n<div class=\"entity entity-field-collection-item field-collection-item-field-index-collection clearfix\">\n<div class=\"content\">\n<blockquote>\n<p class=\"citation-small\"><a href=\"https:\/\/histoire-en-citations.fr\/WP\/les-mysteres-de-lhistoire-de-louis-xiv-a-napoleon\/#1292\">\u00ab\u00a0La nature semblait avoir moul\u00e9 sa t\u00eate pour l\u2019Empire ou pour le gibet, taill\u00e9 ses bras pour \u00e9treindre une nation ou pour enlever une femme.\u00a0\u00bb<\/a><\/p>\n<p class=\"auteur\"><span class=\"author\"><span class=\"surname\">Fran\u00e7ois Ren\u00e9 de <\/span><span class=\"name\">CHATEAUBRIAND<\/span><\/span> (1768-1848), <cite>M\u00e9moires d\u2019outre-tombe<\/cite> (posthume)<\/p>\n\n<\/blockquote><\/div>\n<\/div>\n<\/div>\n<\/div><\/div>\n<\/div>\n<div class=\"views-row views-row-3 views-row-odd\">\n<div class=\"views-field views-field-field-index-collection\">\n<div class=\"field-content\">\n<div class=\"field-collection-view clearfix view-mode-full field-collection-view-final\">\n<div class=\"entity entity-field-collection-item field-collection-item-field-index-collection clearfix\">\n<div class=\"content\">\n<blockquote>\n<p class=\"citation-small\"><a href=\"https:\/\/histoire-en-citations.fr\/WP\/qui-a-dit-quoi-de-qui-directoire-consulat-et-premier-empire\/#1799\">\u00ab Je n\u2019ai pas succ\u00e9d\u00e9 \u00e0 Louis XVI, mais \u00e0 Charlemagne. \u00bb<\/a><\/p>\n<p class=\"auteur\"><span class=\"author\"><span class=\"name\">NAPOL\u00c9ON\u00a0I<sup>er<\/sup><\/span><\/span> (1769-1821), \u00e0 Pie\u00a0VII, le jour du sacre en la cath\u00e9drale Notre-Dame de Paris, 2\u00a0d\u00e9cembre 1804<\/p>\n\n<\/blockquote><\/div>\n<\/div>\n<\/div>\n<\/div><\/div>\n<\/div>\n<div class=\"views-row views-row-4 views-row-even\">\n<div class=\"views-field views-field-field-index-collection\">\n<div class=\"field-content\">\n<div class=\"field-collection-view clearfix view-mode-full field-collection-view-final\">\n<div class=\"entity entity-field-collection-item field-collection-item-field-index-collection clearfix\">\n<div class=\"content\">\n<blockquote>\n<p class=\"citation-small\"><a href=\"https:\/\/histoire-en-citations.fr\/WP\/lhistoire-en-chantant-de-napoleon-a-la-monarchie-de-juillet\/#1800\">\u00ab On couronn\u2019Napol\u00e9on Empereur de ce bel Empire. \u00c7a nous promet pour l\u2019av\u2019nir Ben du bonheur et du plaisir.\u00a0\u00bb<\/a><\/p>\n<p class=\"auteur\"><cite>Le Sacre de Napol\u00e9on<\/cite>, chanson<\/p>\n\n<\/blockquote><\/div>\n<\/div>\n<\/div>\n<\/div><\/div>\n<\/div>\n<div class=\"views-row views-row-5 views-row-odd\">\n<div class=\"views-field views-field-field-index-collection\">\n<div class=\"field-content\">\n<div class=\"field-collection-view clearfix view-mode-full field-collection-view-final\">\n<div class=\"entity entity-field-collection-item field-collection-item-field-index-collection clearfix\">\n<div class=\"content\">\n<blockquote>\n<p class=\"citation-small\"><a href=\"https:\/\/histoire-en-citations.fr\/WP\/citations-referentielles-le-miroir-de-lhistoire-directoire-consulat-et-empire-de-napoleon\/#1814\">\u00ab\u00a0Dieu a \u00e9tabli Napol\u00e9on, notre souverain, l\u2019a rendu son image sur la terre [\u2026] Honorer et servir notre Empereur est donc honorer et servir Dieu.\u00a0\u00bb<\/a><\/p>\n<p class=\"auteur\"><span class=\"author\"><span class=\"surname\">Abb\u00e9 Paul d\u2019<\/span><span class=\"name\">ASTROS<\/span><\/span> (1772-1851), <cite>Cat\u00e9chisme \u00e0 l\u2019usage de toutes les \u00c9glises de l\u2019Empire fran\u00e7ais<\/cite>, 4\u00a0ao\u00fbt 1806<\/p>\n\n<\/blockquote><\/div>\n<\/div>\n<\/div>\n<\/div><\/div>\n<\/div>\n<div class=\"views-row views-row-6 views-row-even\">\n<div class=\"views-field views-field-field-index-collection\">\n<div class=\"field-content\">\n<div class=\"field-collection-view clearfix view-mode-full field-collection-view-final\">\n<div class=\"entity entity-field-collection-item field-collection-item-field-index-collection clearfix\">\n<div class=\"content\">\n<blockquote>\n<p class=\"citation-small\"><a href=\"https:\/\/histoire-en-citations.fr\/WP\/lhistoire-en-caricatures-monarchie-de-juillet-et-deuxieme-republique\/#2059\">\u00ab\u00a0Il y a des hommes qui, apr\u00e8s avoir pr\u00eat\u00e9 serment \u00e0 la R\u00e9publique une et indivisible, au Directoire en cinq personnes, au Consulat en trois, \u00e0 l\u2019Empire en une seule, \u00e0 la premi\u00e8re Restauration, \u00e0 l\u2019Acte additionnel aux constitutions de l\u2019Empire, \u00e0 la seconde Restauration, ont encore quelque chose \u00e0 pr\u00eater \u00e0 Louis-Philippe\u00a0; je ne suis pas si riche.\u00a0\u00bb<\/a><\/p>\n<p class=\"auteur\"><span class=\"author\"><span class=\"surname\">Fran\u00e7ois Ren\u00e9 de <\/span><span class=\"name\">CHATEAUBRIAND<\/span><\/span> (1768-1848), <cite>De la Restauration et de la Monarchie \u00e9lective<\/cite> (1830)<\/p>\n\n<\/blockquote><\/div>\n<\/div>\n<\/div>\n<\/div><\/div>\n<\/div>\n<div class=\"views-row views-row-7 views-row-odd\">\n<div class=\"views-field views-field-field-index-collection\">\n<div class=\"field-content\">\n<div class=\"field-collection-view clearfix view-mode-full field-collection-view-final\">\n<div class=\"entity entity-field-collection-item field-collection-item-field-index-collection clearfix\">\n<div class=\"content\">\n<blockquote>\n<p class=\"citation-small\"><a href=\"https:\/\/histoire-en-citations.fr\/WP\/lhistoire-en-chantant-deuxieme-republique-et-second-empire\/#2180\">\u00ab\u00a0Bonjour, aimable R\u00e9publique, Je m\u2019appelle Napol\u00e9on [\u2026] Pour votre \u00e9poux, me voulez-vous\u00a0? [\u2026] Je vous mettrai tout sens dessus dessous, Avec moi vous aurez l\u2019Empire, R\u00e9publique, marions-nous\u00a0!\u00a0\u00bb<\/a><\/p>\n<p class=\"auteur\"><cite>Le Pr\u00e9tendu de la R\u00e9publique<\/cite> (1848), chanson anonyme<\/p>\n\n<\/blockquote><\/div>\n<\/div>\n<\/div>\n<\/div><\/div>\n<\/div>\n<div class=\"views-row views-row-8 views-row-even\">\n<div class=\"views-field views-field-field-index-collection\">\n<div class=\"field-content\">\n<div class=\"field-collection-view clearfix view-mode-full field-collection-view-final\">\n<div class=\"entity entity-field-collection-item field-collection-item-field-index-collection clearfix\">\n<div class=\"content\">\n<blockquote>\n<p class=\"citation-small\"><a href=\"https:\/\/histoire-en-citations.fr\/WP\/lhistoire-en-chantant-deuxieme-republique-et-second-empire\/#2233\">\u00ab\u00a0La R\u00e9publique \u00e0 votre vote expire \/ Devant Machin, votre unanime \u00e9lu.Soyez heureux\u00a0: vous poss\u00e9dez l\u2019Empire, \/ Soyez-en fiers, car vous l\u2019avez voulu.De ce succ\u00e8s dont votre \u00e2me s\u2019enivre \/ Peut-\u00eatre un jour vous vous mordrez les doigts\u00a0:Votre empereur, dit-on, aime bien vivre\u00a0! \/ Et vous paierez la carte, bons bourgeois\u00a0!\u00a0\u00bb<\/a><\/p>\n<p class=\"auteur\"><span class=\"author\"><span class=\"surname\">Charles <\/span><span class=\"name\">GILLE<\/span><\/span> (1820-1856), <cite>La Carte \u00e0<\/cite> payer, chanson<\/p>\n\n<\/blockquote><\/div>\n<\/div>\n<\/div>\n<\/div><\/div>\n<\/div>\n<div class=\"views-row views-row-9 views-row-odd\">\n<div class=\"views-field views-field-field-index-collection\">\n<div class=\"field-content\">\n<div class=\"field-collection-view clearfix view-mode-full field-collection-view-final\">\n<div class=\"entity entity-field-collection-item field-collection-item-field-index-collection clearfix\">\n<div class=\"content\">\n<blockquote>\n<p class=\"citation-small\"><a href=\"https:\/\/histoire-en-citations.fr\/WP\/lopinion-publique-des-francais-de-la-revolution-a-la-troisieme-republique\/#2304\">\u00ab\u00a0Mon enfant, tu es sacr\u00e9 par ce pl\u00e9biscite. L\u2019Empire lib\u00e9ral, ce n\u2019est pas moi, c\u2019est toi\u00a0!\u00a0\u00bb<\/a><\/p>\n<p class=\"auteur\"><span class=\"author\"><span class=\"name\">NAPOL\u00c9ON\u00a0III<\/span><\/span> (1808-1873), \u00e0 son fils, le prince imp\u00e9rial Eug\u00e8ne Louis Napol\u00e9on, \u00e2g\u00e9 de 14\u00a0ans, 8\u00a0mai 1870<\/p>\n\n<\/blockquote><\/div>\n<\/div>\n<\/div>\n<\/div><\/div>\n<\/div>\n<div class=\"views-row views-row-10 views-row-even views-row-last\">\n<div class=\"views-field views-field-field-index-collection\">\n<div class=\"field-content\">\n<div class=\"field-collection-view clearfix view-mode-full field-collection-view-final\">\n<div class=\"entity entity-field-collection-item field-collection-item-field-index-collection clearfix\">\n<div class=\"content\">\n<blockquote>\n<p class=\"citation-small\"><a href=\"https:\/\/histoire-en-citations.fr\/WP\/lopinion-publique-des-francais-de-la-quatrieme-republique-a-nos-jours\/#2992\">\u00ab\u00a0Il est tout \u00e0 fait naturel qu\u2019on ressente la nostalgie de ce qui \u00e9tait l\u2019Empire, tout comme on peut regretter la douceur des lampes \u00e0 huile, la splendeur de la marine \u00e0 voile, le charme du temps des \u00e9quipages. Mais, quoi\u00a0? Il n\u2019y a pas de politique qui vaille en dehors des r\u00e9alit\u00e9s.\u00a0\u00bb<\/a><\/p>\n<p class=\"auteur\"><span class=\"author\"><span class=\"surname\">Charles de <\/span><span class=\"name\">GAULLE<\/span><\/span> (1890-1970), Allocution radiot\u00e9l\u00e9vis\u00e9e, 14\u00a0juin 1960<\/p>\n\n<\/blockquote><\/div>\n<\/div>\n<\/div>\n<\/div><\/div>\n<\/div>\n<\/div>\n<\/div>\n<\/div>\n<style>\r\n        a .cit-num {\r\n            text-decoration: none !important;\r\n            color: inherit !important;\r\n        }\r\n    <\/style>","protected":false},"excerpt":{"rendered":"<p>On pense au Premier Empire (Napol\u00e9on) et au Second (Napol\u00e9on\u00a0III). N\u2019oublions pas les empires de Charlemagne au Moyen \u00c2ge et de Charles-Quint (n\u00e9 prince bourguignon), rival de Fran\u00e7ois\u00a0Ier. Les empires finissent toujours mal et c\u2019est parfois un bien (voir Hitler). L\u2019Empire britannique, c\u2019est une autre histoire. Cliquez sur une citation pour la consulter dans son [&#8230;]<\/p>\n","protected":false},"author":1,"featured_media":0,"parent":0,"menu_order":0,"comment_status":"closed","ping_status":"closed","template":"","meta":{"site-sidebar-layout":"default","site-content-layout":"","ast-site-content-layout":"default","site-content-style":"default","site-sidebar-style":"default","ast-global-header-display":"","ast-banner-title-visibility":"","ast-main-header-display":"","ast-hfb-above-header-display":"","ast-hfb-below-header-display":"","ast-hfb-mobile-header-display":"","site-post-title":"","ast-breadcrumbs-content":"","ast-featured-img":"","footer-sml-layout":"","theme-transparent-header-meta":"","adv-header-id-meta":"","stick-header-meta":"","header-above-stick-meta":"","header-main-stick-meta":"","header-below-stick-meta":"","astra-migrate-meta-layouts":"default","ast-page-background-enabled":"default","ast-page-background-meta":{"desktop":{"background-color":"var(--ast-global-color-5)","background-image":"","background-repeat":"repeat","background-position":"center center","background-size":"auto","background-attachment":"scroll","background-type":"","background-media":"","overlay-type":"","overlay-color":"","overlay-opacity":"","overlay-gradient":""},"tablet":{"background-color":"","background-image":"","background-repeat":"repeat","background-position":"center center","background-size":"auto","background-attachment":"scroll","background-type":"","background-media":"","overlay-type":"","overlay-color":"","overlay-opacity":"","overlay-gradient":""},"mobile":{"background-color":"","background-image":"","background-repeat":"repeat","background-position":"center center","background-size":"auto","background-attachment":"scroll","background-type":"","background-media":"","overlay-type":"","overlay-color":"","overlay-opacity":"","overlay-gradient":""}},"ast-content-background-meta":{"desktop":{"background-color":"var(--ast-global-color-4)","background-image":"","background-repeat":"repeat","background-position":"center center","background-size":"auto","background-attachment":"scroll","background-type":"","background-media":"","overlay-type":"","overlay-color":"","overlay-opacity":"","overlay-gradient":""},"tablet":{"background-color":"var(--ast-global-color-4)","background-image":"","background-repeat":"repeat","background-position":"center center","background-size":"auto","background-attachment":"scroll","background-type":"","background-media":"","overlay-type":"","overlay-color":"","overlay-opacity":"","overlay-gradient":""},"mobile":{"background-color":"var(--ast-global-color-4)","background-image":"","background-repeat":"repeat","background-position":"center center","background-size":"auto","background-attachment":"scroll","background-type":"","background-media":"","overlay-type":"","overlay-color":"","overlay-opacity":"","overlay-gradient":""}},"iawp_total_views":18,"footnotes":""},"class_list":["post-10643","page","type-page","status-publish","hentry"],"_links":{"self":[{"href":"https:\/\/histoire-en-citations.fr\/WP\/wp-json\/wp\/v2\/pages\/10643","targetHints":{"allow":["GET"]}}],"collection":[{"href":"https:\/\/histoire-en-citations.fr\/WP\/wp-json\/wp\/v2\/pages"}],"about":[{"href":"https:\/\/histoire-en-citations.fr\/WP\/wp-json\/wp\/v2\/types\/page"}],"author":[{"embeddable":true,"href":"https:\/\/histoire-en-citations.fr\/WP\/wp-json\/wp\/v2\/users\/1"}],"replies":[{"embeddable":true,"href":"https:\/\/histoire-en-citations.fr\/WP\/wp-json\/wp\/v2\/comments?post=10643"}],"version-history":[{"count":5,"href":"https:\/\/histoire-en-citations.fr\/WP\/wp-json\/wp\/v2\/pages\/10643\/revisions"}],"predecessor-version":[{"id":15095,"href":"https:\/\/histoire-en-citations.fr\/WP\/wp-json\/wp\/v2\/pages\/10643\/revisions\/15095"}],"wp:attachment":[{"href":"https:\/\/histoire-en-citations.fr\/WP\/wp-json\/wp\/v2\/media?parent=10643"}],"curies":[{"name":"wp","href":"https:\/\/api.w.org\/{rel}","templated":true}]}}