{"id":10709,"date":"2025-09-22T07:34:32","date_gmt":"2025-09-22T05:34:32","guid":{"rendered":"https:\/\/histoire-en-citations.fr\/WP\/italie\/"},"modified":"2025-11-19T08:52:06","modified_gmt":"2025-11-19T07:52:06","slug":"italie","status":"publish","type":"page","link":"https:\/\/histoire-en-citations.fr\/WP\/italie\/","title":{"rendered":"Italie"},"content":{"rendered":"<div class=\"content\">\n<div class=\"view view-index-taxo view-id-index_taxo view-display-id-page view-dom-id-a71fca56937df6e1ac7e5c631dec919d\">\n<div class=\"view-header\">\n<p class=\"presentation\">Sans remonter aux sources de la Gaule (C\u00e9sar et l\u2019Empire romain), les guerres d\u2019Italie naissent de la fascination de nos rois pour la Renaissance pr\u00e9coce. La (premi\u00e8re) campagne d\u2019Italie de Bonaparte annonce les conqu\u00eates de l\u2019Empire et le conflit avec le pape. Mais Napol\u00e9on\u00a0<span class=\"caps\">III<\/span> favorise l\u2019unit\u00e9 italienne en respectant les nationalit\u00e9s. Au <span class=\"caps\">XX<\/span><sup>e<\/sup>\u00a0si\u00e8cle, l\u2019Europe (<span class=\"caps\">UE<\/span>) fera \u201c\u00a0oublier\u00a0\u201d nos deux guerres mondiales.<\/p>\n<p class=\"idxinfo\">Cliquez sur une citation pour la consulter dans son contexte historique.<a class=\"retour\" href=\"https:\/\/histoire-en-citations.fr\/WP\/indexation\/\">Retour \u00e0 l\u2019index<\/a><\/p>\n<p> Affichage de 1 \u2013 15 sur 15.    <\/p><\/div>\n<div class=\"view-content\">\n<div class=\"views-row views-row-1 views-row-odd views-row-first\">\n<div class=\"views-field views-field-field-index-collection\">\n<div class=\"field-content\">\n<div class=\"field-collection-view clearfix view-mode-full field-collection-view-final\">\n<div class=\"entity entity-field-collection-item field-collection-item-field-index-collection clearfix\">\n<div class=\"content\">\n<blockquote>\n<p class=\"citation-small\"><a href=\"https:\/\/histoire-en-citations.fr\/WP\/ces-etrangers-qui-firent-lhistoire-de-france-i\/#387\">\u00ab\u00a0Avant moi [Fran\u00e7ois\u00a0Ier], tout \u00e9tait grossier, pauvre, ignorant, gaulois.\u00a0\u00bb<\/a><\/p>\n<p class=\"auteur\"><span class=\"author\"><span class=\"name\">F\u00c9NELON<\/span><\/span> (1651-1715), <cite>Dialogues des morts<\/cite> (1692-1696)<\/p>\n\n<\/blockquote><\/div>\n<\/div>\n<\/div>\n<\/div><\/div>\n<\/div>\n<div class=\"views-row views-row-2 views-row-even\">\n<div class=\"views-field views-field-field-index-collection\">\n<div class=\"field-content\">\n<div class=\"field-collection-view clearfix view-mode-full field-collection-view-final\">\n<div class=\"entity entity-field-collection-item field-collection-item-field-index-collection clearfix\">\n<div class=\"content\">\n<blockquote>\n<p class=\"citation-small\"><a href=\"https:\/\/histoire-en-citations.fr\/WP\/lopinion-publique-des-francais-des-origines-au-siecle-des-lumieres\/#388\">\u00ab\u00a0Le Grec vanteur la Gr\u00e8ce vantera \/ Et l\u2019Espagnol l\u2019Espagne chanteraL\u2019Italien les Itales fertiles, \/ Mais moi, Fran\u00e7ois, la France aux belles villes.\u00a0\u00bb<\/a><\/p>\n<p class=\"auteur\"><span class=\"author\"><span class=\"surname\">Pierre de <\/span><span class=\"name\">RONSARD<\/span><\/span> (1524-1585), <cite>Hymne de France<\/cite> (1555-1556)<\/p>\n\n<\/blockquote><\/div>\n<\/div>\n<\/div>\n<\/div><\/div>\n<\/div>\n<div class=\"views-row views-row-3 views-row-odd\">\n<div class=\"views-field views-field-field-index-collection\">\n<div class=\"field-content\">\n<div class=\"field-collection-view clearfix view-mode-full field-collection-view-final\">\n<div class=\"entity entity-field-collection-item field-collection-item-field-index-collection clearfix\">\n<div class=\"content\">\n<blockquote>\n<p class=\"citation-small\"><a href=\"https:\/\/histoire-en-citations.fr\/WP\/la-guerre-histoire-en-citations-dune-tragedie-seculaire-et-quotidienne-xvie-et-xviie-siecles\/#438\">\u00ab\u00a0Je suis votre roi et votre prince. Je suis d\u00e9lib\u00e9r\u00e9 de vivre et mourir avec vous. Voici la fin de notre voyage, car tout sera gagn\u00e9 ou perdu.\u00a0\u00bb<\/a><\/p>\n<p class=\"auteur\"><span class=\"author\"><span class=\"name\">FRAN\u00c7OIS\u00a0I<sup>er<\/sup><\/span><\/span> (1494-1547), \u00e0 ses troupes, avant la bataille de Marignan, 13\u00a0septembre 1515<\/p>\n\n<\/blockquote><\/div>\n<\/div>\n<\/div>\n<\/div><\/div>\n<\/div>\n<div class=\"views-row views-row-4 views-row-even\">\n<div class=\"views-field views-field-field-index-collection\">\n<div class=\"field-content\">\n<div class=\"field-collection-view clearfix view-mode-full field-collection-view-final\">\n<div class=\"entity entity-field-collection-item field-collection-item-field-index-collection clearfix\">\n<div class=\"content\">\n<blockquote>\n<p class=\"citation-small\"><a href=\"https:\/\/histoire-en-citations.fr\/WP\/ces-etrangers-qui-firent-lhistoire-de-france-i\/#439\">\u00ab\u00a0Et vous promets, Madame, que si bien accompagn\u00e9s et si galants qu\u2019ils soient, deux cents hommes d\u2019armes que nous \u00e9tions en d\u00e9f\u00eemes bien quatre mille Suisses et les repouss\u00e2mes rudement, si gentils galants qu\u2019ils soient, leur faisant jeter leurs piques et crier France.\u00a0\u00bb<\/a><\/p>\n<p class=\"auteur\"><span class=\"author\"><span class=\"name\">FRAN\u00c7OIS\u00a0I<sup>er<\/sup><\/span><\/span> (1494-1547), Lettre \u00e0 sa m\u00e8re Louise de Savoie, au soir du 13\u00a0septembre 1515<\/p>\n\n<\/blockquote><\/div>\n<\/div>\n<\/div>\n<\/div><\/div>\n<\/div>\n<div class=\"views-row views-row-5 views-row-odd\">\n<div class=\"views-field views-field-field-index-collection\">\n<div class=\"field-content\">\n<div class=\"field-collection-view clearfix view-mode-full field-collection-view-final\">\n<div class=\"entity entity-field-collection-item field-collection-item-field-index-collection clearfix\">\n<div class=\"content\">\n<blockquote>\n<p class=\"citation-small\"><a href=\"https:\/\/histoire-en-citations.fr\/WP\/la-guerre-histoire-en-citations-dune-tragedie-seculaire-et-quotidienne-xvie-et-xviie-siecles\/#440\">\u00ab\u00a0Sonnez, trompettes et clairons\u00a0 \/ Pour r\u00e9jouir les compagnonsBruyez bombardes et canons\u00a0\/ Donnez des horions,Tous gentils compagnons\u00a0 \/ Suivez, frappez, tuez.\u00a0\u00bb<\/a><\/p>\n<p class=\"auteur\"><cite>Chanson de Marignan<\/cite>, 1515<\/p>\n\n<\/blockquote><\/div>\n<\/div>\n<\/div>\n<\/div><\/div>\n<\/div>\n<div class=\"views-row views-row-6 views-row-even\">\n<div class=\"views-field views-field-field-index-collection\">\n<div class=\"field-content\">\n<div class=\"field-collection-view clearfix view-mode-full field-collection-view-final\">\n<div class=\"entity entity-field-collection-item field-collection-item-field-index-collection clearfix\">\n<div class=\"content\">\n<blockquote>\n<p class=\"citation-small\"><a href=\"https:\/\/histoire-en-citations.fr\/WP\/ces-etrangers-qui-firent-lhistoire-de-france-i\/#453\">\u00ab\u00a0Tout est perdu, fors l\u2019honneur.\u00a0\u00bb<\/a><\/p>\n<p class=\"auteur\"><span class=\"author\"><span class=\"name\">FRAN\u00c7OIS\u00a0I<sup>er<\/sup><\/span><\/span> (1494-1547), Lettre \u00e0 Louise de Savoie apr\u00e8s la bataille de Pavie, 25\u00a0f\u00e9vrier 1525<\/p>\n\n<\/blockquote><\/div>\n<\/div>\n<\/div>\n<\/div><\/div>\n<\/div>\n<div class=\"views-row views-row-7 views-row-odd\">\n<div class=\"views-field views-field-field-index-collection\">\n<div class=\"field-content\">\n<div class=\"field-collection-view clearfix view-mode-full field-collection-view-final\">\n<div class=\"entity entity-field-collection-item field-collection-item-field-index-collection clearfix\">\n<div class=\"content\">\n<blockquote>\n<p class=\"citation-small\"><a href=\"https:\/\/histoire-en-citations.fr\/WP\/lhistoire-en-chantant-de-la-gaule-a-louis-xiii\/#454\">\u00ab\u00a0H\u00e9las, La Palice est mort\u00a0\/ Il est mort devant PavieH\u00e9las\u00a0! s\u2019il n\u2019\u00e9tait pas mort \/ Il serait encore en vie.\u00a0\u00bb<\/a><\/p>\n<p class=\"auteur\"><cite>La Mort de La Palice<\/cite>, chanson de 1525<\/p>\n\n<\/blockquote><\/div>\n<\/div>\n<\/div>\n<\/div><\/div>\n<\/div>\n<div class=\"views-row views-row-8 views-row-even\">\n<div class=\"views-field views-field-field-index-collection\">\n<div class=\"field-content\">\n<div class=\"field-collection-view clearfix view-mode-full field-collection-view-final\">\n<div class=\"entity entity-field-collection-item field-collection-item-field-index-collection clearfix\">\n<div class=\"content\">\n<blockquote>\n<p class=\"citation-small\"><a href=\"https:\/\/histoire-en-citations.fr\/WP\/lecture-recommandee-en-temps-de-confinement-et-bientot-de-vacances-les-lettres\/#456\">\u00ab\u00a0Pour mon honneur et celui de ma nation, je choisirai plut\u00f4t honn\u00eate prison que honteuse fuite.\u00a0\u00bb<\/a><\/p>\n<p class=\"auteur\"><span class=\"author\"><span class=\"name\">FRAN\u00c7OIS\u00a0I<sup>er<\/sup><\/span><\/span> (1494-1547), Lettre aux Grands du Royaume et aux Compagnies souveraines, 1525<\/p>\n\n<\/blockquote><\/div>\n<\/div>\n<\/div>\n<\/div><\/div>\n<\/div>\n<div class=\"views-row views-row-9 views-row-odd\">\n<div class=\"views-field views-field-field-index-collection\">\n<div class=\"field-content\">\n<div class=\"field-collection-view clearfix view-mode-full field-collection-view-final\">\n<div class=\"entity entity-field-collection-item field-collection-item-field-index-collection clearfix\">\n<div class=\"content\">\n<blockquote>\n<p class=\"citation-small\"><a href=\"https:\/\/histoire-en-citations.fr\/WP\/francois-ier-il-est-jeune-et-a-la-fleur-de-lage-liberal-magnanime\/#457\">\u00ab\u00a0Je suis marri de quoi l\u2019Empereur votre ma\u00eetre vous a donn\u00e9 la peine de venir en poste de si loin pour m\u2019apporter articles si d\u00e9raisonnables. Vous lui direz de ma part que j\u2019aimerais mieux mourir prisonnier que d\u2019accorder ses demandes [\u2026] Et s\u2019il veut venir \u00e0 traiter, il faut qu\u2019il parle autre langage.\u00a0\u00bb<\/a><\/p>\n<p class=\"auteur\"><span class=\"author\"><span class=\"name\">FRAN\u00c7OIS\u00a0I<sup>er<\/sup><\/span><\/span> (1494-1547), aux deux \u00e9missaires de Charles Quint, fin avril\u00a01525<\/p>\n\n<\/blockquote><\/div>\n<\/div>\n<\/div>\n<\/div><\/div>\n<\/div>\n<div class=\"views-row views-row-10 views-row-even\">\n<div class=\"views-field views-field-field-index-collection\">\n<div class=\"field-content\">\n<div class=\"field-collection-view clearfix view-mode-full field-collection-view-final\">\n<div class=\"entity entity-field-collection-item field-collection-item-field-index-collection clearfix\">\n<div class=\"content\">\n<blockquote>\n<p class=\"citation-small\"><a href=\"https:\/\/histoire-en-citations.fr\/WP\/plus-de-50-idees-recues-qui-faussent-lhistoire\/#508\">\u00ab\u00a0Quand Paris boira le Rhin, toute la Gaule aura sa fin.\u00a0\u00bb<\/a><\/p>\n<p class=\"auteur\"><span class=\"author\"><span class=\"surname\">Jean <\/span><span class=\"name\">LE BON<\/span><\/span> (XVI<sup>e<\/sup> si\u00e8cle), <cite>Le Rhin au Roy<\/cite> (1568)<\/p>\n\n<\/blockquote><\/div>\n<\/div>\n<\/div>\n<\/div><\/div>\n<\/div>\n<div class=\"views-row views-row-11 views-row-odd\">\n<div class=\"views-field views-field-field-index-collection\">\n<div class=\"field-content\">\n<div class=\"field-collection-view clearfix view-mode-full field-collection-view-final\">\n<div class=\"entity entity-field-collection-item field-collection-item-field-index-collection clearfix\">\n<div class=\"content\">\n<blockquote>\n<p class=\"citation-small\"><a href=\"https:\/\/histoire-en-citations.fr\/WP\/la-guerre-histoire-en-citations-dune-tragedie-seculaire-et-quotidienne-napoleon\/#1656\">\u00ab\u00a0Vous n\u2019avez ni souliers, ni habits, ni chemises, presque pas de pain, et nos magasins sont vides\u00a0; ceux de l\u2019ennemi regorgent de tout. C\u2019est \u00e0 vous de les conqu\u00e9rir. Vous le voulez, vous le pouvez, partons\u00a0!\u00a0\u00bb<\/a><\/p>\n<p class=\"auteur\"><span class=\"author\"><span class=\"surname\">Napol\u00e9on <\/span><span class=\"name\">BONAPARTE<\/span><\/span> (1769-1821), \u00e0 ses soldats, Toulon, 29\u00a0mars 1796<\/p>\n\n<\/blockquote><\/div>\n<\/div>\n<\/div>\n<\/div><\/div>\n<\/div>\n<div class=\"views-row views-row-12 views-row-even\">\n<div class=\"views-field views-field-field-index-collection\">\n<div class=\"field-content\">\n<div class=\"field-collection-view clearfix view-mode-full field-collection-view-final\">\n<div class=\"entity entity-field-collection-item field-collection-item-field-index-collection clearfix\">\n<div class=\"content\">\n<blockquote>\n<p class=\"citation-small\"><a href=\"https:\/\/histoire-en-citations.fr\/WP\/la-guerre-histoire-en-citations-dune-tragedie-seculaire-et-quotidienne-napoleon\/#1657\">\u00ab\u00a0Soldats, vous avez en quinze jours remport\u00e9 six victoires, pris vingt et un drapeaux, cinquante-cinq pi\u00e8ces de canon, plusieurs places fortes, conquis la partie la plus riche du Pi\u00e9mont\u00a0; vous avez fait quinze mille prisonniers, tu\u00e9 ou bless\u00e9 plus de dix mille hommes. Mais soldats vous n\u2019avez rien fait puisque ni Turin, ni Milan ne sont \u00e0 vous.\u00a0\u00bb<\/a><\/p>\n<p class=\"auteur\"><span class=\"author\"><span class=\"surname\">Napol\u00e9on <\/span><span class=\"name\">BONAPARTE<\/span><\/span> (1769-1821), \u00e0 l\u2019arm\u00e9e d\u2019Italie, Proclamation de Cherasco, 26\u00a0avril\u00a01796 (7 flor\u00e9al an\u00a0IV)<\/p>\n\n<\/blockquote><\/div>\n<\/div>\n<\/div>\n<\/div><\/div>\n<\/div>\n<div class=\"views-row views-row-13 views-row-odd\">\n<div class=\"views-field views-field-field-index-collection\">\n<div class=\"field-content\">\n<div class=\"field-collection-view clearfix view-mode-full field-collection-view-final\">\n<div class=\"entity entity-field-collection-item field-collection-item-field-index-collection clearfix\">\n<div class=\"content\">\n<blockquote>\n<p class=\"citation-small\"><a href=\"https:\/\/histoire-en-citations.fr\/WP\/paroles-de-papes-breve-histoire-de-la-religion-en-france-du-siecle-de-louis-xiv-a-nos-jours\/#1812\">\u00ab\u00a0Votre Saintet\u00e9 est souveraine de Rome, mais j\u2019en suis l\u2019Empereur.\u00a0\u00bb<\/a><\/p>\n<p class=\"auteur\"><span class=\"author\"><span class=\"name\">NAPOL\u00c9ON\u00a0I<sup>er<\/sup><\/span><\/span> (1769-1821), Lettre \u00e0 Sa Saintet\u00e9 le Pape, Paris, 13\u00a0f\u00e9vrier 1806<\/p>\n\n<\/blockquote><\/div>\n<\/div>\n<\/div>\n<\/div><\/div>\n<\/div>\n<div class=\"views-row views-row-14 views-row-even\">\n<div class=\"views-field views-field-field-index-collection\">\n<div class=\"field-content\">\n<div class=\"field-collection-view clearfix view-mode-full field-collection-view-final\">\n<div class=\"entity entity-field-collection-item field-collection-item-field-index-collection clearfix\">\n<div class=\"content\">\n<blockquote>\n<p class=\"citation-small\"><a href=\"https:\/\/histoire-en-citations.fr\/WP\/qui-a-dit-quoi-de-qui-directoire-consulat-et-premier-empire\/#1816\">\u00ab\u00a0\u00c0 tout peuple conquis, il faut une r\u00e9volte, et je regarderai une r\u00e9volte \u00e0 Naples comme un p\u00e8re de famille voit une petite v\u00e9role \u00e0 ses enfants, pourvu qu\u2019elle n\u2019affaiblisse pas trop le malade.\u00a0\u00bb<\/a><\/p>\n<p class=\"auteur\"><span class=\"author\"><span class=\"name\">NAPOL\u00c9ON\u00a0I<sup>er<\/sup><\/span><\/span> (1769-1821), Lettre \u00e0 Joseph, roi de Naples, 17\u00a0ao\u00fbt 1806<\/p>\n\n<\/blockquote><\/div>\n<\/div>\n<\/div>\n<\/div><\/div>\n<\/div>\n<div class=\"views-row views-row-15 views-row-odd views-row-last\">\n<div class=\"views-field views-field-field-index-collection\">\n<div class=\"field-content\">\n<div class=\"field-collection-view clearfix view-mode-full field-collection-view-final\">\n<div class=\"entity entity-field-collection-item field-collection-item-field-index-collection clearfix\">\n<div class=\"content\">\n<blockquote>\n<p class=\"citation-small\"><a href=\"https:\/\/histoire-en-citations.fr\/WP\/paroles-de-papes-breve-histoire-de-la-religion-en-france-du-siecle-de-louis-xiv-a-nos-jours\/#1838\">\u00ab\u00a0Romains, vous \u00eates appel\u00e9s au triomphe sans avoir partag\u00e9 le danger\u00a0! [\u2026] Romains, vous n\u2019\u00eates pas conquis, mais r\u00e9unis\u00a0!\u00a0\u00bb<\/a><\/p>\n<p class=\"auteur\">Les h\u00e9rauts \u00e0 la population, 10\u00a0juin 1809<\/p>\n\n<\/blockquote><\/div>\n<\/div>\n<\/div>\n<\/div><\/div>\n<\/div>\n<\/div>\n<\/div>\n<\/div>\n<style>\r\n        a .cit-num {\r\n            text-decoration: none !important;\r\n            color: inherit !important;\r\n        }\r\n    <\/style>","protected":false},"excerpt":{"rendered":"<p>Sans remonter aux sources de la Gaule (C\u00e9sar et l\u2019Empire romain), les guerres d\u2019Italie naissent de la fascination de nos rois pour la Renaissance pr\u00e9coce. La (premi\u00e8re) campagne d\u2019Italie de Bonaparte annonce les conqu\u00eates de l\u2019Empire et le conflit avec le pape. Mais Napol\u00e9on\u00a0III favorise l\u2019unit\u00e9 italienne en respectant les nationalit\u00e9s. Au XXe\u00a0si\u00e8cle, l\u2019Europe (UE) [&#8230;]<\/p>\n","protected":false},"author":1,"featured_media":0,"parent":0,"menu_order":0,"comment_status":"closed","ping_status":"closed","template":"","meta":{"site-sidebar-layout":"default","site-content-layout":"","ast-site-content-layout":"default","site-content-style":"default","site-sidebar-style":"default","ast-global-header-display":"","ast-banner-title-visibility":"","ast-main-header-display":"","ast-hfb-above-header-display":"","ast-hfb-below-header-display":"","ast-hfb-mobile-header-display":"","site-post-title":"","ast-breadcrumbs-content":"","ast-featured-img":"","footer-sml-layout":"","theme-transparent-header-meta":"","adv-header-id-meta":"","stick-header-meta":"","header-above-stick-meta":"","header-main-stick-meta":"","header-below-stick-meta":"","astra-migrate-meta-layouts":"default","ast-page-background-enabled":"default","ast-page-background-meta":{"desktop":{"background-color":"var(--ast-global-color-5)","background-image":"","background-repeat":"repeat","background-position":"center center","background-size":"auto","background-attachment":"scroll","background-type":"","background-media":"","overlay-type":"","overlay-color":"","overlay-opacity":"","overlay-gradient":""},"tablet":{"background-color":"","background-image":"","background-repeat":"repeat","background-position":"center center","background-size":"auto","background-attachment":"scroll","background-type":"","background-media":"","overlay-type":"","overlay-color":"","overlay-opacity":"","overlay-gradient":""},"mobile":{"background-color":"","background-image":"","background-repeat":"repeat","background-position":"center center","background-size":"auto","background-attachment":"scroll","background-type":"","background-media":"","overlay-type":"","overlay-color":"","overlay-opacity":"","overlay-gradient":""}},"ast-content-background-meta":{"desktop":{"background-color":"var(--ast-global-color-4)","background-image":"","background-repeat":"repeat","background-position":"center center","background-size":"auto","background-attachment":"scroll","background-type":"","background-media":"","overlay-type":"","overlay-color":"","overlay-opacity":"","overlay-gradient":""},"tablet":{"background-color":"var(--ast-global-color-4)","background-image":"","background-repeat":"repeat","background-position":"center center","background-size":"auto","background-attachment":"scroll","background-type":"","background-media":"","overlay-type":"","overlay-color":"","overlay-opacity":"","overlay-gradient":""},"mobile":{"background-color":"var(--ast-global-color-4)","background-image":"","background-repeat":"repeat","background-position":"center center","background-size":"auto","background-attachment":"scroll","background-type":"","background-media":"","overlay-type":"","overlay-color":"","overlay-opacity":"","overlay-gradient":""}},"iawp_total_views":19,"footnotes":""},"class_list":["post-10709","page","type-page","status-publish","hentry"],"_links":{"self":[{"href":"https:\/\/histoire-en-citations.fr\/WP\/wp-json\/wp\/v2\/pages\/10709","targetHints":{"allow":["GET"]}}],"collection":[{"href":"https:\/\/histoire-en-citations.fr\/WP\/wp-json\/wp\/v2\/pages"}],"about":[{"href":"https:\/\/histoire-en-citations.fr\/WP\/wp-json\/wp\/v2\/types\/page"}],"author":[{"embeddable":true,"href":"https:\/\/histoire-en-citations.fr\/WP\/wp-json\/wp\/v2\/users\/1"}],"replies":[{"embeddable":true,"href":"https:\/\/histoire-en-citations.fr\/WP\/wp-json\/wp\/v2\/comments?post=10709"}],"version-history":[{"count":5,"href":"https:\/\/histoire-en-citations.fr\/WP\/wp-json\/wp\/v2\/pages\/10709\/revisions"}],"predecessor-version":[{"id":15129,"href":"https:\/\/histoire-en-citations.fr\/WP\/wp-json\/wp\/v2\/pages\/10709\/revisions\/15129"}],"wp:attachment":[{"href":"https:\/\/histoire-en-citations.fr\/WP\/wp-json\/wp\/v2\/media?parent=10709"}],"curies":[{"name":"wp","href":"https:\/\/api.w.org\/{rel}","templated":true}]}}