{"id":10715,"date":"2025-09-22T07:34:20","date_gmt":"2025-09-22T05:34:20","guid":{"rendered":"https:\/\/histoire-en-citations.fr\/WP\/langue-francaise-francais\/"},"modified":"2025-09-22T07:34:20","modified_gmt":"2025-09-22T05:34:20","slug":"langue-francaise-francais","status":"publish","type":"page","link":"https:\/\/histoire-en-citations.fr\/WP\/langue-francaise-francais\/","title":{"rendered":"langue fran\u00e7aise (fran\u00e7ais)"},"content":{"rendered":"<div class=\"content\">\n<div class=\"view view-index-taxo view-id-index_taxo view-display-id-page view-dom-id-8697e04bab4a50a081fd211f7d610661\">\n<div class=\"view-header\">\n<p class=\"presentation\">Une belle histoire qui commence \u00e0 la Renaissance, renforce la France dans son unit\u00e9, diffuse sa culture en Europe aux <span class=\"caps\">XVII<\/span><sup>e<\/sup> et <span class=\"caps\">XVIII<\/span><sup>e<\/sup>\u00a0si\u00e8cles. Parl\u00e9 dans toutes les cours, le fran\u00e7ais reste la langue de la diplomatie jusqu\u2019en 1919. Le combat de la francophonie dans le monde est \u00e0 suivre, au <span class=\"caps\">XXI<\/span><sup>e<\/sup>\u00a0si\u00e8cle. Avec sa d\u00e9mographie galopante, l\u2019Afrique serait-elle l\u2019avenir en cela aussi\u00a0?<\/p>\n<p class=\"idxinfo\">Cliquez sur une citation pour la consulter dans son contexte historique.<a class=\"retour\" href=\"https:\/\/histoire-en-citations.fr\/WP\/indexation\/\">Retour \u00e0 l\u2019index<\/a><\/p>\n<p> Affichage de 1 \u2013 18 sur 18.    <\/p><\/div>\n<div class=\"view-content\">\n<div class=\"views-row views-row-1 views-row-odd views-row-first\">\n<div class=\"views-field views-field-field-index-collection\">\n<div class=\"field-content\">\n<div class=\"field-collection-view clearfix view-mode-full field-collection-view-final\">\n<div class=\"entity entity-field-collection-item field-collection-item-field-index-collection clearfix\">\n<div class=\"content\">\n<blockquote>\n<p class=\"citation-small\"><a href=\"https:\/\/histoire-en-citations.fr\/WP\/recit-ou-roman-national-une-confusion-inadmissible#391\">\u00ab\u00a0L\u2019histoire de France commence avec la langue fran\u00e7aise. La langue est le signe principal d\u2019une nationalit\u00e9.\u00a0\u00bb<\/a><\/p>\n<p class=\"auteur\"><span class=\"author\"><span class=\"surname\">Jules <\/span><span class=\"name\">MICHELET<\/span><\/span> (1798-1874), <cite>Histoire de France<\/cite>, tome III (1840)<\/p>\n\n<\/blockquote><\/div>\n<\/div>\n<\/div>\n<\/div><\/div>\n<\/div>\n<div class=\"views-row views-row-2 views-row-even\">\n<div class=\"views-field views-field-field-index-collection\">\n<div class=\"field-content\">\n<div class=\"field-collection-view clearfix view-mode-full field-collection-view-final\">\n<div class=\"entity entity-field-collection-item field-collection-item-field-index-collection clearfix\">\n<div class=\"content\">\n<blockquote>\n<p class=\"citation-small\"><a href=\"https:\/\/histoire-en-citations.fr\/WP\/patrimoine-historique-tresor-national-et-passion-francaise-des-origines-au-siecle-des-lumieres#392\">\u00ab\u00a0Notre langue \u00e9tant pauvre et n\u00e9cessiteuse au regard de la latine, ce serait errer en sens commun que d\u2019abandonner l\u2019ancienne pour favoriser cette moderne.\u00a0\u00bb<\/a><\/p>\n<p class=\"auteur\"><span class=\"author\"><span class=\"name\">TURN\u00c8BE<\/span><\/span> (1512-1565)<\/p>\n\n<\/blockquote><\/div>\n<\/div>\n<\/div>\n<\/div><\/div>\n<\/div>\n<div class=\"views-row views-row-3 views-row-odd\">\n<div class=\"views-field views-field-field-index-collection\">\n<div class=\"field-content\">\n<div class=\"field-collection-view clearfix view-mode-full field-collection-view-final\">\n<div class=\"entity entity-field-collection-item field-collection-item-field-index-collection clearfix\">\n<div class=\"content\">\n<blockquote>\n<p class=\"citation-small\"><a href=\"https:\/\/histoire-en-citations.fr\/WP\/le-gouvernement-imaginaire#393\">\u00ab\u00a0Je prouverai [\u2026] que notre langue vulgaire n\u2019est pas si vile, si inepte, si indigente et \u00e0 m\u00e9priser qu\u2019ils l\u2019estiment.\u00a0\u00bb<\/a><\/p>\n<p class=\"auteur\"><span class=\"author\"><span class=\"surname\">Fran\u00e7ois <\/span><span class=\"name\">RABELAIS<\/span><\/span> (vers 1494-1553), <cite>Le Cinqui\u00e8me Livre<\/cite>, prologue (posthume)<\/p>\n\n<\/blockquote><\/div>\n<\/div>\n<\/div>\n<\/div><\/div>\n<\/div>\n<div class=\"views-row views-row-4 views-row-even\">\n<div class=\"views-field views-field-field-index-collection\">\n<div class=\"field-content\">\n<div class=\"field-collection-view clearfix view-mode-full field-collection-view-final\">\n<div class=\"entity entity-field-collection-item field-collection-item-field-index-collection clearfix\">\n<div class=\"content\">\n<blockquote>\n<p class=\"citation-small\"><a href=\"https:\/\/histoire-en-citations.fr\/WP\/les-perles-de-la-langue-francaise-du-moyen-age-au-xviie-siecle#394\">\u00ab\u00a0Supplie tr\u00e8s humblement ceux auxquels les Muses ont inspir\u00e9 leurs faveurs de n\u2019\u00eatre plus latiniseurs ni gr\u00e9caniseurs, comme ils sont plus par ostentation que par devoir, et prendre piti\u00e9, comme bons enfants, de leur pauvre m\u00e8re naturelle.\u00a0\u00bb<\/a><\/p>\n<p class=\"auteur\"><span class=\"author\"><span class=\"surname\">Pierre de <\/span><span class=\"name\">RONSARD<\/span><\/span> (1524-1585), Pr\u00e9face de <cite>La Franciade<\/cite> (1572)<\/p>\n\n<\/blockquote><\/div>\n<\/div>\n<\/div>\n<\/div><\/div>\n<\/div>\n<div class=\"views-row views-row-5 views-row-odd\">\n<div class=\"views-field views-field-field-index-collection\">\n<div class=\"field-content\">\n<div class=\"field-collection-view clearfix view-mode-full field-collection-view-final\">\n<div class=\"entity entity-field-collection-item field-collection-item-field-index-collection clearfix\">\n<div class=\"content\">\n<blockquote>\n<p class=\"citation-small\"><a href=\"https:\/\/histoire-en-citations.fr\/WP\/les-animaux-dans-notre-histoire-de-la-gaule-au-siecle-de-louis-xiv#405\">\u00ab\u00a0Nos lois sont comme toiles d\u2019araignes [\u2026] les petits moucherons et petits papillons y sont pris [\u2026] les gros taons les rompent et passent \u00e0 travers.\u00a0\u00bb<\/a><\/p>\n<p class=\"auteur\"><span class=\"author\"><span class=\"surname\">Fran\u00e7ois <\/span><span class=\"name\">RABELAIS<\/span><\/span> (vers 1494-1553), <cite>Le Cinqui\u00e8me livre<\/cite> (posthume)<\/p>\n\n<\/blockquote><\/div>\n<\/div>\n<\/div>\n<\/div><\/div>\n<\/div>\n<div class=\"views-row views-row-6 views-row-even\">\n<div class=\"views-field views-field-field-index-collection\">\n<div class=\"field-content\">\n<div class=\"field-collection-view clearfix view-mode-full field-collection-view-final\">\n<div class=\"entity entity-field-collection-item field-collection-item-field-index-collection clearfix\">\n<div class=\"content\">\n<blockquote>\n<p class=\"citation-small\"><a href=\"https:\/\/histoire-en-citations.fr\/WP\/patrimoine-historique-tresor-national-et-passion-francaise-des-origines-au-siecle-des-lumieres#472\">\u00ab\u00a0[Les actes judiciaires seront] prononc\u00e9s, enregistr\u00e9s et d\u00e9livr\u00e9s aux parties en langage maternel fran\u00e7ois et non autrement.\u00a0\u00bb<\/a><\/p>\n<p class=\"auteur\">Ordonnance de Villers-Cotter\u00eats (1539)<\/p>\n\n<\/blockquote><\/div>\n<\/div>\n<\/div>\n<\/div><\/div>\n<\/div>\n<div class=\"views-row views-row-7 views-row-odd\">\n<div class=\"views-field views-field-field-index-collection\">\n<div class=\"field-content\">\n<div class=\"field-collection-view clearfix view-mode-full field-collection-view-final\">\n<div class=\"entity entity-field-collection-item field-collection-item-field-index-collection clearfix\">\n<div class=\"content\">\n<blockquote>\n<p class=\"citation-small\"><a href=\"https:\/\/histoire-en-citations.fr\/WP\/patrimoine-historique-tresor-national-et-passion-francaise-des-origines-au-siecle-des-lumieres#481\">\u00ab\u00a0Ce n\u2019est point chose vicieuse, mais grandement louable, emprunter d\u2019une langue \u00e9trang\u00e8re les sentences et les mots, et les approprier \u00e0 la sienne.\u00a0\u00bb<\/a><\/p>\n<p class=\"auteur\"><span class=\"author\"><span class=\"surname\">Joachim du <\/span><span class=\"name\">BELLAY<\/span><\/span> (1522-1560), <cite>D\u00e9fense et illustration de la langue fran\u00e7aise<\/cite> (1549)<\/p>\n\n<\/blockquote><\/div>\n<\/div>\n<\/div>\n<\/div><\/div>\n<\/div>\n<div class=\"views-row views-row-8 views-row-even\">\n<div class=\"views-field views-field-field-index-collection\">\n<div class=\"field-content\">\n<div class=\"field-collection-view clearfix view-mode-full field-collection-view-final\">\n<div class=\"entity entity-field-collection-item field-collection-item-field-index-collection clearfix\">\n<div class=\"content\">\n<blockquote>\n<p class=\"citation-small\"><a href=\"https:\/\/histoire-en-citations.fr\/WP\/patrimoine-historique-tresor-national-et-passion-francaise-des-origines-au-siecle-des-lumieres#485\">\u00ab\u00a0Charles Quint, d\u2019ailleurs ennemi mortel de la France, aimait si fort la langue fran\u00e7aise qu\u2019il s\u2019en servit pour haranguer les \u00c9tats des Pays-Bas le jour qu\u2019il fit son abdication.\u00a0\u00bb<\/a><\/p>\n<p class=\"auteur\"><span class=\"author\"><span class=\"surname\">Antoine <\/span><span class=\"name\">FURETI\u00c8RE<\/span><\/span> (1619-1688), <cite>Dictionnaire universel<\/cite>, Pr\u00e9face (posthume, 1690)<\/p>\n\n<\/blockquote><\/div>\n<\/div>\n<\/div>\n<\/div><\/div>\n<\/div>\n<div class=\"views-row views-row-9 views-row-odd\">\n<div class=\"views-field views-field-field-index-collection\">\n<div class=\"field-content\">\n<div class=\"field-collection-view clearfix view-mode-full field-collection-view-final\">\n<div class=\"entity entity-field-collection-item field-collection-item-field-index-collection clearfix\">\n<div class=\"content\">\n<blockquote>\n<p class=\"citation-small\"><a href=\"https:\/\/histoire-en-citations.fr\/WP\/histoire-du-travail-en-citations-du-moyen-age-au-xixe-siecle#719\">\u00ab\u00a0Depuis six ans dessus l\u2019F on travaille, \/ Et le destin m\u2019aurait bien oblig\u00e9S\u2019il m\u2019avait dit\u00a0: \u00ab\u00a0Tu vivras jusqu\u2019au G.\u00a0\u00bb\u00a0\u00bb<\/a><\/p>\n<p class=\"auteur\"><span class=\"author\"><span class=\"surname\">Seigneur de <\/span><span class=\"name\">BOISROBERT<\/span><\/span> (1592-1662), <cite>\u00c9pigramme sur le Dictionnaire de l\u2019Acad\u00e9mie<\/cite><\/p>\n\n<\/blockquote><\/div>\n<\/div>\n<\/div>\n<\/div><\/div>\n<\/div>\n<div class=\"views-row views-row-10 views-row-even\">\n<div class=\"views-field views-field-field-index-collection\">\n<div class=\"field-content\">\n<div class=\"field-collection-view clearfix view-mode-full field-collection-view-final\">\n<div class=\"entity entity-field-collection-item field-collection-item-field-index-collection clearfix\">\n<div class=\"content\">\n<blockquote>\n<p class=\"citation-small\"><a href=\"https:\/\/histoire-en-citations.fr\/WP\/patrimoine-historique-tresor-national-et-passion-francaise-des-origines-au-siecle-des-lumieres#823\">\u00ab\u00a0On l\u2019entend [la langue fran\u00e7aise] et on la parle dans toutes les cours de l\u2019Europe, et il n\u2019est point rare d\u2019y trouver des gens qui parlent fran\u00e7ais et qui \u00e9crivent en fran\u00e7ais aussi purement que les Fran\u00e7ais m\u00eames.\u00a0\u00bb<\/a><\/p>\n<p class=\"auteur\"><span class=\"author\"><span class=\"surname\">Antoine <\/span><span class=\"name\">FURETI\u00c8RE<\/span><\/span> (1619-1688), <cite>Dictionnaire universel<\/cite>, Pr\u00e9face (posthume, 1690)<\/p>\n\n<\/blockquote><\/div>\n<\/div>\n<\/div>\n<\/div><\/div>\n<\/div>\n<div class=\"views-row views-row-11 views-row-odd\">\n<div class=\"views-field views-field-field-index-collection\">\n<div class=\"field-content\">\n<div class=\"field-collection-view clearfix view-mode-full field-collection-view-final\">\n<div class=\"entity entity-field-collection-item field-collection-item-field-index-collection clearfix\">\n<div class=\"content\">\n<blockquote>\n<p class=\"citation-small\"><a href=\"https:\/\/histoire-en-citations.fr\/WP\/ces-etrangers-qui-firent-lhistoire-de-france-iii#1186\">\u00ab\u00a0Ne parlez point allemand, Monsieur\u00a0; \u00e0 dater de ce jour, je n\u2019entends plus d\u2019autre langue que le fran\u00e7ais.\u00a0\u00bb<\/a><\/p>\n<p class=\"auteur\"><span class=\"author\"><span class=\"name\">MARIE-ANTOINETTE d\u2019Autriche<\/span><\/span> (1755-1793), \u00e0 M.\u00a0d\u2019Antigny, chef de la Cit\u00e9 (Strasbourg), 7\u00a0mai 1770<\/p>\n\n<\/blockquote><\/div>\n<\/div>\n<\/div>\n<\/div><\/div>\n<\/div>\n<div class=\"views-row views-row-12 views-row-even\">\n<div class=\"views-field views-field-field-index-collection\">\n<div class=\"field-content\">\n<div class=\"field-collection-view clearfix view-mode-full field-collection-view-final\">\n<div class=\"entity entity-field-collection-item field-collection-item-field-index-collection clearfix\">\n<div class=\"content\">\n<blockquote>\n<p class=\"citation-small\"><a href=\"https:\/\/histoire-en-citations.fr\/WP\/patrimoine-historique-tresor-national-et-passion-francaise-des-origines-au-siecle-des-lumieres#1237\">\u00ab\u00a0S\u00fbre, sociale, raisonnable, ce n\u2019est plus la langue fran\u00e7aise, c\u2019est la langue humaine.\u00a0\u00bb<\/a><\/p>\n<p class=\"auteur\"><span class=\"author\"><span class=\"name\">RIVAROL<\/span><\/span> (1753-1801), <cite>Discours sur l\u2019universalit\u00e9 de la langue fran\u00e7aise<\/cite> (1784)<\/p>\n\n<\/blockquote><\/div>\n<\/div>\n<\/div>\n<\/div><\/div>\n<\/div>\n<div class=\"views-row views-row-13 views-row-odd\">\n<div class=\"views-field views-field-field-index-collection\">\n<div class=\"field-content\">\n<div class=\"field-collection-view clearfix view-mode-full field-collection-view-final\">\n<div class=\"entity entity-field-collection-item field-collection-item-field-index-collection clearfix\">\n<div class=\"content\">\n<blockquote>\n<p class=\"citation-small\"><a href=\"https:\/\/histoire-en-citations.fr\/WP\/rochefort-la-france-dit-lalmanach-imperial-contient-trente-six-millions-de-sujets-sans-compter-les-sujets-de-mecontentement#2295\">\u00ab\u00a0Il est singulier que tout progresse ici-bas, except\u00e9 l\u2019\u00e9loquence officielle. J\u2019ai retrouv\u00e9 ces jours-ci un discours de 1824\u00a0; c\u2019\u00e9tait exactement le m\u00eame genre de niaiseries que ceux de 1868.\u00a0\u00bb<\/a><\/p>\n<p class=\"auteur\"><span class=\"author\"><span class=\"surname\">Henri <\/span><span class=\"name\">ROCHEFORT<\/span><\/span> (1831-1913), <cite>La Lanterne<\/cite>, 4\u00a0juillet 1868<\/p>\n\n<\/blockquote><\/div>\n<\/div>\n<\/div>\n<\/div><\/div>\n<\/div>\n<div class=\"views-row views-row-14 views-row-even\">\n<div class=\"views-field views-field-field-index-collection\">\n<div class=\"field-content\">\n<div class=\"field-collection-view clearfix view-mode-full field-collection-view-final\">\n<div class=\"entity entity-field-collection-item field-collection-item-field-index-collection clearfix\">\n<div class=\"content\">\n<blockquote>\n<p class=\"citation-small\"><a href=\"https:\/\/histoire-en-citations.fr\/WP\/40-petites-et-grandes-erreurs-historiques-en-citations-de-la-iiie-republique-a-nos-jours#2357\">\u00ab\u00a0L\u2019Assembl\u00e9e refuse la parole \u00e0 M.\u00a0Victor Hugo, parce qu\u2019il ne parle pas fran\u00e7ais\u00a0!\u00a0\u00bb<\/a><\/p>\n<p class=\"auteur\"><span class=\"author\"><span class=\"surname\">Vicomte de <\/span><span class=\"name\">LORGERIL<\/span><\/span> (1811-1888), Assembl\u00e9e nationale, Bordeaux, 8\u00a0mars 1871<\/p>\n\n<\/blockquote><\/div>\n<\/div>\n<\/div>\n<\/div><\/div>\n<\/div>\n<div class=\"views-row views-row-15 views-row-odd\">\n<div class=\"views-field views-field-field-index-collection\">\n<div class=\"field-content\">\n<div class=\"field-collection-view clearfix view-mode-full field-collection-view-final\">\n<div class=\"entity entity-field-collection-item field-collection-item-field-index-collection clearfix\">\n<div class=\"content\">\n<blockquote>\n<p class=\"citation-small\"><a href=\"https:\/\/histoire-en-citations.fr\/WP\/lhistoire-en-chantant-troisieme-republique-et-seconde-guerre-mondiale#2420\">\u00ab\u00a0La patrouille allemande passe,Baissez la voix, mes chers petits,Parler fran\u00e7ais n\u2019est plus permisAux petits enfants de l\u2019Alsace.\u00a0\u00bb<\/a><\/p>\n<p class=\"auteur\"><span class=\"author\"><span class=\"surname\">Gaston <\/span><span class=\"name\">VILLEMER<\/span><\/span> (1840-1892), paroles, et <span class=\"author\"><span class=\"surname\">Lucien <\/span><span class=\"name\">DELORMEL<\/span><\/span> (1847-1899), musique, <cite>Le Ma\u00eetre d\u2019\u00e9cole alsacien<\/cite>, chanson<\/p>\n\n<\/blockquote><\/div>\n<\/div>\n<\/div>\n<\/div><\/div>\n<\/div>\n<div class=\"views-row views-row-16 views-row-even\">\n<div class=\"views-field views-field-field-index-collection\">\n<div class=\"field-content\">\n<div class=\"field-collection-view clearfix view-mode-full field-collection-view-final\">\n<div class=\"entity entity-field-collection-item field-collection-item-field-index-collection clearfix\">\n<div class=\"content\">\n<blockquote>\n<p class=\"citation-small\"><a href=\"https:\/\/histoire-en-citations.fr\/WP\/les-tops-et-les-flops-de-2018#2468\">\u00ab\u00a0Vous allez peut-\u00eatre m\u2019accuser d\u2019opportunisme\u00a0! Je sais que le mot est odieux. Pourtant je pousse encore l\u2019audace jusqu\u2019\u00e0 affirmer que ce barbarisme cache une vraie politique.\u00a0\u00bb<\/a><\/p>\n<p class=\"auteur\"><span class=\"author\"><span class=\"surname\">L\u00e9on <\/span><span class=\"name\">GAMBETTA<\/span><\/span> (1838-1882), Chambre des d\u00e9put\u00e9s, 21\u00a0juin 1880<\/p>\n\n<\/blockquote><\/div>\n<\/div>\n<\/div>\n<\/div><\/div>\n<\/div>\n<div class=\"views-row views-row-17 views-row-odd\">\n<div class=\"views-field views-field-field-index-collection\">\n<div class=\"field-content\">\n<div class=\"field-collection-view clearfix view-mode-full field-collection-view-final\">\n<div class=\"entity entity-field-collection-item field-collection-item-field-index-collection clearfix\">\n<div class=\"content\">\n<blockquote>\n<p class=\"citation-small\"><a href=\"https:\/\/histoire-en-citations.fr\/WP\/les-perles-de-la-langue-francaise-du-xviie-siecle-a-nos-jours#2958\">\u00ab\u00a0Parlez-vous franglais\u00a0?\u00a0\u00bb<\/a><\/p>\n<p class=\"auteur\"><span class=\"author\"><span class=\"surname\">Ren\u00e9 <\/span><span class=\"name\">\u00c9TIEMBLE<\/span><\/span> (1909-2002), titre d\u2019un essai (1964)<\/p>\n\n<\/blockquote><\/div>\n<\/div>\n<\/div>\n<\/div><\/div>\n<\/div>\n<div class=\"views-row views-row-18 views-row-even views-row-last\">\n<div class=\"views-field views-field-field-index-collection\">\n<div class=\"field-content\">\n<div class=\"field-collection-view clearfix view-mode-full field-collection-view-final\">\n<div class=\"entity entity-field-collection-item field-collection-item-field-index-collection clearfix\">\n<div class=\"content\">\n<blockquote>\n<p class=\"citation-small\"><a href=\"https:\/\/histoire-en-citations.fr\/WP\/qui-a-dit-quoi-de-qui-cinquieme-republique-de-mitterrand-a-macron#3317\">\u00ab\u00a0Un chef, c\u2019est fait pour cheffer.\u00a0\u00bb<\/a><\/p>\n<p class=\"auteur\"><span class=\"author\"><span class=\"surname\">Jacques <\/span><span class=\"name\">CHIRAC<\/span><\/span> (1932-2019), <cite>Le Figaro Magazine<\/cite>, 20\u00a0juin 1992<\/p>\n\n<\/blockquote><\/div>\n<\/div>\n<\/div>\n<\/div><\/div>\n<\/div>\n<\/div>\n<\/div>\n<\/div>\n<style>\r\n        a .cit-num {\r\n            text-decoration: none !important;\r\n            color: inherit !important;\r\n        }\r\n    <\/style>","protected":false},"excerpt":{"rendered":"<p>Une belle histoire qui commence \u00e0 la Renaissance, renforce la France dans son unit\u00e9, diffuse sa culture en Europe aux XVIIe et XVIIIe\u00a0si\u00e8cles. Parl\u00e9 dans toutes les cours, le fran\u00e7ais reste la langue de la diplomatie jusqu\u2019en 1919. Le combat de la francophonie dans le monde est \u00e0 suivre, au XXIe\u00a0si\u00e8cle. Avec sa d\u00e9mographie galopante, [&#8230;]<\/p>\n","protected":false},"author":1,"featured_media":0,"parent":0,"menu_order":0,"comment_status":"closed","ping_status":"closed","template":"","meta":{"site-sidebar-layout":"default","site-content-layout":"","ast-site-content-layout":"default","site-content-style":"default","site-sidebar-style":"default","ast-global-header-display":"","ast-banner-title-visibility":"","ast-main-header-display":"","ast-hfb-above-header-display":"","ast-hfb-below-header-display":"","ast-hfb-mobile-header-display":"","site-post-title":"","ast-breadcrumbs-content":"","ast-featured-img":"","footer-sml-layout":"","theme-transparent-header-meta":"","adv-header-id-meta":"","stick-header-meta":"","header-above-stick-meta":"","header-main-stick-meta":"","header-below-stick-meta":"","astra-migrate-meta-layouts":"default","ast-page-background-enabled":"default","ast-page-background-meta":{"desktop":{"background-color":"var(--ast-global-color-5)","background-image":"","background-repeat":"repeat","background-position":"center center","background-size":"auto","background-attachment":"scroll","background-type":"","background-media":"","overlay-type":"","overlay-color":"","overlay-opacity":"","overlay-gradient":""},"tablet":{"background-color":"","background-image":"","background-repeat":"repeat","background-position":"center center","background-size":"auto","background-attachment":"scroll","background-type":"","background-media":"","overlay-type":"","overlay-color":"","overlay-opacity":"","overlay-gradient":""},"mobile":{"background-color":"","background-image":"","background-repeat":"repeat","background-position":"center center","background-size":"auto","background-attachment":"scroll","background-type":"","background-media":"","overlay-type":"","overlay-color":"","overlay-opacity":"","overlay-gradient":""}},"ast-content-background-meta":{"desktop":{"background-color":"var(--ast-global-color-4)","background-image":"","background-repeat":"repeat","background-position":"center center","background-size":"auto","background-attachment":"scroll","background-type":"","background-media":"","overlay-type":"","overlay-color":"","overlay-opacity":"","overlay-gradient":""},"tablet":{"background-color":"var(--ast-global-color-4)","background-image":"","background-repeat":"repeat","background-position":"center center","background-size":"auto","background-attachment":"scroll","background-type":"","background-media":"","overlay-type":"","overlay-color":"","overlay-opacity":"","overlay-gradient":""},"mobile":{"background-color":"var(--ast-global-color-4)","background-image":"","background-repeat":"repeat","background-position":"center center","background-size":"auto","background-attachment":"scroll","background-type":"","background-media":"","overlay-type":"","overlay-color":"","overlay-opacity":"","overlay-gradient":""}},"iawp_total_views":23,"footnotes":""},"class_list":["post-10715","page","type-page","status-publish","hentry"],"_links":{"self":[{"href":"https:\/\/histoire-en-citations.fr\/WP\/wp-json\/wp\/v2\/pages\/10715","targetHints":{"allow":["GET"]}}],"collection":[{"href":"https:\/\/histoire-en-citations.fr\/WP\/wp-json\/wp\/v2\/pages"}],"about":[{"href":"https:\/\/histoire-en-citations.fr\/WP\/wp-json\/wp\/v2\/types\/page"}],"author":[{"embeddable":true,"href":"https:\/\/histoire-en-citations.fr\/WP\/wp-json\/wp\/v2\/users\/1"}],"replies":[{"embeddable":true,"href":"https:\/\/histoire-en-citations.fr\/WP\/wp-json\/wp\/v2\/comments?post=10715"}],"version-history":[{"count":4,"href":"https:\/\/histoire-en-citations.fr\/WP\/wp-json\/wp\/v2\/pages\/10715\/revisions"}],"predecessor-version":[{"id":13574,"href":"https:\/\/histoire-en-citations.fr\/WP\/wp-json\/wp\/v2\/pages\/10715\/revisions\/13574"}],"wp:attachment":[{"href":"https:\/\/histoire-en-citations.fr\/WP\/wp-json\/wp\/v2\/media?parent=10715"}],"curies":[{"name":"wp","href":"https:\/\/api.w.org\/{rel}","templated":true}]}}