{"id":10749,"date":"2025-09-22T07:34:08","date_gmt":"2025-09-22T05:34:08","guid":{"rendered":"https:\/\/histoire-en-citations.fr\/WP\/nation\/"},"modified":"2025-09-22T07:34:08","modified_gmt":"2025-09-22T05:34:08","slug":"nation","status":"publish","type":"page","link":"https:\/\/histoire-en-citations.fr\/WP\/nation\/","title":{"rendered":"nation"},"content":{"rendered":"<div class=\"content\">\n<div class=\"view view-index-taxo view-id-index_taxo view-display-id-page view-dom-id-b300bbbd9d6308ccf87aa4327aaa107f\">\n<div class=\"view-header\">\n<p class=\"presentation\">Une nation se d\u00e9finit (entre autres) par le sentiment national. Des historiens font na\u00eetre la nation fran\u00e7aise \u00e0 Bouvines (1214), victoire de Philippe Auguste contre les Anglais et les grands f\u00e9odaux. \u201c\u00a0Vive la Nation\u00a0!\u00a0\u201d, ce cri marque la premi\u00e8re victoire de l\u2019arm\u00e9e nationale et des \u201c\u00a0Enfants de la patrie\u00a0\u201d \u00e0 Valmy (1792) contre les Prussiens et les Autrichiens, tournant de la R\u00e9volution.<\/p>\n<p class=\"idxinfo\">Cliquez sur une citation pour la consulter dans son contexte historique.<a class=\"retour\" href=\"https:\/\/histoire-en-citations.fr\/WP\/indexation\/\">Retour \u00e0 l\u2019index<\/a><\/p>\n<p> Affichage de 1 \u2013 20 sur 20.    <\/p><\/div>\n<div class=\"view-content\">\n<div class=\"views-row views-row-1 views-row-odd views-row-first\">\n<div class=\"views-field views-field-field-index-collection\">\n<div class=\"field-content\">\n<div class=\"field-collection-view clearfix view-mode-full field-collection-view-final\">\n<div class=\"entity entity-field-collection-item field-collection-item-field-index-collection clearfix\">\n<div class=\"content\">\n<blockquote>\n<p class=\"citation-small\"><a href=\"https:\/\/histoire-en-citations.fr\/WP\/lecture-recommandee-en-temps-de-confinement-et-bientot-de-vacances-les-lettres#456\">\u00ab\u00a0Pour mon honneur et celui de ma nation, je choisirai plut\u00f4t honn\u00eate prison que honteuse fuite.\u00a0\u00bb<\/a><\/p>\n<p class=\"auteur\"><span class=\"author\"><span class=\"name\">FRAN\u00c7OIS\u00a0I<sup>er<\/sup><\/span><\/span> (1494-1547), Lettre aux Grands du Royaume et aux Compagnies souveraines, 1525<\/p>\n\n<\/blockquote><\/div>\n<\/div>\n<\/div>\n<\/div><\/div>\n<\/div>\n<div class=\"views-row views-row-2 views-row-even\">\n<div class=\"views-field views-field-field-index-collection\">\n<div class=\"field-content\">\n<div class=\"field-collection-view clearfix view-mode-full field-collection-view-final\">\n<div class=\"entity entity-field-collection-item field-collection-item-field-index-collection clearfix\">\n<div class=\"content\">\n<blockquote>\n<p class=\"citation-small\"><a href=\"https:\/\/histoire-en-citations.fr\/WP\/ces-etrangers-qui-firent-lhistoire-de-france-iii#1149\">\u00ab\u00a0C\u2019est le ton de la nation\u00a0; si les Fran\u00e7ais perdent une bataille, une \u00e9pigramme les console\u00a0; si un nouvel imp\u00f4t les charge, un vaudeville les d\u00e9dommage.\u00a0\u00bb<\/a><\/p>\n<p class=\"auteur\"><span class=\"author\"><span class=\"surname\">Carlo <\/span><span class=\"name\">GOLDONI<\/span><\/span> (1707-1793), <cite>M\u00e9moires<\/cite> (1787)<\/p>\n\n<\/blockquote><\/div>\n<\/div>\n<\/div>\n<\/div><\/div>\n<\/div>\n<div class=\"views-row views-row-3 views-row-odd\">\n<div class=\"views-field views-field-field-index-collection\">\n<div class=\"field-content\">\n<div class=\"field-collection-view clearfix view-mode-full field-collection-view-final\">\n<div class=\"entity entity-field-collection-item field-collection-item-field-index-collection clearfix\">\n<div class=\"content\">\n<blockquote>\n<p class=\"citation-small\"><a href=\"https:\/\/histoire-en-citations.fr\/WP\/portrait-de-louis-xvi-en-citations#1247\">\u00ab\u00a0La grande nouvelle du jour est la convocation d\u2019une assembl\u00e9e nationale, qui produit dans le public la plus vive sensation. On voit avec autant d\u2019admiration que de reconnaissance notre monarque appeler \u00e0 lui la nation.\u00a0\u00bb<\/a><\/p>\n<p class=\"auteur\">Chroniqueur<\/p>\n\n<\/blockquote><\/div>\n<\/div>\n<\/div>\n<\/div><\/div>\n<\/div>\n<div class=\"views-row views-row-4 views-row-even\">\n<div class=\"views-field views-field-field-index-collection\">\n<div class=\"field-content\">\n<div class=\"field-collection-view clearfix view-mode-full field-collection-view-final\">\n<div class=\"entity entity-field-collection-item field-collection-item-field-index-collection clearfix\">\n<div class=\"content\">\n<blockquote>\n<p class=\"citation-small\"><a href=\"https:\/\/histoire-en-citations.fr\/WP\/les-mysteres-de-lhistoire-de-louis-xiv-a-napoleon#1292\">\u00ab\u00a0La nature semblait avoir moul\u00e9 sa t\u00eate pour l\u2019Empire ou pour le gibet, taill\u00e9 ses bras pour \u00e9treindre une nation ou pour enlever une femme.\u00a0\u00bb<\/a><\/p>\n<p class=\"auteur\"><span class=\"author\"><span class=\"surname\">Fran\u00e7ois Ren\u00e9 de <\/span><span class=\"name\">CHATEAUBRIAND<\/span><\/span> (1768-1848), <cite>M\u00e9moires d\u2019outre-tombe<\/cite> (posthume)<\/p>\n\n<\/blockquote><\/div>\n<\/div>\n<\/div>\n<\/div><\/div>\n<\/div>\n<div class=\"views-row views-row-5 views-row-odd\">\n<div class=\"views-field views-field-field-index-collection\">\n<div class=\"field-content\">\n<div class=\"field-collection-view clearfix view-mode-full field-collection-view-final\">\n<div class=\"entity entity-field-collection-item field-collection-item-field-index-collection clearfix\">\n<div class=\"content\">\n<blockquote>\n<p class=\"citation-small\"><a href=\"https:\/\/histoire-en-citations.fr\/WP\/les-appels-dans-lhistoire-du-moyen-age-a-la-revolution#1400\">\u00ab\u00a0Que la nation reprenne son heureux caract\u00e8re.\u00a0\u00bb<\/a><\/p>\n<p class=\"auteur\"><span class=\"author\"><span class=\"name\">LOUIS XVI<\/span><\/span> (1754-1793), \u00e0 la Constituante, 30\u00a0septembre 1791<\/p>\n\n<\/blockquote><\/div>\n<\/div>\n<\/div>\n<\/div><\/div>\n<\/div>\n<div class=\"views-row views-row-6 views-row-even\">\n<div class=\"views-field views-field-field-index-collection\">\n<div class=\"field-content\">\n<div class=\"field-collection-view clearfix view-mode-full field-collection-view-final\">\n<div class=\"entity entity-field-collection-item field-collection-item-field-index-collection clearfix\">\n<div class=\"content\">\n<blockquote>\n<p class=\"citation-small\"><a href=\"https:\/\/histoire-en-citations.fr\/WP\/la-guerre-histoire-en-citations-dune-tragedie-seculaire-et-quotidienne-revolution#1451\">\u00ab\u00a0La Convention nationale d\u00e9clare au nom de la nation fran\u00e7aise qu\u2019elle accordera fraternit\u00e9 et secours \u00e0 tous les peuples qui voudront recouvrer leur libert\u00e9.\u00a0\u00bb<\/a><\/p>\n<p class=\"auteur\">Convention, D\u00e9cret du 19\u00a0novembre\u00a01792<\/p>\n\n<\/blockquote><\/div>\n<\/div>\n<\/div>\n<\/div><\/div>\n<\/div>\n<div class=\"views-row views-row-7 views-row-odd\">\n<div class=\"views-field views-field-field-index-collection\">\n<div class=\"field-content\">\n<div class=\"field-collection-view clearfix view-mode-full field-collection-view-final\">\n<div class=\"entity entity-field-collection-item field-collection-item-field-index-collection clearfix\">\n<div class=\"content\">\n<blockquote>\n<p class=\"citation-small\"><a href=\"https:\/\/histoire-en-citations.fr\/WP\/ces-etrangers-qui-firent-lhistoire-de-france-iii#1697\">\u00ab\u00a0Une nation n\u2019a de caract\u00e8re que lorsqu\u2019elle est libre.\u00a0\u00bb<\/a><\/p>\n<p class=\"auteur\"><span class=\"author\"><span class=\"surname\">Mme de <\/span><span class=\"name\">STA\u00cbL<\/span><\/span> (1766-1817), <cite>De la litt\u00e9rature consid\u00e9r\u00e9e dans ses rapports avec les institutions sociales<\/cite> (1800)<\/p>\n\n<\/blockquote><\/div>\n<\/div>\n<\/div>\n<\/div><\/div>\n<\/div>\n<div class=\"views-row views-row-8 views-row-even\">\n<div class=\"views-field views-field-field-index-collection\">\n<div class=\"field-content\">\n<div class=\"field-collection-view clearfix view-mode-full field-collection-view-final\">\n<div class=\"entity entity-field-collection-item field-collection-item-field-index-collection clearfix\">\n<div class=\"content\">\n<blockquote>\n<p class=\"citation-small\"><a href=\"https:\/\/histoire-en-citations.fr\/WP\/histoires-de-famille-de-napoleon-au-second-empire#1813\">\u00ab\u00a0Il n\u2019y aura pas d\u2019\u00c9tat politique fixe s\u2019il n\u2019y a pas un corps enseignant avec des principes fixes. Tant qu\u2019on n\u2019apprendra pas, d\u00e8s l\u2019enfance, s\u2019il faut \u00eatre r\u00e9publicain ou monarchique, catholique ou irr\u00e9ligieux, l\u2019\u00c9tat ne formera point une nation.\u00a0\u00bb<\/a><\/p>\n<p class=\"auteur\"><span class=\"author\"><span class=\"name\">NAPOL\u00c9ON\u00a0I<sup>er<\/sup><\/span><\/span> (1769-1821), 10\u00a0mai 1806<\/p>\n\n<\/blockquote><\/div>\n<\/div>\n<\/div>\n<\/div><\/div>\n<\/div>\n<div class=\"views-row views-row-9 views-row-odd\">\n<div class=\"views-field views-field-field-index-collection\">\n<div class=\"field-content\">\n<div class=\"field-collection-view clearfix view-mode-full field-collection-view-final\">\n<div class=\"entity entity-field-collection-item field-collection-item-field-index-collection clearfix\">\n<div class=\"content\">\n<blockquote>\n<p class=\"citation-small\"><a href=\"https:\/\/histoire-en-citations.fr\/WP\/lecture-recommandee-en-temps-de-confinement-et-bientot-de-vacances-les-lettres#1857\">\u00ab\u00a0Toute nation a le gouvernement qu\u2019elle m\u00e9rite.\u00a0\u00bb<\/a><\/p>\n<p class=\"auteur\"><span class=\"author\"><span class=\"surname\">Joseph de <\/span><span class=\"name\">MAISTRE<\/span><\/span> (1753-1821), Lettre \u00e0 Monsieur le Chevalier de\u2026 15\u00a0ao\u00fbt 1811<\/p>\n\n<\/blockquote><\/div>\n<\/div>\n<\/div>\n<\/div><\/div>\n<\/div>\n<div class=\"views-row views-row-10 views-row-even\">\n<div class=\"views-field views-field-field-index-collection\">\n<div class=\"field-content\">\n<div class=\"field-collection-view clearfix view-mode-full field-collection-view-final\">\n<div class=\"entity entity-field-collection-item field-collection-item-field-index-collection clearfix\">\n<div class=\"content\">\n<blockquote>\n<p class=\"citation-small\"><a href=\"https:\/\/histoire-en-citations.fr\/WP\/la-foire-aux-utopies-du-plus-classique-au-plus-original-du-moyen-age-a-1914#1901\">\u00ab\u00a0La nation a admis pour principe fondamental que les pauvres devaient \u00eatre g\u00e9n\u00e9reux \u00e0 l\u2019\u00e9gard des riches.\u00a0\u00bb<\/a><\/p>\n<p class=\"auteur\"><span class=\"author\"><span class=\"surname\">Comte de <\/span><span class=\"name\">SAINT-SIMON<\/span><\/span> (1760-1825), <cite>L\u2019Organisateur<\/cite> (1819)<\/p>\n\n<\/blockquote><\/div>\n<\/div>\n<\/div>\n<\/div><\/div>\n<\/div>\n<div class=\"views-row views-row-11 views-row-odd\">\n<div class=\"views-field views-field-field-index-collection\">\n<div class=\"field-content\">\n<div class=\"field-collection-view clearfix view-mode-full field-collection-view-final\">\n<div class=\"entity entity-field-collection-item field-collection-item-field-index-collection clearfix\">\n<div class=\"content\">\n<blockquote>\n<p class=\"citation-small\"><a href=\"https:\/\/histoire-en-citations.fr\/WP\/citations-referentielles-le-miroir-de-lhistoire-restauration-monarchie-de-juillet-deuxieme-republique#2105\">\u00ab\u00a0Je ne me prosterne pas devant cette m\u00e9moire\u00a0; je ne suis pas de cette religion napol\u00e9onienne, de ce culte de la force que l\u2019on veut substituer dans l\u2019esprit de la nation \u00e0 la religion s\u00e9rieuse de la libert\u00e9.\u00a0\u00bb<\/a><\/p>\n<p class=\"auteur\"><span class=\"author\"><span class=\"surname\">Alphonse de <\/span><span class=\"name\">LAMARTINE<\/span><\/span> (1790-1869), \u00e0 l\u2019occasion du retour des cendres de Napol\u00e9on, Discours \u00e0 la Chambre, 26\u00a0mai\u00a01840<\/p>\n\n<\/blockquote><\/div>\n<\/div>\n<\/div>\n<\/div><\/div>\n<\/div>\n<div class=\"views-row views-row-12 views-row-even\">\n<div class=\"views-field views-field-field-index-collection\">\n<div class=\"field-content\">\n<div class=\"field-collection-view clearfix view-mode-full field-collection-view-final\">\n<div class=\"entity entity-field-collection-item field-collection-item-field-index-collection clearfix\">\n<div class=\"content\">\n<blockquote>\n<p class=\"citation-small\"><a href=\"https:\/\/histoire-en-citations.fr\/WP\/un-tour-de-france-historique-et-inedit-du-directoire-aux-annees-1930#2230\">\u00ab\u00a0Votre religion, comme la n\u00f4tre, apprend \u00e0 se soumettre aux d\u00e9crets de la Providence. Or, si la France est ma\u00eetresse de l\u2019Alg\u00e9rie, c\u2019est que Dieu l\u2019a voulu, et la nation ne renoncera jamais \u00e0 cette conqu\u00eate.\u00a0\u00bb<\/a><\/p>\n<p class=\"auteur\"><span class=\"author\"><span class=\"surname\">Louis-Napol\u00e9on <\/span><span class=\"name\">BONAPARTE<\/span><\/span> (1808-1873), Allocution \u00e0 Abd el-Kader, 16\u00a0octobre 1852<\/p>\n\n<\/blockquote><\/div>\n<\/div>\n<\/div>\n<\/div><\/div>\n<\/div>\n<div class=\"views-row views-row-13 views-row-odd\">\n<div class=\"views-field views-field-field-index-collection\">\n<div class=\"field-content\">\n<div class=\"field-collection-view clearfix view-mode-full field-collection-view-final\">\n<div class=\"entity entity-field-collection-item field-collection-item-field-index-collection clearfix\">\n<div class=\"content\">\n<blockquote>\n<p class=\"citation-small\"><a href=\"https:\/\/histoire-en-citations.fr\/WP\/qui-a-dit-quoi-de-qui-deuxieme-republique-et-second-empire#2231\">\u00ab\u00a0Repr\u00e9sentant \u00e0 tant de titres la cause du peuple et la volont\u00e9 nationale, ce sera la nation qui, en m\u2019\u00e9levant au tr\u00f4ne, se couronnera elle-m\u00eame.\u00a0\u00bb<\/a><\/p>\n<p class=\"auteur\"><span class=\"author\"><span class=\"surname\">Louis-Napol\u00e9on <\/span><span class=\"name\">BONAPARTE<\/span><\/span> (1808-1873), S\u00e9nat, 4\u00a0novembre 1852<\/p>\n\n<\/blockquote><\/div>\n<\/div>\n<\/div>\n<\/div><\/div>\n<\/div>\n<div class=\"views-row views-row-14 views-row-even\">\n<div class=\"views-field views-field-field-index-collection\">\n<div class=\"field-content\">\n<div class=\"field-collection-view clearfix view-mode-full field-collection-view-final\">\n<div class=\"entity entity-field-collection-item field-collection-item-field-index-collection clearfix\">\n<div class=\"content\">\n<blockquote>\n<p class=\"citation-small\"><a href=\"https:\/\/histoire-en-citations.fr\/WP\/lopinion-publique-des-francais-de-la-revolution-a-la-troisieme-republique#2242\">\u00ab La France, la plus brillante et la plus dangereuse des nations de l\u2019Europe, et la mieux faite pour y devenir tour \u00e0 tour un objet d\u2019admiration, de haine, de piti\u00e9, de terreur, mais jamais d\u2019indiff\u00e9rence. \u00bb<\/a><\/p>\n<p class=\"auteur\"><span class=\"author\"><span class=\"surname\">Alexis de <\/span><span class=\"name\">TOCQUEVILLE<\/span><\/span> (1805-1859), <cite>L\u2019Ancien R\u00e9gime et la R\u00e9volution<\/cite> (1856)<\/p>\n\n<\/blockquote><\/div>\n<\/div>\n<\/div>\n<\/div><\/div>\n<\/div>\n<div class=\"views-row views-row-15 views-row-odd\">\n<div class=\"views-field views-field-field-index-collection\">\n<div class=\"field-content\">\n<div class=\"field-collection-view clearfix view-mode-full field-collection-view-final\">\n<div class=\"entity entity-field-collection-item field-collection-item-field-index-collection clearfix\">\n<div class=\"content\">\n<blockquote>\n<p class=\"citation-small\"><a href=\"https:\/\/histoire-en-citations.fr\/WP\/lexception-culturelle-a-la-francaise-mythe-ou-realite-2#2621\">\u00ab\u00a0Les nations, comme les hommes, meurent d\u2019imperceptibles impolitesses. C\u2019est \u00e0 leur fa\u00e7on d\u2019\u00e9ternuer ou d\u2019\u00e9culer leurs talons que se reconnaissent les peuples condamn\u00e9s.\u00a0\u00bb<\/a><\/p>\n<p class=\"auteur\"><span class=\"author\"><span class=\"surname\">Jean <\/span><span class=\"name\">GIRAUDOUX<\/span><\/span> (1882-1944), <cite>La Guerre de Troie n\u2019aura pas lieu<\/cite> (1935)<\/p>\n\n<\/blockquote><\/div>\n<\/div>\n<\/div>\n<\/div><\/div>\n<\/div>\n<div class=\"views-row views-row-16 views-row-even\">\n<div class=\"views-field views-field-field-index-collection\">\n<div class=\"field-content\">\n<div class=\"field-collection-view clearfix view-mode-full field-collection-view-final\">\n<div class=\"entity entity-field-collection-item field-collection-item-field-index-collection clearfix\">\n<div class=\"content\">\n<blockquote>\n<p class=\"citation-small\"><a href=\"https:\/\/histoire-en-citations.fr\/WP\/la-guerre-histoire-en-citations-dune-tragedie-seculaire-et-quotidienne-troisieme-republique#2658\">\u00ab\u00a0Voil\u00e0 ce qu\u2019est le pacte de Paris. Il met la guerre hors la loi. Il dit aux peuples\u00a0: la guerre n\u2019est pas licite, c\u2019est un crime. La nation qui attaque une autre nation, la nation qui d\u00e9clenche ou d\u00e9clare la guerre, est une criminelle.\u00a0\u00bb<\/a><\/p>\n<p class=\"auteur\"><span class=\"author\"><span class=\"surname\">Aristide <\/span><span class=\"name\">BRIAND<\/span><\/span> (1862-1932), Chambre des d\u00e9put\u00e9s, 1<sup>er<\/sup>\u00a0mars 1929<\/p>\n\n<\/blockquote><\/div>\n<\/div>\n<\/div>\n<\/div><\/div>\n<\/div>\n<div class=\"views-row views-row-17 views-row-odd\">\n<div class=\"views-field views-field-field-index-collection\">\n<div class=\"field-content\">\n<div class=\"field-collection-view clearfix view-mode-full field-collection-view-final\">\n<div class=\"entity entity-field-collection-item field-collection-item-field-index-collection clearfix\">\n<div class=\"content\">\n<blockquote>\n<p class=\"citation-small\"><a href=\"https:\/\/histoire-en-citations.fr\/WP\/prix-nobel-les-grands-absents-de-la-liste-officielle#2660\">\u00ab\u00a0L\u2019Histoire est le produit le plus dangereux que la chimie de l\u2019intellect ait \u00e9labor\u00e9. Ses propri\u00e9t\u00e9s sont bien connues. Il fait r\u00eaver, il enivre les peuples, leur engendre de faux souvenirs, exag\u00e8re leurs r\u00e9flexes, entretient leurs vieilles plaies, les tourmente dans leur repos, les conduit au d\u00e9lire des grandeurs ou \u00e0 celui de la pers\u00e9cution et rend les nations am\u00e8res, superbes, insupportables et vaines.\u00a0\u00bb<\/a><\/p>\n<p class=\"auteur\"><span class=\"author\"><span class=\"surname\">Paul <\/span><span class=\"name\">VAL\u00c9RY<\/span><\/span> (1871-1945), <cite>Discours de l\u2019histoire<\/cite> (1932)<\/p>\n\n<\/blockquote><\/div>\n<\/div>\n<\/div>\n<\/div><\/div>\n<\/div>\n<div class=\"views-row views-row-18 views-row-even\">\n<div class=\"views-field views-field-field-index-collection\">\n<div class=\"field-content\">\n<div class=\"field-collection-view clearfix view-mode-full field-collection-view-final\">\n<div class=\"entity entity-field-collection-item field-collection-item-field-index-collection clearfix\">\n<div class=\"content\">\n<blockquote>\n<p class=\"citation-small\"><a href=\"https:\/\/histoire-en-citations.fr\/WP\/limpertinence-a-la-francaise-une-vertu-nationale-de-la-revolution-a-nos-jours#3020\">\u00ab\u00a0Qu\u2019est-ce que le gaullisme depuis qu\u2019issu de l\u2019insurrection il s\u2019est empar\u00e9 de la nation\u00a0? Un coup d\u2019\u00c9tat de tous les jours.\u00a0\u00bb<\/a><\/p>\n<p class=\"auteur\"><span class=\"author\"><span class=\"surname\">Fran\u00e7ois <\/span><span class=\"name\">MITTERRAND<\/span><\/span> (1916-1996), <cite>Le Coup d\u2019\u00c9tat permanent<\/cite> (1964)<\/p>\n\n<\/blockquote><\/div>\n<\/div>\n<\/div>\n<\/div><\/div>\n<\/div>\n<div class=\"views-row views-row-19 views-row-odd\">\n<div class=\"views-field views-field-field-index-collection\">\n<div class=\"field-content\">\n<div class=\"field-collection-view clearfix view-mode-full field-collection-view-final\">\n<div class=\"entity entity-field-collection-item field-collection-item-field-index-collection clearfix\">\n<div class=\"content\">\n<blockquote>\n<p class=\"citation-small\"><a href=\"https:\/\/histoire-en-citations.fr\/WP\/portrait-de-charles-de-gaulle-en-citations#3023\">\u00ab\u00a0Si grand que soit le verre que l\u2019on nous tend du dehors, nous pr\u00e9f\u00e9rons boire dans le n\u00f4tre, tout en trinquant aux alentours.\u00a0\u00bb<\/a><\/p>\n<p class=\"auteur\"><span class=\"author\"><span class=\"surname\">Charles de <\/span><span class=\"name\">GAULLE<\/span><\/span> (1890-1970), Allocution radiot\u00e9l\u00e9vis\u00e9e, 27\u00a0avril 1965<\/p>\n\n<\/blockquote><\/div>\n<\/div>\n<\/div>\n<\/div><\/div>\n<\/div>\n<div class=\"views-row views-row-20 views-row-even views-row-last\">\n<div class=\"views-field views-field-field-index-collection\">\n<div class=\"field-content\">\n<div class=\"field-collection-view clearfix view-mode-full field-collection-view-final\">\n<div class=\"entity entity-field-collection-item field-collection-item-field-index-collection clearfix\">\n<div class=\"content\">\n<blockquote>\n<p class=\"citation-small\"><a href=\"https:\/\/histoire-en-citations.fr\/WP\/raffarin-la-route-est-droite-mais-la-pente-est-forte-3#3387\">\u00ab\u00a0Un jour, les Europ\u00e9ens remercieront les Fran\u00e7ais d\u2019avoir vot\u00e9 non, car la seule Europe qui peut marcher est celle des nations et des projets.\u00a0\u00bb<\/a><\/p>\n<p class=\"auteur\"><span class=\"author\"><span class=\"surname\">Lech <\/span><span class=\"name\">WALESA<\/span><\/span> (n\u00e9 en 1943), au lendemain du 29\u00a0mai 2005<\/p>\n\n<\/blockquote><\/div>\n<\/div>\n<\/div>\n<\/div><\/div>\n<\/div>\n<\/div>\n<\/div>\n<\/div>\n<style>\r\n        a .cit-num {\r\n            text-decoration: none !important;\r\n            color: inherit !important;\r\n        }\r\n    <\/style>","protected":false},"excerpt":{"rendered":"<p>Une nation se d\u00e9finit (entre autres) par le sentiment national. Des historiens font na\u00eetre la nation fran\u00e7aise \u00e0 Bouvines (1214), victoire de Philippe Auguste contre les Anglais et les grands f\u00e9odaux. \u201c\u00a0Vive la Nation\u00a0!\u00a0\u201d, ce cri marque la premi\u00e8re victoire de l\u2019arm\u00e9e nationale et des \u201c\u00a0Enfants de la patrie\u00a0\u201d \u00e0 Valmy (1792) contre les Prussiens [&#8230;]<\/p>\n","protected":false},"author":1,"featured_media":0,"parent":0,"menu_order":0,"comment_status":"closed","ping_status":"closed","template":"","meta":{"site-sidebar-layout":"default","site-content-layout":"","ast-site-content-layout":"default","site-content-style":"default","site-sidebar-style":"default","ast-global-header-display":"","ast-banner-title-visibility":"","ast-main-header-display":"","ast-hfb-above-header-display":"","ast-hfb-below-header-display":"","ast-hfb-mobile-header-display":"","site-post-title":"","ast-breadcrumbs-content":"","ast-featured-img":"","footer-sml-layout":"","theme-transparent-header-meta":"","adv-header-id-meta":"","stick-header-meta":"","header-above-stick-meta":"","header-main-stick-meta":"","header-below-stick-meta":"","astra-migrate-meta-layouts":"default","ast-page-background-enabled":"default","ast-page-background-meta":{"desktop":{"background-color":"var(--ast-global-color-5)","background-image":"","background-repeat":"repeat","background-position":"center center","background-size":"auto","background-attachment":"scroll","background-type":"","background-media":"","overlay-type":"","overlay-color":"","overlay-opacity":"","overlay-gradient":""},"tablet":{"background-color":"","background-image":"","background-repeat":"repeat","background-position":"center center","background-size":"auto","background-attachment":"scroll","background-type":"","background-media":"","overlay-type":"","overlay-color":"","overlay-opacity":"","overlay-gradient":""},"mobile":{"background-color":"","background-image":"","background-repeat":"repeat","background-position":"center center","background-size":"auto","background-attachment":"scroll","background-type":"","background-media":"","overlay-type":"","overlay-color":"","overlay-opacity":"","overlay-gradient":""}},"ast-content-background-meta":{"desktop":{"background-color":"var(--ast-global-color-4)","background-image":"","background-repeat":"repeat","background-position":"center center","background-size":"auto","background-attachment":"scroll","background-type":"","background-media":"","overlay-type":"","overlay-color":"","overlay-opacity":"","overlay-gradient":""},"tablet":{"background-color":"var(--ast-global-color-4)","background-image":"","background-repeat":"repeat","background-position":"center center","background-size":"auto","background-attachment":"scroll","background-type":"","background-media":"","overlay-type":"","overlay-color":"","overlay-opacity":"","overlay-gradient":""},"mobile":{"background-color":"var(--ast-global-color-4)","background-image":"","background-repeat":"repeat","background-position":"center center","background-size":"auto","background-attachment":"scroll","background-type":"","background-media":"","overlay-type":"","overlay-color":"","overlay-opacity":"","overlay-gradient":""}},"iawp_total_views":54,"footnotes":""},"class_list":["post-10749","page","type-page","status-publish","hentry"],"_links":{"self":[{"href":"https:\/\/histoire-en-citations.fr\/WP\/wp-json\/wp\/v2\/pages\/10749","targetHints":{"allow":["GET"]}}],"collection":[{"href":"https:\/\/histoire-en-citations.fr\/WP\/wp-json\/wp\/v2\/pages"}],"about":[{"href":"https:\/\/histoire-en-citations.fr\/WP\/wp-json\/wp\/v2\/types\/page"}],"author":[{"embeddable":true,"href":"https:\/\/histoire-en-citations.fr\/WP\/wp-json\/wp\/v2\/users\/1"}],"replies":[{"embeddable":true,"href":"https:\/\/histoire-en-citations.fr\/WP\/wp-json\/wp\/v2\/comments?post=10749"}],"version-history":[{"count":4,"href":"https:\/\/histoire-en-citations.fr\/WP\/wp-json\/wp\/v2\/pages\/10749\/revisions"}],"predecessor-version":[{"id":13590,"href":"https:\/\/histoire-en-citations.fr\/WP\/wp-json\/wp\/v2\/pages\/10749\/revisions\/13590"}],"wp:attachment":[{"href":"https:\/\/histoire-en-citations.fr\/WP\/wp-json\/wp\/v2\/media?parent=10749"}],"curies":[{"name":"wp","href":"https:\/\/api.w.org\/{rel}","templated":true}]}}