{"id":10767,"date":"2025-09-22T07:33:56","date_gmt":"2025-09-22T05:33:56","guid":{"rendered":"https:\/\/histoire-en-citations.fr\/WP\/pere\/"},"modified":"2025-09-22T07:33:56","modified_gmt":"2025-09-22T05:33:56","slug":"pere","status":"publish","type":"page","link":"https:\/\/histoire-en-citations.fr\/WP\/pere\/","title":{"rendered":"p\u00e8re"},"content":{"rendered":"<div class=\"content\">\n<div class=\"view view-index-taxo view-id-index_taxo view-display-id-page view-dom-id-5b162afc02800052df83beb9c6fdfb28\">\n<div class=\"view-header\">\n<p class=\"presentation\">Mot \u00e0 double face, comme la m\u00e8re. P\u00e8re naturel\u00a0: sous l\u2019Ancien R\u00e9gime et la monarchie h\u00e9r\u00e9ditaire, son importance est capitale, m\u00eame si la filiation est parfois douteuse et la succession probl\u00e9matique \u2013 de m\u00eame sous l\u2019Empire. P\u00e8re all\u00e9gorique, p\u00e8re du peuple ou de la patrie, trait\u00e9 avec respect ou menac\u00e9, chansonn\u00e9, voire sacrifi\u00e9 sous la R\u00e9volution \u2013 Louis\u00a0<span class=\"caps\">XVI<\/span>.<\/p>\n<p class=\"idxinfo\">Cliquez sur une citation pour la consulter dans son contexte historique.<a class=\"retour\" href=\"https:\/\/histoire-en-citations.fr\/WP\/indexation\/\">Retour \u00e0 l\u2019index<\/a><\/p>\n<p> Affichage de 1 \u2013 14 sur 14.    <\/p><\/div>\n<div class=\"view-content\">\n<div class=\"views-row views-row-1 views-row-odd views-row-first\">\n<div class=\"views-field views-field-field-index-collection\">\n<div class=\"field-content\">\n<div class=\"field-collection-view clearfix view-mode-full field-collection-view-final\">\n<div class=\"entity entity-field-collection-item field-collection-item-field-index-collection clearfix\">\n<div class=\"content\">\n<blockquote>\n<p class=\"citation-small\"><a href=\"https:\/\/histoire-en-citations.fr\/WP\/hugues-de-launoy-je-promets-a-dieu-que-cette-paix-sera-entretenue-de-ma-partie-et-que-jamais-ne-lenfreindrai#361\">\u00ab\u00a0Mon tr\u00e8s redout\u00e9 seigneur, je me recommande \u00e0 votre bonne gr\u00e2ce tant et si tr\u00e8s humblement que je puis [\u2026] \u00bb<\/a><\/p>\n<p class=\"auteur\"><span class=\"author\"><span class=\"surname\">Dauphin <\/span><span class=\"name\">LOUIS<\/span>, <span class=\"aka\">futur LOUIS\u00a0XI<\/span><\/span> (1423-1483), Lettre \u00e0 son p\u00e8re le roi Charles\u00a0VII, octobre\u00a01452<\/p>\n\n<\/blockquote><\/div>\n<\/div>\n<\/div>\n<\/div><\/div>\n<\/div>\n<div class=\"views-row views-row-2 views-row-even\">\n<div class=\"views-field views-field-field-index-collection\">\n<div class=\"field-content\">\n<div class=\"field-collection-view clearfix view-mode-full field-collection-view-final\">\n<div class=\"entity entity-field-collection-item field-collection-item-field-index-collection clearfix\">\n<div class=\"content\">\n<blockquote>\n<p class=\"citation-small\"><a href=\"https:\/\/histoire-en-citations.fr\/WP\/haro-sur-limpot-une-tragedie-historique-jusqua-la-revolution#372\">\u00ab\u00a0Le royaume est paisible et tranquille au point que les marchandises peuvent librement circuler [\u2026] Les imp\u00f4ts sont lourds\u00a0? Je ne les emploie que pour le bien et honneur du royaume et les diminuerai d\u00e8s que je le pourrai. N\u2019y ai-je pas le plus grand int\u00e9r\u00eat, puisque je suis le chef et le p\u00e8re de la chose publique\u00a0!\u00a0\u00bb<\/a><\/p>\n<p class=\"auteur\"><span class=\"author\"><span class=\"name\">LOUIS XI<\/span><\/span> (1423-1483), 10 mars\u00a01465<\/p>\n\n<\/blockquote><\/div>\n<\/div>\n<\/div>\n<\/div><\/div>\n<\/div>\n<div class=\"views-row views-row-3 views-row-odd\">\n<div class=\"views-field views-field-field-index-collection\">\n<div class=\"field-content\">\n<div class=\"field-collection-view clearfix view-mode-full field-collection-view-final\">\n<div class=\"entity entity-field-collection-item field-collection-item-field-index-collection clearfix\">\n<div class=\"content\">\n<blockquote>\n<p class=\"citation-small\"><a href=\"https:\/\/histoire-en-citations.fr\/WP\/qui-a-dit-quoi-de-qui-renaissance-naissance-de-la-monarchie-absolue#496\">\u00ab\u00a0Dieu qui avait frapp\u00e9 le p\u00e8re \u00e0 l\u2019\u0153il a frapp\u00e9 le fils \u00e0 l\u2019oreille.\u00a0\u00bb<\/a><\/p>\n<p class=\"auteur\"><span class=\"author\"><span class=\"surname\">Jean <\/span><span class=\"name\">CALVIN<\/span><\/span> (1509-1564)<\/p>\n\n<\/blockquote><\/div>\n<\/div>\n<\/div>\n<\/div><\/div>\n<\/div>\n<div class=\"views-row views-row-4 views-row-even\">\n<div class=\"views-field views-field-field-index-collection\">\n<div class=\"field-content\">\n<div class=\"field-collection-view clearfix view-mode-full field-collection-view-final\">\n<div class=\"entity entity-field-collection-item field-collection-item-field-index-collection clearfix\">\n<div class=\"content\">\n<blockquote>\n<p class=\"citation-small\"><a href=\"https:\/\/histoire-en-citations.fr\/WP\/un-tour-de-france-historique-et-inedit-de-la-gaule-au-xvie-siecle#503\">\u00ab\u00a0De l\u00e0 vient le discord sous lequel nous vivons,De l\u00e0 vient que le fils fait la guerre \u00e0 son p\u00e8re,La femme \u00e0 son mari, et le fr\u00e8re \u00e0 son fr\u00e8re.\u00a0\u00bb<\/a><\/p>\n<p class=\"auteur\"><span class=\"author\"><span class=\"surname\">Pierre de <\/span><span class=\"name\">RONSARD<\/span><\/span> (1524-1585), <cite>Discours des mis\u00e8res de ce temps, Remontrance au peuple de France<\/cite> (1562)<\/p>\n\n<\/blockquote><\/div>\n<\/div>\n<\/div>\n<\/div><\/div>\n<\/div>\n<div class=\"views-row views-row-5 views-row-odd\">\n<div class=\"views-field views-field-field-index-collection\">\n<div class=\"field-content\">\n<div class=\"field-collection-view clearfix view-mode-full field-collection-view-final\">\n<div class=\"entity entity-field-collection-item field-collection-item-field-index-collection clearfix\">\n<div class=\"content\">\n<blockquote>\n<p class=\"citation-small\"><a href=\"https:\/\/histoire-en-citations.fr\/WP\/qui-a-dit-quoi-de-qui-renaissance-naissance-de-la-monarchie-absolue#663\">\u00ab\u00a0Je voudrais n\u2019\u00eatre point roi et que mon fr\u00e8re le f\u00fbt plut\u00f4t\u00a0: car j\u2019ai peur qu\u2019on me tue, comme on a fait du roi mon p\u00e8re.\u00a0\u00bb<\/a><\/p>\n<p class=\"auteur\"><span class=\"author\"><span class=\"name\">LOUIS XIII<\/span><\/span> (1601-1643), le soir du 14\u00a0mai 1610<\/p>\n\n<\/blockquote><\/div>\n<\/div>\n<\/div>\n<\/div><\/div>\n<\/div>\n<div class=\"views-row views-row-6 views-row-even\">\n<div class=\"views-field views-field-field-index-collection\">\n<div class=\"field-content\">\n<div class=\"field-collection-view clearfix view-mode-full field-collection-view-final\">\n<div class=\"entity entity-field-collection-item field-collection-item-field-index-collection clearfix\">\n<div class=\"content\">\n<blockquote>\n<p class=\"citation-small\"><a href=\"https:\/\/histoire-en-citations.fr\/WP\/portrait-de-louis-xiv-en-citations#739\">\u00ab\u00a0Comment vous appelez-vous \u00e0 pr\u00e9sent\u00a0?\u2014 Louis\u00a0XIV, mon papa.\u2014 Pas encore, mon fils, pas encore, mais ce sera peut-\u00eatre pour bient\u00f4t.\u00a0\u00bb<\/a><\/p>\n<p class=\"auteur\"><span class=\"author\"><span class=\"name\">LOUIS XIII<\/span><\/span> (1601-1643), au futur roi qui n\u2019a pas 5\u00a0ans, 21\u00a0avril 1643<\/p>\n\n<\/blockquote><\/div>\n<\/div>\n<\/div>\n<\/div><\/div>\n<\/div>\n<div class=\"views-row views-row-7 views-row-odd\">\n<div class=\"views-field views-field-field-index-collection\">\n<div class=\"field-content\">\n<div class=\"field-collection-view clearfix view-mode-full field-collection-view-final\">\n<div class=\"entity entity-field-collection-item field-collection-item-field-index-collection clearfix\">\n<div class=\"content\">\n<blockquote>\n<p class=\"citation-small\"><a href=\"https:\/\/histoire-en-citations.fr\/WP\/ces-etrangers-qui-firent-lhistoire-de-france-iii#1052\">\u00ab\u00a0Proposez ce qui est faisable, ne cesse-t-on de me r\u00e9p\u00e9ter. C\u2019est comme si l\u2019on me disait\u00a0: proposez de faire ce que l\u2019on fait [\u2026] P\u00e8res, m\u00e8res, ce qui est faisable est ce que vous voulez faire.\u00a0\u00bb<\/a><\/p>\n<p class=\"auteur\"><span class=\"author\"><span class=\"surname\">Jean-Jacques <\/span><span class=\"name\">ROUSSEAU<\/span><\/span> (1712-1778), <cite>L\u2019\u00c9mile ou De l\u2019\u00e9ducation<\/cite> (1762)<\/p>\n\n<\/blockquote><\/div>\n<\/div>\n<\/div>\n<\/div><\/div>\n<\/div>\n<div class=\"views-row views-row-8 views-row-even\">\n<div class=\"views-field views-field-field-index-collection\">\n<div class=\"field-content\">\n<div class=\"field-collection-view clearfix view-mode-full field-collection-view-final\">\n<div class=\"entity entity-field-collection-item field-collection-item-field-index-collection clearfix\">\n<div class=\"content\">\n<blockquote>\n<p class=\"citation-small\"><a href=\"https:\/\/histoire-en-citations.fr\/WP\/histoires-de-famille-du-siecle-de-louis-xiv-a-la-revolution#1094\">\u00ab\u00a0Le roi d\u00e9clara hier son mariage et je vous assure que l\u2019on ne peut \u00eatre plus gai ni d\u00e9sirer plus vivement l\u2019arriv\u00e9e de la princesse\u00a0; il nous a promis que dix mois apr\u00e8s son mariage, il serait p\u00e8re.\u00a0\u00bb<\/a><\/p>\n<p class=\"auteur\"><span class=\"author\"><span class=\"surname\">Mar\u00e9chal de <\/span><span class=\"name\">VILLARS<\/span><\/span> (1653-1734), 28\u00a0mai\u00a01725<\/p>\n\n<\/blockquote><\/div>\n<\/div>\n<\/div>\n<\/div><\/div>\n<\/div>\n<div class=\"views-row views-row-9 views-row-odd\">\n<div class=\"views-field views-field-field-index-collection\">\n<div class=\"field-content\">\n<div class=\"field-collection-view clearfix view-mode-full field-collection-view-final\">\n<div class=\"entity entity-field-collection-item field-collection-item-field-index-collection clearfix\">\n<div class=\"content\">\n<blockquote>\n<p class=\"citation-small\"><a href=\"https:\/\/histoire-en-citations.fr\/WP\/marat-peres-de-la-patrie-tremblez-quen-nous-refusant-le-droit-de-citoyen-en-raison-de-notre-pauvrete#1351\">\u00ab\u00a0P\u00e8res de la patrie [\u2026] tremblez qu\u2019en nous refusant le droit de citoyen en raison de notre pauvret\u00e9, nous ne le recouvrions en vous enlevant le superflu.\u00a0\u00bb<\/a><\/p>\n<p class=\"auteur\"><span class=\"author\"><span class=\"surname\">Jean-Paul <\/span><span class=\"name\">MARAT<\/span><\/span> (1743-1793)<\/p>\n\n<\/blockquote><\/div>\n<\/div>\n<\/div>\n<\/div><\/div>\n<\/div>\n<div class=\"views-row views-row-10 views-row-even\">\n<div class=\"views-field views-field-field-index-collection\">\n<div class=\"field-content\">\n<div class=\"field-collection-view clearfix view-mode-full field-collection-view-final\">\n<div class=\"entity entity-field-collection-item field-collection-item-field-index-collection clearfix\">\n<div class=\"content\">\n<blockquote>\n<p class=\"citation-small\"><a href=\"https:\/\/histoire-en-citations.fr\/WP\/lhistoire-en-chantant-la-revolution-et-le-directoire#1521\">\u00ab\u00a0De l\u2019aristocratie, \/ Marat fut la terreur, De la d\u00e9mocratie, \/ Il fut le d\u00e9fenseur. Du peuple, il fut le p\u00e8re, \/ L\u2019ami le plus ardent, Marat fut sur la terre \/ L\u2019appui de l\u2019indigent.\u00a0\u00bb<\/a><\/p>\n<p class=\"auteur\"><span class=\"author\"><span class=\"surname\">H. d\u2019<\/span><span class=\"name\">HAUSSONVILLE<\/span><\/span> (fin du XVIII<sup>e<\/sup> si\u00e8cle), citoyen de la section Luxembourg, <cite>La Mort de Marat<\/cite>, chanson, 1793<\/p>\n\n<\/blockquote><\/div>\n<\/div>\n<\/div>\n<\/div><\/div>\n<\/div>\n<div class=\"views-row views-row-11 views-row-odd\">\n<div class=\"views-field views-field-field-index-collection\">\n<div class=\"field-content\">\n<div class=\"field-collection-view clearfix view-mode-full field-collection-view-final\">\n<div class=\"entity entity-field-collection-item field-collection-item-field-index-collection clearfix\">\n<div class=\"content\">\n<blockquote>\n<p class=\"citation-small\"><a href=\"https:\/\/histoire-en-citations.fr\/WP\/histoires-de-famille-de-napoleon-au-second-empire#1798\">\u00ab\u00a0Joseph, si notre p\u00e8re nous voyait\u00a0!\u00a0\u00bb<\/a><\/p>\n<p class=\"auteur\"><span class=\"author\"><span class=\"name\">NAPOL\u00c9ON\u00a0I<sup>er<\/sup><\/span><\/span> (1769-1821), \u00e0 son fr\u00e8re le jour du Sacre, 2\u00a0d\u00e9cembre 1804<\/p>\n\n<\/blockquote><\/div>\n<\/div>\n<\/div>\n<\/div><\/div>\n<\/div>\n<div class=\"views-row views-row-12 views-row-even\">\n<div class=\"views-field views-field-field-index-collection\">\n<div class=\"field-content\">\n<div class=\"field-collection-view clearfix view-mode-full field-collection-view-final\">\n<div class=\"entity entity-field-collection-item field-collection-item-field-index-collection clearfix\">\n<div class=\"content\">\n<blockquote>\n<p class=\"citation-small\"><a href=\"https:\/\/histoire-en-citations.fr\/WP\/qui-a-dit-quoi-de-qui-directoire-consulat-et-premier-empire#1816\">\u00ab\u00a0\u00c0 tout peuple conquis, il faut une r\u00e9volte, et je regarderai une r\u00e9volte \u00e0 Naples comme un p\u00e8re de famille voit une petite v\u00e9role \u00e0 ses enfants, pourvu qu\u2019elle n\u2019affaiblisse pas trop le malade.\u00a0\u00bb<\/a><\/p>\n<p class=\"auteur\"><span class=\"author\"><span class=\"name\">NAPOL\u00c9ON\u00a0I<sup>er<\/sup><\/span><\/span> (1769-1821), Lettre \u00e0 Joseph, roi de Naples, 17\u00a0ao\u00fbt 1806<\/p>\n\n<\/blockquote><\/div>\n<\/div>\n<\/div>\n<\/div><\/div>\n<\/div>\n<div class=\"views-row views-row-13 views-row-odd\">\n<div class=\"views-field views-field-field-index-collection\">\n<div class=\"field-content\">\n<div class=\"field-collection-view clearfix view-mode-full field-collection-view-final\">\n<div class=\"entity entity-field-collection-item field-collection-item-field-index-collection clearfix\">\n<div class=\"content\">\n<blockquote>\n<p class=\"citation-small\"><a href=\"https:\/\/histoire-en-citations.fr\/WP\/paroles-de-papes-breve-histoire-de-la-religion-en-france-du-siecle-de-louis-xiv-a-nos-jours#1856\">\u00ab\u00a0Messieurs, vous voulez me traiter comme si j\u2019\u00e9tais Louis le D\u00e9bonnaire. Ne confondez pas le fils avec le p\u00e8re [\u2026] Moi, je suis Charlemagne.\u00a0\u00bb<\/a><\/p>\n<p class=\"auteur\"><span class=\"author\"><span class=\"name\">NAPOL\u00c9ON\u00a0I<sup>er<\/sup><\/span><\/span> (1769-1821), aux P\u00e8res conciliaires, 17\u00a0juin\u00a01811<\/p>\n\n<\/blockquote><\/div>\n<\/div>\n<\/div>\n<\/div><\/div>\n<\/div>\n<div class=\"views-row views-row-14 views-row-even views-row-last\">\n<div class=\"views-field views-field-field-index-collection\">\n<div class=\"field-content\">\n<div class=\"field-collection-view clearfix view-mode-full field-collection-view-final\">\n<div class=\"entity entity-field-collection-item field-collection-item-field-index-collection clearfix\">\n<div class=\"content\">\n<blockquote>\n<p class=\"citation-small\"><a href=\"https:\/\/histoire-en-citations.fr\/WP\/qui-a-dit-quoi-de-qui-restauration-et-monarchie-de-juillet#2007\">\u00ab\u00a0C\u2019est la le\u00e7on d\u2019un p\u00e8re qui laisse toujours percer sa sollicitude \u00e0 travers sa s\u00e9v\u00e9rit\u00e9 ou pour mieux dire sa pr\u00e9voyance.\u00a0\u00bb<\/a><\/p>\n<p class=\"auteur\"><cite>Le Moniteur<\/cite>, 24\u00a0juin 1827<\/p>\n\n<\/blockquote><\/div>\n<\/div>\n<\/div>\n<\/div><\/div>\n<\/div>\n<\/div>\n<\/div>\n<\/div>\n<style>\r\n        a .cit-num {\r\n            text-decoration: none !important;\r\n            color: inherit !important;\r\n        }\r\n    <\/style>","protected":false},"excerpt":{"rendered":"<p>Mot \u00e0 double face, comme la m\u00e8re. P\u00e8re naturel\u00a0: sous l\u2019Ancien R\u00e9gime et la monarchie h\u00e9r\u00e9ditaire, son importance est capitale, m\u00eame si la filiation est parfois douteuse et la succession probl\u00e9matique &#8211; de m\u00eame sous l\u2019Empire. P\u00e8re all\u00e9gorique, p\u00e8re du peuple ou de la patrie, trait\u00e9 avec respect ou menac\u00e9, chansonn\u00e9, voire sacrifi\u00e9 sous la [&#8230;]<\/p>\n","protected":false},"author":1,"featured_media":0,"parent":0,"menu_order":0,"comment_status":"closed","ping_status":"closed","template":"","meta":{"site-sidebar-layout":"default","site-content-layout":"","ast-site-content-layout":"default","site-content-style":"default","site-sidebar-style":"default","ast-global-header-display":"","ast-banner-title-visibility":"","ast-main-header-display":"","ast-hfb-above-header-display":"","ast-hfb-below-header-display":"","ast-hfb-mobile-header-display":"","site-post-title":"","ast-breadcrumbs-content":"","ast-featured-img":"","footer-sml-layout":"","theme-transparent-header-meta":"","adv-header-id-meta":"","stick-header-meta":"","header-above-stick-meta":"","header-main-stick-meta":"","header-below-stick-meta":"","astra-migrate-meta-layouts":"default","ast-page-background-enabled":"default","ast-page-background-meta":{"desktop":{"background-color":"var(--ast-global-color-5)","background-image":"","background-repeat":"repeat","background-position":"center center","background-size":"auto","background-attachment":"scroll","background-type":"","background-media":"","overlay-type":"","overlay-color":"","overlay-opacity":"","overlay-gradient":""},"tablet":{"background-color":"","background-image":"","background-repeat":"repeat","background-position":"center center","background-size":"auto","background-attachment":"scroll","background-type":"","background-media":"","overlay-type":"","overlay-color":"","overlay-opacity":"","overlay-gradient":""},"mobile":{"background-color":"","background-image":"","background-repeat":"repeat","background-position":"center center","background-size":"auto","background-attachment":"scroll","background-type":"","background-media":"","overlay-type":"","overlay-color":"","overlay-opacity":"","overlay-gradient":""}},"ast-content-background-meta":{"desktop":{"background-color":"var(--ast-global-color-4)","background-image":"","background-repeat":"repeat","background-position":"center center","background-size":"auto","background-attachment":"scroll","background-type":"","background-media":"","overlay-type":"","overlay-color":"","overlay-opacity":"","overlay-gradient":""},"tablet":{"background-color":"var(--ast-global-color-4)","background-image":"","background-repeat":"repeat","background-position":"center center","background-size":"auto","background-attachment":"scroll","background-type":"","background-media":"","overlay-type":"","overlay-color":"","overlay-opacity":"","overlay-gradient":""},"mobile":{"background-color":"var(--ast-global-color-4)","background-image":"","background-repeat":"repeat","background-position":"center center","background-size":"auto","background-attachment":"scroll","background-type":"","background-media":"","overlay-type":"","overlay-color":"","overlay-opacity":"","overlay-gradient":""}},"iawp_total_views":1,"footnotes":""},"class_list":["post-10767","page","type-page","status-publish","hentry"],"_links":{"self":[{"href":"https:\/\/histoire-en-citations.fr\/WP\/wp-json\/wp\/v2\/pages\/10767","targetHints":{"allow":["GET"]}}],"collection":[{"href":"https:\/\/histoire-en-citations.fr\/WP\/wp-json\/wp\/v2\/pages"}],"about":[{"href":"https:\/\/histoire-en-citations.fr\/WP\/wp-json\/wp\/v2\/types\/page"}],"author":[{"embeddable":true,"href":"https:\/\/histoire-en-citations.fr\/WP\/wp-json\/wp\/v2\/users\/1"}],"replies":[{"embeddable":true,"href":"https:\/\/histoire-en-citations.fr\/WP\/wp-json\/wp\/v2\/comments?post=10767"}],"version-history":[{"count":4,"href":"https:\/\/histoire-en-citations.fr\/WP\/wp-json\/wp\/v2\/pages\/10767\/revisions"}],"predecessor-version":[{"id":13599,"href":"https:\/\/histoire-en-citations.fr\/WP\/wp-json\/wp\/v2\/pages\/10767\/revisions\/13599"}],"wp:attachment":[{"href":"https:\/\/histoire-en-citations.fr\/WP\/wp-json\/wp\/v2\/media?parent=10767"}],"curies":[{"name":"wp","href":"https:\/\/api.w.org\/{rel}","templated":true}]}}