{"id":10807,"date":"2025-09-22T07:33:12","date_gmt":"2025-09-22T05:33:12","guid":{"rendered":"https:\/\/histoire-en-citations.fr\/WP\/russie\/"},"modified":"2025-09-22T07:33:12","modified_gmt":"2025-09-22T05:33:12","slug":"russie","status":"publish","type":"page","link":"https:\/\/histoire-en-citations.fr\/WP\/russie\/","title":{"rendered":"Russie"},"content":{"rendered":"<div class=\"content\">\n<div class=\"view view-index-taxo view-id-index_taxo view-display-id-page view-dom-id-584cf18a108d5b7c388f4b5797f27317\">\n<div class=\"view-header\">\n<p class=\"presentation\">L\u2019Europe des Lumi\u00e8res entre en relation pas toujours simple avec ses despotes \u00e9clair\u00e9s (Pierre le Grand, Catherine\u00a0<span class=\"caps\">II<\/span>). Napol\u00e9on pousse trop loin son r\u00eave de Grand Empire et sa campagne de Russie marque le \u201c\u00a0commencement de la fin\u00a0\u201d. Devenue sovi\u00e9tique apr\u00e8s sa r\u00e9volution de 1917, la Russie communiste fascine notre <span class=\"caps\">PC<\/span> et les intellectuels de gauche. Qu\u2019en reste-t-il\u00a0?<\/p>\n<p class=\"idxinfo\">Cliquez sur une citation pour la consulter dans son contexte historique.<a class=\"retour\" href=\"https:\/\/histoire-en-citations.fr\/WP\/indexation\/\">Retour \u00e0 l\u2019index<\/a><\/p>\n<p> Affichage de 1 \u2013 11 sur 11.    <\/p><\/div>\n<div class=\"view-content\">\n<div class=\"views-row views-row-1 views-row-odd views-row-first\">\n<div class=\"views-field views-field-field-index-collection\">\n<div class=\"field-content\">\n<div class=\"field-collection-view clearfix view-mode-full field-collection-view-final\">\n<div class=\"entity entity-field-collection-item field-collection-item-field-index-collection clearfix\">\n<div class=\"content\">\n<blockquote>\n<p class=\"citation-small\"><a href=\"https:\/\/histoire-en-citations.fr\/WP\/la-guerre-histoire-en-citations-dune-tragedie-seculaire-et-quotidienne-napoleon#1803\">\u00ab\u00a0Cet homme est insatiable, son ambition ne conna\u00eet pas de bornes\u00a0; il est un fl\u00e9au pour le monde\u00a0; il veut la guerre, il l\u2019aura, et le plus t\u00f4t sera le mieux\u00a0!\u00a0\u00bb<\/a><\/p>\n<p class=\"auteur\"><span class=\"author\"><span class=\"name\">ALEXANDRE\u00a0I<sup>er<\/sup><\/span><\/span> (1777-1825), fin mai\u00a01805<\/p>\n\n<\/blockquote><\/div>\n<\/div>\n<\/div>\n<\/div><\/div>\n<\/div>\n<div class=\"views-row views-row-2 views-row-even\">\n<div class=\"views-field views-field-field-index-collection\">\n<div class=\"field-content\">\n<div class=\"field-collection-view clearfix view-mode-full field-collection-view-final\">\n<div class=\"entity entity-field-collection-item field-collection-item-field-index-collection clearfix\">\n<div class=\"content\">\n<blockquote>\n<p class=\"citation-small\"><a href=\"https:\/\/histoire-en-citations.fr\/WP\/napoleon-super-star-de-lhistoire-3e-episode-lempereur-absolu-pour-le-meilleur-et-pour-le-pire#1827\">\u00ab\u00a0Sire, je hais les Anglais autant que vous. \u2014 En ce cas, la paix est faite.\u00a0\u00bb<\/a><\/p>\n<p class=\"auteur\"><span class=\"author\"><span class=\"name\">NAPOL\u00c9ON\u00a0I<sup>er<\/sup><\/span><\/span> (1769-1821), \u00e0 <span class=\"author\"><span class=\"name\">ALEXANDRE\u00a0I<sup>er<\/sup><\/span><\/span>\u00a0(1777-1825), tsar de Russie, Tilsit, 25\u00a0juin 1807<\/p>\n\n<\/blockquote><\/div>\n<\/div>\n<\/div>\n<\/div><\/div>\n<\/div>\n<div class=\"views-row views-row-3 views-row-odd\">\n<div class=\"views-field views-field-field-index-collection\">\n<div class=\"field-content\">\n<div class=\"field-collection-view clearfix view-mode-full field-collection-view-final\">\n<div class=\"entity entity-field-collection-item field-collection-item-field-index-collection clearfix\">\n<div class=\"content\">\n<blockquote>\n<p class=\"citation-small\"><a href=\"https:\/\/histoire-en-citations.fr\/WP\/les-mysteres-de-lhistoire-de-louis-xiv-a-napoleon#1833\">\u00ab\u00a0Sire [\u2026] c\u2019est \u00e0 vous de sauver l\u2019Europe et vous n\u2019y parviendrez qu\u2019en tenant t\u00eate \u00e0 Napol\u00e9on. Le peuple fran\u00e7ais est civilis\u00e9, son souverain ne l\u2019est pas. Le souverain de Russie est civilis\u00e9, son peuple ne l\u2019est pas\u00a0: c\u2019est donc au souverain de Russie d\u2019\u00eatre l\u2019alli\u00e9 du peuple fran\u00e7ais.\u00a0\u00bb<\/a><\/p>\n<p class=\"auteur\"><span class=\"author\"><span class=\"name\">TALLEYRAND<\/span><\/span> (1754-1838), au tsar Alexandre\u00a0I<sup>er<\/sup> de Russie, Erfurt, 27\u00a0septembre 1808<\/p>\n\n<\/blockquote><\/div>\n<\/div>\n<\/div>\n<\/div><\/div>\n<\/div>\n<div class=\"views-row views-row-4 views-row-even\">\n<div class=\"views-field views-field-field-index-collection\">\n<div class=\"field-content\">\n<div class=\"field-collection-view clearfix view-mode-full field-collection-view-final\">\n<div class=\"entity entity-field-collection-item field-collection-item-field-index-collection clearfix\">\n<div class=\"content\">\n<blockquote>\n<p class=\"citation-small\"><a href=\"https:\/\/histoire-en-citations.fr\/WP\/la-guerre-histoire-en-citations-dune-tragedie-seculaire-et-quotidienne-napoleon#1862\">\u00ab\u00a0Napol\u00e9on est comme un torrent. Moscou sera l\u2019\u00e9ponge qui l\u2019absorbera.\u00a0\u00bb<\/a><\/p>\n<p class=\"auteur\"><span class=\"author\"><span class=\"surname\">Feld-mar\u00e9chal <\/span><span class=\"name\">KOUTOUZOV<\/span><\/span> (1745-1813), exposant son coup de poker militaire \u00e0 son \u00e9tat-major, d\u00e9but septembre\u00a01812<\/p>\n\n<\/blockquote><\/div>\n<\/div>\n<\/div>\n<\/div><\/div>\n<\/div>\n<div class=\"views-row views-row-5 views-row-odd\">\n<div class=\"views-field views-field-field-index-collection\">\n<div class=\"field-content\">\n<div class=\"field-collection-view clearfix view-mode-full field-collection-view-final\">\n<div class=\"entity entity-field-collection-item field-collection-item-field-index-collection clearfix\">\n<div class=\"content\">\n<blockquote>\n<p class=\"citation-small\"><a href=\"https:\/\/histoire-en-citations.fr\/WP\/la-guerre-histoire-en-citations-dune-tragedie-seculaire-et-quotidienne-napoleon#1867\">\u00ab\u00a0Il \u00e9tait un p\u2019tit homme \/ Qu\u2019on appelait le grand [\u2026]Courant \u00e0 perdre haleine, \/ Croyant prendre Moscou, \/ Ce grand fou\u00a0!Mais ce grand capitaine \/ N\u2019y a vu, saberg\u00e9, que du feu\u00a0!\u00a0\u00bb<\/a><\/p>\n<p class=\"auteur\"><cite>La Campagne de Russie<\/cite> (automne 1812), chanson<\/p>\n\n<\/blockquote><\/div>\n<\/div>\n<\/div>\n<\/div><\/div>\n<\/div>\n<div class=\"views-row views-row-6 views-row-even\">\n<div class=\"views-field views-field-field-index-collection\">\n<div class=\"field-content\">\n<div class=\"field-collection-view clearfix view-mode-full field-collection-view-final\">\n<div class=\"entity entity-field-collection-item field-collection-item-field-index-collection clearfix\">\n<div class=\"content\">\n<blockquote>\n<p class=\"citation-small\"><a href=\"https:\/\/histoire-en-citations.fr\/WP\/lhistoire-en-caricatures-napoleon#1869\">\u00ab\u00a0Voil\u00e0 le commencement de la fin.\u00a0\u00bb<\/a><\/p>\n<p class=\"auteur\"><span class=\"author\"><span class=\"name\">TALLEYRAND<\/span><\/span> (1754-1838), \u00e0 l\u2019annonce du d\u00e9sastre de la retraite de Russie, d\u00e9cembre\u00a01812<\/p>\n\n<\/blockquote><\/div>\n<\/div>\n<\/div>\n<\/div><\/div>\n<\/div>\n<div class=\"views-row views-row-7 views-row-odd\">\n<div class=\"views-field views-field-field-index-collection\">\n<div class=\"field-content\">\n<div class=\"field-collection-view clearfix view-mode-full field-collection-view-final\">\n<div class=\"entity entity-field-collection-item field-collection-item-field-index-collection clearfix\">\n<div class=\"content\">\n<blockquote>\n<p class=\"citation-small\"><a href=\"https:\/\/histoire-en-citations.fr\/WP\/lhistoire-en-caricatures-napoleon#1870\">\u00ab\u00a0Fuss\u00e9-je mort \u00e0 Moscou, ma renomm\u00e9e serait celle du plus grand conqu\u00e9rant qu\u2019on ait connu. Mais les sourires de la Fortune \u00e9taient \u00e0 leur fin.\u00a0\u00bb<\/a><\/p>\n<p class=\"auteur\"><span class=\"author\"><span class=\"name\">NAPOL\u00c9ON\u00a0I<sup>er<\/sup><\/span><\/span> (1769-1821)<\/p>\n\n<\/blockquote><\/div>\n<\/div>\n<\/div>\n<\/div><\/div>\n<\/div>\n<div class=\"views-row views-row-8 views-row-even\">\n<div class=\"views-field views-field-field-index-collection\">\n<div class=\"field-content\">\n<div class=\"field-collection-view clearfix view-mode-full field-collection-view-final\">\n<div class=\"entity entity-field-collection-item field-collection-item-field-index-collection clearfix\">\n<div class=\"content\">\n<blockquote>\n<p class=\"citation-small\"><a href=\"https:\/\/histoire-en-citations.fr\/WP\/lhistoire-en-caricatures-napoleon#1871\">\u00ab\u00a0Du sublime au ridicule, il n\u2019y a qu\u2019un pas.\u00a0\u00bb<\/a><\/p>\n<p class=\"auteur\"><span class=\"author\"><span class=\"name\">NAPOL\u00c9ON\u00a0I<sup>er<\/sup><\/span><\/span> (1769-1821), \u00e0 son ambassadeur \u00e0 Varsovie, Monseigneur de Pradt, 5\u00a0d\u00e9cembre\u00a01812<\/p>\n\n<\/blockquote><\/div>\n<\/div>\n<\/div>\n<\/div><\/div>\n<\/div>\n<div class=\"views-row views-row-9 views-row-odd\">\n<div class=\"views-field views-field-field-index-collection\">\n<div class=\"field-content\">\n<div class=\"field-collection-view clearfix view-mode-full field-collection-view-final\">\n<div class=\"entity entity-field-collection-item field-collection-item-field-index-collection clearfix\">\n<div class=\"content\">\n<blockquote>\n<p class=\"citation-small\"><a href=\"https:\/\/histoire-en-citations.fr\/WP\/lhistoire-en-caricatures-napoleon#1873\">\u00ab\u00a0La fortune m\u2019a \u00e9bloui.\u00a0\u00bb<\/a><\/p>\n<p class=\"auteur\"><span class=\"author\"><span class=\"name\">NAPOL\u00c9ON\u00a0I<sup>er<\/sup><\/span><\/span> (1769-1821), \u00e0 ses ministres, 19\u00a0d\u00e9cembre 1812<\/p>\n\n<\/blockquote><\/div>\n<\/div>\n<\/div>\n<\/div><\/div>\n<\/div>\n<div class=\"views-row views-row-10 views-row-even\">\n<div class=\"views-field views-field-field-index-collection\">\n<div class=\"field-content\">\n<div class=\"field-collection-view clearfix view-mode-full field-collection-view-final\">\n<div class=\"entity entity-field-collection-item field-collection-item-field-index-collection clearfix\">\n<div class=\"content\">\n<blockquote>\n<p class=\"citation-small\"><a href=\"https:\/\/histoire-en-citations.fr\/WP\/portrait-de-louis-xviii-en-citations#1922\">\u00ab\u00a0Maintenant, Sire, la coalition est dissoute et elle l\u2019est pour toujours. La France n\u2019est plus isol\u00e9e en Europe.\u00a0\u00bb<\/a><\/p>\n<p class=\"auteur\"><span class=\"author\"><span class=\"name\">TALLEYRAND<\/span><\/span> (1754-1838), Lettre \u00e0 Louis XVIII, 4\u00a0janvier 1815<\/p>\n\n<\/blockquote><\/div>\n<\/div>\n<\/div>\n<\/div><\/div>\n<\/div>\n<div class=\"views-row views-row-11 views-row-odd views-row-last\">\n<div class=\"views-field views-field-field-index-collection\">\n<div class=\"field-content\">\n<div class=\"field-collection-view clearfix view-mode-full field-collection-view-final\">\n<div class=\"entity entity-field-collection-item field-collection-item-field-index-collection clearfix\">\n<div class=\"content\">\n<blockquote>\n<p class=\"citation-small\"><a href=\"https:\/\/histoire-en-citations.fr\/WP\/recit-ou-roman-national-une-confusion-inadmissible#2502\">\u00ab\u00a0Un \u00e9difice fond\u00e9 sur des si\u00e8cles d\u2019histoire ne se d\u00e9truit pas avec quelques kilos d\u2019explosifs.\u00a0\u00bb<\/a><\/p>\n<p class=\"auteur\"><span class=\"author\"><span class=\"surname\">Prince <\/span><span class=\"name\">KROPOTKINE<\/span><\/span> (1842-1921), R\u00e9ponse aux militants anarchistes inquiets de la faible port\u00e9e des actes terroristes<\/p>\n\n<\/blockquote><\/div>\n<\/div>\n<\/div>\n<\/div><\/div>\n<\/div>\n<\/div>\n<\/div>\n<\/div>\n<style>\r\n        a .cit-num {\r\n            text-decoration: none !important;\r\n            color: inherit !important;\r\n        }\r\n    <\/style>","protected":false},"excerpt":{"rendered":"<p>L\u2019Europe des Lumi\u00e8res entre en relation pas toujours simple avec ses despotes \u00e9clair\u00e9s (Pierre le Grand, Catherine\u00a0II). Napol\u00e9on pousse trop loin son r\u00eave de Grand Empire et sa campagne de Russie marque le \u201c\u00a0commencement de la fin\u00a0\u201d. Devenue sovi\u00e9tique apr\u00e8s sa r\u00e9volution de 1917, la Russie communiste fascine notre PC et les intellectuels de gauche. [&#8230;]<\/p>\n","protected":false},"author":1,"featured_media":0,"parent":0,"menu_order":0,"comment_status":"closed","ping_status":"closed","template":"","meta":{"site-sidebar-layout":"default","site-content-layout":"","ast-site-content-layout":"default","site-content-style":"default","site-sidebar-style":"default","ast-global-header-display":"","ast-banner-title-visibility":"","ast-main-header-display":"","ast-hfb-above-header-display":"","ast-hfb-below-header-display":"","ast-hfb-mobile-header-display":"","site-post-title":"","ast-breadcrumbs-content":"","ast-featured-img":"","footer-sml-layout":"","theme-transparent-header-meta":"","adv-header-id-meta":"","stick-header-meta":"","header-above-stick-meta":"","header-main-stick-meta":"","header-below-stick-meta":"","astra-migrate-meta-layouts":"default","ast-page-background-enabled":"default","ast-page-background-meta":{"desktop":{"background-color":"var(--ast-global-color-5)","background-image":"","background-repeat":"repeat","background-position":"center center","background-size":"auto","background-attachment":"scroll","background-type":"","background-media":"","overlay-type":"","overlay-color":"","overlay-opacity":"","overlay-gradient":""},"tablet":{"background-color":"","background-image":"","background-repeat":"repeat","background-position":"center center","background-size":"auto","background-attachment":"scroll","background-type":"","background-media":"","overlay-type":"","overlay-color":"","overlay-opacity":"","overlay-gradient":""},"mobile":{"background-color":"","background-image":"","background-repeat":"repeat","background-position":"center center","background-size":"auto","background-attachment":"scroll","background-type":"","background-media":"","overlay-type":"","overlay-color":"","overlay-opacity":"","overlay-gradient":""}},"ast-content-background-meta":{"desktop":{"background-color":"var(--ast-global-color-4)","background-image":"","background-repeat":"repeat","background-position":"center center","background-size":"auto","background-attachment":"scroll","background-type":"","background-media":"","overlay-type":"","overlay-color":"","overlay-opacity":"","overlay-gradient":""},"tablet":{"background-color":"var(--ast-global-color-4)","background-image":"","background-repeat":"repeat","background-position":"center center","background-size":"auto","background-attachment":"scroll","background-type":"","background-media":"","overlay-type":"","overlay-color":"","overlay-opacity":"","overlay-gradient":""},"mobile":{"background-color":"var(--ast-global-color-4)","background-image":"","background-repeat":"repeat","background-position":"center center","background-size":"auto","background-attachment":"scroll","background-type":"","background-media":"","overlay-type":"","overlay-color":"","overlay-opacity":"","overlay-gradient":""}},"iawp_total_views":19,"footnotes":""},"class_list":["post-10807","page","type-page","status-publish","hentry"],"_links":{"self":[{"href":"https:\/\/histoire-en-citations.fr\/WP\/wp-json\/wp\/v2\/pages\/10807","targetHints":{"allow":["GET"]}}],"collection":[{"href":"https:\/\/histoire-en-citations.fr\/WP\/wp-json\/wp\/v2\/pages"}],"about":[{"href":"https:\/\/histoire-en-citations.fr\/WP\/wp-json\/wp\/v2\/types\/page"}],"author":[{"embeddable":true,"href":"https:\/\/histoire-en-citations.fr\/WP\/wp-json\/wp\/v2\/users\/1"}],"replies":[{"embeddable":true,"href":"https:\/\/histoire-en-citations.fr\/WP\/wp-json\/wp\/v2\/comments?post=10807"}],"version-history":[{"count":3,"href":"https:\/\/histoire-en-citations.fr\/WP\/wp-json\/wp\/v2\/pages\/10807\/revisions"}],"predecessor-version":[{"id":13618,"href":"https:\/\/histoire-en-citations.fr\/WP\/wp-json\/wp\/v2\/pages\/10807\/revisions\/13618"}],"wp:attachment":[{"href":"https:\/\/histoire-en-citations.fr\/WP\/wp-json\/wp\/v2\/media?parent=10807"}],"curies":[{"name":"wp","href":"https:\/\/api.w.org\/{rel}","templated":true}]}}