{"id":10837,"date":"2025-09-22T07:32:30","date_gmt":"2025-09-22T05:32:30","guid":{"rendered":"https:\/\/histoire-en-citations.fr\/WP\/vote-voter\/"},"modified":"2025-09-22T07:32:30","modified_gmt":"2025-09-22T05:32:30","slug":"vote-voter","status":"publish","type":"page","link":"https:\/\/histoire-en-citations.fr\/WP\/vote-voter\/","title":{"rendered":"vote (voter)"},"content":{"rendered":"<div class=\"content\">\n<div class=\"view view-index-taxo view-id-index_taxo view-display-id-page view-dom-id-9efa4042e45e1f9c90540899c720d2db\">\n<div class=\"view-header\">\n<p class=\"presentation\">Progr\u00e8s politique majeur et cons\u00e9quence de la R\u00e9volution qui mit fin \u00e0 l\u2019Ancien R\u00e9gime. Le droit de vote permet au citoyen d\u2019exprimer son opinion, de choisir ses repr\u00e9sentants. Acquis r\u00e9publicain, manifestation la plus \u00e9vidente de la d\u00e9mocratie, c\u2019est aussi la loi qui l\u2019emporte sur la force.<\/p>\n<p class=\"idxinfo\">Cliquez sur une citation pour la consulter dans son contexte historique.<a href=\"https:\/\/histoire-en-citations.fr\/WP\/indexation\/\" class=\"retour\">Retour \u00e0 l\u2019index<\/a><\/p>\n<p> Affichage de 1 \u2013 20 sur 20.    <\/p><\/div>\n<div class=\"view-content\">\n<div class=\"views-row views-row-1 views-row-odd views-row-first\">\n<div class=\"views-field views-field-field-index-collection\">\n<div class=\"field-content\">\n<div class=\"field-collection-view clearfix view-mode-full field-collection-view-final\">\n<div class=\"entity entity-field-collection-item field-collection-item-field-index-collection clearfix\">\n<div class=\"content\">\n<blockquote>\n<p class=\"citation-small\"><a href=\"https:\/\/histoire-en-citations.fr\/WP\/recit-ou-roman-national-une-confusion-inadmissible-ii#1284\">\u00ab\u00a0Le peuple fran\u00e7ais vote la libert\u00e9 du monde.\u00a0\u00bb<\/a><\/p>\n<p class=\"auteur\"><span class=\"author\"><span class=\"surname\">Louis Antoine de <\/span><span class=\"name\">SAINT-JUST<\/span><\/span> (1767-1794), Convention, 24\u00a0avril\u00a01793<\/p>\n\n<\/blockquote><\/div>\n<\/div>\n<\/div>\n<\/div><\/div>\n<\/div>\n<div class=\"views-row views-row-2 views-row-even\">\n<div class=\"views-field views-field-field-index-collection\">\n<div class=\"field-content\">\n<div class=\"field-collection-view clearfix view-mode-full field-collection-view-final\">\n<div class=\"entity entity-field-collection-item field-collection-item-field-index-collection clearfix\">\n<div class=\"content\">\n<blockquote>\n<p class=\"citation-small\"><a href=\"https:\/\/histoire-en-citations.fr\/WP\/marat-peres-de-la-patrie-tremblez-quen-nous-refusant-le-droit-de-citoyen-en-raison-de-notre-pauvrete#1351\">\u00ab\u00a0P\u00e8res de la patrie [\u2026] tremblez qu\u2019en nous refusant le droit de citoyen en raison de notre pauvret\u00e9, nous ne le recouvrions en vous enlevant le superflu.\u00a0\u00bb<\/a><\/p>\n<p class=\"auteur\"><span class=\"author\"><span class=\"surname\">Jean-Paul <\/span><span class=\"name\">MARAT<\/span><\/span> (1743-1793)<\/p>\n\n<\/blockquote><\/div>\n<\/div>\n<\/div>\n<\/div><\/div>\n<\/div>\n<div class=\"views-row views-row-3 views-row-odd\">\n<div class=\"views-field views-field-field-index-collection\">\n<div class=\"field-content\">\n<div class=\"field-collection-view clearfix view-mode-full field-collection-view-final\">\n<div class=\"entity entity-field-collection-item field-collection-item-field-index-collection clearfix\">\n<div class=\"content\">\n<blockquote>\n<p class=\"citation-small\"><a href=\"https:\/\/histoire-en-citations.fr\/WP\/portrait-de-louis-xvi-en-citations#1473\">\u00ab\u00a0Je vote pour la mort du tyran dans les vingt-quatre heures. Il faut se h\u00e2ter de purger le sol de la patrie de ce monstre odieux.\u00a0\u00bb<\/a><\/p>\n<p class=\"auteur\"><span class=\"author\"><span class=\"surname\">Nicolas <\/span><span class=\"name\">RAFFRON de TROUILLET<\/span><\/span> (1723-1801)<\/p>\n\n<\/blockquote><\/div>\n<\/div>\n<\/div>\n<\/div><\/div>\n<\/div>\n<div class=\"views-row views-row-4 views-row-even\">\n<div class=\"views-field views-field-field-index-collection\">\n<div class=\"field-content\">\n<div class=\"field-collection-view clearfix view-mode-full field-collection-view-final\">\n<div class=\"entity entity-field-collection-item field-collection-item-field-index-collection clearfix\">\n<div class=\"content\">\n<blockquote>\n<p class=\"citation-small\"><a href=\"https:\/\/histoire-en-citations.fr\/WP\/portrait-de-louis-xvi-en-citations#1474\">\u00ab\u00a0Pour pr\u00e9server les \u00e2mes pusillanimes de l\u2019amour de la tyrannie, je vote pour la mort dans les vingt-quatre heures\u00a0!\u00a0\u00bb<\/a><\/p>\n<p class=\"auteur\"><span class=\"author\"><span class=\"surname\">Claude <\/span><span class=\"name\">JAVOGUES<\/span><\/span> (1759-1796)<\/p>\n\n<\/blockquote><\/div>\n<\/div>\n<\/div>\n<\/div><\/div>\n<\/div>\n<div class=\"views-row views-row-5 views-row-odd\">\n<div class=\"views-field views-field-field-index-collection\">\n<div class=\"field-content\">\n<div class=\"field-collection-view clearfix view-mode-full field-collection-view-final\">\n<div class=\"entity entity-field-collection-item field-collection-item-field-index-collection clearfix\">\n<div class=\"content\">\n<blockquote>\n<p class=\"citation-small\"><a href=\"https:\/\/histoire-en-citations.fr\/WP\/ces-etrangers-qui-firent-lhistoire-de-france-iii#1672\">\u00ab\u00a0En France, on ne permet qu\u2019aux \u00e9v\u00e9nements de voter.\u00a0\u00bb<\/a><\/p>\n<p class=\"auteur\"><span class=\"author\"><span class=\"surname\">Mme de <\/span><span class=\"name\">STA\u00cbL<\/span><\/span> (1766-1817), <cite>Des circonstances actuelles qui peuvent terminer la R\u00e9volution et les principes qui doivent fonder la R\u00e9publique en France<\/cite> (posthume, 1906)<\/p>\n\n<\/blockquote><\/div>\n<\/div>\n<\/div>\n<\/div><\/div>\n<\/div>\n<div class=\"views-row views-row-6 views-row-even\">\n<div class=\"views-field views-field-field-index-collection\">\n<div class=\"field-content\">\n<div class=\"field-collection-view clearfix view-mode-full field-collection-view-final\">\n<div class=\"entity entity-field-collection-item field-collection-item-field-index-collection clearfix\">\n<div class=\"content\">\n<blockquote>\n<p class=\"citation-small\"><a href=\"https:\/\/histoire-en-citations.fr\/WP\/lopinion-publique-des-francais-de-la-revolution-a-la-troisieme-republique#2140\">\u00ab\u00a0Vous avez beau ne pas vous occuper de politique, la politique s\u2019occupe de vous tout de m\u00eame.\u00a0\u00bb<\/a><\/p>\n<p class=\"auteur\"><span class=\"author\"><span class=\"surname\">Comte de <\/span><span class=\"name\">MONTALEMBERT<\/span><\/span> (1810-1870), <cite>Discours, entretiens et autres sources<\/cite><\/p>\n\n<\/blockquote><\/div>\n<\/div>\n<\/div>\n<\/div><\/div>\n<\/div>\n<div class=\"views-row views-row-7 views-row-odd\">\n<div class=\"views-field views-field-field-index-collection\">\n<div class=\"field-content\">\n<div class=\"field-collection-view clearfix view-mode-full field-collection-view-final\">\n<div class=\"entity entity-field-collection-item field-collection-item-field-index-collection clearfix\">\n<div class=\"content\">\n<blockquote>\n<p class=\"citation-small\"><a href=\"https:\/\/histoire-en-citations.fr\/WP\/citations-referentielles-le-miroir-de-lhistoire-restauration-monarchie-de-juillet-deuxieme-republique#2156\">\u00ab\u00a0D\u00e9sormais, le bulletin de vote doit remplacer le fusil.\u00a0\u00bb<\/a><\/p>\n<p class=\"auteur\"><span class=\"author\"><span class=\"surname\">M. L. <\/span><span class=\"name\">BOSREDON<\/span><\/span> (XIX<sup>e<\/sup> si\u00e8cle), l\u00e9gende de <cite>L\u2019Urne et le fusil<\/cite>, gravure illustrant le r\u00e9tablissement du suffrage universel (masculin) par d\u00e9cret du 5\u00a0mars 1848<\/p>\n\n<\/blockquote><\/div>\n<\/div>\n<\/div>\n<\/div><\/div>\n<\/div>\n<div class=\"views-row views-row-8 views-row-even\">\n<div class=\"views-field views-field-field-index-collection\">\n<div class=\"field-content\">\n<div class=\"field-collection-view clearfix view-mode-full field-collection-view-final\">\n<div class=\"entity entity-field-collection-item field-collection-item-field-index-collection clearfix\">\n<div class=\"content\">\n<blockquote>\n<p class=\"citation-small\"><a href=\"https:\/\/histoire-en-citations.fr\/WP\/lhistoire-en-caricatures-monarchie-de-juillet-et-deuxieme-republique#2162\">\u00ab\u00a0Tremblez tyrans portant culotte\u00a0! \/ Femmes, notre jour est venu\u00a0; Point de piti\u00e9, mettons en vote \/ Tous les torts du sexe barbu\u00a0! Notre patience est \u00e0 bout, \/ Debout, V\u00e9nusiennes, debout [\u2026]Libert\u00e9 sur nos fronts verse tes chauds rayons, Tremblez, tremblez, maris jaloux, \/ Respect aux cotillons\u00a0!\u00a0\u00bb<\/a><\/p>\n<p class=\"auteur\"><span class=\"author\"><span class=\"surname\">Louise de <\/span><span class=\"name\">CHAUMONT<\/span><\/span> (XIX<sup>e<\/sup> si\u00e8cle), <cite>La Marseillaise des femmes (ou Marseillaise des cotillons)<\/cite>, chanson de 1848<\/p>\n\n<\/blockquote><\/div>\n<\/div>\n<\/div>\n<\/div><\/div>\n<\/div>\n<div class=\"views-row views-row-9 views-row-odd\">\n<div class=\"views-field views-field-field-index-collection\">\n<div class=\"field-content\">\n<div class=\"field-collection-view clearfix view-mode-full field-collection-view-final\">\n<div class=\"entity entity-field-collection-item field-collection-item-field-index-collection clearfix\">\n<div class=\"content\">\n<blockquote>\n<p class=\"citation-small\"><a href=\"https:\/\/histoire-en-citations.fr\/WP\/lhistoire-en-chantant-deuxieme-republique-et-second-empire#2167\">\u00ab\u00a0Au clair de la lune, \/ Brave citoyen, \/ Thiers cherche fortune, \/ Tu le connais bien.Il est sans-culotte, \/ Il en fait l\u2019aveu. \/ Donne-lui ton vote \/ Pour l\u2019amour de Dieu.\u00a0\u00bb<\/a><\/p>\n<p class=\"auteur\"><cite>La Candidature du citoyen Thiers en 1848<\/cite>, chanson nouvelle en 9 couplets, sign\u00e9e \u00ab\u00a0Le R\u00e9v\u00e9lateur impartial\u00a0\u00bb<\/p>\n\n<\/blockquote><\/div>\n<\/div>\n<\/div>\n<\/div><\/div>\n<\/div>\n<div class=\"views-row views-row-10 views-row-even\">\n<div class=\"views-field views-field-field-index-collection\">\n<div class=\"field-content\">\n<div class=\"field-collection-view clearfix view-mode-full field-collection-view-final\">\n<div class=\"entity entity-field-collection-item field-collection-item-field-index-collection clearfix\">\n<div class=\"content\">\n<blockquote>\n<p class=\"citation-small\"><a href=\"https:\/\/histoire-en-citations.fr\/WP\/lhistoire-en-chantant-deuxieme-republique-et-second-empire#2233\">\u00ab\u00a0La R\u00e9publique \u00e0 votre vote expire \/ Devant Machin, votre unanime \u00e9lu.Soyez heureux\u00a0: vous poss\u00e9dez l\u2019Empire, \/ Soyez-en fiers, car vous l\u2019avez voulu.De ce succ\u00e8s dont votre \u00e2me s\u2019enivre \/ Peut-\u00eatre un jour vous vous mordrez les doigts\u00a0:Votre empereur, dit-on, aime bien vivre\u00a0! \/ Et vous paierez la carte, bons bourgeois\u00a0!\u00a0\u00bb<\/a><\/p>\n<p class=\"auteur\"><span class=\"author\"><span class=\"surname\">Charles <\/span><span class=\"name\">GILLE<\/span><\/span> (1820-1856), <cite>La Carte \u00e0<\/cite> payer, chanson<\/p>\n\n<\/blockquote><\/div>\n<\/div>\n<\/div>\n<\/div><\/div>\n<\/div>\n<div class=\"views-row views-row-11 views-row-odd\">\n<div class=\"views-field views-field-field-index-collection\">\n<div class=\"field-content\">\n<div class=\"field-collection-view clearfix view-mode-full field-collection-view-final\">\n<div class=\"entity entity-field-collection-item field-collection-item-field-index-collection clearfix\">\n<div class=\"content\">\n<blockquote>\n<p class=\"citation-small\"><a href=\"https:\/\/histoire-en-citations.fr\/WP\/la-guerre-histoire-en-citations-dune-tragedie-seculaire-et-quotidienne-de-la-restauration-au-second-empire#2306\">\u00ab\u00a0Ce n\u2019est pas par des discours et des votes de majorit\u00e9 que les grandes questions de notre \u00e9poque seront r\u00e9solues, mais par le fer et par le sang.\u00a0\u00bb<\/a><\/p>\n<p class=\"auteur\"><span class=\"author\"><span class=\"surname\">Otto von <\/span><span class=\"name\">BISMARCK<\/span><\/span> (1815-1898), chancelier de la Conf\u00e9d\u00e9ration d\u2019Allemagne du Nord<\/p>\n\n<\/blockquote><\/div>\n<\/div>\n<\/div>\n<\/div><\/div>\n<\/div>\n<div class=\"views-row views-row-12 views-row-even\">\n<div class=\"views-field views-field-field-index-collection\">\n<div class=\"field-content\">\n<div class=\"field-collection-view clearfix view-mode-full field-collection-view-final\">\n<div class=\"entity entity-field-collection-item field-collection-item-field-index-collection clearfix\">\n<div class=\"content\">\n<blockquote>\n<p class=\"citation-small\"><a href=\"https:\/\/histoire-en-citations.fr\/WP\/la-commune-ou-lautre-revolution#2350\">\u00ab\u00a0On ne peut faire deux choses \u00e0 la fois\u00a0: tenir un fusil d\u2019une main et un bulletin de vote de l\u2019autre.\u00a0\u00bb<\/a><\/p>\n<p class=\"auteur\"><span class=\"author\"><span class=\"surname\">G\u00e9n\u00e9ral <\/span><span class=\"name\">TROCHU<\/span><\/span> (1815-1896), janvier 1871<\/p>\n\n<\/blockquote><\/div>\n<\/div>\n<\/div>\n<\/div><\/div>\n<\/div>\n<div class=\"views-row views-row-13 views-row-odd\">\n<div class=\"views-field views-field-field-index-collection\">\n<div class=\"field-content\">\n<div class=\"field-collection-view clearfix view-mode-full field-collection-view-final\">\n<div class=\"entity entity-field-collection-item field-collection-item-field-index-collection clearfix\">\n<div class=\"content\">\n<blockquote>\n<p class=\"citation-small\"><a href=\"https:\/\/histoire-en-citations.fr\/WP\/les-attentats-et-assassinats-de-lhistoire-de-la-troisieme-republique-a-nos-jours#2491\">\u00ab\u00a0Votons pour Carnot, c\u2019est le plus b\u00eate, mais il porte un nom r\u00e9publicain\u00a0!\u00a0\u00bb<\/a><\/p>\n<p class=\"auteur\"><span class=\"author\"><span class=\"surname\">Georges <\/span><span class=\"name\">CLEMENCEAU<\/span><\/span> (1841-1929)<\/p>\n\n<\/blockquote><\/div>\n<\/div>\n<\/div>\n<\/div><\/div>\n<\/div>\n<div class=\"views-row views-row-14 views-row-even\">\n<div class=\"views-field views-field-field-index-collection\">\n<div class=\"field-content\">\n<div class=\"field-collection-view clearfix view-mode-full field-collection-view-final\">\n<div class=\"entity entity-field-collection-item field-collection-item-field-index-collection clearfix\">\n<div class=\"content\">\n<blockquote>\n<p class=\"citation-small\"><a href=\"https:\/\/histoire-en-citations.fr\/WP\/portrait-de-georges-clemenceau-en-citations#2560\">\u00ab\u00a0Je vote pour Pams parce que c\u2019est le plus b\u00eate\u00a0!\u00a0\u00bb<\/a><\/p>\n<p class=\"auteur\"><span class=\"author\"><span class=\"surname\">Georges <\/span><span class=\"name\">CLEMENCEAU<\/span><\/span> (1841-1929)<\/p>\n\n<\/blockquote><\/div>\n<\/div>\n<\/div>\n<\/div><\/div>\n<\/div>\n<div class=\"views-row views-row-15 views-row-odd\">\n<div class=\"views-field views-field-field-index-collection\">\n<div class=\"field-content\">\n<div class=\"field-collection-view clearfix view-mode-full field-collection-view-final\">\n<div class=\"entity entity-field-collection-item field-collection-item-field-index-collection clearfix\">\n<div class=\"content\">\n<blockquote>\n<p class=\"citation-small\"><a href=\"https:\/\/histoire-en-citations.fr\/WP\/portrait-de-georges-clemenceau-en-citations#2636\">\u00ab\u00a0Nous voterons pour Deschanel en criant \u00ab\u00a0vive Clemenceau\u00a0!\u00a0\u00bb.\u00a0\u00bb<\/a><\/p>\n<p class=\"auteur\">Exclamation d\u2019un d\u00e9put\u00e9<\/p>\n\n<\/blockquote><\/div>\n<\/div>\n<\/div>\n<\/div><\/div>\n<\/div>\n<div class=\"views-row views-row-16 views-row-even\">\n<div class=\"views-field views-field-field-index-collection\">\n<div class=\"field-content\">\n<div class=\"field-collection-view clearfix view-mode-full field-collection-view-final\">\n<div class=\"entity entity-field-collection-item field-collection-item-field-index-collection clearfix\">\n<div class=\"content\">\n<blockquote>\n<p class=\"citation-small\"><a href=\"https:\/\/histoire-en-citations.fr\/WP\/qui-a-dit-quoi-de-qui-troisieme-republique#2665\">\u00ab\u00a0Les paysannes restaient bouche b\u00e9e quand je leur parlais du vote. Les ouvri\u00e8res riaient, les commer\u00e7antes haussaient les \u00e9paules, les bourgeoises me repoussaient horrifi\u00e9es.\u00a0\u00bb<\/a><\/p>\n<p class=\"auteur\"><span class=\"author\"><span class=\"surname\">Louise <\/span><span class=\"name\">WEISS<\/span><\/span> (1893-1983) \u00e9voquant une de ses conf\u00e9rences de 1934<\/p>\n\n<\/blockquote><\/div>\n<\/div>\n<\/div>\n<\/div><\/div>\n<\/div>\n<div class=\"views-row views-row-17 views-row-odd\">\n<div class=\"views-field views-field-field-index-collection\">\n<div class=\"field-content\">\n<div class=\"field-collection-view clearfix view-mode-full field-collection-view-final\">\n<div class=\"entity entity-field-collection-item field-collection-item-field-index-collection clearfix\">\n<div class=\"content\">\n<blockquote>\n<p class=\"citation-small\"><a href=\"https:\/\/histoire-en-citations.fr\/WP\/ces-etrangers-qui-firent-lhistoire-de-france-de-francoise-giroud-a-pierre-cardin#2903\">\u00ab\u00a0Choisir, pour une femme, la morale de gauche, c\u2019est voter pour l\u2019homme r\u00e9el contre le mythe du Prince Charmant, pour le droit de vivre contre le droit de r\u00eaver.\u00a0\u00bb<\/a><\/p>\n<p class=\"auteur\"><span class=\"author\"><span class=\"surname\">Fran\u00e7oise <\/span><span class=\"name\">GIROUD<\/span><\/span> (1916-2003), \u00ab\u00a0Voter pour le Prince Charmant\u00a0\u00bb, <cite>l\u2019Express<\/cite>, 18\u00a0d\u00e9cembre 1955<\/p>\n\n<\/blockquote><\/div>\n<\/div>\n<\/div>\n<\/div><\/div>\n<\/div>\n<div class=\"views-row views-row-18 views-row-even\">\n<div class=\"views-field views-field-field-index-collection\">\n<div class=\"field-content\">\n<div class=\"field-collection-view clearfix view-mode-full field-collection-view-final\">\n<div class=\"entity entity-field-collection-item field-collection-item-field-index-collection clearfix\">\n<div class=\"content\">\n<blockquote>\n<p class=\"citation-small\"><a href=\"https:\/\/histoire-en-citations.fr\/WP\/haro-sur-limpot-comedie-humaine-de-lhistoire-contemporaine#3233\">\u00ab\u00a0Je suis un con. J\u2019ai vot\u00e9 Mitterrand.\u00a0\u00bb<\/a><\/p>\n<p class=\"auteur\">Pancartes dans les d\u00e9fil\u00e9s<\/p>\n\n<\/blockquote><\/div>\n<\/div>\n<\/div>\n<\/div><\/div>\n<\/div>\n<div class=\"views-row views-row-19 views-row-odd\">\n<div class=\"views-field views-field-field-index-collection\">\n<div class=\"field-content\">\n<div class=\"field-collection-view clearfix view-mode-full field-collection-view-final\">\n<div class=\"entity entity-field-collection-item field-collection-item-field-index-collection clearfix\">\n<div class=\"content\">\n<blockquote>\n<p class=\"citation-small\"><a href=\"https:\/\/histoire-en-citations.fr\/WP\/jospin-la-nation-est-non-seulement-la-realite-vivante-a-laquelle-nous-sommes-tous-attaches-mais-surtout-le-lieu-ou-bat-le-coeur-de-la-democratie#3351\">\u00a0\u00ab Je n\u2019ai jamais si\u00e9g\u00e9 dans l\u2019H\u00e9micycle apr\u00e8s minuit. Car, apr\u00e8s minuit, on vote des conneries. \u00c0 minuit, un radical dort ou baise.\u00a0\u00bb<\/a><\/p>\n<p class=\"auteur\"><span class=\"author\"><span class=\"surname\">Michel <\/span><span class=\"name\">CR\u00c9PEAU<\/span><\/span> (1930-1999), d\u00e9put\u00e9 radical \u00e0 l\u2019Assembl\u00e9e Nationale<\/p>\n\n<\/blockquote><\/div>\n<\/div>\n<\/div>\n<\/div><\/div>\n<\/div>\n<div class=\"views-row views-row-20 views-row-even views-row-last\">\n<div class=\"views-field views-field-field-index-collection\">\n<div class=\"field-content\">\n<div class=\"field-collection-view clearfix view-mode-full field-collection-view-final\">\n<div class=\"entity entity-field-collection-item field-collection-item-field-index-collection clearfix\">\n<div class=\"content\">\n<blockquote>\n<p class=\"citation-small\"><a href=\"https:\/\/histoire-en-citations.fr\/WP\/nos-premiers-ministres-dedith-cresson-a-jean-castex#3397\">\u00ab\u00a0Je voterais Dominique de Villepin, m\u00eame s\u2019il ne se pr\u00e9sentait pas.\u00a0\u00bb<\/a><\/p>\n<p class=\"auteur\"><span class=\"author\"><span class=\"surname\">Azouz <\/span><span class=\"name\">BEGAG<\/span><\/span> (n\u00e9 en 1957), fin octobre\u00a02006 sur Canal Plus, \u00e0 propos de l\u2019\u00e9lection pr\u00e9sidentielle \u00e0 venir<\/p>\n\n<\/blockquote><\/div>\n<\/div>\n<\/div>\n<\/div><\/div>\n<\/div>\n<\/div>\n<\/div>\n<\/div>\n<style>\r\n        a .cit-num {\r\n            text-decoration: none !important;\r\n            color: inherit !important;\r\n        }\r\n    <\/style>","protected":false},"excerpt":{"rendered":"<p>Progr\u00e8s politique majeur et cons\u00e9quence de la R\u00e9volution qui mit fin \u00e0 l\u2019Ancien R\u00e9gime. Le droit de vote permet au citoyen d\u2019exprimer son opinion, de choisir ses repr\u00e9sentants. Acquis r\u00e9publicain, manifestation la plus \u00e9vidente de la d\u00e9mocratie, c\u2019est aussi la loi qui l\u2019emporte sur la force. Cliquez sur une citation pour la consulter dans son [&#8230;]<\/p>\n","protected":false},"author":1,"featured_media":0,"parent":0,"menu_order":0,"comment_status":"closed","ping_status":"closed","template":"","meta":{"site-sidebar-layout":"default","site-content-layout":"","ast-site-content-layout":"default","site-content-style":"default","site-sidebar-style":"default","ast-global-header-display":"","ast-banner-title-visibility":"","ast-main-header-display":"","ast-hfb-above-header-display":"","ast-hfb-below-header-display":"","ast-hfb-mobile-header-display":"","site-post-title":"","ast-breadcrumbs-content":"","ast-featured-img":"","footer-sml-layout":"","theme-transparent-header-meta":"","adv-header-id-meta":"","stick-header-meta":"","header-above-stick-meta":"","header-main-stick-meta":"","header-below-stick-meta":"","astra-migrate-meta-layouts":"default","ast-page-background-enabled":"default","ast-page-background-meta":{"desktop":{"background-color":"var(--ast-global-color-5)","background-image":"","background-repeat":"repeat","background-position":"center center","background-size":"auto","background-attachment":"scroll","background-type":"","background-media":"","overlay-type":"","overlay-color":"","overlay-opacity":"","overlay-gradient":""},"tablet":{"background-color":"","background-image":"","background-repeat":"repeat","background-position":"center center","background-size":"auto","background-attachment":"scroll","background-type":"","background-media":"","overlay-type":"","overlay-color":"","overlay-opacity":"","overlay-gradient":""},"mobile":{"background-color":"","background-image":"","background-repeat":"repeat","background-position":"center center","background-size":"auto","background-attachment":"scroll","background-type":"","background-media":"","overlay-type":"","overlay-color":"","overlay-opacity":"","overlay-gradient":""}},"ast-content-background-meta":{"desktop":{"background-color":"var(--ast-global-color-4)","background-image":"","background-repeat":"repeat","background-position":"center center","background-size":"auto","background-attachment":"scroll","background-type":"","background-media":"","overlay-type":"","overlay-color":"","overlay-opacity":"","overlay-gradient":""},"tablet":{"background-color":"var(--ast-global-color-4)","background-image":"","background-repeat":"repeat","background-position":"center center","background-size":"auto","background-attachment":"scroll","background-type":"","background-media":"","overlay-type":"","overlay-color":"","overlay-opacity":"","overlay-gradient":""},"mobile":{"background-color":"var(--ast-global-color-4)","background-image":"","background-repeat":"repeat","background-position":"center center","background-size":"auto","background-attachment":"scroll","background-type":"","background-media":"","overlay-type":"","overlay-color":"","overlay-opacity":"","overlay-gradient":""}},"iawp_total_views":115,"footnotes":""},"class_list":["post-10837","page","type-page","status-publish","hentry"],"_links":{"self":[{"href":"https:\/\/histoire-en-citations.fr\/WP\/wp-json\/wp\/v2\/pages\/10837","targetHints":{"allow":["GET"]}}],"collection":[{"href":"https:\/\/histoire-en-citations.fr\/WP\/wp-json\/wp\/v2\/pages"}],"about":[{"href":"https:\/\/histoire-en-citations.fr\/WP\/wp-json\/wp\/v2\/types\/page"}],"author":[{"embeddable":true,"href":"https:\/\/histoire-en-citations.fr\/WP\/wp-json\/wp\/v2\/users\/1"}],"replies":[{"embeddable":true,"href":"https:\/\/histoire-en-citations.fr\/WP\/wp-json\/wp\/v2\/comments?post=10837"}],"version-history":[{"count":3,"href":"https:\/\/histoire-en-citations.fr\/WP\/wp-json\/wp\/v2\/pages\/10837\/revisions"}],"predecessor-version":[{"id":13633,"href":"https:\/\/histoire-en-citations.fr\/WP\/wp-json\/wp\/v2\/pages\/10837\/revisions\/13633"}],"wp:attachment":[{"href":"https:\/\/histoire-en-citations.fr\/WP\/wp-json\/wp\/v2\/media?parent=10837"}],"curies":[{"name":"wp","href":"https:\/\/api.w.org\/{rel}","templated":true}]}}