{"id":11651,"date":"2025-09-22T07:32:30","date_gmt":"2025-09-22T05:32:30","guid":{"rendered":"https:\/\/histoire-en-citations.fr\/WP\/vous-preferez-le-papier\/"},"modified":"2026-01-23T11:28:41","modified_gmt":"2026-01-23T10:28:41","slug":"vous-preferez-le-papier","status":"publish","type":"page","link":"https:\/\/histoire-en-citations.fr\/WP\/vous-preferez-le-papier\/","title":{"rendered":"Deux livres pour revivre l&rsquo;histoire de France en citations"},"content":{"rendered":"\t\t<div data-elementor-type=\"wp-page\" data-elementor-id=\"11651\" class=\"elementor elementor-11651\">\n\t\t\t\t<div class=\"elementor-element elementor-element-697d0d91 e-flex e-con-boxed e-con e-parent\" data-id=\"697d0d91\" data-element_type=\"container\">\n\t\t\t\t\t<div class=\"e-con-inner\">\n\t\t\t\t<div class=\"elementor-element elementor-element-03d7aa0 elementor-widget elementor-widget-image\" data-id=\"03d7aa0\" data-element_type=\"widget\" data-widget_type=\"image.default\">\n\t\t\t\t\t\t\t\t\t\t\t\t\t\t\t<img fetchpriority=\"high\" decoding=\"async\" width=\"1024\" height=\"618\" src=\"https:\/\/histoire-en-citations.fr\/WP\/wp-content\/uploads\/2026\/01\/livres-histoire-1-1024x618.jpg\" class=\"attachment-large size-large wp-image-15559\" alt=\"\" srcset=\"https:\/\/histoire-en-citations.fr\/WP\/wp-content\/uploads\/2026\/01\/livres-histoire-1-1024x618.jpg 1024w, https:\/\/histoire-en-citations.fr\/WP\/wp-content\/uploads\/2026\/01\/livres-histoire-1-300x181.jpg 300w, https:\/\/histoire-en-citations.fr\/WP\/wp-content\/uploads\/2026\/01\/livres-histoire-1-768x464.jpg 768w, https:\/\/histoire-en-citations.fr\/WP\/wp-content\/uploads\/2026\/01\/livres-histoire-1-600x362.jpg 600w, https:\/\/histoire-en-citations.fr\/WP\/wp-content\/uploads\/2026\/01\/livres-histoire-1.jpg 1500w\" sizes=\"(max-width: 1024px) 100vw, 1024px\">\t\t\t\t\t\t\t\t\t\t\t\t\t\t\t<\/div>\n\t\t<div class=\"elementor-element elementor-element-46e234c e-grid e-con-full e-con e-child\" data-id=\"46e234c\" data-element_type=\"container\">\n\t\t\t\t<div class=\"elementor-element elementor-element-0921b03 elementor-align-center elementor-widget elementor-widget-button\" data-id=\"0921b03\" data-element_type=\"widget\" data-widget_type=\"button.default\">\n\t\t\t\t\t\t\t\t\t\t<a class=\"elementor-button elementor-button-link elementor-size-sm broken_link\" href=\"https:\/\/www.amazon.fr\/dp\/2387131959\/ref=sr_1_9?__mk_fr_FR=%C3%85M%C3%85%C5%BD%C3%95%C3%91&amp;crid=2FZOUC0T3NMXV&amp;dib=eyJ2IjoiMSJ9.4utdNerdVbnyFQH7qwQDLOd3_ZcjTzCaW9L0cpPzUP5Y41UrxEr63kBa5bTiB_t6rL7WkFSCCvO95xk5Q2e07WMz86-ApBGDJfIYhALC79lHGbLmKdbng_-HRcQnvuEea2Pqp_c33ptXsa4hVk3t_687u1aEbuxp8SiP-FufTFAjqUzcAL76qaQjFVyU5XAjA0LqqvBLtL_5Doa8kmCzsHzA_-feiUv6K0t_o7ob3BU.M1kTM6PI1JQld7--0KvDu7D1lkeI4qtjmM9ldjFbK1A&amp;dib_tag=se&amp;keywords=ressi+mich%C3%A8le&amp;qid=1761639813&amp;s=books&amp;sprefix=ressi+mich%C3%A8le%2Cstripbooks%2C59&amp;sr=1-9\">\n\t\t\t\t\t\t<span class=\"elementor-button-content-wrapper\">\n\t\t\t\t\t\t<span class=\"elementor-button-icon\">\n\t\t\t\t<svg aria-hidden=\"true\" class=\"e-font-icon-svg e-far-comment\" viewbox=\"0 0 512 512\" xmlns=\"http:\/\/www.w3.org\/2000\/svg\"><path d=\"M256 32C114.6 32 0 125.1 0 240c0 47.6 19.9 91.2 52.9 126.3C38 405.7 7 439.1 6.5 439.5c-6.6 7-8.4 17.2-4.6 26S14.4 480 24 480c61.5 0 110-25.7 139.1-46.3C192 442.8 223.2 448 256 448c141.4 0 256-93.1 256-208S397.4 32 256 32zm0 368c-26.7 0-53.1-4.1-78.4-12.1l-22.7-7.2-19.5 13.8c-14.3 10.1-33.9 21.4-57.5 29 7.3-12.1 14.4-25.7 19.9-40.2l10.6-28.1-20.6-21.8C69.7 314.1 48 282.2 48 240c0-88.2 93.3-160 208-160s208 71.8 208 160-93.3 160-208 160z\"><\/path><\/svg>\t\t\t<\/span>\n\t\t\t\t\t\t\t\t\t<span class=\"elementor-button-text\">Acheter le livre sur la R\u00e9volution<\/span>\n\t\t\t\t\t<\/span>\n\t\t\t\t\t<\/a>\n\t\t\t\t\t\t\t\t<\/div>\n\t\t\t\t<div class=\"elementor-element elementor-element-c34ffbb elementor-align-center elementor-widget elementor-widget-button\" data-id=\"c34ffbb\" data-element_type=\"widget\" data-widget_type=\"button.default\">\n\t\t\t\t\t\t\t\t\t\t<a class=\"elementor-button elementor-button-link elementor-size-sm broken_link\" href=\"https:\/\/www.amazon.fr\/dp\/2387131940\/ref=sr_1_1?__mk_fr_FR=%C3%85M%C3%85%C5%BD%C3%95%C3%91&amp;crid=IXX9G3CV0N8D&amp;dib=eyJ2IjoiMSJ9.PukD_3Ds3dzzh4e-6wSyRaRo3fZRm1MZbJV1GAyTw98.kcYI1YNUnZLDzmEi4k2PhGrSAlgjnTB-ICTbTj7mXTU&amp;dib_tag=se&amp;keywords=L%27HISTOIRE+EN+CITATIONS+%3A+Directoire%2C+Consulat%2C+Empire&amp;qid=1761641421&amp;s=books&amp;sprefix=l%27histoire+en+citations+directoire%2C+consulat%2C+empire%2Cstripbooks%2C60&amp;sr=1-1\">\n\t\t\t\t\t\t<span class=\"elementor-button-content-wrapper\">\n\t\t\t\t\t\t<span class=\"elementor-button-icon\">\n\t\t\t\t<svg aria-hidden=\"true\" class=\"e-font-icon-svg e-far-comment\" viewbox=\"0 0 512 512\" xmlns=\"http:\/\/www.w3.org\/2000\/svg\"><path d=\"M256 32C114.6 32 0 125.1 0 240c0 47.6 19.9 91.2 52.9 126.3C38 405.7 7 439.1 6.5 439.5c-6.6 7-8.4 17.2-4.6 26S14.4 480 24 480c61.5 0 110-25.7 139.1-46.3C192 442.8 223.2 448 256 448c141.4 0 256-93.1 256-208S397.4 32 256 32zm0 368c-26.7 0-53.1-4.1-78.4-12.1l-22.7-7.2-19.5 13.8c-14.3 10.1-33.9 21.4-57.5 29 7.3-12.1 14.4-25.7 19.9-40.2l10.6-28.1-20.6-21.8C69.7 314.1 48 282.2 48 240c0-88.2 93.3-160 208-160s208 71.8 208 160-93.3 160-208 160z\"><\/path><\/svg>\t\t\t<\/span>\n\t\t\t\t\t\t\t\t\t<span class=\"elementor-button-text\">Acheter le livre sur Napol\u00e9on<\/span>\n\t\t\t\t\t<\/span>\n\t\t\t\t\t<\/a>\n\t\t\t\t\t\t\t\t<\/div>\n\t\t\t\t<\/div>\n\t\t\t\t<div class=\"elementor-element elementor-element-1bd78132 elementor-widget elementor-widget-text-editor\" data-id=\"1bd78132\" data-element_type=\"widget\" data-widget_type=\"text-editor.default\">\n\t\t\t\t\t\t\t\t\t<div><p><!-- img src=\"\/sites\/default\/files\/papier\/volumes-papier-850.jpg\" class=\"background-papier\" alt=\"\" \/ --><\/p><p><strong>L\u2019histoire de France comme vous ne l\u2019avez jamais lue !<\/strong> Au fil des pages, vous d\u00e9couvrirez des centaines de citations sourc\u00e9es, comment\u00e9es et replac\u00e9es dans leur contexte. Mots historiques, mots tragiques, mots d\u2019esprit : tout est r\u00e9uni pour revivre l\u2019histoire, incarn\u00e9e par ses grands personnages.<\/p><p>Une d\u00e9marche tr\u00e8s originale que vous pouvez d\u00e9couvrir en feuilletant gratuitement les livres.<\/p><p>Il vous suffit ensuite de cliquer sur l\u2019ic\u00f4ne de votre boutique pr\u00e9f\u00e9r\u00e9e pour les commander en toute s\u00e9curit\u00e9.<\/p><p><a style=\"background-color: #ffffff; font-size: 1rem;\" href=\"https:\/\/livre.fnac.com\/a13310950\/Michele-Ressi-L-histoire-en-citations\" target=\"_blank\" rel=\"noopener\"><img decoding=\"async\" src=\"https:\/\/histoire-en-citations.fr\/WP\/wp-content\/uploads\/2025\/08\/fnac.png\" alt=\"Le volume \u00abR\u00e9volution\u00bb de l'Histoire en citations dans la boutique Fnac\"><\/a><a style=\"background-color: #ffffff; font-size: 1rem;\" href=\"https:\/\/www.decitre.fr\/livres\/l-histoire-en-citations-9791023609639.html\" target=\"_blank\" rel=\"noopener\" class=\"broken_link\"><img decoding=\"async\" src=\"https:\/\/histoire-en-citations.fr\/WP\/wp-content\/uploads\/2025\/08\/decitre.png\" alt=\"Le volume \u00abR\u00e9volution\u00bb de l'Histoire en citations dans la boutique Decitre\"><\/a><a style=\"background-color: #ffffff; font-size: 1rem;\" href=\"https:\/\/www.gibert.com\/l-histoire-en-citations-revolution-11078409.html\" target=\"_blank\" rel=\"noopener\" class=\"broken_link\"><img decoding=\"async\" src=\"https:\/\/histoire-en-citations.fr\/WP\/wp-content\/uploads\/2025\/08\/gibert.png\" alt=\"Le volume \u00abR\u00e9volution\u00bb de l'Histoire en citations dans la boutique Gibert\"><\/a><a style=\"background-color: #ffffff; font-size: 1rem;\" href=\"https:\/\/www.amazon.fr\/dp\/2387131959\/ref=sr_1_9?__mk_fr_FR=%C3%85M%C3%85%C5%BD%C3%95%C3%91&amp;crid=2FZOUC0T3NMXV&amp;dib=eyJ2IjoiMSJ9.4utdNerdVbnyFQH7qwQDLOd3_ZcjTzCaW9L0cpPzUP5Y41UrxEr63kBa5bTiB_t6rL7WkFSCCvO95xk5Q2e07WMz86-ApBGDJfIYhALC79lHGbLmKdbng_-HRcQnvuEea2Pqp_c33ptXsa4hVk3t_687u1aEbuxp8SiP-FufTFAjqUzcAL76qaQjFVyU5XAjA0LqqvBLtL_5Doa8kmCzsHzA_-feiUv6K0t_o7ob3BU.M1kTM6PI1JQld7--0KvDu7D1lkeI4qtjmM9ldjFbK1A&amp;dib_tag=se&amp;keywords=ressi+mich%C3%A8le&amp;qid=1761639813&amp;s=books&amp;sprefix=ressi+mich%C3%A8le%2Cstripbooks%2C59&amp;sr=1-9\" target=\"_blank\" rel=\"noopener\" class=\"broken_link\"><img decoding=\"async\" src=\"https:\/\/histoire-en-citations.fr\/WP\/wp-content\/uploads\/2025\/08\/amazon.png\" alt=\"Le volume \u00abR\u00e9volution\u00bb de l'Histoire en citations dans la boutique Amazon\"><\/a> <a style=\"background-color: #ffffff; font-size: 1rem;\" href=\"https:\/\/www.publishroom.com\/histoire-\/1785-lhistoire-en-citations.html\" target=\"_blank\" rel=\"noopener\">publishroom<\/a>\u00a0\u2013\u00a0<a style=\"background-color: #ffffff; font-size: 1rem;\" href=\"https:\/\/histoire-en-citations.fr\/feuilletage\/05\/\" target=\"_blank\" rel=\"noopener\">Feuilletez le livre<\/a><\/p><div><p>15\u20ac \u2013 188 pages<\/p><p><img decoding=\"async\" src=\"https:\/\/histoire-en-citations.fr\/WP\/wp-content\/uploads\/2025\/08\/histoire-en-citations-05-revolution.jpg\" alt=\"\"><\/p><\/div><div><div><a href=\"https:\/\/livre.fnac.com\/a13310951\/Michele-Ressi-L-histoire-en-citations\" target=\"_blank\" rel=\"noopener\"><img decoding=\"async\" src=\"https:\/\/histoire-en-citations.fr\/WP\/wp-content\/uploads\/2025\/08\/fnac.png\" alt=\"Le volume \u00abDirectoire, Consulat et Empire\u00bb de l'Histoire en citations dans la boutique Fnac\"><\/a><a href=\"https:\/\/www.decitre.fr\/livres\/l-histoire-en-citations-9791023609660.html\" target=\"_blank\" rel=\"noopener\" class=\"broken_link\"><img decoding=\"async\" src=\"https:\/\/histoire-en-citations.fr\/WP\/wp-content\/uploads\/2025\/08\/decitre.png\" alt=\"Le volume \u00abDirectoire, Consulat et Empire\u00bb de l'Histoire en citations dans la boutique Decitre\"><\/a><a href=\"https:\/\/www.gibert.com\/l-histoire-en-citations-directoire-consulat-et-empire-11084379.html\" target=\"_blank\" rel=\"noopener\" class=\"broken_link\"><img decoding=\"async\" src=\"https:\/\/histoire-en-citations.fr\/WP\/wp-content\/uploads\/2025\/08\/gibert.png\" alt=\"Le volume \u00abDirectoire, Consulat et Empire\u00bb de l'Histoire en citations dans la boutique Gibert\"><\/a><a href=\"https:\/\/www.amazon.fr\/dp\/2387131940\/ref=sr_1_1?__mk_fr_FR=%C3%85M%C3%85%C5%BD%C3%95%C3%91&amp;crid=IXX9G3CV0N8D&amp;dib=eyJ2IjoiMSJ9.PukD_3Ds3dzzh4e-6wSyRaRo3fZRm1MZbJV1GAyTw98.kcYI1YNUnZLDzmEi4k2PhGrSAlgjnTB-ICTbTj7mXTU&amp;dib_tag=se&amp;keywords=L%27HISTOIRE+EN+CITATIONS+%3A+Directoire%2C+Consulat%2C+Empire&amp;qid=1761641421&amp;s=books&amp;sprefix=l%27histoire+en+citations+directoire%2C+consulat%2C+empire%2Cstripbooks%2C60&amp;sr=1-1\" target=\"_blank\" rel=\"noopener\" class=\"broken_link\"><img decoding=\"async\" src=\"https:\/\/histoire-en-citations.fr\/WP\/wp-content\/uploads\/2025\/08\/amazon.png\" alt=\"Le volume \u00abDirectoire, Consulat et Empire\u00bb de l'Histoire en citations dans la boutique Amazon\"><\/a> <a href=\"https:\/\/www.publishroom.com\/histoire-\/1784-lhistoire-en-citations.html\" target=\"_blank\" rel=\"noopener\">publishroom<\/a>\u00a0\u2013\u00a0<a style=\"background-color: #ffffff; font-size: 1rem;\" href=\"https:\/\/histoire-en-citations.fr\/feuilletage\/06\/\" target=\"_blank\" rel=\"noopener\">Feuilletez gratuitement le livre<\/a><\/div><p>15\u20ac \u2013 128 pages<\/p><p><img decoding=\"async\" src=\"https:\/\/histoire-en-citations.fr\/WP\/wp-content\/uploads\/2025\/08\/histoire-en-citations-06-direct.-consulat-empire.jpg\" alt=\"\"><\/p><\/div><\/div><style>\r\n        a .cit-num {\r\n            text-decoration: none !important;\r\n            color: inherit !important;\r\n        }\r\n    <\/style>\t\t\t\t\t\t\t\t<\/div>\n\t\t\t\t\t<\/div>\n\t\t\t\t<\/div>\n\t\t\t\t<\/div>\n\t\t<style>\r\n        a .cit-num {\r\n            text-decoration: none !important;\r\n            color: inherit !important;\r\n        }\r\n    <\/style>","protected":false},"excerpt":{"rendered":"<p>Deux des onze volumes de l&rsquo;Histoire en citations sont disponibles en papier.Cliquez sur l&rsquo;ic\u00f4ne de votre boutique pr\u00e9f\u00e9r\u00e9e pour les commander :10\u20ac \u2013 188 pages10\u20ac \u2013 128 pages<\/p>\n","protected":false},"author":1,"featured_media":0,"parent":0,"menu_order":0,"comment_status":"closed","ping_status":"closed","template":"","meta":{"site-sidebar-layout":"default","site-content-layout":"","ast-site-content-layout":"default","site-content-style":"default","site-sidebar-style":"default","ast-global-header-display":"","ast-banner-title-visibility":"","ast-main-header-display":"","ast-hfb-above-header-display":"","ast-hfb-below-header-display":"","ast-hfb-mobile-header-display":"","site-post-title":"","ast-breadcrumbs-content":"","ast-featured-img":"","footer-sml-layout":"","theme-transparent-header-meta":"default","adv-header-id-meta":"","stick-header-meta":"","header-above-stick-meta":"","header-main-stick-meta":"","header-below-stick-meta":"","astra-migrate-meta-layouts":"set","ast-page-background-enabled":"default","ast-page-background-meta":{"desktop":{"background-color":"var(--ast-global-color-5)","background-image":"","background-repeat":"repeat","background-position":"center center","background-size":"auto","background-attachment":"scroll","background-type":"","background-media":"","overlay-type":"","overlay-color":"","overlay-opacity":"","overlay-gradient":""},"tablet":{"background-color":"","background-image":"","background-repeat":"repeat","background-position":"center center","background-size":"auto","background-attachment":"scroll","background-type":"","background-media":"","overlay-type":"","overlay-color":"","overlay-opacity":"","overlay-gradient":""},"mobile":{"background-color":"","background-image":"","background-repeat":"repeat","background-position":"center center","background-size":"auto","background-attachment":"scroll","background-type":"","background-media":"","overlay-type":"","overlay-color":"","overlay-opacity":"","overlay-gradient":""}},"ast-content-background-meta":{"desktop":{"background-color":"var(--ast-global-color-4)","background-image":"","background-repeat":"repeat","background-position":"center center","background-size":"auto","background-attachment":"scroll","background-type":"","background-media":"","overlay-type":"","overlay-color":"","overlay-opacity":"","overlay-gradient":""},"tablet":{"background-color":"var(--ast-global-color-4)","background-image":"","background-repeat":"repeat","background-position":"center center","background-size":"auto","background-attachment":"scroll","background-type":"","background-media":"","overlay-type":"","overlay-color":"","overlay-opacity":"","overlay-gradient":""},"mobile":{"background-color":"var(--ast-global-color-4)","background-image":"","background-repeat":"repeat","background-position":"center center","background-size":"auto","background-attachment":"scroll","background-type":"","background-media":"","overlay-type":"","overlay-color":"","overlay-opacity":"","overlay-gradient":""}},"iawp_total_views":727,"footnotes":""},"class_list":["post-11651","page","type-page","status-publish","hentry"],"_links":{"self":[{"href":"https:\/\/histoire-en-citations.fr\/WP\/wp-json\/wp\/v2\/pages\/11651","targetHints":{"allow":["GET"]}}],"collection":[{"href":"https:\/\/histoire-en-citations.fr\/WP\/wp-json\/wp\/v2\/pages"}],"about":[{"href":"https:\/\/histoire-en-citations.fr\/WP\/wp-json\/wp\/v2\/types\/page"}],"author":[{"embeddable":true,"href":"https:\/\/histoire-en-citations.fr\/WP\/wp-json\/wp\/v2\/users\/1"}],"replies":[{"embeddable":true,"href":"https:\/\/histoire-en-citations.fr\/WP\/wp-json\/wp\/v2\/comments?post=11651"}],"version-history":[{"count":21,"href":"https:\/\/histoire-en-citations.fr\/WP\/wp-json\/wp\/v2\/pages\/11651\/revisions"}],"predecessor-version":[{"id":15567,"href":"https:\/\/histoire-en-citations.fr\/WP\/wp-json\/wp\/v2\/pages\/11651\/revisions\/15567"}],"wp:attachment":[{"href":"https:\/\/histoire-en-citations.fr\/WP\/wp-json\/wp\/v2\/media?parent=11651"}],"curies":[{"name":"wp","href":"https:\/\/api.w.org\/{rel}","templated":true}]}}