{"id":11660,"date":"2025-08-06T08:14:29","date_gmt":"2025-08-06T06:14:29","guid":{"rendered":"https:\/\/histoire-en-citations.fr\/WP\/extraits-offerts\/"},"modified":"2025-11-20T16:21:02","modified_gmt":"2025-11-20T15:21:02","slug":"extraits-offerts","status":"publish","type":"page","link":"https:\/\/histoire-en-citations.fr\/WP\/extraits-offerts\/","title":{"rendered":"Extraits offerts"},"content":{"rendered":"<div class=\"field-item even\">\n<p>Pour vous faire conna\u00eetre <em>l\u2019Histoire en citations<\/em>, nous vous offrons deux extraits (en t\u00e9l\u00e9chargement libre)\u00a0:<\/p>\n<ul>\n<li><strong>Premi\u00e8re Guerre Mondiale<\/strong> (1914-1918). Extrait du volume 8, Second Empire et Troisi\u00e8me R\u00e9publique.<\/li>\n<li><strong>Lettre A du Dictionnaire\u00a0:<\/strong> les 502 premiers mots cl\u00e9s et les 1 048 citations avec leurs 491 auteurs.<\/li>\n<\/ul>\n<p>Pour en savoir plus, visitez la <a href=\"https:\/\/histoire-en-citations.fr\/WP\/boutique\/\">Boutique<\/a> et feuilletez librement les 20 premi\u00e8res pages des 11 volumes de la collection (les 10 Chroniques et le Dictionnaire).<\/p>\n<table style=\"margin: 0 auto;\" border=\"0\" cellspacing=\"0\" cellpadding=\"0\">\n<tbody>\n<tr>\n<td>\n<p style=\"margin: 15px;\"><a href=\"https:\/\/histoire-en-citations.fr\/WP\/wp-content\/uploads\/2025\/11\/histoire-en-citations-extrait-premiere-guerre-mondiale-6.pdf\"><img fetchpriority=\"high\" decoding=\"async\" class=\"aligncenter\" src=\"https:\/\/histoire-en-citations.fr\/WP\/wp-content\/uploads\/2025\/08\/histoire-en-citations-extrait-premiere-guerre-mondiale-240.jpg\" alt=\"Histoire en citations - Extrait - Premi\u00e8re Guerre mondiale\" width=\"240\" height=\"320\"><\/a><\/p>\n<h4 style=\"text-align: center;\"><a href=\"https:\/\/histoire-en-citations.fr\/WP\/wp-content\/uploads\/2025\/11\/histoire-en-citations-extrait-premiere-guerre-mondiale-6.pdf\">Extrait\u00a0: <\/a><br><a href=\"https:\/\/histoire-en-citations.fr\/WP\/wp-content\/uploads\/2025\/11\/histoire-en-citations-extrait-premiere-guerre-mondiale-6.pdf\">Premi\u00e8re Guerre mondiale<\/a><\/h4>\n<p style=\"text-align: center;\"><span class=\"caps\">PDF<\/span> interactif (644Ko)<\/p>\n<\/td>\n<td>\n<p style=\"margin: 15px;\"><a href=\"https:\/\/histoire-en-citations.fr\/WP\/wp-content\/uploads\/2025\/11\/histoire-en-citations-extrait-dictionnaire-lettre-a-9.pdf\"><img decoding=\"async\" class=\"aligncenter\" src=\"https:\/\/histoire-en-citations.fr\/WP\/wp-content\/uploads\/2025\/08\/histoire-en-citations-dictionnaire-extrait-240.jpg\" alt=\"Histoire en citations - Extrait - Dictionnaire\" width=\"240\" height=\"320\"><\/a><\/p>\n<h4 style=\"text-align: center;\"><a href=\"https:\/\/histoire-en-citations.fr\/WP\/wp-content\/uploads\/2025\/11\/histoire-en-citations-extrait-dictionnaire-lettre-a-9.pdf\">Extrait\u00a0: <\/a><br><a href=\"https:\/\/histoire-en-citations.fr\/WP\/wp-content\/uploads\/2025\/11\/histoire-en-citations-extrait-dictionnaire-lettre-a-9.pdf\">Dictionnaire \u2013 la lettre A<\/a><\/h4>\n<p style=\"text-align: center;\"><span class=\"caps\">PDF<\/span> interactif (2,2Mo)<\/p>\n<\/td>\n<\/tr>\n<\/tbody>\n<\/table>\n<p>\u00a0<\/p>\n<\/div>\n<style>\r\n        a .cit-num {\r\n            text-decoration: none !important;\r\n            color: inherit !important;\r\n        }\r\n    <\/style>","protected":false},"excerpt":{"rendered":"<p>Pour vous faire conna\u00eetre l\u2019Histoire en citations, nous vous offrons deux extraits (en t\u00e9l\u00e9chargement libre)\u00a0:Premi\u00e8re Guerre Mondiale (1914-1918). Extrait du volume 8, Second Empire et Troisi\u00e8me R\u00e9publique.Lettre A du Dictionnaire\u00a0: les 502 premiers mots cl\u00e9s et les 1 048 citations avec leurs 491 auteurs.Pour en savoir plus, visitez la Boutique et feuilletez librement les 20 [&#8230;]<\/p>\n","protected":false},"author":1,"featured_media":0,"parent":0,"menu_order":0,"comment_status":"closed","ping_status":"closed","template":"","meta":{"site-sidebar-layout":"default","site-content-layout":"","ast-site-content-layout":"default","site-content-style":"default","site-sidebar-style":"default","ast-global-header-display":"","ast-banner-title-visibility":"","ast-main-header-display":"","ast-hfb-above-header-display":"","ast-hfb-below-header-display":"","ast-hfb-mobile-header-display":"","site-post-title":"","ast-breadcrumbs-content":"","ast-featured-img":"","footer-sml-layout":"","theme-transparent-header-meta":"default","adv-header-id-meta":"","stick-header-meta":"","header-above-stick-meta":"","header-main-stick-meta":"","header-below-stick-meta":"","astra-migrate-meta-layouts":"set","ast-page-background-enabled":"default","ast-page-background-meta":{"desktop":{"background-color":"var(--ast-global-color-5)","background-image":"","background-repeat":"repeat","background-position":"center center","background-size":"auto","background-attachment":"scroll","background-type":"","background-media":"","overlay-type":"","overlay-color":"","overlay-opacity":"","overlay-gradient":""},"tablet":{"background-color":"","background-image":"","background-repeat":"repeat","background-position":"center center","background-size":"auto","background-attachment":"scroll","background-type":"","background-media":"","overlay-type":"","overlay-color":"","overlay-opacity":"","overlay-gradient":""},"mobile":{"background-color":"","background-image":"","background-repeat":"repeat","background-position":"center center","background-size":"auto","background-attachment":"scroll","background-type":"","background-media":"","overlay-type":"","overlay-color":"","overlay-opacity":"","overlay-gradient":""}},"ast-content-background-meta":{"desktop":{"background-color":"var(--ast-global-color-4)","background-image":"","background-repeat":"repeat","background-position":"center center","background-size":"auto","background-attachment":"scroll","background-type":"","background-media":"","overlay-type":"","overlay-color":"","overlay-opacity":"","overlay-gradient":""},"tablet":{"background-color":"var(--ast-global-color-4)","background-image":"","background-repeat":"repeat","background-position":"center center","background-size":"auto","background-attachment":"scroll","background-type":"","background-media":"","overlay-type":"","overlay-color":"","overlay-opacity":"","overlay-gradient":""},"mobile":{"background-color":"var(--ast-global-color-4)","background-image":"","background-repeat":"repeat","background-position":"center center","background-size":"auto","background-attachment":"scroll","background-type":"","background-media":"","overlay-type":"","overlay-color":"","overlay-opacity":"","overlay-gradient":""}},"iawp_total_views":184,"footnotes":""},"class_list":["post-11660","page","type-page","status-publish","hentry"],"_links":{"self":[{"href":"https:\/\/histoire-en-citations.fr\/WP\/wp-json\/wp\/v2\/pages\/11660","targetHints":{"allow":["GET"]}}],"collection":[{"href":"https:\/\/histoire-en-citations.fr\/WP\/wp-json\/wp\/v2\/pages"}],"about":[{"href":"https:\/\/histoire-en-citations.fr\/WP\/wp-json\/wp\/v2\/types\/page"}],"author":[{"embeddable":true,"href":"https:\/\/histoire-en-citations.fr\/WP\/wp-json\/wp\/v2\/users\/1"}],"replies":[{"embeddable":true,"href":"https:\/\/histoire-en-citations.fr\/WP\/wp-json\/wp\/v2\/comments?post=11660"}],"version-history":[{"count":11,"href":"https:\/\/histoire-en-citations.fr\/WP\/wp-json\/wp\/v2\/pages\/11660\/revisions"}],"predecessor-version":[{"id":15425,"href":"https:\/\/histoire-en-citations.fr\/WP\/wp-json\/wp\/v2\/pages\/11660\/revisions\/15425"}],"wp:attachment":[{"href":"https:\/\/histoire-en-citations.fr\/WP\/wp-json\/wp\/v2\/media?parent=11660"}],"curies":[{"name":"wp","href":"https:\/\/api.w.org\/{rel}","templated":true}]}}