{"id":11670,"date":"2025-08-06T08:21:32","date_gmt":"2025-08-06T06:21:32","guid":{"rendered":"https:\/\/histoire-en-citations.fr\/WP\/a-propos\/"},"modified":"2025-09-22T07:32:16","modified_gmt":"2025-09-22T05:32:16","slug":"a-propos","status":"publish","type":"page","link":"https:\/\/histoire-en-citations.fr\/WP\/a-propos\/","title":{"rendered":"\u00c0 propos"},"content":{"rendered":"<div class=\"field-item even\">\n<h4>Le site<\/h4>\n<p>De la Gaule \u00e0 de Gaulle (et la Cinqui\u00e8me R\u00e9publique), le r\u00e9cit national se d\u00e9roule avec tous les personnages qui lui donnent vie.<br>Notre site vous pr\u00e9sente deux nouveaut\u00e9s, tout en gardant ce qui fait son originalit\u00e9.<br><strong>L\u2019\u00e9dito<\/strong>. Chaque lundi, l\u2019Histoire nous parle au pr\u00e9sent, avec un article li\u00e9 \u00e0 l\u2019actu et illustr\u00e9 de citations. N\u2019h\u00e9sitez pas \u00e0 sugg\u00e9rer des th\u00e8mes et \u00e0 r\u00e9agir.<br><a href=\"https:\/\/histoire-en-citations.fr\/WP\/sommaire-de-la-chronique-en-10-volumes-et-3-500-citations\/\"><strong>Le sommaire<\/strong><\/a>. R\u00e9sum\u00e9 des 10 Chroniques, en 350 \u00e9pisodes renvoyant \u00e0 nos publications quotidiennes depuis janvier 2019 et d\u00e9sormais en archive. Revivez \u00e0 volont\u00e9 tout ou partie du r\u00e9cit national\u00a0!<br><a href=\"https:\/\/histoire-en-citations.fr\/WP\/indexation\/\"><strong>L\u2019indexation.<\/strong><\/a> Disponible depuis deux ans sur notre \u00ab\u00a0site-ressources\u00a0\u00bb de plus en plus consult\u00e9, c\u2019est l\u2019outil indispensable pour trouver des citations <a href=\"https:\/\/histoire-en-citations.fr\/WP\/indexation\/\">par th\u00e8mes<\/a> (140 mots) ou <a href=\"https:\/\/histoire-en-citations.fr\/WP\/personnages\/\">par auteurs<\/a> (60 personnages).<br><a href=\"https:\/\/histoire-en-citations.fr\/WP\/boutique\/\"><strong>La r\u00e9f\u00e9rence<\/strong><\/a>. Citations et commentaires toujours tir\u00e9s de notre Histoire en citations, source originale des commentaires complets pour les 3 500 citations, clairement remises en situation.<\/p>\n<h4><a href=\"https:\/\/histoire-en-citations.fr\/WP\/elections\/\">La collection<\/a><\/h4>\n<p><strong>\u2022 10 Chroniques<\/strong>, de la Gaule \u00e0 nos jours, racontent l\u2019histoire de France en 3\u00a0500\u00a0citations, sourc\u00e9es, mises en situation, sign\u00e9es par quelque 1\u00a0200\u00a0auteurs. <br>Cela donne la com\u00e9die humaine la plus vivante qui se puisse imaginer, avec des personnages illustres ou m\u00e9connus, du genre \u00ab\u00a0incroyable mais vrai\u00a0\u00bb.<br><strong>\u2022 Le Dictionnaire<\/strong>, en 6 500 entr\u00e9es, regroupe toutes les citations par mots cl\u00e9s, th\u00e8mes et expressions. En prime, on voit l\u2019\u00e9volution de la langue fran\u00e7aise.<br>Saluons le g\u00e9nie du Verbe des principaux acteurs de l\u2019histoire, Napol\u00e9on, de\u00a0Gaulle, Victor\u00a0Hugo en t\u00eate d\u2019affiche. Sans oublier le peuple anonyme, celui des pamphlets et des chansons, jusqu\u2019aux slogans de mai\u00a068.<\/p>\n<h4><a href=\"https:\/\/histoire-en-citations.fr\/WP\/lauteur\/\">L\u2019auteur<\/a><\/h4>\n<p>Mich\u00e8le Ressi, auteur (multim\u00e9dia) et chercheur (<span class=\"caps\">CNRS<\/span>), se voit surtout metteur en sc\u00e8ne de cette Histoire et responsable du \u00ab\u00a0casting\u00a0\u00bb, autrement dit le choix des 1\u00a0200\u00a0auteurs cit\u00e9s. <br>Elle prouve \u00e0 quel point l\u2019Histoire est une passion fran\u00e7aise. T\u00e9moignage d\u2019un pass\u00e9 glorieux et parfois malheureux, peuple souvent r\u00e9volt\u00e9 ou r\u00e9volutionnaire, frondeur et toujours fascin\u00e9 par la politique, pour le pire et le meilleur. Cependant que les \u00e9missions et les romans historiques int\u00e9ressent plus que jamais le grand public.<br>Il faut qu\u2019\u00e0 l\u2019avenir l\u2019Histoire demeure une source de rep\u00e8res, indispensables \u00e0 notre \u00e9poque en qu\u00eate de valeurs et notre civilisation en mutation.<\/p>\n<\/div>\n<style>\r\n        a .cit-num {\r\n            text-decoration: none !important;\r\n            color: inherit !important;\r\n        }\r\n    <\/style>","protected":false},"excerpt":{"rendered":"<p>Le siteDe la Gaule \u00e0 de Gaulle (et la Cinqui\u00e8me R\u00e9publique), le r\u00e9cit national se d\u00e9roule avec tous les personnages qui lui donnent vie.Notre site vous pr\u00e9sente deux nouveaut\u00e9s, tout en gardant ce qui fait son originalit\u00e9.L\u2019\u00e9dito. Chaque lundi, l\u2019Histoire nous parle au pr\u00e9sent, avec un article li\u00e9 \u00e0 l\u2019actu et illustr\u00e9 de citations. N\u2019h\u00e9sitez [&#8230;]<\/p>\n","protected":false},"author":1,"featured_media":0,"parent":0,"menu_order":0,"comment_status":"closed","ping_status":"closed","template":"","meta":{"site-sidebar-layout":"default","site-content-layout":"","ast-site-content-layout":"default","site-content-style":"default","site-sidebar-style":"default","ast-global-header-display":"","ast-banner-title-visibility":"","ast-main-header-display":"","ast-hfb-above-header-display":"","ast-hfb-below-header-display":"","ast-hfb-mobile-header-display":"","site-post-title":"","ast-breadcrumbs-content":"","ast-featured-img":"","footer-sml-layout":"","theme-transparent-header-meta":"","adv-header-id-meta":"","stick-header-meta":"","header-above-stick-meta":"","header-main-stick-meta":"","header-below-stick-meta":"","astra-migrate-meta-layouts":"default","ast-page-background-enabled":"default","ast-page-background-meta":{"desktop":{"background-color":"var(--ast-global-color-5)","background-image":"","background-repeat":"repeat","background-position":"center center","background-size":"auto","background-attachment":"scroll","background-type":"","background-media":"","overlay-type":"","overlay-color":"","overlay-opacity":"","overlay-gradient":""},"tablet":{"background-color":"","background-image":"","background-repeat":"repeat","background-position":"center center","background-size":"auto","background-attachment":"scroll","background-type":"","background-media":"","overlay-type":"","overlay-color":"","overlay-opacity":"","overlay-gradient":""},"mobile":{"background-color":"","background-image":"","background-repeat":"repeat","background-position":"center center","background-size":"auto","background-attachment":"scroll","background-type":"","background-media":"","overlay-type":"","overlay-color":"","overlay-opacity":"","overlay-gradient":""}},"ast-content-background-meta":{"desktop":{"background-color":"var(--ast-global-color-4)","background-image":"","background-repeat":"repeat","background-position":"center center","background-size":"auto","background-attachment":"scroll","background-type":"","background-media":"","overlay-type":"","overlay-color":"","overlay-opacity":"","overlay-gradient":""},"tablet":{"background-color":"var(--ast-global-color-4)","background-image":"","background-repeat":"repeat","background-position":"center center","background-size":"auto","background-attachment":"scroll","background-type":"","background-media":"","overlay-type":"","overlay-color":"","overlay-opacity":"","overlay-gradient":""},"mobile":{"background-color":"var(--ast-global-color-4)","background-image":"","background-repeat":"repeat","background-position":"center center","background-size":"auto","background-attachment":"scroll","background-type":"","background-media":"","overlay-type":"","overlay-color":"","overlay-opacity":"","overlay-gradient":""}},"iawp_total_views":44,"footnotes":""},"class_list":["post-11670","page","type-page","status-publish","hentry"],"_links":{"self":[{"href":"https:\/\/histoire-en-citations.fr\/WP\/wp-json\/wp\/v2\/pages\/11670","targetHints":{"allow":["GET"]}}],"collection":[{"href":"https:\/\/histoire-en-citations.fr\/WP\/wp-json\/wp\/v2\/pages"}],"about":[{"href":"https:\/\/histoire-en-citations.fr\/WP\/wp-json\/wp\/v2\/types\/page"}],"author":[{"embeddable":true,"href":"https:\/\/histoire-en-citations.fr\/WP\/wp-json\/wp\/v2\/users\/1"}],"replies":[{"embeddable":true,"href":"https:\/\/histoire-en-citations.fr\/WP\/wp-json\/wp\/v2\/comments?post=11670"}],"version-history":[{"count":2,"href":"https:\/\/histoire-en-citations.fr\/WP\/wp-json\/wp\/v2\/pages\/11670\/revisions"}],"predecessor-version":[{"id":11885,"href":"https:\/\/histoire-en-citations.fr\/WP\/wp-json\/wp\/v2\/pages\/11670\/revisions\/11885"}],"wp:attachment":[{"href":"https:\/\/histoire-en-citations.fr\/WP\/wp-json\/wp\/v2\/media?parent=11670"}],"curies":[{"name":"wp","href":"https:\/\/api.w.org\/{rel}","templated":true}]}}