{"id":11672,"date":"2025-08-06T08:21:33","date_gmt":"2025-08-06T06:21:33","guid":{"rendered":"https:\/\/histoire-en-citations.fr\/WP\/lauteur\/"},"modified":"2025-09-12T05:46:34","modified_gmt":"2025-09-12T03:46:34","slug":"lauteur","status":"publish","type":"page","link":"https:\/\/histoire-en-citations.fr\/WP\/lauteur\/","title":{"rendered":"L&rsquo;auteur"},"content":{"rendered":"<div class=\"field-item even\">\n<h4><img fetchpriority=\"high\" decoding=\"async\" class=\"image-droite\" src=\"https:\/\/histoire-en-citations.fr\/WP\/wp-content\/uploads\/2025\/08\/michele-ressi_0.png\" alt=\"Mich\u00e8le VESSILLIER-RESSI\" width=\"279\" height=\"320\"><\/h4>\n<h2>Mich\u00e8le <span class=\"caps\">VESSILLIER<\/span>\u2013<span class=\"caps\">RESSI<\/span><\/h2>\n<p>Chercheur au <span class=\"caps\">CNRS<\/span> en sciences humaines, rapporteur g\u00e9n\u00e9ral \u00e0 la Commission europ\u00e9enne, son livre sur <em>Le M\u00e9tier d\u2019auteur<\/em> (Dunod) a \u00e9t\u00e9 publi\u00e9 aux <span class=\"caps\">USA<\/span> en 1993 (<em>The Author\u2019s Trade<\/em>, presse de la Columbia University).<\/p>\n<p>Auteur tout terrain, jou\u00e9e au th\u00e9\u00e2tre et \u00e0 la t\u00e9l\u00e9vision, elle a s\u00e9duit, entre autres noms, Catherine All\u00e9gret, Sabine Az\u00e9ma, Dany Carrel, Danielle Darrieux, Bernard Fresson, Daniel G\u00e9lin, Odette Laure, Marthe Mercadier, Madeleine Robinson, Guy Tr\u00e9jan (admirable interpr\u00e8te de <em>La Fontaine, le Libertin de Dieu<\/em>, \u00e0 la Com\u00e9die des Champs-\u00c9lys\u00e9es en 1997).<\/p>\n<p><em>Le Roman de Marie<\/em> (Hachette, 1988), son premier livre historique, a figur\u00e9 sur la liste des cinq meilleures ventes, en collection \u00ab\u00a0poche jeunesse\u00a0\u00bb. C\u2019est d\u00e9j\u00e0 une le\u00e7on d\u2019histoire qui ne dit pas son nom, et la preuve qu\u2019on peut marier le s\u00e9rieux et le plaisir.<\/p>\n<p><em>L\u2019Histoire du chat<\/em> (Publishroom, 2017) r\u00e9sume en 100 pages et 100 images les relations passionnelles entre l\u2019homme et le petit f\u00e9lin. Aventure de trois mill\u00e9naires, assortie de l\u00e9gendes noires ou dor\u00e9es, r\u00e9cit vivant \u00e0 travers nombre d\u2019anecdotes historiques et de personnages \u2013 Montaigne, Richelieu, Chateaubriand, Hugo\u2026 quelques rois, trois papes et une centaine d\u2019auteurs ou artistes amoureux du Chat.<\/p>\n<p>Plusieurs fois prim\u00e9e pour ses romans et ses essais, y compris par l\u2019Acad\u00e9mie fran\u00e7aise, elle a publi\u00e9 il y a vingt ans un <em>Dictionnaire des citations de l\u2019Histoire de France<\/em>, tr\u00e8s remarqu\u00e9 par la presse, toutes opinions confondues.<\/p>\n<p>Passionn\u00e9e d\u2019Histoire et amateur de citations, elle en donne une nouvelle version, parfaitement document\u00e9e, particuli\u00e8rement vivante, propre \u00e0 s\u00e9duire un grand public.<\/p>\n<p>Voir <a href=\"https:\/\/fr.wikipedia.org\/wiki\/Mich%C3%A8le_Ressi\">sa fiche Wikip\u00e9dia<\/a>.<\/p>\n<\/div>\n<style>\r\n        a .cit-num {\r\n            text-decoration: none !important;\r\n            color: inherit !important;\r\n        }\r\n    <\/style>","protected":false},"excerpt":{"rendered":"<p>Mich\u00e8le VESSILLIER-RESSI Chercheur au CNRS en sciences humaines, rapporteur g\u00e9n\u00e9ral \u00e0 la Commission europ\u00e9enne, son livre sur Le M\u00e9tier d&#8217;auteur (Dunod) a \u00e9t\u00e9 publi\u00e9 aux USA en 1993 (The Author&#8217;s Trade, presse de la Columbia University). Auteur tout terrain, jou\u00e9e au th\u00e9\u00e2tre et \u00e0 la t\u00e9l\u00e9vision, elle a s\u00e9duit, entre autres noms, Catherine All\u00e9gret, Sabine [&#8230;]<\/p>\n","protected":false},"author":1,"featured_media":0,"parent":0,"menu_order":0,"comment_status":"closed","ping_status":"closed","template":"","meta":{"site-sidebar-layout":"default","site-content-layout":"","ast-site-content-layout":"default","site-content-style":"default","site-sidebar-style":"default","ast-global-header-display":"","ast-banner-title-visibility":"","ast-main-header-display":"","ast-hfb-above-header-display":"","ast-hfb-below-header-display":"","ast-hfb-mobile-header-display":"","site-post-title":"","ast-breadcrumbs-content":"","ast-featured-img":"","footer-sml-layout":"","theme-transparent-header-meta":"default","adv-header-id-meta":"","stick-header-meta":"","header-above-stick-meta":"","header-main-stick-meta":"","header-below-stick-meta":"","astra-migrate-meta-layouts":"set","ast-page-background-enabled":"default","ast-page-background-meta":{"desktop":{"background-color":"var(--ast-global-color-5)","background-image":"","background-repeat":"repeat","background-position":"center center","background-size":"auto","background-attachment":"scroll","background-type":"","background-media":"","overlay-type":"","overlay-color":"","overlay-opacity":"","overlay-gradient":""},"tablet":{"background-color":"","background-image":"","background-repeat":"repeat","background-position":"center center","background-size":"auto","background-attachment":"scroll","background-type":"","background-media":"","overlay-type":"","overlay-color":"","overlay-opacity":"","overlay-gradient":""},"mobile":{"background-color":"","background-image":"","background-repeat":"repeat","background-position":"center center","background-size":"auto","background-attachment":"scroll","background-type":"","background-media":"","overlay-type":"","overlay-color":"","overlay-opacity":"","overlay-gradient":""}},"ast-content-background-meta":{"desktop":{"background-color":"var(--ast-global-color-4)","background-image":"","background-repeat":"repeat","background-position":"center center","background-size":"auto","background-attachment":"scroll","background-type":"","background-media":"","overlay-type":"","overlay-color":"","overlay-opacity":"","overlay-gradient":""},"tablet":{"background-color":"var(--ast-global-color-4)","background-image":"","background-repeat":"repeat","background-position":"center center","background-size":"auto","background-attachment":"scroll","background-type":"","background-media":"","overlay-type":"","overlay-color":"","overlay-opacity":"","overlay-gradient":""},"mobile":{"background-color":"var(--ast-global-color-4)","background-image":"","background-repeat":"repeat","background-position":"center center","background-size":"auto","background-attachment":"scroll","background-type":"","background-media":"","overlay-type":"","overlay-color":"","overlay-opacity":"","overlay-gradient":""}},"iawp_total_views":23,"footnotes":""},"class_list":["post-11672","page","type-page","status-publish","hentry"],"_links":{"self":[{"href":"https:\/\/histoire-en-citations.fr\/WP\/wp-json\/wp\/v2\/pages\/11672","targetHints":{"allow":["GET"]}}],"collection":[{"href":"https:\/\/histoire-en-citations.fr\/WP\/wp-json\/wp\/v2\/pages"}],"about":[{"href":"https:\/\/histoire-en-citations.fr\/WP\/wp-json\/wp\/v2\/types\/page"}],"author":[{"embeddable":true,"href":"https:\/\/histoire-en-citations.fr\/WP\/wp-json\/wp\/v2\/users\/1"}],"replies":[{"embeddable":true,"href":"https:\/\/histoire-en-citations.fr\/WP\/wp-json\/wp\/v2\/comments?post=11672"}],"version-history":[{"count":4,"href":"https:\/\/histoire-en-citations.fr\/WP\/wp-json\/wp\/v2\/pages\/11672\/revisions"}],"predecessor-version":[{"id":13975,"href":"https:\/\/histoire-en-citations.fr\/WP\/wp-json\/wp\/v2\/pages\/11672\/revisions\/13975"}],"wp:attachment":[{"href":"https:\/\/histoire-en-citations.fr\/WP\/wp-json\/wp\/v2\/media?parent=11672"}],"curies":[{"name":"wp","href":"https:\/\/api.w.org\/{rel}","templated":true}]}}