{"id":11679,"date":"2025-08-06T08:22:03","date_gmt":"2025-08-06T06:22:03","guid":{"rendered":"https:\/\/histoire-en-citations.fr\/WP\/avis-aux-editeurs\/"},"modified":"2025-09-22T07:32:16","modified_gmt":"2025-09-22T05:32:16","slug":"avis-aux-editeurs","status":"publish","type":"page","link":"https:\/\/histoire-en-citations.fr\/WP\/avis-aux-editeurs\/","title":{"rendered":"Avis aux \u00e9diteurs !"},"content":{"rendered":"<div class=\"field-item even\">\n<h4>\u00a0<\/h4>\n<h4>Les 10 Chroniques de <em>l\u2019Histoire en citations<\/em> sont pr\u00eates\u00a0\u00e0 \u00eatre publi\u00e9es, et nous cherchons un \u00e9diteur\u00a0!\u00a0<\/h4>\n<p>Cette histoire n\u2019a pas d\u2019\u00e9quivalent sur le march\u00e9.\u00a0De la Gaule \u00e0 nos jours, l\u2019histoire de France est cont\u00e9e en <strong>10 Chroniques<\/strong>, \u00e0 travers 3 500 citations sourc\u00e9es, comment\u00e9es, contextualis\u00e9es. La presse a reconnu cette originalit\u00e9 d\u00e8s la premi\u00e8re \u00e9dition et rien de comparable n\u2019a \u00e9t\u00e9 publi\u00e9 depuis.<\/p>\n<p>Contactez Mich\u00e8le Ressi sur <a href=\"https:\/\/histoire-en-citations.fr\/WP\/livre-livres-litterature\/\"><span data-original-string=\"OeAgbnl8z7fKQdS9l9RRrA==068v0xhEVEB7H49tstZg+x3qmd6ieTLC0qsEt8YYtUQdb0=\" class=\"apbct-email-encoder\" title=\"This contact has been encoded by Anti-Spam by CleanTalk. Click to decode. To finish the decoding make sure that JavaScript is enabled in your browser.\">mi<span class=\"apbct-blur\">***********<\/span>@<span class=\"apbct-blur\">****<\/span>ge.fr<\/span><\/a> pour discuter de ce projet d\u2019\u00e9dition.<\/p>\n<h4><img fetchpriority=\"high\" decoding=\"async\" src=\"https:\/\/histoire-en-citations.fr\/WP\/wp-content\/uploads\/2025\/08\/tomes_portraits_1.jpg\" width=\"780\" height=\"344\"><\/h4>\n<h4>Une mise en sc\u00e8ne originale.<\/h4>\n<p>Le r\u00e9cit national donne la parole \u00e0 plus de 1 000 auteurs\u00a0: acteurs et t\u00e9moins des \u00e9v\u00e9nements, chroniqueurs et historiens, po\u00e8tes et romanciers, chansonniers et journalistes.<\/p>\n<p>Grande et petite histoire se compl\u00e8tent dans cette com\u00e9die humaine o\u00f9 les personnages les plus c\u00e9l\u00e8bres c\u00f4toient le peuple. La chronologie, redevenue d\u2019actualit\u00e9, permet d\u2019aborder nombre de th\u00e8mes qui font toujours d\u00e9bat, en \u00e9vitant autant que possible deux pi\u00e8ges fr\u00e9quents\u00a0: le \u00ab\u00a0roman national\u00a0\u00bb et\u00a0 l\u2019anachronisme. Cette histoire vise un vaste public d\u2019amateurs et d\u2019\u00e9tudiants.<\/p>\n<h4>Premi\u00e8res versions \u00e9dit\u00e9es.<\/h4>\n<p><em>Dictionnaire des citations de l\u2019Histoire de France<\/em> (pr\u00e9face de Pierre Miquel), Le Rocher, 1990.<br><em>L\u2019Histoire de France en 1 000 citations<\/em> (pr\u00e9face de Jean Favier), Eyrolles, 2011.<br>Deux chroniques\u00a0: 5. <em>R\u00e9volution<\/em> \u2013 6. <em>Directoire, Consulat, Empire<\/em>, auto\u00e9dition Publishroom, 2019.<\/p>\n<p>Les chroniques (10 volumes) et le Dictionnaire\u00a0de 1\u00a0100 pages existent en version num\u00e9rique sur notre site.<br>(<span class=\"caps\">NB<\/span>. Le texte sera fourni mis en page, pr\u00e9-enrichi avec des styles inDesign au format Adobe inDesign Tagged Text. G\u00e9n\u00e9r\u00e9 \u00e0 partir d\u2019une base de donn\u00e9es, il est facilement adaptable).<\/p>\n<h4>Site Internet d\u00e9di\u00e9 (depuis 2014) et r\u00e9seaux sociaux.<\/h4>\n<p>Nous avons \u00e9crit tous les textes\u00a0: pr\u00e9sentation, \u00e9ditos hebdomadaires, sommaire, index, Histoire en tweets et Historamage illustr\u00e9 (bonus), etc.<br><span class=\"caps\">L\u2019H<\/span>istoire en citations s\u2019appuie sur une importante pr\u00e9sence en ligne, d\u2019o\u00f9 sa notori\u00e9t\u00e9\u00a0: plus de 50.000 visiteurs mensuels, 16.000 abonn\u00e9s sur Twitter \/ X, 36.000 sur Instagram.<\/p>\n<h4>L\u2019auteur<\/h4>\n<p>Chercheur au <span class=\"caps\">CNRS<\/span> en sciences humaines, essayiste, romanci\u00e8re, sc\u00e9nariste de t\u00e9l\u00e9vision et auteur dramatique, Mich\u00e8le Ressi se pr\u00e9sente ici comme \u00ab\u00a0metteur en sc\u00e8ne\u00a0\u00bb. Elle a fait le casting et \u00e9crit les didascalies, en respectant pleinement l\u2019Histoire \u2013 vie des personnages, d\u00e9roulement des faits, diversit\u00e9 des opinions.\u00a0\u00a0<\/p>\n<h4 style=\"text-align: center\"><a href=\"https:\/\/histoire-en-citations.fr\/WP\/livre-livres-litterature\/\"><strong>Vous \u00eates \u00e9diteur et souhaitez publier <em>l\u2019Histoire en citations<\/em>\u00a0? Contactez-nous\u00a0!<\/strong><\/a><\/h4>\n<p><img decoding=\"async\" src=\"https:\/\/histoire-en-citations.fr\/WP\/wp-content\/uploads\/2025\/08\/extraits_0.jpg\" width=\"1024\" height=\"670\" style=\"margin-left: auto;margin-right: auto\"><\/p>\n<p style=\"text-align: center\"><a href=\"https:\/\/histoire-en-citations.fr\/WP\/boutique\/\">Pour vous faire conna\u00eetre <em>l\u2019Histoire en citations<\/em>, nous vous proposons d\u2019en feuilleter des extraits.<\/a><\/p>\n<\/div>\n<style>\r\n        a .cit-num {\r\n            text-decoration: none !important;\r\n            color: inherit !important;\r\n        }\r\n    <\/style>","protected":false},"excerpt":{"rendered":"<p>\u00a0 Les 10 Chroniques de l\u2019Histoire en citations sont pr\u00eates\u00a0\u00e0 \u00eatre publi\u00e9es, et nous cherchons un \u00e9diteur&nbsp;!\u00a0 Cette histoire n\u2019a pas d\u2019\u00e9quivalent sur le march\u00e9.\u00a0De la Gaule \u00e0 nos jours, l\u2019histoire de France est cont\u00e9e en 10 Chroniques, \u00e0 travers 3 500 citations sourc\u00e9es, comment\u00e9es, contextualis\u00e9es. La presse a reconnu cette originalit\u00e9 d\u00e8s la premi\u00e8re [&#8230;]<\/p>\n","protected":false},"author":1,"featured_media":0,"parent":0,"menu_order":0,"comment_status":"closed","ping_status":"closed","template":"","meta":{"site-sidebar-layout":"default","site-content-layout":"","ast-site-content-layout":"default","site-content-style":"default","site-sidebar-style":"default","ast-global-header-display":"","ast-banner-title-visibility":"","ast-main-header-display":"","ast-hfb-above-header-display":"","ast-hfb-below-header-display":"","ast-hfb-mobile-header-display":"","site-post-title":"","ast-breadcrumbs-content":"","ast-featured-img":"","footer-sml-layout":"","theme-transparent-header-meta":"","adv-header-id-meta":"","stick-header-meta":"","header-above-stick-meta":"","header-main-stick-meta":"","header-below-stick-meta":"","astra-migrate-meta-layouts":"default","ast-page-background-enabled":"default","ast-page-background-meta":{"desktop":{"background-color":"var(--ast-global-color-5)","background-image":"","background-repeat":"repeat","background-position":"center center","background-size":"auto","background-attachment":"scroll","background-type":"","background-media":"","overlay-type":"","overlay-color":"","overlay-opacity":"","overlay-gradient":""},"tablet":{"background-color":"","background-image":"","background-repeat":"repeat","background-position":"center center","background-size":"auto","background-attachment":"scroll","background-type":"","background-media":"","overlay-type":"","overlay-color":"","overlay-opacity":"","overlay-gradient":""},"mobile":{"background-color":"","background-image":"","background-repeat":"repeat","background-position":"center center","background-size":"auto","background-attachment":"scroll","background-type":"","background-media":"","overlay-type":"","overlay-color":"","overlay-opacity":"","overlay-gradient":""}},"ast-content-background-meta":{"desktop":{"background-color":"var(--ast-global-color-4)","background-image":"","background-repeat":"repeat","background-position":"center center","background-size":"auto","background-attachment":"scroll","background-type":"","background-media":"","overlay-type":"","overlay-color":"","overlay-opacity":"","overlay-gradient":""},"tablet":{"background-color":"var(--ast-global-color-4)","background-image":"","background-repeat":"repeat","background-position":"center center","background-size":"auto","background-attachment":"scroll","background-type":"","background-media":"","overlay-type":"","overlay-color":"","overlay-opacity":"","overlay-gradient":""},"mobile":{"background-color":"var(--ast-global-color-4)","background-image":"","background-repeat":"repeat","background-position":"center center","background-size":"auto","background-attachment":"scroll","background-type":"","background-media":"","overlay-type":"","overlay-color":"","overlay-opacity":"","overlay-gradient":""}},"iawp_total_views":25,"footnotes":""},"class_list":["post-11679","page","type-page","status-publish","hentry"],"_links":{"self":[{"href":"https:\/\/histoire-en-citations.fr\/WP\/wp-json\/wp\/v2\/pages\/11679","targetHints":{"allow":["GET"]}}],"collection":[{"href":"https:\/\/histoire-en-citations.fr\/WP\/wp-json\/wp\/v2\/pages"}],"about":[{"href":"https:\/\/histoire-en-citations.fr\/WP\/wp-json\/wp\/v2\/types\/page"}],"author":[{"embeddable":true,"href":"https:\/\/histoire-en-citations.fr\/WP\/wp-json\/wp\/v2\/users\/1"}],"replies":[{"embeddable":true,"href":"https:\/\/histoire-en-citations.fr\/WP\/wp-json\/wp\/v2\/comments?post=11679"}],"version-history":[{"count":2,"href":"https:\/\/histoire-en-citations.fr\/WP\/wp-json\/wp\/v2\/pages\/11679\/revisions"}],"predecessor-version":[{"id":11883,"href":"https:\/\/histoire-en-citations.fr\/WP\/wp-json\/wp\/v2\/pages\/11679\/revisions\/11883"}],"wp:attachment":[{"href":"https:\/\/histoire-en-citations.fr\/WP\/wp-json\/wp\/v2\/media?parent=11679"}],"curies":[{"name":"wp","href":"https:\/\/api.w.org\/{rel}","templated":true}]}}