{"id":11805,"date":"2025-08-06T11:43:08","date_gmt":"2025-08-06T09:43:08","guid":{"rendered":"https:\/\/histoire-en-citations.fr\/WP\/?post_type=product&#038;p=11805"},"modified":"2025-09-15T12:08:00","modified_gmt":"2025-09-15T10:08:00","slug":"volume-1","status":"publish","type":"page","link":"https:\/\/histoire-en-citations.fr\/WP\/volume-1\/","title":{"rendered":"Volume 1 &#8211; Chronique 1 : Gaule et Moyen \u00e2ge"},"content":{"rendered":"<p>P\u00e9riode \u00e9pique de dix si\u00e8cles, succession d\u2019invasions. C\u00e9sar fait \u00ab\u00a0la Guerre des Gaules\u00a0\u00bb\u00a0: vaincu, Vercing\u00e9torix sera le premier h\u00e9ros de l\u2019Histoire. Et la civilisation romaine profitera aux Gaulois, durant trois si\u00e8cles de pax romana.<\/p>\n<p>La religion marque les dix si\u00e8cles du Moyen \u00c2ge, entre croisades et cath\u00e9drales.<\/p>\n<p>Charlemagne, sacr\u00e9 \u00e0 Rome (800), fait l\u2019Europe \u2013 un \u00e9ph\u00e9m\u00e8re empire chr\u00e9tien. Louis <span class=\"caps\">IX<\/span> sera sanctifi\u00e9, puis Jeanne d\u2019Arc, h\u00e9ro\u00efne dans la Guerre de Cent ans contre l\u2019ennemi anglais, bient\u00f4t \u00ab\u00a0bout\u00e9\u00a0\u00bb hors de France. Le pays prend forme. Et Louis <span class=\"caps\">XI<\/span> peut dire sans mentir\u00a0: \u00ab\u00a0Je suis France.\u00a0\u00bb<\/p>\n<p><a class=\"feuilletage\" href=\"https:\/\/www.histoire-en-citations.fr\/feuilletage\/01\">Feuilletez quelques pages<\/a><\/p>\n<p>Livre \u00e9lectronique (format <span class=\"caps\">EPUB<\/span>)<\/p>\n<p><span class=\"caps\">ISBN<\/span>: 978-2-37184-014-0<br>e-book, 385 citations<\/p>\n<div class=\"boutons-achat\"><a href=\"https:\/\/www.amazon.fr\/Chronique-Gaule-Moyen-LHistoire-citations-ebook\/dp\/B0FMD3F31P\/\" target=\"_blank\" rel=\"noopener\"><img decoding=\"async\" src=\"https:\/\/histoire-en-citations.fr\/WP\/wp-content\/uploads\/2025\/08\/amazon-1.png\" width=\"250\"><\/a> <a href=\"https:\/\/www.fnac.com\/livre-numerique\/a21941389\/Michele-Ressi-Chronique-1-Gaule-et-Moyen-age#FORMAT=ebook%20(ePub)\" target=\"_blank\" rel=\"noopener\" class=\"broken_link\"><img decoding=\"async\" src=\"https:\/\/histoire-en-citations.fr\/WP\/wp-content\/uploads\/2025\/08\/Fnac-Symbol-scaled.png\" width=\"250\"><\/a><\/div>\n<p>\u00a0<\/p>\n<style>\r\n        a .cit-num {\r\n            text-decoration: none !important;\r\n            color: inherit !important;\r\n        }\r\n    <\/style>","protected":false},"excerpt":{"rendered":"<p>P\u00e9riode \u00e9pique de dix si\u00e8cles, succession d\u2019invasions. C\u00e9sar fait \u00ab\u00a0la Guerre des Gaules\u00a0\u00bb\u00a0: vaincu, Vercing\u00e9torix sera le premier h\u00e9ros de l\u2019Histoire. Et la civilisation romaine profitera aux Gaulois, durant trois si\u00e8cles de pax romana. La religion marque les dix si\u00e8cles du Moyen \u00c2ge, entre croisades et cath\u00e9drales. Charlemagne, sacr\u00e9 \u00e0 Rome (800), fait l\u2019Europe \u2013 [&hellip;]<\/p>\n","protected":false},"author":1,"featured_media":14041,"parent":0,"menu_order":0,"comment_status":"closed","ping_status":"closed","template":"","meta":{"site-sidebar-layout":"default","site-content-layout":"","ast-site-content-layout":"default","site-content-style":"default","site-sidebar-style":"default","ast-global-header-display":"","ast-banner-title-visibility":"","ast-main-header-display":"","ast-hfb-above-header-display":"","ast-hfb-below-header-display":"","ast-hfb-mobile-header-display":"","site-post-title":"","ast-breadcrumbs-content":"","ast-featured-img":"","footer-sml-layout":"","theme-transparent-header-meta":"default","adv-header-id-meta":"","stick-header-meta":"","header-above-stick-meta":"","header-main-stick-meta":"","header-below-stick-meta":"","astra-migrate-meta-layouts":"set","ast-page-background-enabled":"default","ast-page-background-meta":{"desktop":{"background-color":"var(--ast-global-color-5)","background-image":"","background-repeat":"repeat","background-position":"center center","background-size":"auto","background-attachment":"scroll","background-type":"","background-media":"","overlay-type":"","overlay-color":"","overlay-opacity":"","overlay-gradient":""},"tablet":{"background-color":"","background-image":"","background-repeat":"repeat","background-position":"center center","background-size":"auto","background-attachment":"scroll","background-type":"","background-media":"","overlay-type":"","overlay-color":"","overlay-opacity":"","overlay-gradient":""},"mobile":{"background-color":"","background-image":"","background-repeat":"repeat","background-position":"center center","background-size":"auto","background-attachment":"scroll","background-type":"","background-media":"","overlay-type":"","overlay-color":"","overlay-opacity":"","overlay-gradient":""}},"ast-content-background-meta":{"desktop":{"background-color":"var(--ast-global-color-4)","background-image":"","background-repeat":"repeat","background-position":"center center","background-size":"auto","background-attachment":"scroll","background-type":"","background-media":"","overlay-type":"","overlay-color":"","overlay-opacity":"","overlay-gradient":""},"tablet":{"background-color":"var(--ast-global-color-4)","background-image":"","background-repeat":"repeat","background-position":"center center","background-size":"auto","background-attachment":"scroll","background-type":"","background-media":"","overlay-type":"","overlay-color":"","overlay-opacity":"","overlay-gradient":""},"mobile":{"background-color":"var(--ast-global-color-4)","background-image":"","background-repeat":"repeat","background-position":"center center","background-size":"auto","background-attachment":"scroll","background-type":"","background-media":"","overlay-type":"","overlay-color":"","overlay-opacity":"","overlay-gradient":""}},"iawp_total_views":89,"footnotes":""},"class_list":["post-11805","page","type-page","status-publish","has-post-thumbnail","hentry"],"_links":{"self":[{"href":"https:\/\/histoire-en-citations.fr\/WP\/wp-json\/wp\/v2\/pages\/11805","targetHints":{"allow":["GET"]}}],"collection":[{"href":"https:\/\/histoire-en-citations.fr\/WP\/wp-json\/wp\/v2\/pages"}],"about":[{"href":"https:\/\/histoire-en-citations.fr\/WP\/wp-json\/wp\/v2\/types\/page"}],"author":[{"embeddable":true,"href":"https:\/\/histoire-en-citations.fr\/WP\/wp-json\/wp\/v2\/users\/1"}],"replies":[{"embeddable":true,"href":"https:\/\/histoire-en-citations.fr\/WP\/wp-json\/wp\/v2\/comments?post=11805"}],"version-history":[{"count":5,"href":"https:\/\/histoire-en-citations.fr\/WP\/wp-json\/wp\/v2\/pages\/11805\/revisions"}],"predecessor-version":[{"id":14106,"href":"https:\/\/histoire-en-citations.fr\/WP\/wp-json\/wp\/v2\/pages\/11805\/revisions\/14106"}],"wp:featuredmedia":[{"embeddable":true,"href":"https:\/\/histoire-en-citations.fr\/WP\/wp-json\/wp\/v2\/media\/14041"}],"wp:attachment":[{"href":"https:\/\/histoire-en-citations.fr\/WP\/wp-json\/wp\/v2\/media?parent=11805"}],"curies":[{"name":"wp","href":"https:\/\/api.w.org\/{rel}","templated":true}]}}