{"id":11807,"date":"2025-08-06T11:45:20","date_gmt":"2025-08-06T09:45:20","guid":{"rendered":"https:\/\/histoire-en-citations.fr\/WP\/?post_type=product&#038;p=11807"},"modified":"2025-09-15T12:09:55","modified_gmt":"2025-09-15T10:09:55","slug":"volume-3","status":"publish","type":"page","link":"https:\/\/histoire-en-citations.fr\/WP\/volume-3\/","title":{"rendered":"Volume 3 &#8211; Chronique 3 : Si\u00e8cle de Louis XIV"},"content":{"rendered":"<p>L\u2019enfant roi, 5 ans \u00e0 la mort de Louis <span class=\"caps\">XIII<\/span>, va apprendre son m\u00e9tier avec Mazarin, \u00ab\u00a0Principal ministre\u00a0\u00bb, qui triomphe de la Fronde, lui laissant une France prosp\u00e8re, et en paix.<\/p>\n<p>Louis <span class=\"caps\">XIV<\/span> r\u00e8gne en ma\u00eetre absolu, pendant plus d\u2019un demi-si\u00e8cle. \u00ab\u00a0L\u2019\u00c9tat, c\u2019est moi\u00a0\u00bb r\u00e9sume cette monarchie forte et fi\u00e8re, premi\u00e8re puissance en Europe, admir\u00e9e et redout\u00e9e. Le roi guerrier chevauche \u00e0 la t\u00eate de ses troupes. Le roi m\u00e9c\u00e8ne adore le th\u00e9\u00e2tre (Moli\u00e8re, Racine), la danse et l\u2019op\u00e9ra (Lully), les b\u00e2timents (Versailles) et les Beaux-Arts. Mais le roi soleil impose une fin de r\u00e8gne cr\u00e9pusculaire \u00e0 la cour \u2013 et au pays \u00e9puis\u00e9 de guerres, de famines, de froid.<\/p>\n<p><a class=\"feuilletage\" href=\"https:\/\/www.histoire-en-citations.fr\/feuilletage\/03\">Feuilletez quelques pages<\/a><\/p>\n<p>Livre \u00e9lectronique (format <span class=\"caps\">EPUB<\/span>)<\/p>\n<p><span class=\"caps\">ISBN<\/span>: <span class=\"a-list-item\"><span class=\"a-text-bold\"> \u200e <\/span> 979-1040586661<\/span><br>e-book, 206 citations<\/p>\n<div class=\"boutons-achat\"><a href=\"https:\/\/www.amazon.fr\/Chronique-Si%C3%A8cle-Louis-LHistoire-citations-ebook\/dp\/B0FMDQ5MK7\/\" target=\"_blank\" rel=\"noopener\"><img decoding=\"async\" src=\"https:\/\/histoire-en-citations.fr\/WP\/wp-content\/uploads\/2025\/08\/amazon-1.png\" width=\"250\"><\/a> <a href=\"https:\/\/www.fnac.com\/livre-numerique\/a21941036\/Michele-Ressi-Chronique-3-Siecle-de-Louis-XIV#FORMAT=ebook%20(ePub)\" target=\"_blank\" rel=\"noopener\" class=\"broken_link\"><img decoding=\"async\" src=\"https:\/\/histoire-en-citations.fr\/WP\/wp-content\/uploads\/2025\/08\/Fnac-Symbol-scaled.png\" width=\"250\"><\/a><\/div>\n<p>\u00a0<\/p>\n<style>\r\n        a .cit-num {\r\n            text-decoration: none !important;\r\n            color: inherit !important;\r\n        }\r\n    <\/style>","protected":false},"excerpt":{"rendered":"<p>L\u2019enfant roi, 5 ans \u00e0 la mort de Louis XIII, va apprendre son m\u00e9tier avec Mazarin, \u00ab\u00a0Principal ministre\u00a0\u00bb, qui triomphe de la Fronde, lui laissant une France prosp\u00e8re, et en paix. Louis XIV r\u00e8gne en ma\u00eetre absolu, pendant plus d\u2019un demi-si\u00e8cle. \u00ab\u00a0L\u2019\u00c9tat, c\u2019est moi\u00a0\u00bb r\u00e9sume cette monarchie forte et fi\u00e8re, premi\u00e8re puissance en Europe, admir\u00e9e [&hellip;]<\/p>\n","protected":false},"author":1,"featured_media":13396,"parent":0,"menu_order":0,"comment_status":"closed","ping_status":"closed","template":"","meta":{"site-sidebar-layout":"default","site-content-layout":"","ast-site-content-layout":"default","site-content-style":"default","site-sidebar-style":"default","ast-global-header-display":"","ast-banner-title-visibility":"","ast-main-header-display":"","ast-hfb-above-header-display":"","ast-hfb-below-header-display":"","ast-hfb-mobile-header-display":"","site-post-title":"","ast-breadcrumbs-content":"","ast-featured-img":"","footer-sml-layout":"","theme-transparent-header-meta":"default","adv-header-id-meta":"","stick-header-meta":"","header-above-stick-meta":"","header-main-stick-meta":"","header-below-stick-meta":"","astra-migrate-meta-layouts":"set","ast-page-background-enabled":"default","ast-page-background-meta":{"desktop":{"background-color":"var(--ast-global-color-5)","background-image":"","background-repeat":"repeat","background-position":"center center","background-size":"auto","background-attachment":"scroll","background-type":"","background-media":"","overlay-type":"","overlay-color":"","overlay-opacity":"","overlay-gradient":""},"tablet":{"background-color":"","background-image":"","background-repeat":"repeat","background-position":"center center","background-size":"auto","background-attachment":"scroll","background-type":"","background-media":"","overlay-type":"","overlay-color":"","overlay-opacity":"","overlay-gradient":""},"mobile":{"background-color":"","background-image":"","background-repeat":"repeat","background-position":"center center","background-size":"auto","background-attachment":"scroll","background-type":"","background-media":"","overlay-type":"","overlay-color":"","overlay-opacity":"","overlay-gradient":""}},"ast-content-background-meta":{"desktop":{"background-color":"var(--ast-global-color-4)","background-image":"","background-repeat":"repeat","background-position":"center center","background-size":"auto","background-attachment":"scroll","background-type":"","background-media":"","overlay-type":"","overlay-color":"","overlay-opacity":"","overlay-gradient":""},"tablet":{"background-color":"var(--ast-global-color-4)","background-image":"","background-repeat":"repeat","background-position":"center center","background-size":"auto","background-attachment":"scroll","background-type":"","background-media":"","overlay-type":"","overlay-color":"","overlay-opacity":"","overlay-gradient":""},"mobile":{"background-color":"var(--ast-global-color-4)","background-image":"","background-repeat":"repeat","background-position":"center center","background-size":"auto","background-attachment":"scroll","background-type":"","background-media":"","overlay-type":"","overlay-color":"","overlay-opacity":"","overlay-gradient":""}},"iawp_total_views":53,"footnotes":""},"class_list":["post-11807","page","type-page","status-publish","has-post-thumbnail","hentry"],"_links":{"self":[{"href":"https:\/\/histoire-en-citations.fr\/WP\/wp-json\/wp\/v2\/pages\/11807","targetHints":{"allow":["GET"]}}],"collection":[{"href":"https:\/\/histoire-en-citations.fr\/WP\/wp-json\/wp\/v2\/pages"}],"about":[{"href":"https:\/\/histoire-en-citations.fr\/WP\/wp-json\/wp\/v2\/types\/page"}],"author":[{"embeddable":true,"href":"https:\/\/histoire-en-citations.fr\/WP\/wp-json\/wp\/v2\/users\/1"}],"replies":[{"embeddable":true,"href":"https:\/\/histoire-en-citations.fr\/WP\/wp-json\/wp\/v2\/comments?post=11807"}],"version-history":[{"count":6,"href":"https:\/\/histoire-en-citations.fr\/WP\/wp-json\/wp\/v2\/pages\/11807\/revisions"}],"predecessor-version":[{"id":14109,"href":"https:\/\/histoire-en-citations.fr\/WP\/wp-json\/wp\/v2\/pages\/11807\/revisions\/14109"}],"wp:featuredmedia":[{"embeddable":true,"href":"https:\/\/histoire-en-citations.fr\/WP\/wp-json\/wp\/v2\/media\/13396"}],"wp:attachment":[{"href":"https:\/\/histoire-en-citations.fr\/WP\/wp-json\/wp\/v2\/media?parent=11807"}],"curies":[{"name":"wp","href":"https:\/\/api.w.org\/{rel}","templated":true}]}}