{"id":11808,"date":"2025-08-06T11:46:01","date_gmt":"2025-08-06T09:46:01","guid":{"rendered":"https:\/\/histoire-en-citations.fr\/WP\/?post_type=product&#038;p=11808"},"modified":"2025-09-15T12:10:24","modified_gmt":"2025-09-15T10:10:24","slug":"volume-4","status":"publish","type":"page","link":"https:\/\/histoire-en-citations.fr\/WP\/volume-4\/","title":{"rendered":"Volume 4 &#8211; Chronique 4 : Si\u00e8cle des lumi\u00e8res"},"content":{"rendered":"<p>Tout commence avec l\u2019aimable R\u00e9gence, qui rime avec licence. Le tr\u00e8s long r\u00e8gne de Louis <span class=\"caps\">XV<\/span> le Bien Aim\u00e9 d\u00e9bute bien \u2013 mais ce roi si peu fait pour r\u00e9gner finira mal, ha\u00ef du peuple. Quant \u00e0 Louis <span class=\"caps\">XVI<\/span>, ce sera pire\u2026<\/p>\n<p>Pour l\u2019heure, le si\u00e8cle des Lumi\u00e8res est \u00e0 l\u2019image du <span class=\"caps\">XVIII<\/span><sup>e<\/sup> fran\u00e7ais, qui \u00e9claire l\u2019Europe. Les m\u0153urs sont libres \u2013 comme jamais avant ni apr\u00e8s. Les philosophes brillent en soci\u00e9t\u00e9\u00a0: Montesquieu, Voltaire, Rousseau, Diderot et l\u2019Encyclop\u00e9die. Les salons diffusent la bonne parole, la th\u00e9\u00e2tromanie fait fureur. C\u2019est encore l\u2019Ancien R\u00e9gime et sa douceur de vivre, pour les privil\u00e9gi\u00e9s. Mais le r\u00e9gime est \u00e9branl\u00e9 d\u2019autant plus qu\u2019il r\u00e9siste \u00e0 toute r\u00e9forme.<\/p>\n<p><a class=\"feuilletage\" href=\"https:\/\/www.histoire-en-citations.fr\/feuilletage\/04\">Feuilletez quelques pages<\/a><\/p>\n<p>Livre \u00e9lectronique (format <span class=\"caps\">EPUB<\/span>)<\/p>\n<p><span class=\"caps\">ISBN<\/span>: <span class=\"a-list-item\">979-1040586678<\/span><br>e-book, 315 citations<\/p>\n<div class=\"boutons-achat\"><a href=\"https:\/\/www.amazon.fr\/Chronique-Si%C3%A8cle-lumi%C3%A8res-LHistoire-citations-ebook\/dp\/B0FMFKGMXT\/\" target=\"_blank\" rel=\"noopener\"><img decoding=\"async\" src=\"https:\/\/histoire-en-citations.fr\/WP\/wp-content\/uploads\/2025\/08\/amazon-1.png\" width=\"250\"><\/a> <a href=\"https:\/\/www.fnac.com\/livre-numerique\/a21941449\/Michele-Ressi-Chronique-4-Siecle-des-lumieres#FORMAT=ebook%20(ePub)\" target=\"_blank\" rel=\"noopener\" class=\"broken_link\"><img decoding=\"async\" src=\"https:\/\/histoire-en-citations.fr\/WP\/wp-content\/uploads\/2025\/08\/Fnac-Symbol-scaled.png\" width=\"250\"><\/a><\/div>\n<style>\r\n        a .cit-num {\r\n            text-decoration: none !important;\r\n            color: inherit !important;\r\n        }\r\n    <\/style>","protected":false},"excerpt":{"rendered":"<p>Tout commence avec l\u2019aimable R\u00e9gence, qui rime avec licence. Le tr\u00e8s long r\u00e8gne de Louis XV le Bien Aim\u00e9 d\u00e9bute bien \u2013 mais ce roi si peu fait pour r\u00e9gner finira mal, ha\u00ef du peuple. Quant \u00e0 Louis XVI, ce sera pire\u2026 Pour l\u2019heure, le si\u00e8cle des Lumi\u00e8res est \u00e0 l\u2019image du XVIIIe fran\u00e7ais, qui [&hellip;]<\/p>\n","protected":false},"author":1,"featured_media":13398,"parent":0,"menu_order":0,"comment_status":"closed","ping_status":"closed","template":"","meta":{"site-sidebar-layout":"default","site-content-layout":"","ast-site-content-layout":"default","site-content-style":"default","site-sidebar-style":"default","ast-global-header-display":"","ast-banner-title-visibility":"","ast-main-header-display":"","ast-hfb-above-header-display":"","ast-hfb-below-header-display":"","ast-hfb-mobile-header-display":"","site-post-title":"","ast-breadcrumbs-content":"","ast-featured-img":"","footer-sml-layout":"","theme-transparent-header-meta":"default","adv-header-id-meta":"","stick-header-meta":"","header-above-stick-meta":"","header-main-stick-meta":"","header-below-stick-meta":"","astra-migrate-meta-layouts":"set","ast-page-background-enabled":"default","ast-page-background-meta":{"desktop":{"background-color":"var(--ast-global-color-5)","background-image":"","background-repeat":"repeat","background-position":"center center","background-size":"auto","background-attachment":"scroll","background-type":"","background-media":"","overlay-type":"","overlay-color":"","overlay-opacity":"","overlay-gradient":""},"tablet":{"background-color":"","background-image":"","background-repeat":"repeat","background-position":"center center","background-size":"auto","background-attachment":"scroll","background-type":"","background-media":"","overlay-type":"","overlay-color":"","overlay-opacity":"","overlay-gradient":""},"mobile":{"background-color":"","background-image":"","background-repeat":"repeat","background-position":"center center","background-size":"auto","background-attachment":"scroll","background-type":"","background-media":"","overlay-type":"","overlay-color":"","overlay-opacity":"","overlay-gradient":""}},"ast-content-background-meta":{"desktop":{"background-color":"var(--ast-global-color-4)","background-image":"","background-repeat":"repeat","background-position":"center center","background-size":"auto","background-attachment":"scroll","background-type":"","background-media":"","overlay-type":"","overlay-color":"","overlay-opacity":"","overlay-gradient":""},"tablet":{"background-color":"var(--ast-global-color-4)","background-image":"","background-repeat":"repeat","background-position":"center center","background-size":"auto","background-attachment":"scroll","background-type":"","background-media":"","overlay-type":"","overlay-color":"","overlay-opacity":"","overlay-gradient":""},"mobile":{"background-color":"var(--ast-global-color-4)","background-image":"","background-repeat":"repeat","background-position":"center center","background-size":"auto","background-attachment":"scroll","background-type":"","background-media":"","overlay-type":"","overlay-color":"","overlay-opacity":"","overlay-gradient":""}},"iawp_total_views":58,"footnotes":""},"class_list":["post-11808","page","type-page","status-publish","has-post-thumbnail","hentry"],"_links":{"self":[{"href":"https:\/\/histoire-en-citations.fr\/WP\/wp-json\/wp\/v2\/pages\/11808","targetHints":{"allow":["GET"]}}],"collection":[{"href":"https:\/\/histoire-en-citations.fr\/WP\/wp-json\/wp\/v2\/pages"}],"about":[{"href":"https:\/\/histoire-en-citations.fr\/WP\/wp-json\/wp\/v2\/types\/page"}],"author":[{"embeddable":true,"href":"https:\/\/histoire-en-citations.fr\/WP\/wp-json\/wp\/v2\/users\/1"}],"replies":[{"embeddable":true,"href":"https:\/\/histoire-en-citations.fr\/WP\/wp-json\/wp\/v2\/comments?post=11808"}],"version-history":[{"count":5,"href":"https:\/\/histoire-en-citations.fr\/WP\/wp-json\/wp\/v2\/pages\/11808\/revisions"}],"predecessor-version":[{"id":14110,"href":"https:\/\/histoire-en-citations.fr\/WP\/wp-json\/wp\/v2\/pages\/11808\/revisions\/14110"}],"wp:featuredmedia":[{"embeddable":true,"href":"https:\/\/histoire-en-citations.fr\/WP\/wp-json\/wp\/v2\/media\/13398"}],"wp:attachment":[{"href":"https:\/\/histoire-en-citations.fr\/WP\/wp-json\/wp\/v2\/media?parent=11808"}],"curies":[{"name":"wp","href":"https:\/\/api.w.org\/{rel}","templated":true}]}}