{"id":11809,"date":"2025-08-06T11:46:52","date_gmt":"2025-08-06T09:46:52","guid":{"rendered":"https:\/\/histoire-en-citations.fr\/WP\/?post_type=product&#038;p=11809"},"modified":"2026-01-23T10:54:55","modified_gmt":"2026-01-23T09:54:55","slug":"volume-5","status":"publish","type":"page","link":"https:\/\/histoire-en-citations.fr\/WP\/volume-5\/","title":{"rendered":"Volume 5 &#8211; Chronique 5 : R\u00e9volution"},"content":{"rendered":"<h4><a class=\"commander-papier\" href=\"https:\/\/www.histoire-en-citations.fr\/vous-preferez-le-papier\">Cliquer ici pour commander la version papier (15\u20ac)<\/a><\/h4>\n<p>Cinq ann\u00e9es changent le cours de l\u2019Histoire, r\u00e9v\u00e9lant une galerie de personnages m\u00e9morables, de Mirabeau \u00e0 Robespierre. La force des mots s\u2019impose \u00e0 l\u2019Assembl\u00e9e, tandis que dans la rue, le peuple prend la Bastille (1789), et parfois le pouvoir. Le pire et le meilleur se c\u00f4toient\u00a0: Constitution, F\u00eate de la F\u00e9d\u00e9ration, valeurs de la jeune R\u00e9publique \u2013 Libert\u00e9, \u00c9galit\u00e9, Fraternit\u00e9.<\/p>\n<p>Mais les extr\u00e9mismes se d\u00e9cha\u00eenent et \u00ab\u00a0la Terreur est \u00e0 l\u2019ordre du jour\u00a0\u00bb par d\u00e9cret, sur fond de guerre. Si la guillotine est un spectacle pour la foule parisienne, la mort de Louis <span class=\"caps\">XVI<\/span> bouleverse une France majoritairement royaliste, et chr\u00e9tienne.<\/p>\n<p><a class=\"feuilletage\" href=\"https:\/\/www.histoire-en-citations.fr\/feuilletage\/05\">Feuilletez quelques pages<\/a><\/p>\n<p>Livre \u00e9lectronique (format <span class=\"caps\">EPUB<\/span>)<\/p>\n<p><span class=\"caps\">ISBN<\/span>: <span class=\"a-list-item\">979-1040586685<\/span><br>\ne-book, 374 citations<\/p>\n<div class=\"boutons-achat\"><a href=\"https:\/\/www.amazon.fr\/Chronique-R%C3%A9volution-LHistoire-Mich%C3%A8le-Ressi-ebook\/dp\/B0FM8VMDF5\/\" target=\"_blank\" rel=\"noopener\"><img decoding=\"async\" src=\"https:\/\/histoire-en-citations.fr\/WP\/wp-content\/uploads\/2025\/08\/amazon-1.png\" width=\"250\"><\/a> <a href=\"https:\/\/www.fnac.com\/livre-numerique\/a21941191\/Michele-Ressi-Chronique-5-Revolution#FORMAT=ebook%20(ePub)\" target=\"_blank\" rel=\"noopener\" class=\"broken_link\"><img decoding=\"async\" src=\"https:\/\/histoire-en-citations.fr\/WP\/wp-content\/uploads\/2025\/08\/Fnac-Symbol-scaled.png\" width=\"250\"><\/a><\/div>\n<style>\r\n        a .cit-num {\r\n            text-decoration: none !important;\r\n            color: inherit !important;\r\n        }\r\n    <\/style>","protected":false},"excerpt":{"rendered":"<p>Cliquer ici pour commander la version papier (15\u20ac) Cinq ann\u00e9es changent le cours de l\u2019Histoire, r\u00e9v\u00e9lant une galerie de personnages m\u00e9morables, de Mirabeau \u00e0 Robespierre. La force des mots s\u2019impose \u00e0 l\u2019Assembl\u00e9e, tandis que dans la rue, le peuple prend la Bastille (1789), et parfois le pouvoir. Le pire et le meilleur se c\u00f4toient\u00a0: Constitution, [&hellip;]<\/p>\n","protected":false},"author":1,"featured_media":13399,"parent":0,"menu_order":0,"comment_status":"closed","ping_status":"closed","template":"","meta":{"site-sidebar-layout":"default","site-content-layout":"","ast-site-content-layout":"default","site-content-style":"default","site-sidebar-style":"default","ast-global-header-display":"","ast-banner-title-visibility":"","ast-main-header-display":"","ast-hfb-above-header-display":"","ast-hfb-below-header-display":"","ast-hfb-mobile-header-display":"","site-post-title":"","ast-breadcrumbs-content":"","ast-featured-img":"","footer-sml-layout":"","theme-transparent-header-meta":"default","adv-header-id-meta":"","stick-header-meta":"","header-above-stick-meta":"","header-main-stick-meta":"","header-below-stick-meta":"","astra-migrate-meta-layouts":"set","ast-page-background-enabled":"default","ast-page-background-meta":{"desktop":{"background-color":"var(--ast-global-color-5)","background-image":"","background-repeat":"repeat","background-position":"center center","background-size":"auto","background-attachment":"scroll","background-type":"","background-media":"","overlay-type":"","overlay-color":"","overlay-opacity":"","overlay-gradient":""},"tablet":{"background-color":"","background-image":"","background-repeat":"repeat","background-position":"center center","background-size":"auto","background-attachment":"scroll","background-type":"","background-media":"","overlay-type":"","overlay-color":"","overlay-opacity":"","overlay-gradient":""},"mobile":{"background-color":"","background-image":"","background-repeat":"repeat","background-position":"center center","background-size":"auto","background-attachment":"scroll","background-type":"","background-media":"","overlay-type":"","overlay-color":"","overlay-opacity":"","overlay-gradient":""}},"ast-content-background-meta":{"desktop":{"background-color":"var(--ast-global-color-4)","background-image":"","background-repeat":"repeat","background-position":"center center","background-size":"auto","background-attachment":"scroll","background-type":"","background-media":"","overlay-type":"","overlay-color":"","overlay-opacity":"","overlay-gradient":""},"tablet":{"background-color":"var(--ast-global-color-4)","background-image":"","background-repeat":"repeat","background-position":"center center","background-size":"auto","background-attachment":"scroll","background-type":"","background-media":"","overlay-type":"","overlay-color":"","overlay-opacity":"","overlay-gradient":""},"mobile":{"background-color":"var(--ast-global-color-4)","background-image":"","background-repeat":"repeat","background-position":"center center","background-size":"auto","background-attachment":"scroll","background-type":"","background-media":"","overlay-type":"","overlay-color":"","overlay-opacity":"","overlay-gradient":""}},"iawp_total_views":70,"footnotes":""},"class_list":["post-11809","page","type-page","status-publish","has-post-thumbnail","hentry"],"_links":{"self":[{"href":"https:\/\/histoire-en-citations.fr\/WP\/wp-json\/wp\/v2\/pages\/11809","targetHints":{"allow":["GET"]}}],"collection":[{"href":"https:\/\/histoire-en-citations.fr\/WP\/wp-json\/wp\/v2\/pages"}],"about":[{"href":"https:\/\/histoire-en-citations.fr\/WP\/wp-json\/wp\/v2\/types\/page"}],"author":[{"embeddable":true,"href":"https:\/\/histoire-en-citations.fr\/WP\/wp-json\/wp\/v2\/users\/1"}],"replies":[{"embeddable":true,"href":"https:\/\/histoire-en-citations.fr\/WP\/wp-json\/wp\/v2\/comments?post=11809"}],"version-history":[{"count":6,"href":"https:\/\/histoire-en-citations.fr\/WP\/wp-json\/wp\/v2\/pages\/11809\/revisions"}],"predecessor-version":[{"id":15549,"href":"https:\/\/histoire-en-citations.fr\/WP\/wp-json\/wp\/v2\/pages\/11809\/revisions\/15549"}],"wp:featuredmedia":[{"embeddable":true,"href":"https:\/\/histoire-en-citations.fr\/WP\/wp-json\/wp\/v2\/media\/13399"}],"wp:attachment":[{"href":"https:\/\/histoire-en-citations.fr\/WP\/wp-json\/wp\/v2\/media?parent=11809"}],"curies":[{"name":"wp","href":"https:\/\/api.w.org\/{rel}","templated":true}]}}