{"id":13403,"date":"2025-08-17T11:51:22","date_gmt":"2025-08-17T09:51:22","guid":{"rendered":"https:\/\/histoire-en-citations.fr\/WP\/?post_type=product&#038;p=13403"},"modified":"2025-09-15T12:11:57","modified_gmt":"2025-09-15T10:11:57","slug":"volume-7","status":"publish","type":"page","link":"https:\/\/histoire-en-citations.fr\/WP\/volume-7\/","title":{"rendered":"Volume 7 &#8211; Chronique 7 : Restauration, Monarchie de Juillet, Deuxi\u00e8me R\u00e9publique"},"content":{"rendered":"<p>Louis XVIII et Charles X, puis Louis-Philippe, \u00abroi des barricades\u00bb : les rois se suivent, impuissants \u00e0 gouverner ou r\u00e9former. D\u2019o\u00f9 r\u00e9voltes r\u00e9prim\u00e9es, r\u00e9volutions avort\u00e9es ou vol\u00e9es aux r\u00e9publicains, dans un contexte europ\u00e9en bouscul\u00e9 par le Printemps des peuples (1848). M\u00eame si \u00abla France est une nation qui s\u2019ennuie\u00bb, la politique d\u00e9cha\u00eene les passions. Les partis d\u2019opposition ou de gouvernement s\u2019organisent.<\/p>\n<p>L\u2019opinion publique na\u00eet avec la presse grand public. Malgr\u00e9 la censure, artistes et journalistes s\u2019expriment. Le capitalisme enrichit la bourgeoisie, le socialisme parle au nom de la classe ouvri\u00e8re.<\/p>\n<p><a class=\"feuilletage\" href=\"https:\/\/www.histoire-en-citations.fr\/feuilletage\/07\">Feuilletez quelques pages<\/a><\/p>\n<p>Livre \u00e9lectronique (format EPUB)<\/p>\n<p>ISBN: 979-1040586708<br>e-book, 341 citations<\/p>\n<div class=\"boutons-achat\"><a href=\"https:\/\/www.amazon.fr\/Chronique-Restauration-Monarchie-R%C3%A9publique-LHistoire-ebook\/dp\/B0FMFQJZTS\" target=\"_blank\" rel=\"noopener\"><img decoding=\"async\" src=\"https:\/\/histoire-en-citations.fr\/WP\/wp-content\/uploads\/2025\/08\/amazon-1.png\" width=\"250\"><\/a> <a href=\"https:\/\/www.fnac.com\/livre-numerique\/a21941371\/Michele-Ressi-Chronique-7-Restauration-Monarchie-de-Juillet-Deuxieme-Republique#FORMAT=ebook%20(ePub)\" target=\"_blank\" rel=\"noopener\" class=\"broken_link\"><img decoding=\"async\" src=\"https:\/\/histoire-en-citations.fr\/WP\/wp-content\/uploads\/2025\/08\/Fnac-Symbol-scaled.png\" width=\"250\"><\/a><\/div>\n<style>\r\n        a .cit-num {\r\n            text-decoration: none !important;\r\n            color: inherit !important;\r\n        }\r\n    <\/style>","protected":false},"excerpt":{"rendered":"<p>Louis XVIII et Charles X, puis Louis-Philippe, \u00abroi des barricades\u00bb : les rois se suivent, impuissants \u00e0 gouverner ou r\u00e9former. D\u2019o\u00f9 r\u00e9voltes r\u00e9prim\u00e9es, r\u00e9volutions avort\u00e9es ou vol\u00e9es aux r\u00e9publicains, dans un contexte europ\u00e9en bouscul\u00e9 par le Printemps des peuples (1848). M\u00eame si \u00abla France est une nation qui s\u2019ennuie\u00bb, la politique d\u00e9cha\u00eene les passions. Les [&hellip;]<\/p>\n","protected":false},"author":1,"featured_media":13404,"parent":0,"menu_order":0,"comment_status":"closed","ping_status":"closed","template":"","meta":{"site-sidebar-layout":"default","site-content-layout":"","ast-site-content-layout":"default","site-content-style":"default","site-sidebar-style":"default","ast-global-header-display":"","ast-banner-title-visibility":"","ast-main-header-display":"","ast-hfb-above-header-display":"","ast-hfb-below-header-display":"","ast-hfb-mobile-header-display":"","site-post-title":"","ast-breadcrumbs-content":"","ast-featured-img":"","footer-sml-layout":"","theme-transparent-header-meta":"default","adv-header-id-meta":"","stick-header-meta":"","header-above-stick-meta":"","header-main-stick-meta":"","header-below-stick-meta":"","astra-migrate-meta-layouts":"set","ast-page-background-enabled":"default","ast-page-background-meta":{"desktop":{"background-color":"var(--ast-global-color-5)","background-image":"","background-repeat":"repeat","background-position":"center center","background-size":"auto","background-attachment":"scroll","background-type":"","background-media":"","overlay-type":"","overlay-color":"","overlay-opacity":"","overlay-gradient":""},"tablet":{"background-color":"","background-image":"","background-repeat":"repeat","background-position":"center center","background-size":"auto","background-attachment":"scroll","background-type":"","background-media":"","overlay-type":"","overlay-color":"","overlay-opacity":"","overlay-gradient":""},"mobile":{"background-color":"","background-image":"","background-repeat":"repeat","background-position":"center center","background-size":"auto","background-attachment":"scroll","background-type":"","background-media":"","overlay-type":"","overlay-color":"","overlay-opacity":"","overlay-gradient":""}},"ast-content-background-meta":{"desktop":{"background-color":"var(--ast-global-color-4)","background-image":"","background-repeat":"repeat","background-position":"center center","background-size":"auto","background-attachment":"scroll","background-type":"","background-media":"","overlay-type":"","overlay-color":"","overlay-opacity":"","overlay-gradient":""},"tablet":{"background-color":"var(--ast-global-color-4)","background-image":"","background-repeat":"repeat","background-position":"center center","background-size":"auto","background-attachment":"scroll","background-type":"","background-media":"","overlay-type":"","overlay-color":"","overlay-opacity":"","overlay-gradient":""},"mobile":{"background-color":"var(--ast-global-color-4)","background-image":"","background-repeat":"repeat","background-position":"center center","background-size":"auto","background-attachment":"scroll","background-type":"","background-media":"","overlay-type":"","overlay-color":"","overlay-opacity":"","overlay-gradient":""}},"iawp_total_views":27,"footnotes":""},"class_list":["post-13403","page","type-page","status-publish","has-post-thumbnail","hentry"],"_links":{"self":[{"href":"https:\/\/histoire-en-citations.fr\/WP\/wp-json\/wp\/v2\/pages\/13403","targetHints":{"allow":["GET"]}}],"collection":[{"href":"https:\/\/histoire-en-citations.fr\/WP\/wp-json\/wp\/v2\/pages"}],"about":[{"href":"https:\/\/histoire-en-citations.fr\/WP\/wp-json\/wp\/v2\/types\/page"}],"author":[{"embeddable":true,"href":"https:\/\/histoire-en-citations.fr\/WP\/wp-json\/wp\/v2\/users\/1"}],"replies":[{"embeddable":true,"href":"https:\/\/histoire-en-citations.fr\/WP\/wp-json\/wp\/v2\/comments?post=13403"}],"version-history":[{"count":5,"href":"https:\/\/histoire-en-citations.fr\/WP\/wp-json\/wp\/v2\/pages\/13403\/revisions"}],"predecessor-version":[{"id":14113,"href":"https:\/\/histoire-en-citations.fr\/WP\/wp-json\/wp\/v2\/pages\/13403\/revisions\/14113"}],"wp:featuredmedia":[{"embeddable":true,"href":"https:\/\/histoire-en-citations.fr\/WP\/wp-json\/wp\/v2\/media\/13404"}],"wp:attachment":[{"href":"https:\/\/histoire-en-citations.fr\/WP\/wp-json\/wp\/v2\/media?parent=13403"}],"curies":[{"name":"wp","href":"https:\/\/api.w.org\/{rel}","templated":true}]}}