{"id":13405,"date":"2025-08-17T11:52:19","date_gmt":"2025-08-17T09:52:19","guid":{"rendered":"https:\/\/histoire-en-citations.fr\/WP\/?post_type=product&#038;p=13405"},"modified":"2025-09-15T12:12:30","modified_gmt":"2025-09-15T10:12:30","slug":"volume-8","status":"publish","type":"page","link":"https:\/\/histoire-en-citations.fr\/WP\/volume-8\/","title":{"rendered":"Volume 8 &#8211; Chronique 8 : Second Empire et Troisi\u00e8me R\u00e9publique"},"content":{"rendered":"<p>Encore un Empire qui commence bien et finit mal, malgr\u00e9 un tournant lib\u00e9ral. Les historiens ont r\u00e9vis\u00e9 leur jugement sur \u00abNapol\u00e9on le Petit\u00bb (ha\u00ef par Hugo), mais la guerre franco-allemande de 1870 saigne la France vaincue, amput\u00e9e de l\u2019Alsace-Lorraine.<\/p>\n<p>La R\u00e9publique s\u2019installe tant bien que mal, entre scandales, attentats et crises. C\u2019est l\u2019apprentissage de la d\u00e9mocratie. Et la Belle \u00c9poque.<br>Premi\u00e8re Guerre mondiale (1914-1918) : trag\u00e9die sans \u00e9gale. Et malgr\u00e9 les Ann\u00e9es folles qui suivent, \u00abgagner la paix\u00bb semble difficile : au jeu dangereux des partis, les plus extr\u00eames menacent la R\u00e9publique, jusqu\u2019\u00e0 la victoire du Front populaire (1936) et ses acquis sociaux.<\/p>\n<p><a class=\"feuilletage\" href=\"https:\/\/www.histoire-en-citations.fr\/feuilletage\/08\">Feuilletez quelques pages<\/a><\/p>\n<p>Livre \u00e9lectronique (format EPUB)<\/p>\n<p>ISBN: 979-1040586715<br>e-book, 473 citations<\/p>\n<div class=\"boutons-achat\"><a href=\"https:\/\/www.amazon.fr\/Chronique-Troisi%C3%A8me-R%C3%A9publique-LHistoire-citations-ebook\/dp\/B0FMFT7996\/\" target=\"_blank\" rel=\"noopener\"><img decoding=\"async\" src=\"https:\/\/histoire-en-citations.fr\/WP\/wp-content\/uploads\/2025\/08\/amazon-1.png\" width=\"250\"><\/a> <a href=\"https:\/\/www.fnac.com\/livre-numerique\/a21941652\/Michele-Ressi-Chronique-8-Second-Empire-et-Troisieme-Republique#FORMAT=ebook%20(ePub)%22\" target=\"_blank\" rel=\"noopener\" class=\"broken_link\"><img decoding=\"async\" src=\"https:\/\/histoire-en-citations.fr\/WP\/wp-content\/uploads\/2025\/08\/Fnac-Symbol-scaled.png\" width=\"250\"><\/a><\/div>\n<style>\r\n        a .cit-num {\r\n            text-decoration: none !important;\r\n            color: inherit !important;\r\n        }\r\n    <\/style>","protected":false},"excerpt":{"rendered":"<p>Encore un Empire qui commence bien et finit mal, malgr\u00e9 un tournant lib\u00e9ral. Les historiens ont r\u00e9vis\u00e9 leur jugement sur \u00abNapol\u00e9on le Petit\u00bb (ha\u00ef par Hugo), mais la guerre franco-allemande de 1870 saigne la France vaincue, amput\u00e9e de l\u2019Alsace-Lorraine. La R\u00e9publique s\u2019installe tant bien que mal, entre scandales, attentats et crises. C\u2019est l\u2019apprentissage de la [&hellip;]<\/p>\n","protected":false},"author":1,"featured_media":13406,"parent":0,"menu_order":0,"comment_status":"closed","ping_status":"closed","template":"","meta":{"site-sidebar-layout":"default","site-content-layout":"","ast-site-content-layout":"default","site-content-style":"default","site-sidebar-style":"default","ast-global-header-display":"","ast-banner-title-visibility":"","ast-main-header-display":"","ast-hfb-above-header-display":"","ast-hfb-below-header-display":"","ast-hfb-mobile-header-display":"","site-post-title":"","ast-breadcrumbs-content":"","ast-featured-img":"","footer-sml-layout":"","theme-transparent-header-meta":"default","adv-header-id-meta":"","stick-header-meta":"","header-above-stick-meta":"","header-main-stick-meta":"","header-below-stick-meta":"","astra-migrate-meta-layouts":"set","ast-page-background-enabled":"default","ast-page-background-meta":{"desktop":{"background-color":"var(--ast-global-color-5)","background-image":"","background-repeat":"repeat","background-position":"center center","background-size":"auto","background-attachment":"scroll","background-type":"","background-media":"","overlay-type":"","overlay-color":"","overlay-opacity":"","overlay-gradient":""},"tablet":{"background-color":"","background-image":"","background-repeat":"repeat","background-position":"center center","background-size":"auto","background-attachment":"scroll","background-type":"","background-media":"","overlay-type":"","overlay-color":"","overlay-opacity":"","overlay-gradient":""},"mobile":{"background-color":"","background-image":"","background-repeat":"repeat","background-position":"center center","background-size":"auto","background-attachment":"scroll","background-type":"","background-media":"","overlay-type":"","overlay-color":"","overlay-opacity":"","overlay-gradient":""}},"ast-content-background-meta":{"desktop":{"background-color":"var(--ast-global-color-4)","background-image":"","background-repeat":"repeat","background-position":"center center","background-size":"auto","background-attachment":"scroll","background-type":"","background-media":"","overlay-type":"","overlay-color":"","overlay-opacity":"","overlay-gradient":""},"tablet":{"background-color":"var(--ast-global-color-4)","background-image":"","background-repeat":"repeat","background-position":"center center","background-size":"auto","background-attachment":"scroll","background-type":"","background-media":"","overlay-type":"","overlay-color":"","overlay-opacity":"","overlay-gradient":""},"mobile":{"background-color":"var(--ast-global-color-4)","background-image":"","background-repeat":"repeat","background-position":"center center","background-size":"auto","background-attachment":"scroll","background-type":"","background-media":"","overlay-type":"","overlay-color":"","overlay-opacity":"","overlay-gradient":""}},"iawp_total_views":52,"footnotes":""},"class_list":["post-13405","page","type-page","status-publish","has-post-thumbnail","hentry"],"_links":{"self":[{"href":"https:\/\/histoire-en-citations.fr\/WP\/wp-json\/wp\/v2\/pages\/13405","targetHints":{"allow":["GET"]}}],"collection":[{"href":"https:\/\/histoire-en-citations.fr\/WP\/wp-json\/wp\/v2\/pages"}],"about":[{"href":"https:\/\/histoire-en-citations.fr\/WP\/wp-json\/wp\/v2\/types\/page"}],"author":[{"embeddable":true,"href":"https:\/\/histoire-en-citations.fr\/WP\/wp-json\/wp\/v2\/users\/1"}],"replies":[{"embeddable":true,"href":"https:\/\/histoire-en-citations.fr\/WP\/wp-json\/wp\/v2\/comments?post=13405"}],"version-history":[{"count":4,"href":"https:\/\/histoire-en-citations.fr\/WP\/wp-json\/wp\/v2\/pages\/13405\/revisions"}],"predecessor-version":[{"id":14114,"href":"https:\/\/histoire-en-citations.fr\/WP\/wp-json\/wp\/v2\/pages\/13405\/revisions\/14114"}],"wp:featuredmedia":[{"embeddable":true,"href":"https:\/\/histoire-en-citations.fr\/WP\/wp-json\/wp\/v2\/media\/13406"}],"wp:attachment":[{"href":"https:\/\/histoire-en-citations.fr\/WP\/wp-json\/wp\/v2\/media?parent=13405"}],"curies":[{"name":"wp","href":"https:\/\/api.w.org\/{rel}","templated":true}]}}