{"id":13407,"date":"2025-08-17T11:53:41","date_gmt":"2025-08-17T09:53:41","guid":{"rendered":"https:\/\/histoire-en-citations.fr\/WP\/?post_type=product&#038;p=13407"},"modified":"2025-09-15T12:13:02","modified_gmt":"2025-09-15T10:13:02","slug":"volume-9","status":"publish","type":"page","link":"https:\/\/histoire-en-citations.fr\/WP\/volume-9\/","title":{"rendered":"Volume 9 &#8211; Chronique 9 : Seconde Guerre mondiale et Quatri\u00e8me R\u00e9publique"},"content":{"rendered":"<p>Seconde trag\u00e9die mondiale, et nationale\u2026 L\u2019invasion et la d\u00e9b\u00e2cle (1940), l\u2019Occupation allemande, entre collaboration et r\u00e9sistance \u2013 la France du mar\u00e9chal P\u00e9tain et celle du g\u00e9n\u00e9ral de Gaulle se retrouvent \u00e0 la Lib\u00e9ration. L\u2019union sacr\u00e9e pour la reconstruction du pays se brise dans le jeu des partis : la \u00abpagaille\u00bb rappelle les pires heures de la Troisi\u00e8me R\u00e9publique, avec 21 gouvernements en une d\u00e9cennie ! Malgr\u00e9 tout, le niveau de vie progresse, la France se modernise. Il faut solder le pass\u00e9 colonial en Asie et en Afrique. Mais la guerre d\u2019Alg\u00e9rie divise les Fran\u00e7ais. Face au risque de guerre civile, le pr\u00e9sident Coty fait appel \u00e0 l\u2019homme providentiel.<\/p>\n<p><a class=\"feuilletage\" href=\"https:\/\/www.histoire-en-citations.fr\/feuilletage\/09\">Feuilletez quelques pages<\/a><\/p>\n<p>Livre \u00e9lectronique (format EPUB)<\/p>\n<p>ISBN: 979-1040586722<br>e-book, 223 citations<\/p>\n<div class=\"boutons-achat\"><a href=\"https:\/\/www.amazon.fr\/Chronique-Quatri%C3%A8me-R%C3%A9publique-LHistoire-citations-ebook\/dp\/B0FMFR4SCR\/%22\" target=\"_blank\" rel=\"noopener\" class=\"broken_link\"><img decoding=\"async\" src=\"https:\/\/histoire-en-citations.fr\/WP\/wp-content\/uploads\/2025\/08\/amazon-1.png\" width=\"250\"><\/a> <a href=\"https:\/\/www.fnac.com\/livre-numerique\/a21941108\/Michele-Ressi-Chronique-9-Seconde-Guerre-mondiale-et-Quatrieme-Republique#FORMAT=ebook%20(ePub)\" target=\"_blank\" rel=\"noopener\" class=\"broken_link\"><img decoding=\"async\" src=\"https:\/\/histoire-en-citations.fr\/WP\/wp-content\/uploads\/2025\/08\/Fnac-Symbol-scaled.png\" width=\"250\"><\/a><\/div>\n<p>\u00a0<\/p>\n<style>\r\n        a .cit-num {\r\n            text-decoration: none !important;\r\n            color: inherit !important;\r\n        }\r\n    <\/style>","protected":false},"excerpt":{"rendered":"<p>Seconde trag\u00e9die mondiale, et nationale\u2026 L\u2019invasion et la d\u00e9b\u00e2cle (1940), l\u2019Occupation allemande, entre collaboration et r\u00e9sistance \u2013 la France du mar\u00e9chal P\u00e9tain et celle du g\u00e9n\u00e9ral de Gaulle se retrouvent \u00e0 la Lib\u00e9ration. L\u2019union sacr\u00e9e pour la reconstruction du pays se brise dans le jeu des partis : la \u00abpagaille\u00bb rappelle les pires heures de [&hellip;]<\/p>\n","protected":false},"author":1,"featured_media":13408,"parent":0,"menu_order":0,"comment_status":"closed","ping_status":"closed","template":"","meta":{"site-sidebar-layout":"default","site-content-layout":"","ast-site-content-layout":"default","site-content-style":"default","site-sidebar-style":"default","ast-global-header-display":"","ast-banner-title-visibility":"","ast-main-header-display":"","ast-hfb-above-header-display":"","ast-hfb-below-header-display":"","ast-hfb-mobile-header-display":"","site-post-title":"","ast-breadcrumbs-content":"","ast-featured-img":"","footer-sml-layout":"","theme-transparent-header-meta":"default","adv-header-id-meta":"","stick-header-meta":"","header-above-stick-meta":"","header-main-stick-meta":"","header-below-stick-meta":"","astra-migrate-meta-layouts":"set","ast-page-background-enabled":"default","ast-page-background-meta":{"desktop":{"background-color":"var(--ast-global-color-5)","background-image":"","background-repeat":"repeat","background-position":"center center","background-size":"auto","background-attachment":"scroll","background-type":"","background-media":"","overlay-type":"","overlay-color":"","overlay-opacity":"","overlay-gradient":""},"tablet":{"background-color":"","background-image":"","background-repeat":"repeat","background-position":"center center","background-size":"auto","background-attachment":"scroll","background-type":"","background-media":"","overlay-type":"","overlay-color":"","overlay-opacity":"","overlay-gradient":""},"mobile":{"background-color":"","background-image":"","background-repeat":"repeat","background-position":"center center","background-size":"auto","background-attachment":"scroll","background-type":"","background-media":"","overlay-type":"","overlay-color":"","overlay-opacity":"","overlay-gradient":""}},"ast-content-background-meta":{"desktop":{"background-color":"var(--ast-global-color-4)","background-image":"","background-repeat":"repeat","background-position":"center center","background-size":"auto","background-attachment":"scroll","background-type":"","background-media":"","overlay-type":"","overlay-color":"","overlay-opacity":"","overlay-gradient":""},"tablet":{"background-color":"var(--ast-global-color-4)","background-image":"","background-repeat":"repeat","background-position":"center center","background-size":"auto","background-attachment":"scroll","background-type":"","background-media":"","overlay-type":"","overlay-color":"","overlay-opacity":"","overlay-gradient":""},"mobile":{"background-color":"var(--ast-global-color-4)","background-image":"","background-repeat":"repeat","background-position":"center center","background-size":"auto","background-attachment":"scroll","background-type":"","background-media":"","overlay-type":"","overlay-color":"","overlay-opacity":"","overlay-gradient":""}},"iawp_total_views":30,"footnotes":""},"class_list":["post-13407","page","type-page","status-publish","has-post-thumbnail","hentry"],"_links":{"self":[{"href":"https:\/\/histoire-en-citations.fr\/WP\/wp-json\/wp\/v2\/pages\/13407","targetHints":{"allow":["GET"]}}],"collection":[{"href":"https:\/\/histoire-en-citations.fr\/WP\/wp-json\/wp\/v2\/pages"}],"about":[{"href":"https:\/\/histoire-en-citations.fr\/WP\/wp-json\/wp\/v2\/types\/page"}],"author":[{"embeddable":true,"href":"https:\/\/histoire-en-citations.fr\/WP\/wp-json\/wp\/v2\/users\/1"}],"replies":[{"embeddable":true,"href":"https:\/\/histoire-en-citations.fr\/WP\/wp-json\/wp\/v2\/comments?post=13407"}],"version-history":[{"count":4,"href":"https:\/\/histoire-en-citations.fr\/WP\/wp-json\/wp\/v2\/pages\/13407\/revisions"}],"predecessor-version":[{"id":14115,"href":"https:\/\/histoire-en-citations.fr\/WP\/wp-json\/wp\/v2\/pages\/13407\/revisions\/14115"}],"wp:featuredmedia":[{"embeddable":true,"href":"https:\/\/histoire-en-citations.fr\/WP\/wp-json\/wp\/v2\/media\/13408"}],"wp:attachment":[{"href":"https:\/\/histoire-en-citations.fr\/WP\/wp-json\/wp\/v2\/media?parent=13407"}],"curies":[{"name":"wp","href":"https:\/\/api.w.org\/{rel}","templated":true}]}}