{"id":13409,"date":"2025-08-17T11:57:51","date_gmt":"2025-08-17T09:57:51","guid":{"rendered":"https:\/\/histoire-en-citations.fr\/WP\/?post_type=product&#038;p=13409"},"modified":"2025-09-15T12:13:32","modified_gmt":"2025-09-15T10:13:32","slug":"volume-10","status":"publish","type":"page","link":"https:\/\/histoire-en-citations.fr\/WP\/volume-10\/","title":{"rendered":"Volume 10 &#8211; Chronique 10 : Cinqui\u00e8me r\u00e9publique"},"content":{"rendered":"<p>La Constitution de 1958 donne une t\u00eate \u00e0 l\u2019\u00c9tat : de Gaulle, personnage historique et mine de citations, auquel on se r\u00e9f\u00e8re toujours. Mai 68 bouscule la soci\u00e9t\u00e9 \u2013 et le Pr\u00e9sident, qui se retire, apr\u00e8s l\u2019\u00e9chec d\u2019un r\u00e9f\u00e9rendum. L\u2019alternance politique \u2013 de la droite \u00e0 la gauche en passant par le centre \u2013 prouve la solidit\u00e9 de nos institutions, mais jusqu\u2019\u00e0 quand ? Et l\u2019Histoire s\u2019universalise : crise de l\u2019Europe, terrorisme international, mondialisation \u00e9conomique, \u00e9cologie plan\u00e9taire. La r\u00e9volution technologique, c\u2019est l\u2019avenir, mais l\u2019homme a besoin d\u2019autres valeurs : \u00abLe XXI<sup>e<\/sup> si\u00e8cle sera spirituel ou ne sera pas.\u00bb (Malraux)<\/p>\n<p><a class=\"feuilletage\" href=\"https:\/\/www.histoire-en-citations.fr\/feuilletage\/10\">Feuilletez quelques pages<\/a><\/p>\n<p>Livre \u00e9lectronique (format EPUB)<\/p>\n<p>ISBN: 978-2-37184-014-0<br>e-book, 223 citations<\/p>\n<div class=\"boutons-achat\"><a href=\"https:\/\/www.amazon.fr\/Chronique-Cinqui%C3%A8me-r%C3%A9publique-LHistoire-citations-ebook\/dp\/B0FMFQYJ9S\/\" target=\"_blank\" rel=\"noopener\"><img decoding=\"async\" src=\"https:\/\/histoire-en-citations.fr\/WP\/wp-content\/uploads\/2025\/08\/amazon-1.png\" width=\"250\"><\/a> <a href=\"https:\/\/www.fnac.com\/livre-numerique\/a21941167\/Michele-Ressi-Chronique-10-Cinquieme-republique#FORMAT=ebook%20(ePub)\" target=\"_blank\" rel=\"noopener\" class=\"broken_link\"><img decoding=\"async\" src=\"https:\/\/histoire-en-citations.fr\/WP\/wp-content\/uploads\/2025\/08\/Fnac-Symbol-scaled.png\" width=\"250\"><\/a><\/div>\n<p>\u00a0<\/p>\n<style>\r\n        a .cit-num {\r\n            text-decoration: none !important;\r\n            color: inherit !important;\r\n        }\r\n    <\/style>","protected":false},"excerpt":{"rendered":"<p>La Constitution de 1958 donne une t\u00eate \u00e0 l\u2019\u00c9tat : de Gaulle, personnage historique et mine de citations, auquel on se r\u00e9f\u00e8re toujours. Mai 68 bouscule la soci\u00e9t\u00e9 \u2013 et le Pr\u00e9sident, qui se retire, apr\u00e8s l\u2019\u00e9chec d\u2019un r\u00e9f\u00e9rendum. L\u2019alternance politique \u2013 de la droite \u00e0 la gauche en passant par le centre \u2013 prouve [&hellip;]<\/p>\n","protected":false},"author":1,"featured_media":13410,"parent":0,"menu_order":0,"comment_status":"closed","ping_status":"closed","template":"","meta":{"site-sidebar-layout":"default","site-content-layout":"","ast-site-content-layout":"default","site-content-style":"default","site-sidebar-style":"default","ast-global-header-display":"","ast-banner-title-visibility":"","ast-main-header-display":"","ast-hfb-above-header-display":"","ast-hfb-below-header-display":"","ast-hfb-mobile-header-display":"","site-post-title":"","ast-breadcrumbs-content":"","ast-featured-img":"","footer-sml-layout":"","theme-transparent-header-meta":"default","adv-header-id-meta":"","stick-header-meta":"","header-above-stick-meta":"","header-main-stick-meta":"","header-below-stick-meta":"","astra-migrate-meta-layouts":"set","ast-page-background-enabled":"default","ast-page-background-meta":{"desktop":{"background-color":"var(--ast-global-color-5)","background-image":"","background-repeat":"repeat","background-position":"center center","background-size":"auto","background-attachment":"scroll","background-type":"","background-media":"","overlay-type":"","overlay-color":"","overlay-opacity":"","overlay-gradient":""},"tablet":{"background-color":"","background-image":"","background-repeat":"repeat","background-position":"center center","background-size":"auto","background-attachment":"scroll","background-type":"","background-media":"","overlay-type":"","overlay-color":"","overlay-opacity":"","overlay-gradient":""},"mobile":{"background-color":"","background-image":"","background-repeat":"repeat","background-position":"center center","background-size":"auto","background-attachment":"scroll","background-type":"","background-media":"","overlay-type":"","overlay-color":"","overlay-opacity":"","overlay-gradient":""}},"ast-content-background-meta":{"desktop":{"background-color":"var(--ast-global-color-4)","background-image":"","background-repeat":"repeat","background-position":"center center","background-size":"auto","background-attachment":"scroll","background-type":"","background-media":"","overlay-type":"","overlay-color":"","overlay-opacity":"","overlay-gradient":""},"tablet":{"background-color":"var(--ast-global-color-4)","background-image":"","background-repeat":"repeat","background-position":"center center","background-size":"auto","background-attachment":"scroll","background-type":"","background-media":"","overlay-type":"","overlay-color":"","overlay-opacity":"","overlay-gradient":""},"mobile":{"background-color":"var(--ast-global-color-4)","background-image":"","background-repeat":"repeat","background-position":"center center","background-size":"auto","background-attachment":"scroll","background-type":"","background-media":"","overlay-type":"","overlay-color":"","overlay-opacity":"","overlay-gradient":""}},"iawp_total_views":60,"footnotes":""},"class_list":["post-13409","page","type-page","status-publish","has-post-thumbnail","hentry"],"_links":{"self":[{"href":"https:\/\/histoire-en-citations.fr\/WP\/wp-json\/wp\/v2\/pages\/13409","targetHints":{"allow":["GET"]}}],"collection":[{"href":"https:\/\/histoire-en-citations.fr\/WP\/wp-json\/wp\/v2\/pages"}],"about":[{"href":"https:\/\/histoire-en-citations.fr\/WP\/wp-json\/wp\/v2\/types\/page"}],"author":[{"embeddable":true,"href":"https:\/\/histoire-en-citations.fr\/WP\/wp-json\/wp\/v2\/users\/1"}],"replies":[{"embeddable":true,"href":"https:\/\/histoire-en-citations.fr\/WP\/wp-json\/wp\/v2\/comments?post=13409"}],"version-history":[{"count":4,"href":"https:\/\/histoire-en-citations.fr\/WP\/wp-json\/wp\/v2\/pages\/13409\/revisions"}],"predecessor-version":[{"id":14116,"href":"https:\/\/histoire-en-citations.fr\/WP\/wp-json\/wp\/v2\/pages\/13409\/revisions\/14116"}],"wp:featuredmedia":[{"embeddable":true,"href":"https:\/\/histoire-en-citations.fr\/WP\/wp-json\/wp\/v2\/media\/13410"}],"wp:attachment":[{"href":"https:\/\/histoire-en-citations.fr\/WP\/wp-json\/wp\/v2\/media?parent=13409"}],"curies":[{"name":"wp","href":"https:\/\/api.w.org\/{rel}","templated":true}]}}