{"id":13411,"date":"2025-08-17T12:01:22","date_gmt":"2025-08-17T10:01:22","guid":{"rendered":"https:\/\/histoire-en-citations.fr\/WP\/?post_type=product&#038;p=13411"},"modified":"2025-09-22T07:31:53","modified_gmt":"2025-09-22T05:31:53","slug":"dictionnaire","status":"publish","type":"page","link":"https:\/\/histoire-en-citations.fr\/WP\/dictionnaire\/","title":{"rendered":"Dictionnaire"},"content":{"rendered":"<p>Le Dictionnaire, un volume de taille \u00e9gale aux 10 Chroniques, recense les 3\u00a0500 citations (avec leurs auteurs) regroup\u00e9es par mots cl\u00e9s, th\u00e8mes et expressions\u00a0: au total, quelque 6\u00a0500 entr\u00e9es.\u00a0<\/p>\n<p>Toutes les lectures sont possibles, une seule \u00e9tant r\u00e9serv\u00e9e aux fans\u00a0! Lire les 1\u00a0020\u00a0pages en suivant l\u2019ordre alphab\u00e9tique, de <strong>\u00c0\u00a0bas<\/strong> jusqu\u2019\u00e0 <strong>Zut \u00e0 ton armistice<\/strong>.<\/p>\n<p>Le Dictionnaire donne avant tout une approche th\u00e9matique de l\u2019histoire et compl\u00e8te les Chroniques qui suivent la chronologie des faits et des id\u00e9es.\u00a0Par ailleurs, il montre clairement l\u2019\u00e9volution de la langue fran\u00e7aise. Combien de malentendus et d\u2019anachronismes \u00e9vit\u00e9s, en tenant compte de cette r\u00e9alit\u00e9 \u00e0 la fois s\u00e9mantique, sociologique et historique\u00a0!<\/p>\n<p>Bref\u00a0! Tous les mots t\u00e9moignent \u00e0 leur mani\u00e8re d\u2019une Histoire qui ne cesse de nous apprendre et de nous surprendre.<\/p>\n<p><a class=\"feuilletage\" href=\"https:\/\/www.histoire-en-citations.fr\/feuilletage\/11\">Feuilletez quelques pages<\/a><\/p>\n<p>Livre \u00e9lectronique (format PDF) ISBN-13 \u200f : \u200e 979-1023606027<\/p>\n<div class=\"boutons-achat\"><a href=\"https:\/\/www.amazon.fr\/LHistoire-citations-dictionnaire-Mich%C3%A8le-Ressi-ebook\/dp\/B078TMC9J8\/\" target=\"_blank\" rel=\"noopener\" class=\"broken_link\"><img decoding=\"async\" src=\"https:\/\/histoire-en-citations.fr\/WP\/wp-content\/uploads\/2025\/08\/amazon-1.png\" width=\"250\"><\/a> <a href=\"https:\/\/www.fnac.com\/livre-numerique\/a11281027\/Michele-Ressi-L-Histoire-en-citations-dictionnaire#FORMAT=ebook%20(ePub)\" target=\"_blank\" rel=\"noopener\" class=\"broken_link\"><img decoding=\"async\" src=\"https:\/\/histoire-en-citations.fr\/WP\/wp-content\/uploads\/2025\/08\/Fnac-Symbol-scaled.png\" width=\"250\"><\/a><\/div>\n<style>\r\n        a .cit-num {\r\n            text-decoration: none !important;\r\n            color: inherit !important;\r\n        }\r\n    <\/style>","protected":false},"excerpt":{"rendered":"<p>Le Dictionnaire, un volume de taille \u00e9gale aux 10 Chroniques, recense les 3\u00a0500 citations (avec leurs auteurs) regroup\u00e9es par mots cl\u00e9s, th\u00e8mes et expressions\u00a0: au total, quelque 6\u00a0500 entr\u00e9es.\u00a0 Toutes les lectures sont possibles, une seule \u00e9tant r\u00e9serv\u00e9e aux fans\u00a0! Lire les 1\u00a0020\u00a0pages en suivant l\u2019ordre alphab\u00e9tique, de \u00c0\u00a0bas jusqu\u2019\u00e0 Zut \u00e0 ton armistice. Le [&hellip;]<\/p>\n","protected":false},"author":1,"featured_media":14057,"parent":0,"menu_order":0,"comment_status":"closed","ping_status":"closed","template":"","meta":{"site-sidebar-layout":"default","site-content-layout":"","ast-site-content-layout":"default","site-content-style":"default","site-sidebar-style":"default","ast-global-header-display":"","ast-banner-title-visibility":"","ast-main-header-display":"","ast-hfb-above-header-display":"","ast-hfb-below-header-display":"","ast-hfb-mobile-header-display":"","site-post-title":"","ast-breadcrumbs-content":"","ast-featured-img":"","footer-sml-layout":"","theme-transparent-header-meta":"default","adv-header-id-meta":"","stick-header-meta":"","header-above-stick-meta":"","header-main-stick-meta":"","header-below-stick-meta":"","astra-migrate-meta-layouts":"set","ast-page-background-enabled":"default","ast-page-background-meta":{"desktop":{"background-color":"var(--ast-global-color-5)","background-image":"","background-repeat":"repeat","background-position":"center center","background-size":"auto","background-attachment":"scroll","background-type":"","background-media":"","overlay-type":"","overlay-color":"","overlay-opacity":"","overlay-gradient":""},"tablet":{"background-color":"","background-image":"","background-repeat":"repeat","background-position":"center center","background-size":"auto","background-attachment":"scroll","background-type":"","background-media":"","overlay-type":"","overlay-color":"","overlay-opacity":"","overlay-gradient":""},"mobile":{"background-color":"","background-image":"","background-repeat":"repeat","background-position":"center center","background-size":"auto","background-attachment":"scroll","background-type":"","background-media":"","overlay-type":"","overlay-color":"","overlay-opacity":"","overlay-gradient":""}},"ast-content-background-meta":{"desktop":{"background-color":"var(--ast-global-color-4)","background-image":"","background-repeat":"repeat","background-position":"center center","background-size":"auto","background-attachment":"scroll","background-type":"","background-media":"","overlay-type":"","overlay-color":"","overlay-opacity":"","overlay-gradient":""},"tablet":{"background-color":"var(--ast-global-color-4)","background-image":"","background-repeat":"repeat","background-position":"center center","background-size":"auto","background-attachment":"scroll","background-type":"","background-media":"","overlay-type":"","overlay-color":"","overlay-opacity":"","overlay-gradient":""},"mobile":{"background-color":"var(--ast-global-color-4)","background-image":"","background-repeat":"repeat","background-position":"center center","background-size":"auto","background-attachment":"scroll","background-type":"","background-media":"","overlay-type":"","overlay-color":"","overlay-opacity":"","overlay-gradient":""}},"iawp_total_views":48,"footnotes":""},"class_list":["post-13411","page","type-page","status-publish","has-post-thumbnail","hentry"],"_links":{"self":[{"href":"https:\/\/histoire-en-citations.fr\/WP\/wp-json\/wp\/v2\/pages\/13411","targetHints":{"allow":["GET"]}}],"collection":[{"href":"https:\/\/histoire-en-citations.fr\/WP\/wp-json\/wp\/v2\/pages"}],"about":[{"href":"https:\/\/histoire-en-citations.fr\/WP\/wp-json\/wp\/v2\/types\/page"}],"author":[{"embeddable":true,"href":"https:\/\/histoire-en-citations.fr\/WP\/wp-json\/wp\/v2\/users\/1"}],"replies":[{"embeddable":true,"href":"https:\/\/histoire-en-citations.fr\/WP\/wp-json\/wp\/v2\/comments?post=13411"}],"version-history":[{"count":3,"href":"https:\/\/histoire-en-citations.fr\/WP\/wp-json\/wp\/v2\/pages\/13411\/revisions"}],"predecessor-version":[{"id":14104,"href":"https:\/\/histoire-en-citations.fr\/WP\/wp-json\/wp\/v2\/pages\/13411\/revisions\/14104"}],"wp:featuredmedia":[{"embeddable":true,"href":"https:\/\/histoire-en-citations.fr\/WP\/wp-json\/wp\/v2\/media\/14057"}],"wp:attachment":[{"href":"https:\/\/histoire-en-citations.fr\/WP\/wp-json\/wp\/v2\/media?parent=13411"}],"curies":[{"name":"wp","href":"https:\/\/api.w.org\/{rel}","templated":true}]}}